{"id":1791,"date":"2023-04-27T16:44:12","date_gmt":"2023-04-27T08:44:12","guid":{"rendered":"https:\/\/www.chinaconsign.com\/?page_id=1791"},"modified":"2023-04-27T21:13:18","modified_gmt":"2023-04-27T13:13:18","slug":"china-supply-chain-management-service","status":"publish","type":"page","link":"https:\/\/www.chinaconsign.com\/pt\/china-supply-chain-management-service\/","title":{"rendered":"Servi\u00e7o de gest\u00e3o da cadeia de abastecimento da China"},"content":{"rendered":"<div data-elementor-type=\"wp-post\" data-elementor-id=\"1791\" class=\"elementor elementor-1791\">\n\t\t\t\t\t\t\t\t\t<section class=\"elementor-section elementor-top-section elementor-element elementor-element-b1d7697 elementor-section-boxed elementor-section-height-default elementor-section-height-default\" data-id=\"b1d7697\" data-element_type=\"section\" data-settings=\"{&quot;background_background&quot;:&quot;classic&quot;}\">\n\t\t\t\t\t\t\t<div class=\"elementor-background-overlay\"><\/div>\n\t\t\t\t\t\t\t<div class=\"elementor-container elementor-column-gap-default\">\n\t\t\t\t\t<div class=\"elementor-column elementor-col-100 elementor-top-column elementor-element elementor-element-bd5e621\" data-id=\"bd5e621\" data-element_type=\"column\">\n\t\t\t<div class=\"elementor-widget-wrap elementor-element-populated\">\n\t\t\t\t\t\t\t\t<section class=\"elementor-section elementor-inner-section elementor-element elementor-element-6689c8d elementor-section-boxed elementor-section-height-default elementor-section-height-default\" data-id=\"6689c8d\" data-element_type=\"section\">\n\t\t\t\t\t\t<div class=\"elementor-container elementor-column-gap-default\">\n\t\t\t\t\t<div class=\"elementor-column elementor-col-66 elementor-inner-column elementor-element elementor-element-f42cb85\" data-id=\"f42cb85\" data-element_type=\"column\">\n\t\t\t<div class=\"elementor-widget-wrap elementor-element-populated\">\n\t\t\t\t\t\t\t\t<div class=\"elementor-element elementor-element-8256ae1 elementor-widget elementor-widget-heading\" data-id=\"8256ae1\" data-element_type=\"widget\" data-widget_type=\"heading.default\">\n\t\t\t\t<div class=\"elementor-widget-container\">\n\t\t\t<style>\/*! elementor - v3.11.5 - 14-03-2023 *\/\n.elementor-heading-title{padding:0;margin:0;line-height:1}.elementor-widget-heading .elementor-heading-title[class*=elementor-size-]>a{color:inherit;font-size:inherit;line-height:inherit}.elementor-widget-heading .elementor-heading-title.elementor-size-small{font-size:15px}.elementor-widget-heading .elementor-heading-title.elementor-size-medium{font-size:19px}.elementor-widget-heading .elementor-heading-title.elementor-size-large{font-size:29px}.elementor-widget-heading .elementor-heading-title.elementor-size-xl{font-size:39px}.elementor-widget-heading .elementor-heading-title.elementor-size-xxl{font-size:59px}<\/style><h1 class=\"elementor-heading-title elementor-size-default\">Servi\u00e7o de gest\u00e3o da cadeia de abastecimento:<\/h1>\t\t<\/div>\n\t\t\t\t<\/div>\n\t\t\t\t\t<\/div>\n\t\t<\/div>\n\t\t\t\t<div class=\"elementor-column elementor-col-33 elementor-inner-column elementor-element elementor-element-ab6f8cd\" data-id=\"ab6f8cd\" data-element_type=\"column\">\n\t\t\t<div class=\"elementor-widget-wrap\">\n\t\t\t\t\t\t\t\t\t<\/div>\n\t\t<\/div>\n\t\t\t\t\t\t\t<\/div>\n\t\t<\/section>\n\t\t\t\t<section class=\"elementor-section elementor-inner-section elementor-element elementor-element-ca5edea elementor-section-boxed elementor-section-height-default elementor-section-height-default\" data-id=\"ca5edea\" data-element_type=\"section\">\n\t\t\t\t\t\t<div class=\"elementor-container elementor-column-gap-default\">\n\t\t\t\t\t<div class=\"elementor-column elementor-col-66 elementor-inner-column elementor-element elementor-element-823105c\" data-id=\"823105c\" data-element_type=\"column\">\n\t\t\t<div class=\"elementor-widget-wrap\">\n\t\t\t\t\t\t\t\t\t<\/div>\n\t\t<\/div>\n\t\t\t\t<div class=\"elementor-column elementor-col-33 elementor-inner-column elementor-element elementor-element-158d16b\" data-id=\"158d16b\" data-element_type=\"column\" data-settings=\"{&quot;background_background&quot;:&quot;classic&quot;}\">\n\t\t\t<div class=\"elementor-widget-wrap elementor-element-populated\">\n\t\t\t\t\t\t\t\t\t<\/div>\n\t\t<\/div>\n\t\t\t\t\t\t\t<\/div>\n\t\t<\/section>\n\t\t\t\t\t<\/div>\n\t\t<\/div>\n\t\t\t\t\t\t\t<\/div>\n\t\t<\/section>\n\t\t\t\t<section class=\"elementor-section elementor-top-section elementor-element elementor-element-68df5b7 elementor-section-boxed elementor-section-height-default elementor-section-height-default\" data-id=\"68df5b7\" data-element_type=\"section\" data-settings=\"{&quot;background_background&quot;:&quot;gradient&quot;}\">\n\t\t\t\t\t\t<div class=\"elementor-container elementor-column-gap-default\">\n\t\t\t\t\t<div class=\"elementor-column elementor-col-100 elementor-top-column elementor-element elementor-element-56ea3bf\" data-id=\"56ea3bf\" data-element_type=\"column\" data-settings=\"{&quot;background_background&quot;:&quot;slideshow&quot;,&quot;background_slideshow_gallery&quot;:[],&quot;background_slideshow_loop&quot;:&quot;yes&quot;,&quot;background_slideshow_slide_duration&quot;:5000,&quot;background_slideshow_slide_transition&quot;:&quot;fade&quot;,&quot;background_slideshow_transition_duration&quot;:500}\">\n\t\t\t<div class=\"elementor-widget-wrap elementor-element-populated\">\n\t\t\t\t\t\t\t\t<div class=\"elementor-element elementor-element-9d1840c elementor-widget elementor-widget-text-editor\" data-id=\"9d1840c\" data-element_type=\"widget\" data-widget_type=\"text-editor.default\">\n\t\t\t\t<div class=\"elementor-widget-container\">\n\t\t\t<style>\/*! elementor - v3.11.5 - 14-03-2023 *\/\n.elementor-widget-text-editor.elementor-drop-cap-view-stacked .elementor-drop-cap{background-color:#818a91;color:#fff}.elementor-widget-text-editor.elementor-drop-cap-view-framed .elementor-drop-cap{color:#818a91;border:3px solid;background-color:transparent}.elementor-widget-text-editor:not(.elementor-drop-cap-view-default) .elementor-drop-cap{margin-top:8px}.elementor-widget-text-editor:not(.elementor-drop-cap-view-default) .elementor-drop-cap-letter{width:1em;height:1em}.elementor-widget-text-editor .elementor-drop-cap{float:left;text-align:center;line-height:1;font-size:50px}.elementor-widget-text-editor .elementor-drop-cap-letter{display:inline-block}<\/style>\t\t\t\t<p>O nosso Servi\u00e7o de Gest\u00e3o da Cadeia de Abastecimento dedica-se a ajudar os clientes a optimizar a sua cadeia de abastecimento, a melhorar a efici\u00eancia, a reduzir os custos e a garantir a qualidade e fiabilidade dos produtos. Temos uma equipa experiente de especialistas em cadeias de abastecimento que podem fornecer solu\u00e7\u00f5es abrangentes de gest\u00e3o da cadeia de abastecimento, incluindo gest\u00e3o de fornecedores, processamento de encomendas, gest\u00e3o de invent\u00e1rio e servi\u00e7os de gest\u00e3o log\u00edstica.<\/p><p>O nosso servi\u00e7o de gest\u00e3o da cadeia de abastecimento inclui:<\/p><ol><li><span style=\"color: #ff6600;\">Gest\u00e3o de fornecedores: Garantir a qualidade e fiabilidade dos produtos atrav\u00e9s da avalia\u00e7\u00e3o e gest\u00e3o de fornecedores;<\/span><\/li><li><span style=\"color: #ff6600;\">Processamento de encomendas: Optimiza\u00e7\u00e3o do processo de encomenda para melhorar a efici\u00eancia do processamento;<\/span><\/li><li><span style=\"color: #ff6600;\">Gest\u00e3o de invent\u00e1rio: Reduzir os custos de invent\u00e1rio atrav\u00e9s de uma gest\u00e3o de invent\u00e1rio aperfei\u00e7oada;<\/span><\/li><li><span style=\"color: #ff6600;\">Gest\u00e3o log\u00edstica: Optimiza\u00e7\u00e3o de solu\u00e7\u00f5es log\u00edsticas para garantir que os produtos s\u00e3o entregues aos clientes a tempo.<\/span><\/li><\/ol><p><img loading=\"lazy\" decoding=\"async\" class=\"aligncenter wp-image-1802\" src=\"http:\/\/www.chinaconsign.com\/wp-content\/uploads\/2023\/04\/logistics-truck-cargo-ship-3125136-1024x682.jpg\" alt=\"log\u00edstica, cami\u00e3o, navio de carga-3125136.jpg\" width=\"800\" height=\"533\" srcset=\"https:\/\/www.chinaconsign.com\/wp-content\/uploads\/2023\/04\/logistics-truck-cargo-ship-3125136-1024x682.jpg 1024w, https:\/\/www.chinaconsign.com\/wp-content\/uploads\/2023\/04\/logistics-truck-cargo-ship-3125136-300x200.jpg 300w, https:\/\/www.chinaconsign.com\/wp-content\/uploads\/2023\/04\/logistics-truck-cargo-ship-3125136-768x512.jpg 768w, https:\/\/www.chinaconsign.com\/wp-content\/uploads\/2023\/04\/logistics-truck-cargo-ship-3125136-18x12.jpg 18w, https:\/\/www.chinaconsign.com\/wp-content\/uploads\/2023\/04\/logistics-truck-cargo-ship-3125136.jpg 1280w\" sizes=\"auto, (max-width: 800px) 100vw, 800px\" \/><\/p><p>Compreendemos profundamente as necessidades dos clientes e fornecemos solu\u00e7\u00f5es pr\u00e1ticas para os ajudar a obter uma vantagem competitiva no mercado global. Se precisar de servi\u00e7os de gest\u00e3o da cadeia de abastecimento, escolha-nos!<\/p>\t\t\t\t\t\t<\/div>\n\t\t\t\t<\/div>\n\t\t\t\t\t<\/div>\n\t\t<\/div>\n\t\t\t\t\t\t\t<\/div>\n\t\t<\/section>\n\t\t\t\t<section class=\"elementor-section elementor-top-section elementor-element elementor-element-f01871f elementor-section-content-middle elementor-section-boxed elementor-section-height-default elementor-section-height-default\" data-id=\"f01871f\" data-element_type=\"section\" data-settings=\"{&quot;background_background&quot;:&quot;classic&quot;}\">\n\t\t\t\t\t\t\t<div class=\"elementor-background-overlay\"><\/div>\n\t\t\t\t\t\t\t<div class=\"elementor-container elementor-column-gap-no\">\n\t\t\t\t\t<div class=\"elementor-column elementor-col-66 elementor-top-column elementor-element elementor-element-4ae5b88\" data-id=\"4ae5b88\" data-element_type=\"column\">\n\t\t\t<div class=\"elementor-widget-wrap elementor-element-populated\">\n\t\t\t\t\t\t\t\t<div class=\"elementor-element elementor-element-ea8daca elementor-widget elementor-widget-heading\" data-id=\"ea8daca\" data-element_type=\"widget\" data-widget_type=\"heading.default\">\n\t\t\t\t<div class=\"elementor-widget-container\">\n\t\t\t<h2 class=\"elementor-heading-title elementor-size-default\">Como \u00e9 que o China Consign est\u00e1 a revolucionar a compra directa da China?<\/h2>\t\t<\/div>\n\t\t\t\t<\/div>\n\t\t\t\t<div class=\"elementor-element elementor-element-45e93bc elementor-widget elementor-widget-text-editor\" data-id=\"45e93bc\" data-element_type=\"widget\" data-widget_type=\"text-editor.default\">\n\t\t\t\t<div class=\"elementor-widget-container\">\n\t\t\t\t\t\t\t<p>Orgulhamo-nos de fornecer aos nossos clientes uma vasta gama de servi\u00e7os, incluindo endere\u00e7os de envio chineses, consolida\u00e7\u00e3o de pacotes, e solu\u00e7\u00f5es de armazenamento. A nossa equipa trabalha incansavelmente para assegurar que os nossos clientes recebam os seus pacotes de forma segura e eficiente, ao mesmo tempo que lhes poupamos dinheiro atrav\u00e9s da consolida\u00e7\u00e3o de pacotes e de taxas de envio internacionais competitivas. No China Consign, reconhecemos a import\u00e2ncia de construir parcerias fortes para proporcionar aos nossos clientes a melhor experi\u00eancia poss\u00edvel. \u00c9 por isso que trabalhamos em estreita colabora\u00e7\u00e3o com gigantes da log\u00edstica global como a FedEx e a UPS para oferecer aos nossos clientes taxas de envio imbat\u00edveis e op\u00e7\u00f5es de transporte fi\u00e1veis.<\/p>\t\t\t\t\t\t<\/div>\n\t\t\t\t<\/div>\n\t\t\t\t<div class=\"elementor-element elementor-element-c6a212d elementor-align-left elementor-widget elementor-widget-button\" data-id=\"c6a212d\" data-element_type=\"widget\" data-widget_type=\"button.default\">\n\t\t\t\t<div class=\"elementor-widget-container\">\n\t\t\t\t\t<div class=\"elementor-button-wrapper\">\n\t\t\t<a href=\"https:\/\/www.chinaconsign.com\/pt\/contact\/\" class=\"elementor-button-link elementor-button elementor-size-md\" role=\"button\">\n\t\t\t\t\t\t<span class=\"elementor-button-content-wrapper\">\n\t\t\t\t\t\t<span class=\"elementor-button-text\">Entre em contacto<\/span>\n\t\t<\/span>\n\t\t\t\t\t<\/a>\n\t\t<\/div>\n\t\t\t\t<\/div>\n\t\t\t\t<\/div>\n\t\t\t\t\t<\/div>\n\t\t<\/div>\n\t\t\t\t<div class=\"elementor-column elementor-col-33 elementor-top-column elementor-element elementor-element-8161240\" data-id=\"8161240\" data-element_type=\"column\">\n\t\t\t<div class=\"elementor-widget-wrap\">\n\t\t\t\t\t\t\t\t\t<\/div>\n\t\t<\/div>\n\t\t\t\t\t\t\t<\/div>\n\t\t<\/section>\n\t\t\t\t\t\t\t<\/div>","protected":false},"excerpt":{"rendered":"<p>Servi\u00e7o de gest\u00e3o da cadeia de abastecimento: O nosso Servi\u00e7o de Gest\u00e3o da Cadeia de Abastecimento dedica-se a ajudar os clientes a otimizar a sua cadeia de abastecimento, a melhorar a efici\u00eancia, a reduzir os custos e a garantir a qualidade e fiabilidade dos produtos. Temos uma equipa experiente de especialistas em cadeias de abastecimento que podem fornecer solu\u00e7\u00f5es abrangentes de gest\u00e3o de cadeias de abastecimento, incluindo gest\u00e3o de fornecedores, processamento de encomendas, gest\u00e3o de invent\u00e1rio e gest\u00e3o de log\u00edstica ...<\/p>\n<p class=\"read-more\"> <a class=\"\" href=\"https:\/\/www.chinaconsign.com\/pt\/china-supply-chain-management-service\/\"> <span class=\"screen-reader-text\">Servi\u00e7o de gest\u00e3o da cadeia de abastecimento da China<\/span> Ler mais \"<\/a><\/p>","protected":false},"author":1,"featured_media":1802,"parent":0,"menu_order":0,"comment_status":"closed","ping_status":"closed","template":"","meta":{"site-sidebar-layout":"default","site-content-layout":"page-builder","ast-global-header-display":"","ast-main-header-display":"","ast-hfb-above-header-display":"","ast-hfb-below-header-display":"","ast-hfb-mobile-header-display":"","site-post-title":"disabled","ast-breadcrumbs-content":"","ast-featured-img":"disabled","footer-sml-layout":"","theme-transparent-header-meta":"enabled","adv-header-id-meta":"","stick-header-meta":"","header-above-stick-meta":"","header-main-stick-meta":"","header-below-stick-meta":"","footnotes":""},"class_list":["post-1791","page","type-page","status-publish","has-post-thumbnail","hentry"],"aioseo_notices":[],"_links":{"self":[{"href":"https:\/\/www.chinaconsign.com\/pt\/wp-json\/wp\/v2\/pages\/1791","targetHints":{"allow":["GET"]}}],"collection":[{"href":"https:\/\/www.chinaconsign.com\/pt\/wp-json\/wp\/v2\/pages"}],"about":[{"href":"https:\/\/www.chinaconsign.com\/pt\/wp-json\/wp\/v2\/types\/page"}],"author":[{"embeddable":true,"href":"https:\/\/www.chinaconsign.com\/pt\/wp-json\/wp\/v2\/users\/1"}],"replies":[{"embeddable":true,"href":"https:\/\/www.chinaconsign.com\/pt\/wp-json\/wp\/v2\/comments?post=1791"}],"version-history":[{"count":0,"href":"https:\/\/www.chinaconsign.com\/pt\/wp-json\/wp\/v2\/pages\/1791\/revisions"}],"wp:featuredmedia":[{"embeddable":true,"href":"https:\/\/www.chinaconsign.com\/pt\/wp-json\/wp\/v2\/media\/1802"}],"wp:attachment":[{"href":"https:\/\/www.chinaconsign.com\/pt\/wp-json\/wp\/v2\/media?parent=1791"}],"curies":[{"name":"wp","href":"https:\/\/api.w.org\/{rel}","templated":true}]}}