{"id":1578,"date":"2023-04-14T23:33:42","date_gmt":"2023-04-14T15:33:42","guid":{"rendered":"https:\/\/www.chinaconsign.com\/?page_id=1578"},"modified":"2025-08-31T16:43:53","modified_gmt":"2025-08-31T08:43:53","slug":"amazon-fba-service","status":"publish","type":"page","link":"https:\/\/www.chinaconsign.com\/pt\/amazon-fba-service\/","title":{"rendered":"Servi\u00e7o FBA da Amazon"},"content":{"rendered":"<div data-elementor-type=\"wp-post\" data-elementor-id=\"1578\" class=\"elementor elementor-1578\">\n\t\t\t\t\t\t\t\t\t<section class=\"elementor-section elementor-top-section elementor-element elementor-element-b1d7697 elementor-section-boxed elementor-section-height-default elementor-section-height-default\" data-id=\"b1d7697\" data-element_type=\"section\" data-settings=\"{&quot;background_background&quot;:&quot;classic&quot;}\">\n\t\t\t\t\t\t\t<div class=\"elementor-background-overlay\"><\/div>\n\t\t\t\t\t\t\t<div class=\"elementor-container elementor-column-gap-default\">\n\t\t\t\t\t<div class=\"elementor-column elementor-col-100 elementor-top-column elementor-element elementor-element-bd5e621\" data-id=\"bd5e621\" data-element_type=\"column\">\n\t\t\t<div class=\"elementor-widget-wrap elementor-element-populated\">\n\t\t\t\t\t\t\t\t<section class=\"elementor-section elementor-inner-section elementor-element elementor-element-6689c8d elementor-section-boxed elementor-section-height-default elementor-section-height-default\" data-id=\"6689c8d\" data-element_type=\"section\">\n\t\t\t\t\t\t<div class=\"elementor-container elementor-column-gap-default\">\n\t\t\t\t\t<div class=\"elementor-column elementor-col-66 elementor-inner-column elementor-element elementor-element-f42cb85\" data-id=\"f42cb85\" data-element_type=\"column\">\n\t\t\t<div class=\"elementor-widget-wrap elementor-element-populated\">\n\t\t\t\t\t\t\t\t<div class=\"elementor-element elementor-element-8256ae1 elementor-widget elementor-widget-heading\" data-id=\"8256ae1\" data-element_type=\"widget\" data-widget_type=\"heading.default\">\n\t\t\t\t<div class=\"elementor-widget-container\">\n\t\t\t<style>\/*! elementor - v3.11.5 - 14-03-2023 *\/\n.elementor-heading-title{padding:0;margin:0;line-height:1}.elementor-widget-heading .elementor-heading-title[class*=elementor-size-]>a{color:inherit;font-size:inherit;line-height:inherit}.elementor-widget-heading .elementor-heading-title.elementor-size-small{font-size:15px}.elementor-widget-heading .elementor-heading-title.elementor-size-medium{font-size:19px}.elementor-widget-heading .elementor-heading-title.elementor-size-large{font-size:29px}.elementor-widget-heading .elementor-heading-title.elementor-size-xl{font-size:39px}.elementor-widget-heading .elementor-heading-title.elementor-size-xxl{font-size:59px}<\/style><h1 class=\"elementor-heading-title elementor-size-default\">Servi\u00e7o FBA da Amazon:<\/h1>\t\t<\/div>\n\t\t\t\t<\/div>\n\t\t\t\t\t<\/div>\n\t\t<\/div>\n\t\t\t\t<div class=\"elementor-column elementor-col-33 elementor-inner-column elementor-element elementor-element-ab6f8cd\" data-id=\"ab6f8cd\" data-element_type=\"column\">\n\t\t\t<div class=\"elementor-widget-wrap\">\n\t\t\t\t\t\t\t\t\t<\/div>\n\t\t<\/div>\n\t\t\t\t\t\t\t<\/div>\n\t\t<\/section>\n\t\t\t\t<section class=\"elementor-section elementor-inner-section elementor-element elementor-element-ca5edea elementor-section-boxed elementor-section-height-default elementor-section-height-default\" data-id=\"ca5edea\" data-element_type=\"section\">\n\t\t\t\t\t\t<div class=\"elementor-container elementor-column-gap-default\">\n\t\t\t\t\t<div class=\"elementor-column elementor-col-66 elementor-inner-column elementor-element elementor-element-823105c\" data-id=\"823105c\" data-element_type=\"column\">\n\t\t\t<div class=\"elementor-widget-wrap\">\n\t\t\t\t\t\t\t\t\t<\/div>\n\t\t<\/div>\n\t\t\t\t<div class=\"elementor-column elementor-col-33 elementor-inner-column elementor-element elementor-element-158d16b\" data-id=\"158d16b\" data-element_type=\"column\" data-settings=\"{&quot;background_background&quot;:&quot;classic&quot;}\">\n\t\t\t<div class=\"elementor-widget-wrap elementor-element-populated\">\n\t\t\t\t\t\t\t\t\t<\/div>\n\t\t<\/div>\n\t\t\t\t\t\t\t<\/div>\n\t\t<\/section>\n\t\t\t\t\t<\/div>\n\t\t<\/div>\n\t\t\t\t\t\t\t<\/div>\n\t\t<\/section>\n\t\t\t\t<section class=\"elementor-section elementor-top-section elementor-element elementor-element-68df5b7 elementor-section-boxed elementor-section-height-default elementor-section-height-default\" data-id=\"68df5b7\" data-element_type=\"section\" data-settings=\"{&quot;background_background&quot;:&quot;gradient&quot;}\">\n\t\t\t\t\t\t<div class=\"elementor-container elementor-column-gap-default\">\n\t\t\t\t\t<div class=\"elementor-column elementor-col-100 elementor-top-column elementor-element elementor-element-56ea3bf\" data-id=\"56ea3bf\" data-element_type=\"column\">\n\t\t\t<div class=\"elementor-widget-wrap elementor-element-populated\">\n\t\t\t\t\t\t\t\t<div class=\"elementor-element elementor-element-9d1840c elementor-widget elementor-widget-text-editor\" data-id=\"9d1840c\" data-element_type=\"widget\" data-widget_type=\"text-editor.default\">\n\t\t\t\t<div class=\"elementor-widget-container\">\n\t\t\t<style>\/*! elementor - v3.11.5 - 14-03-2023 *\/\n.elementor-widget-text-editor.elementor-drop-cap-view-stacked .elementor-drop-cap{background-color:#818a91;color:#fff}.elementor-widget-text-editor.elementor-drop-cap-view-framed .elementor-drop-cap{color:#818a91;border:3px solid;background-color:transparent}.elementor-widget-text-editor:not(.elementor-drop-cap-view-default) .elementor-drop-cap{margin-top:8px}.elementor-widget-text-editor:not(.elementor-drop-cap-view-default) .elementor-drop-cap-letter{width:1em;height:1em}.elementor-widget-text-editor .elementor-drop-cap{float:left;text-align:center;line-height:1;font-size:50px}.elementor-widget-text-editor .elementor-drop-cap-letter{display:inline-block}<\/style>\t\t\t\t<p>China Consign expande o servi\u00e7o Amazon FBA para ajudar a impulsionar o seu neg\u00f3cio.<\/p><p><img loading=\"lazy\" decoding=\"async\" class=\"aligncenter wp-image-1580 size-medium\" src=\"http:\/\/www.chinaconsign.com\/wp-content\/uploads\/2023\/04\/amazon-icon-app-2183855-300x272.png\" alt=\"amazon, \u00edcone, app-2183855.jpg\" width=\"300\" height=\"272\" srcset=\"https:\/\/www.chinaconsign.com\/wp-content\/uploads\/2023\/04\/amazon-icon-app-2183855-300x272.png 300w, https:\/\/www.chinaconsign.com\/wp-content\/uploads\/2023\/04\/amazon-icon-app-2183855-1024x927.png 1024w, https:\/\/www.chinaconsign.com\/wp-content\/uploads\/2023\/04\/amazon-icon-app-2183855-768x695.png 768w, https:\/\/www.chinaconsign.com\/wp-content\/uploads\/2023\/04\/amazon-icon-app-2183855-13x12.png 13w, https:\/\/www.chinaconsign.com\/wp-content\/uploads\/2023\/04\/amazon-icon-app-2183855.png 1280w\" sizes=\"auto, (max-width: 300px) 100vw, 300px\" \/><\/p><p>Para al\u00e9m do nosso actual servi\u00e7o Amazon FBA (Fulfillment by Amazon), a China Consign tem o prazer de anunciar as nossas solu\u00e7\u00f5es alargadas para o ajudar a fazer crescer o seu neg\u00f3cio. Com nossos novos servi\u00e7os de valor agregado, agora podemos ajudar na pesquisa de produtos, controle de qualidade, embalagens personalizadas e muito mais. A nossa equipa est\u00e1 empenhada em fornecer apoio de ponta a ponta, desde a compra de produtos na China at\u00e9 \u00e0 entrega de um pacote completo nos armaz\u00e9ns da Amazon.<\/p><p>Recentemente, ajud\u00e1mos um dos nossos clientes do sector de cozinha e jardim a expandir a sua linha de produtos, adquirindo suplementos de alta qualidade na China. Ajud\u00e1mos a testar, etiquetar e enviar, assegurando que os seus produtos cumpriam as normas rigorosas da Amazon. Como resultado, o nosso cliente registou um aumento significativo nas vendas e nas cr\u00edticas positivas dos clientes.<\/p><p>Fa\u00e7a parceria com a China Consign e aproveite o nosso servi\u00e7o Amazon FBA e solu\u00e7\u00f5es abrangentes para impulsionar o crescimento do seu neg\u00f3cio. Concentre-se no que voc\u00ea faz de melhor e n\u00f3s cuidamos do resto!<\/p>\t\t\t\t\t\t<\/div>\n\t\t\t\t<\/div>\n\t\t\t\t\t<\/div>\n\t\t<\/div>\n\t\t\t\t\t\t\t<\/div>\n\t\t<\/section>\n\t\t\t\t<section class=\"elementor-section elementor-top-section elementor-element elementor-element-f01871f elementor-section-content-middle elementor-section-boxed elementor-section-height-default elementor-section-height-default\" data-id=\"f01871f\" data-element_type=\"section\" data-settings=\"{&quot;background_background&quot;:&quot;classic&quot;}\">\n\t\t\t\t\t\t\t<div class=\"elementor-background-overlay\"><\/div>\n\t\t\t\t\t\t\t<div class=\"elementor-container elementor-column-gap-no\">\n\t\t\t\t\t<div class=\"elementor-column elementor-col-66 elementor-top-column elementor-element elementor-element-4ae5b88\" data-id=\"4ae5b88\" data-element_type=\"column\">\n\t\t\t<div class=\"elementor-widget-wrap elementor-element-populated\">\n\t\t\t\t\t\t\t\t<div class=\"elementor-element elementor-element-ea8daca elementor-widget elementor-widget-heading\" data-id=\"ea8daca\" data-element_type=\"widget\" data-widget_type=\"heading.default\">\n\t\t\t\t<div class=\"elementor-widget-container\">\n\t\t\t<h2 class=\"elementor-heading-title elementor-size-default\">Envio para a Amazon? Deixe-nos ajud\u00e1-lo a optimizar as opera\u00e7\u00f5es da sua cadeia de abastecimento hoje mesmo!<\/h2>\t\t<\/div>\n\t\t\t\t<\/div>\n\t\t\t\t<div class=\"elementor-element elementor-element-45e93bc elementor-widget elementor-widget-text-editor\" data-id=\"45e93bc\" data-element_type=\"widget\" data-widget_type=\"text-editor.default\">\n\t\t\t\t<div class=\"elementor-widget-container\">\n\t\t\t\t\t\t\t\t\t\t\t\t\t<\/div>\n\t\t\t\t<\/div>\n\t\t\t\t<div class=\"elementor-element elementor-element-c6a212d elementor-align-left elementor-widget elementor-widget-button\" data-id=\"c6a212d\" data-element_type=\"widget\" data-widget_type=\"button.default\">\n\t\t\t\t<div class=\"elementor-widget-container\">\n\t\t\t\t\t<div class=\"elementor-button-wrapper\">\n\t\t\t<a href=\"https:\/\/www.chinaconsign.com\/pt\/contact\/\" class=\"elementor-button-link elementor-button elementor-size-md\" role=\"button\">\n\t\t\t\t\t\t<span class=\"elementor-button-content-wrapper\">\n\t\t\t\t\t\t<span class=\"elementor-button-text\">Obtenha uma Estimativa Gr\u00e1tis<\/span>\n\t\t<\/span>\n\t\t\t\t\t<\/a>\n\t\t<\/div>\n\t\t\t\t<\/div>\n\t\t\t\t<\/div>\n\t\t\t\t\t<\/div>\n\t\t<\/div>\n\t\t\t\t<div class=\"elementor-column elementor-col-33 elementor-top-column elementor-element elementor-element-8161240\" data-id=\"8161240\" data-element_type=\"column\">\n\t\t\t<div class=\"elementor-widget-wrap\">\n\t\t\t\t\t\t\t\t\t<\/div>\n\t\t<\/div>\n\t\t\t\t\t\t\t<\/div>\n\t\t<\/section>\n\t\t\t\t\t\t\t<\/div>","protected":false},"excerpt":{"rendered":"<p>Servi\u00e7o Amazon FBA: China Consign expande o servi\u00e7o Amazon FBA para ajudar a impulsionar seus neg\u00f3cios. Al\u00e9m do nosso servi\u00e7o Amazon FBA (Fulfillment by Amazon) existente, a China Consign tem o prazer de anunciar nossas solu\u00e7\u00f5es expandidas para ajud\u00e1-lo a expandir seus neg\u00f3cios. Com nossos novos servi\u00e7os de valor agregado, agora podemos ajudar na pesquisa de produtos, controle de qualidade, personaliza\u00e7\u00e3o ...<\/p>\n<p class=\"read-more\"> <a class=\"\" href=\"https:\/\/www.chinaconsign.com\/pt\/amazon-fba-service\/\"> <span class=\"screen-reader-text\">Servi\u00e7o FBA da Amazon<\/span> Ler mais \"<\/a><\/p>","protected":false},"author":1,"featured_media":1580,"parent":0,"menu_order":0,"comment_status":"closed","ping_status":"closed","template":"","meta":{"site-sidebar-layout":"default","site-content-layout":"page-builder","ast-global-header-display":"","ast-main-header-display":"","ast-hfb-above-header-display":"","ast-hfb-below-header-display":"","ast-hfb-mobile-header-display":"","site-post-title":"disabled","ast-breadcrumbs-content":"","ast-featured-img":"disabled","footer-sml-layout":"","theme-transparent-header-meta":"enabled","adv-header-id-meta":"","stick-header-meta":"","header-above-stick-meta":"","header-main-stick-meta":"","header-below-stick-meta":"","footnotes":""},"class_list":["post-1578","page","type-page","status-publish","has-post-thumbnail","hentry"],"aioseo_notices":[],"_links":{"self":[{"href":"https:\/\/www.chinaconsign.com\/pt\/wp-json\/wp\/v2\/pages\/1578","targetHints":{"allow":["GET"]}}],"collection":[{"href":"https:\/\/www.chinaconsign.com\/pt\/wp-json\/wp\/v2\/pages"}],"about":[{"href":"https:\/\/www.chinaconsign.com\/pt\/wp-json\/wp\/v2\/types\/page"}],"author":[{"embeddable":true,"href":"https:\/\/www.chinaconsign.com\/pt\/wp-json\/wp\/v2\/users\/1"}],"replies":[{"embeddable":true,"href":"https:\/\/www.chinaconsign.com\/pt\/wp-json\/wp\/v2\/comments?post=1578"}],"version-history":[{"count":0,"href":"https:\/\/www.chinaconsign.com\/pt\/wp-json\/wp\/v2\/pages\/1578\/revisions"}],"wp:featuredmedia":[{"embeddable":true,"href":"https:\/\/www.chinaconsign.com\/pt\/wp-json\/wp\/v2\/media\/1580"}],"wp:attachment":[{"href":"https:\/\/www.chinaconsign.com\/pt\/wp-json\/wp\/v2\/media?parent=1578"}],"curies":[{"name":"wp","href":"https:\/\/api.w.org\/{rel}","templated":true}]}}