{"id":1519,"date":"2023-04-14T19:44:32","date_gmt":"2023-04-14T11:44:32","guid":{"rendered":"https:\/\/www.chinaconsign.com\/?page_id=1519"},"modified":"2025-08-31T16:41:25","modified_gmt":"2025-08-31T08:41:25","slug":"china-sourcing-services","status":"publish","type":"page","link":"https:\/\/www.chinaconsign.com\/pt\/china-sourcing-services\/","title":{"rendered":"China Sourcing Services"},"content":{"rendered":"<div data-elementor-type=\"wp-post\" data-elementor-id=\"1519\" class=\"elementor elementor-1519\">\n\t\t\t\t\t\t\t\t\t<section class=\"elementor-section elementor-top-section elementor-element elementor-element-b1d7697 elementor-section-boxed elementor-section-height-default elementor-section-height-default\" data-id=\"b1d7697\" data-element_type=\"section\" data-settings=\"{&quot;background_background&quot;:&quot;classic&quot;}\">\n\t\t\t\t\t\t\t<div class=\"elementor-background-overlay\"><\/div>\n\t\t\t\t\t\t\t<div class=\"elementor-container elementor-column-gap-default\">\n\t\t\t\t\t<div class=\"elementor-column elementor-col-100 elementor-top-column elementor-element elementor-element-bd5e621\" data-id=\"bd5e621\" data-element_type=\"column\">\n\t\t\t<div class=\"elementor-widget-wrap elementor-element-populated\">\n\t\t\t\t\t\t\t\t<section class=\"elementor-section elementor-inner-section elementor-element elementor-element-6689c8d elementor-section-boxed elementor-section-height-default elementor-section-height-default\" data-id=\"6689c8d\" data-element_type=\"section\">\n\t\t\t\t\t\t<div class=\"elementor-container elementor-column-gap-default\">\n\t\t\t\t\t<div class=\"elementor-column elementor-col-66 elementor-inner-column elementor-element elementor-element-f42cb85\" data-id=\"f42cb85\" data-element_type=\"column\">\n\t\t\t<div class=\"elementor-widget-wrap elementor-element-populated\">\n\t\t\t\t\t\t\t\t<div class=\"elementor-element elementor-element-8256ae1 elementor-widget elementor-widget-heading\" data-id=\"8256ae1\" data-element_type=\"widget\" data-widget_type=\"heading.default\">\n\t\t\t\t<div class=\"elementor-widget-container\">\n\t\t\t<style>\/*! elementor - v3.11.5 - 14-03-2023 *\/\n.elementor-heading-title{padding:0;margin:0;line-height:1}.elementor-widget-heading .elementor-heading-title[class*=elementor-size-]>a{color:inherit;font-size:inherit;line-height:inherit}.elementor-widget-heading .elementor-heading-title.elementor-size-small{font-size:15px}.elementor-widget-heading .elementor-heading-title.elementor-size-medium{font-size:19px}.elementor-widget-heading .elementor-heading-title.elementor-size-large{font-size:29px}.elementor-widget-heading .elementor-heading-title.elementor-size-xl{font-size:39px}.elementor-widget-heading .elementor-heading-title.elementor-size-xxl{font-size:59px}<\/style><h1 class=\"elementor-heading-title elementor-size-default\">Servi\u00e7os de aprovisionamento:<\/h1>\t\t<\/div>\n\t\t\t\t<\/div>\n\t\t\t\t\t<\/div>\n\t\t<\/div>\n\t\t\t\t<div class=\"elementor-column elementor-col-33 elementor-inner-column elementor-element elementor-element-ab6f8cd\" data-id=\"ab6f8cd\" data-element_type=\"column\">\n\t\t\t<div class=\"elementor-widget-wrap\">\n\t\t\t\t\t\t\t\t\t<\/div>\n\t\t<\/div>\n\t\t\t\t\t\t\t<\/div>\n\t\t<\/section>\n\t\t\t\t<section class=\"elementor-section elementor-inner-section elementor-element elementor-element-ca5edea elementor-section-boxed elementor-section-height-default elementor-section-height-default\" data-id=\"ca5edea\" data-element_type=\"section\">\n\t\t\t\t\t\t<div class=\"elementor-container elementor-column-gap-default\">\n\t\t\t\t\t<div class=\"elementor-column elementor-col-66 elementor-inner-column elementor-element elementor-element-823105c\" data-id=\"823105c\" data-element_type=\"column\">\n\t\t\t<div class=\"elementor-widget-wrap\">\n\t\t\t\t\t\t\t\t\t<\/div>\n\t\t<\/div>\n\t\t\t\t<div class=\"elementor-column elementor-col-33 elementor-inner-column elementor-element elementor-element-158d16b\" data-id=\"158d16b\" data-element_type=\"column\" data-settings=\"{&quot;background_background&quot;:&quot;classic&quot;}\">\n\t\t\t<div class=\"elementor-widget-wrap elementor-element-populated\">\n\t\t\t\t\t\t\t\t\t<\/div>\n\t\t<\/div>\n\t\t\t\t\t\t\t<\/div>\n\t\t<\/section>\n\t\t\t\t\t<\/div>\n\t\t<\/div>\n\t\t\t\t\t\t\t<\/div>\n\t\t<\/section>\n\t\t\t\t<section class=\"elementor-section elementor-top-section elementor-element elementor-element-68df5b7 elementor-section-boxed elementor-section-height-default elementor-section-height-default\" data-id=\"68df5b7\" data-element_type=\"section\" data-settings=\"{&quot;background_background&quot;:&quot;gradient&quot;}\">\n\t\t\t\t\t\t<div class=\"elementor-container elementor-column-gap-default\">\n\t\t\t\t\t<div class=\"elementor-column elementor-col-100 elementor-top-column elementor-element elementor-element-56ea3bf\" data-id=\"56ea3bf\" data-element_type=\"column\" data-settings=\"{&quot;background_background&quot;:&quot;slideshow&quot;,&quot;background_slideshow_gallery&quot;:[],&quot;background_slideshow_loop&quot;:&quot;yes&quot;,&quot;background_slideshow_slide_duration&quot;:5000,&quot;background_slideshow_slide_transition&quot;:&quot;fade&quot;,&quot;background_slideshow_transition_duration&quot;:500}\">\n\t\t\t<div class=\"elementor-widget-wrap elementor-element-populated\">\n\t\t\t\t\t\t\t\t<div class=\"elementor-element elementor-element-9d1840c elementor-widget elementor-widget-text-editor\" data-id=\"9d1840c\" data-element_type=\"widget\" data-widget_type=\"text-editor.default\">\n\t\t\t\t<div class=\"elementor-widget-container\">\n\t\t\t<style>\/*! elementor - v3.11.5 - 14-03-2023 *\/\n.elementor-widget-text-editor.elementor-drop-cap-view-stacked .elementor-drop-cap{background-color:#818a91;color:#fff}.elementor-widget-text-editor.elementor-drop-cap-view-framed .elementor-drop-cap{color:#818a91;border:3px solid;background-color:transparent}.elementor-widget-text-editor:not(.elementor-drop-cap-view-default) .elementor-drop-cap{margin-top:8px}.elementor-widget-text-editor:not(.elementor-drop-cap-view-default) .elementor-drop-cap-letter{width:1em;height:1em}.elementor-widget-text-editor .elementor-drop-cap{float:left;text-align:center;line-height:1;font-size:50px}.elementor-widget-text-editor .elementor-drop-cap-letter{display:inline-block}<\/style>\t\t\t\t<p>No China Consign, oferecemos servi\u00e7os completos de sourcing a clientes de todo o mundo que estejam interessados em comprar bens da China. Orgulhamo-nos de fornecer uma solu\u00e7\u00e3o de ponta a ponta que vai al\u00e9m do simples envio e manuseamento, para assegurar que os nossos clientes recebam produtos de alta qualidade a um pre\u00e7o competitivo.<\/p><p><img loading=\"lazy\" decoding=\"async\" class=\"aligncenter wp-image-1521\" src=\"http:\/\/www.chinaconsign.com\/wp-content\/uploads\/2023\/04\/quality-hook-check-mark-787673-1024x724.jpg\" alt=\"qualidade, gancho, verificar marcak-787673.jpg\" width=\"600\" height=\"424\" srcset=\"https:\/\/www.chinaconsign.com\/wp-content\/uploads\/2023\/04\/quality-hook-check-mark-787673-1024x724.jpg 1024w, https:\/\/www.chinaconsign.com\/wp-content\/uploads\/2023\/04\/quality-hook-check-mark-787673-300x212.jpg 300w, https:\/\/www.chinaconsign.com\/wp-content\/uploads\/2023\/04\/quality-hook-check-mark-787673-768x543.jpg 768w, https:\/\/www.chinaconsign.com\/wp-content\/uploads\/2023\/04\/quality-hook-check-mark-787673-18x12.jpg 18w, https:\/\/www.chinaconsign.com\/wp-content\/uploads\/2023\/04\/quality-hook-check-mark-787673.jpg 1280w\" sizes=\"auto, (max-width: 600px) 100vw, 600px\" \/><\/p><p><strong>Controlo de Qualidade de Confian\u00e7a<\/strong><br \/>A nossa equipa de profissionais experientes possui conhecimentos especializados sobre o mercado chin\u00eas e a regulamenta\u00e7\u00e3o local. Isto permite-nos identificar fornecedores de confian\u00e7a, realizar controlos de qualidade rigorosos em todos os produtos antes do embarque, e assegurar uma qualidade excepcional do produto para os nossos clientes.<\/p><p><strong>Extensa Rede de Fornecedores e Fabricantes<\/strong><br \/>Estabelecemos fortes parcerias com fornecedores e fabricantes numa variedade de ind\u00fastrias, dando-nos acesso a uma extensa cadeia de fornecimento e canaliza\u00e7\u00e3o de recursos. A nossa rede expansiva permite-nos obter produtos \u00fanicos de forma r\u00e1pida e eficiente para os nossos clientes, mesmo que estes n\u00e3o estejam prontamente dispon\u00edveis no mercado.<\/p><p><strong>Especializa\u00e7\u00e3o e Flexibilidade Cultural<\/strong><br \/>Os nossos conhecimentos culturais s\u00e3o cr\u00edticos quando navegamos nas complexidades de fazer neg\u00f3cios na China, incluindo barreiras lingu\u00edsticas, diferen\u00e7as culturais, e regulamentos aduaneiros. A nossa equipa est\u00e1 sempre disposta a adaptar-se aos seus requisitos espec\u00edficos e a fornecer solu\u00e7\u00f5es de sourcing personalizadas com base nas suas necessidades individuais, assegurando que recebe assist\u00eancia personalizada em cada passo do caminho.<\/p><p><strong>Servi\u00e7o Excepcional ao Cliente<\/strong><br \/>Acreditamos na constru\u00e7\u00e3o de rela\u00e7\u00f5es a longo prazo com os nossos clientes, proporcionando uma comunica\u00e7\u00e3o transparente, fi\u00e1vel e consistente. A nossa equipa dedicada de servi\u00e7o ao cliente est\u00e1 aqui para responder a quaisquer perguntas ou preocupa\u00e7\u00f5es que possa ter, tratar de quest\u00f5es prontamente, e assegurar que tenha uma experi\u00eancia ininterrupta ao trabalhar connosco.<\/p><p><strong>Per\u00edcia especializada<\/strong><br \/>A nossa equipa tem d\u00e9cadas de experi\u00eancia e liga\u00e7\u00f5es combinadas em v\u00e1rias ind\u00fastrias. Aproveitamos as nossas especializa\u00e7\u00f5es para fornecer aos nossos clientes solu\u00e7\u00f5es personalizadas que os ajudem a atingir os seus objectivos, quer se trate de negociar melhores pre\u00e7os ou identificar novas oportunidades de sourcing.<\/p><p>Em conclus\u00e3o, quando escolhe China Consign para as suas necessidades de sourcing, pode esperar um controlo de qualidade de topo, extensas redes de fornecedores e fabricantes, especializa\u00e7\u00e3o e flexibilidade culturais, servi\u00e7o excepcional ao cliente, e per\u00edcia especializada. Deixe-nos ajud\u00e1-lo a racionalizar o seu processo de sourcing e obter o seu pr\u00f3ximo produto na China com confian\u00e7a!<\/p>\t\t\t\t\t\t<\/div>\n\t\t\t\t<\/div>\n\t\t\t\t\t<\/div>\n\t\t<\/div>\n\t\t\t\t\t\t\t<\/div>\n\t\t<\/section>\n\t\t\t\t<section class=\"elementor-section elementor-top-section elementor-element elementor-element-f01871f elementor-section-content-middle elementor-section-boxed elementor-section-height-default elementor-section-height-default\" data-id=\"f01871f\" data-element_type=\"section\" data-settings=\"{&quot;background_background&quot;:&quot;classic&quot;}\">\n\t\t\t\t\t\t\t<div class=\"elementor-background-overlay\"><\/div>\n\t\t\t\t\t\t\t<div class=\"elementor-container elementor-column-gap-no\">\n\t\t\t\t\t<div class=\"elementor-column elementor-col-66 elementor-top-column elementor-element elementor-element-4ae5b88\" data-id=\"4ae5b88\" data-element_type=\"column\">\n\t\t\t<div class=\"elementor-widget-wrap elementor-element-populated\">\n\t\t\t\t\t\t\t\t<div class=\"elementor-element elementor-element-ea8daca elementor-widget elementor-widget-heading\" data-id=\"ea8daca\" data-element_type=\"widget\" data-widget_type=\"heading.default\">\n\t\t\t\t<div class=\"elementor-widget-container\">\n\t\t\t<h2 class=\"elementor-heading-title elementor-size-default\">Como \u00e9 que o China Consign est\u00e1 a revolucionar a compra directa da China?<\/h2>\t\t<\/div>\n\t\t\t\t<\/div>\n\t\t\t\t<div class=\"elementor-element elementor-element-45e93bc elementor-widget elementor-widget-text-editor\" data-id=\"45e93bc\" data-element_type=\"widget\" data-widget_type=\"text-editor.default\">\n\t\t\t\t<div class=\"elementor-widget-container\">\n\t\t\t\t\t\t\t<p>Orgulhamo-nos de fornecer aos nossos clientes uma vasta gama de servi\u00e7os, incluindo endere\u00e7os de envio chineses, consolida\u00e7\u00e3o de pacotes, e solu\u00e7\u00f5es de armazenamento. A nossa equipa trabalha incansavelmente para assegurar que os nossos clientes recebam os seus pacotes de forma segura e eficiente, ao mesmo tempo que lhes poupamos dinheiro atrav\u00e9s da consolida\u00e7\u00e3o de pacotes e de taxas de envio internacionais competitivas. No China Consign, reconhecemos a import\u00e2ncia de construir parcerias fortes para proporcionar aos nossos clientes a melhor experi\u00eancia poss\u00edvel. \u00c9 por isso que trabalhamos em estreita colabora\u00e7\u00e3o com gigantes da log\u00edstica global como a FedEx e a UPS para oferecer aos nossos clientes taxas de envio imbat\u00edveis e op\u00e7\u00f5es de transporte fi\u00e1veis.<\/p>\t\t\t\t\t\t<\/div>\n\t\t\t\t<\/div>\n\t\t\t\t<div class=\"elementor-element elementor-element-c6a212d elementor-align-left elementor-widget elementor-widget-button\" data-id=\"c6a212d\" data-element_type=\"widget\" data-widget_type=\"button.default\">\n\t\t\t\t<div class=\"elementor-widget-container\">\n\t\t\t\t\t<div class=\"elementor-button-wrapper\">\n\t\t\t<a href=\"https:\/\/www.chinaconsign.com\/pt\/contact\/\" class=\"elementor-button-link elementor-button elementor-size-md\" role=\"button\">\n\t\t\t\t\t\t<span class=\"elementor-button-content-wrapper\">\n\t\t\t\t\t\t<span class=\"elementor-button-text\">Entre em contacto<\/span>\n\t\t<\/span>\n\t\t\t\t\t<\/a>\n\t\t<\/div>\n\t\t\t\t<\/div>\n\t\t\t\t<\/div>\n\t\t\t\t\t<\/div>\n\t\t<\/div>\n\t\t\t\t<div class=\"elementor-column elementor-col-33 elementor-top-column elementor-element elementor-element-8161240\" data-id=\"8161240\" data-element_type=\"column\">\n\t\t\t<div class=\"elementor-widget-wrap\">\n\t\t\t\t\t\t\t\t\t<\/div>\n\t\t<\/div>\n\t\t\t\t\t\t\t<\/div>\n\t\t<\/section>\n\t\t\t\t\t\t\t<\/div>","protected":false},"excerpt":{"rendered":"<p>Servi\u00e7os de Sourcing: Na China Consign, oferecemos servi\u00e7os abrangentes de sourcing para clientes em todo o mundo que est\u00e3o interessados em comprar produtos da China. Orgulhamo-nos de fornecer uma solu\u00e7\u00e3o de ponta a ponta que vai al\u00e9m do simples envio e manuseio para garantir que nossos clientes recebam produtos de alta qualidade a um pre\u00e7o competitivo. Controlo de qualidade de confian\u00e7aA nossa equipa de experientes ...<\/p>\n<p class=\"read-more\"> <a class=\"\" href=\"https:\/\/www.chinaconsign.com\/pt\/china-sourcing-services\/\"> <span class=\"screen-reader-text\">China Sourcing Services<\/span> Ler mais \"<\/a><\/p>","protected":false},"author":1,"featured_media":1563,"parent":0,"menu_order":0,"comment_status":"closed","ping_status":"closed","template":"","meta":{"site-sidebar-layout":"default","site-content-layout":"page-builder","ast-global-header-display":"","ast-main-header-display":"","ast-hfb-above-header-display":"","ast-hfb-below-header-display":"","ast-hfb-mobile-header-display":"","site-post-title":"disabled","ast-breadcrumbs-content":"","ast-featured-img":"disabled","footer-sml-layout":"","theme-transparent-header-meta":"enabled","adv-header-id-meta":"","stick-header-meta":"","header-above-stick-meta":"","header-main-stick-meta":"","header-below-stick-meta":"","footnotes":""},"class_list":["post-1519","page","type-page","status-publish","has-post-thumbnail","hentry"],"aioseo_notices":[],"_links":{"self":[{"href":"https:\/\/www.chinaconsign.com\/pt\/wp-json\/wp\/v2\/pages\/1519","targetHints":{"allow":["GET"]}}],"collection":[{"href":"https:\/\/www.chinaconsign.com\/pt\/wp-json\/wp\/v2\/pages"}],"about":[{"href":"https:\/\/www.chinaconsign.com\/pt\/wp-json\/wp\/v2\/types\/page"}],"author":[{"embeddable":true,"href":"https:\/\/www.chinaconsign.com\/pt\/wp-json\/wp\/v2\/users\/1"}],"replies":[{"embeddable":true,"href":"https:\/\/www.chinaconsign.com\/pt\/wp-json\/wp\/v2\/comments?post=1519"}],"version-history":[{"count":0,"href":"https:\/\/www.chinaconsign.com\/pt\/wp-json\/wp\/v2\/pages\/1519\/revisions"}],"wp:featuredmedia":[{"embeddable":true,"href":"https:\/\/www.chinaconsign.com\/pt\/wp-json\/wp\/v2\/media\/1563"}],"wp:attachment":[{"href":"https:\/\/www.chinaconsign.com\/pt\/wp-json\/wp\/v2\/media?parent=1519"}],"curies":[{"name":"wp","href":"https:\/\/api.w.org\/{rel}","templated":true}]}}