{"id":1206,"date":"2023-04-03T11:29:15","date_gmt":"2023-04-03T03:29:15","guid":{"rendered":"https:\/\/www.chinaconsign.com\/?page_id=1206"},"modified":"2023-04-03T14:51:04","modified_gmt":"2023-04-03T06:51:04","slug":"pricing","status":"publish","type":"page","link":"https:\/\/www.chinaconsign.com\/pt\/pricing\/","title":{"rendered":"Fixa\u00e7\u00e3o de pre\u00e7os"},"content":{"rendered":"<div data-elementor-type=\"wp-post\" data-elementor-id=\"1206\" class=\"elementor elementor-1206\">\n\t\t\t\t\t\t\t\t\t<section class=\"elementor-section elementor-top-section elementor-element elementor-element-b1d7697 elementor-section-boxed elementor-section-height-default elementor-section-height-default\" data-id=\"b1d7697\" data-element_type=\"section\" data-settings=\"{&quot;background_background&quot;:&quot;classic&quot;}\">\n\t\t\t\t\t\t\t<div class=\"elementor-background-overlay\"><\/div>\n\t\t\t\t\t\t\t<div class=\"elementor-container elementor-column-gap-default\">\n\t\t\t\t\t<div class=\"elementor-column elementor-col-100 elementor-top-column elementor-element elementor-element-bd5e621\" data-id=\"bd5e621\" data-element_type=\"column\">\n\t\t\t<div class=\"elementor-widget-wrap elementor-element-populated\">\n\t\t\t\t\t\t\t\t<section class=\"elementor-section elementor-inner-section elementor-element elementor-element-6689c8d elementor-section-boxed elementor-section-height-default elementor-section-height-default\" data-id=\"6689c8d\" data-element_type=\"section\">\n\t\t\t\t\t\t<div class=\"elementor-container elementor-column-gap-default\">\n\t\t\t\t\t<div class=\"elementor-column elementor-col-66 elementor-inner-column elementor-element elementor-element-f42cb85\" data-id=\"f42cb85\" data-element_type=\"column\">\n\t\t\t<div class=\"elementor-widget-wrap elementor-element-populated\">\n\t\t\t\t\t\t\t\t<div class=\"elementor-element elementor-element-8256ae1 elementor-widget elementor-widget-heading\" data-id=\"8256ae1\" data-element_type=\"widget\" data-widget_type=\"heading.default\">\n\t\t\t\t<div class=\"elementor-widget-container\">\n\t\t\t<style>\/*! elementor - v3.11.5 - 14-03-2023 *\/\n.elementor-heading-title{padding:0;margin:0;line-height:1}.elementor-widget-heading .elementor-heading-title[class*=elementor-size-]>a{color:inherit;font-size:inherit;line-height:inherit}.elementor-widget-heading .elementor-heading-title.elementor-size-small{font-size:15px}.elementor-widget-heading .elementor-heading-title.elementor-size-medium{font-size:19px}.elementor-widget-heading .elementor-heading-title.elementor-size-large{font-size:29px}.elementor-widget-heading .elementor-heading-title.elementor-size-xl{font-size:39px}.elementor-widget-heading .elementor-heading-title.elementor-size-xxl{font-size:59px}<\/style><h1 class=\"elementor-heading-title elementor-size-default\">Fixa\u00e7\u00e3o de pre\u00e7os<\/h1>\t\t<\/div>\n\t\t\t\t<\/div>\n\t\t\t\t\t<\/div>\n\t\t<\/div>\n\t\t\t\t<div class=\"elementor-column elementor-col-33 elementor-inner-column elementor-element elementor-element-ab6f8cd\" data-id=\"ab6f8cd\" data-element_type=\"column\">\n\t\t\t<div class=\"elementor-widget-wrap\">\n\t\t\t\t\t\t\t\t\t<\/div>\n\t\t<\/div>\n\t\t\t\t\t\t\t<\/div>\n\t\t<\/section>\n\t\t\t\t<section class=\"elementor-section elementor-inner-section elementor-element elementor-element-ca5edea elementor-section-boxed elementor-section-height-default elementor-section-height-default\" data-id=\"ca5edea\" data-element_type=\"section\">\n\t\t\t\t\t\t<div class=\"elementor-container elementor-column-gap-default\">\n\t\t\t\t\t<div class=\"elementor-column elementor-col-66 elementor-inner-column elementor-element elementor-element-823105c\" data-id=\"823105c\" data-element_type=\"column\">\n\t\t\t<div class=\"elementor-widget-wrap\">\n\t\t\t\t\t\t\t\t\t<\/div>\n\t\t<\/div>\n\t\t\t\t<div class=\"elementor-column elementor-col-33 elementor-inner-column elementor-element elementor-element-158d16b\" data-id=\"158d16b\" data-element_type=\"column\" data-settings=\"{&quot;background_background&quot;:&quot;classic&quot;}\">\n\t\t\t<div class=\"elementor-widget-wrap elementor-element-populated\">\n\t\t\t\t\t\t\t\t<div class=\"elementor-element elementor-element-b8e9877 elementor-widget elementor-widget-heading\" data-id=\"b8e9877\" data-element_type=\"widget\" data-widget_type=\"heading.default\">\n\t\t\t\t<div class=\"elementor-widget-container\">\n\t\t\t<h3 class=\"elementor-heading-title elementor-size-default\">ChinaConsign.com<\/h3>\t\t<\/div>\n\t\t\t\t<\/div>\n\t\t\t\t\t<\/div>\n\t\t<\/div>\n\t\t\t\t\t\t\t<\/div>\n\t\t<\/section>\n\t\t\t\t\t<\/div>\n\t\t<\/div>\n\t\t\t\t\t\t\t<\/div>\n\t\t<\/section>\n\t\t\t\t<section class=\"elementor-section elementor-top-section elementor-element elementor-element-68df5b7 elementor-section-boxed elementor-section-height-default elementor-section-height-default\" data-id=\"68df5b7\" data-element_type=\"section\" data-settings=\"{&quot;background_background&quot;:&quot;gradient&quot;}\">\n\t\t\t\t\t\t<div class=\"elementor-container elementor-column-gap-default\">\n\t\t\t\t\t<div class=\"elementor-column elementor-col-100 elementor-top-column elementor-element elementor-element-56ea3bf\" data-id=\"56ea3bf\" data-element_type=\"column\">\n\t\t\t<div class=\"elementor-widget-wrap elementor-element-populated\">\n\t\t\t\t\t\t\t\t<div class=\"elementor-element elementor-element-ed56a4c elementor-widget elementor-widget-shortcode\" data-id=\"ed56a4c\" data-element_type=\"widget\" data-widget_type=\"shortcode.default\">\n\t\t\t\t<div class=\"elementor-widget-container\">\n\t\t\t\t\t<div class=\"elementor-shortcode\">\n<table id=\"tablepress-1\" class=\"tablepress tablepress-id-1\">\n<thead>\n<tr class=\"row-1 odd\">\n\t<th class=\"column-1\">Artigos de servi\u00e7o<\/th><th class=\"column-2\">Pre\u00e7o (USD)<\/th><th class=\"column-3\">Observa\u00e7\u00f5es<\/th><th class=\"column-4\"><\/th>\n<\/tr>\n<\/thead>\n<tbody class=\"row-hover\">\n<tr class=\"row-2 even\">\n\t<td class=\"column-1\"><span style=\"color:#444444;\">Receber o pacote<\/span><\/td><td class=\"column-2\"><span style=\"color:#444444;\">0<\/span><\/td><td class=\"column-3\"><span style=\"color:#444444;\">Para receber o seu pacote<\/span><\/td><td class=\"column-4\"><\/td>\n<\/tr>\n<tr class=\"row-3 odd\">\n\t<td class=\"column-1\"><span style=\"color:#444444;\">Fotos externas do pacote<\/span><\/td><td class=\"column-2\"><span style=\"color:#444444;\">0<\/span><\/td><td class=\"column-3\"><span style=\"color:#444444;\"><\/span><\/td><td class=\"column-4\"><\/td>\n<\/tr>\n<tr class=\"row-4 even\">\n\t<td class=\"column-1\"><span style=\"color:#444444;\">Fotos do conte\u00fado da embalagem<\/span><\/td><td rowspan=\"2\" class=\"column-2\"><span style=\"color:#444444;\">2<\/span><\/td><td class=\"column-3\"><span style=\"color:#444444;\"><\/span><\/td><td class=\"column-4\"><\/td>\n<\/tr>\n<tr class=\"row-5 odd\">\n\t<td class=\"column-1\"><span style=\"color:#444444;\">Verifica\u00e7\u00e3o do conte\u00fado da embalagem<\/span><\/td><td class=\"column-3\"><span style=\"color:#444444;\">Verificar a integridade do conte\u00fado dentro da embalagem.<\/span><\/td><td class=\"column-4\"><\/td>\n<\/tr>\n<tr class=\"row-6 even\">\n\t<td class=\"column-1\"><span style=\"color:#444444;\">Consolida\u00e7\u00e3o de pacotes<\/span><\/td><td class=\"column-2\"><span style=\"color:#444444;\">0<\/span><\/td><td class=\"column-3\"><span style=\"color:#444444;\">A consolida\u00e7\u00e3o de v\u00e1rias encomendas ou pacotes poupa-lhe custos de envio<\/span><\/td><td class=\"column-4\"><\/td>\n<\/tr>\n<tr class=\"row-7 odd\">\n\t<td class=\"column-1\"><span style=\"color:#444444;\">Notifica\u00e7\u00f5es<\/span><\/td><td class=\"column-2\"><span style=\"color:#444444;\">0<\/span><\/td><td class=\"column-3\"><span style=\"color:#444444;\">Email<\/span><\/td><td class=\"column-4\"><\/td>\n<\/tr>\n<tr class=\"row-8 even\">\n\t<td class=\"column-1\"><span style=\"color:#444444;\">Devolu\u00e7\u00e3o da embalagem<\/span><\/td><td class=\"column-2\"><span style=\"color:#444444;\">4<\/span><\/td><td class=\"column-3\"><span style=\"color:#444444;\">Devolver a embalagem ao vendedor<\/span><\/td><td class=\"column-4\"><\/td>\n<\/tr>\n<tr class=\"row-9 odd\">\n\t<td class=\"column-1\"><span style=\"color:#444444;\">Retirada da embalagem<\/span><\/td><td class=\"column-2\"><span style=\"color:#444444;\">1<\/span><\/td><td class=\"column-3\"><span style=\"color:#444444;\">Deitar fora o pacote ou do\u00e1-lo a uma institui\u00e7\u00e3o de caridade<\/span><\/td><td class=\"column-4\"><\/td>\n<\/tr>\n<tr class=\"row-10 even\">\n\t<td class=\"column-1\"><span style=\"color:#444444;\">Etiqueta base<\/span><\/td><td class=\"column-2\"><span style=\"color:#444444;\">0<\/span><\/td><td class=\"column-3\"><span style=\"color:#444444;\">Etiqueta necess\u00e1ria<\/span><\/td><td class=\"column-4\"><\/td>\n<\/tr>\n<tr class=\"row-11 odd\">\n\t<td class=\"column-1\"><span style=\"color:#444444;\">Etiqueta especial<\/span><\/td><td class=\"column-2\"><span style=\"color:#444444;\">1<\/span><\/td><td class=\"column-3\"><span style=\"color:#444444;\">Para requisitos personalizados<\/span><\/td><td class=\"column-4\"><\/td>\n<\/tr>\n<tr class=\"row-12 even\">\n\t<td class=\"column-1\"><span style=\"color:#444444;\">Reembalar<\/span><\/td><td class=\"column-2\"><span style=\"color:#444444;\">2 + custo do material<\/span><\/td><td class=\"column-3\"><span style=\"color:#444444;\">Reembale o seu pacote<\/span><\/td><td class=\"column-4\"><\/td>\n<\/tr>\n<tr class=\"row-13 odd\">\n\t<td class=\"column-1\"><span style=\"color:#444444;\">Remover conte\u00fados desnecess\u00e1rios<\/span><\/td><td class=\"column-2\"><span style=\"color:#444444;\">1<\/span><\/td><td class=\"column-3\"><span style=\"color:#444444;\">Remover materiais in\u00fateis como revistas e panfletos<\/span><\/td><td class=\"column-4\"><\/td>\n<\/tr>\n<tr class=\"row-14 even\">\n\t<td class=\"column-1\"><span style=\"color:#444444;\">Pacote dividido<\/span><\/td><td class=\"column-2\"><span style=\"color:#444444;\">2<\/span><\/td><td class=\"column-3\"><span style=\"color:#444444;\">Dividir em m\u00faltiplos pacotes<\/span><\/td><td class=\"column-4\"><\/td>\n<\/tr>\n<tr class=\"row-15 odd\">\n\t<td class=\"column-1\"><span style=\"color:#444444;\">Armazenamento padr\u00e3o<\/span><\/td><td class=\"column-2\"><span style=\"color:#444444;\">0<\/span><\/td><td class=\"column-3\"><span style=\"color:#444444;\">60 Dias<\/span><\/td><td class=\"column-4\"><\/td>\n<\/tr>\n<tr class=\"row-16 even\">\n\t<td class=\"column-1\"><span style=\"color:#444444;\">Armazenamento adicional<\/span><\/td><td class=\"column-2\"><span style=\"color:#444444;\">1 USD \/ 1 CBM (35 cubic ft) \/ Dia <\/span><\/td><td class=\"column-3\"><span style=\"color:#444444;\">Ap\u00f3s 60 dias<\/span><\/td><td class=\"column-4\"><\/td>\n<\/tr>\n<tr class=\"row-17 odd\">\n\t<td class=\"column-1\"><span style=\"color:#444444;\">Pesquisar e comprar<\/span><\/td><td class=\"column-2\"><span style=\"color:#444444;\">$8 + 5%<\/span><\/td><td class=\"column-3\"><span style=\"color:#444444;\"><\/span><\/td><td class=\"column-4\"><\/td>\n<\/tr>\n<tr class=\"row-18 even\">\n\t<td class=\"column-1\"><span style=\"color:#444444;\">Taxa de envio<\/span><\/td><td class=\"column-2\"><span style=\"color:#444444;\">Contacte-nos<\/span><\/td><td class=\"column-3\"><span style=\"color:#444444;\">Pre\u00e7os muito competitivos com descontos para grupos.<\/span><\/td><td class=\"column-4\"><\/td>\n<\/tr>\n<tr class=\"row-19 odd\">\n\t<td class=\"column-1\"><span style=\"color:#444444;\">Direitos aduaneiros<\/span><\/td><td class=\"column-2\"><span style=\"color:#444444;\">De acordo com o seu pa\u00eds<\/span><\/td><td class=\"column-3\"><span style=\"color:#999999;\"><\/span><\/td><td class=\"column-4\"><\/td>\n<\/tr>\n<tr class=\"row-20 even\">\n\t<td class=\"column-1\"><span style=\"color:#444444;\">Requisitos especiais<\/span><\/td><td class=\"column-2\"><span style=\"color:#444444;\">Contacte-nos<\/span><\/td><td class=\"column-3\"><span style=\"color:#444444;\"><\/span><\/td><td class=\"column-4\"><\/td>\n<\/tr>\n<\/tbody>\n<\/table>\n<\/div>\n\t\t\t\t<\/div>\n\t\t\t\t<\/div>\n\t\t\t\t\t<\/div>\n\t\t<\/div>\n\t\t\t\t\t\t\t<\/div>\n\t\t<\/section>\n\t\t\t\t<section class=\"elementor-section elementor-top-section elementor-element elementor-element-f01871f elementor-section-content-middle elementor-section-boxed elementor-section-height-default elementor-section-height-default\" data-id=\"f01871f\" data-element_type=\"section\" data-settings=\"{&quot;background_background&quot;:&quot;classic&quot;}\">\n\t\t\t\t\t\t\t<div class=\"elementor-background-overlay\"><\/div>\n\t\t\t\t\t\t\t<div class=\"elementor-container elementor-column-gap-no\">\n\t\t\t\t\t<div class=\"elementor-column elementor-col-66 elementor-top-column elementor-element elementor-element-4ae5b88\" data-id=\"4ae5b88\" data-element_type=\"column\">\n\t\t\t<div class=\"elementor-widget-wrap elementor-element-populated\">\n\t\t\t\t\t\t\t\t<div class=\"elementor-element elementor-element-ea8daca elementor-widget elementor-widget-heading\" data-id=\"ea8daca\" data-element_type=\"widget\" data-widget_type=\"heading.default\">\n\t\t\t\t<div class=\"elementor-widget-container\">\n\t\t\t<h2 class=\"elementor-heading-title elementor-size-default\">A sua solu\u00e7\u00e3o one-stop para o transporte e aprovisionamento transfronteiri\u00e7os com uma boa rela\u00e7\u00e3o custo-efic\u00e1cia<\/h2>\t\t<\/div>\n\t\t\t\t<\/div>\n\t\t\t\t<div class=\"elementor-element elementor-element-45e93bc elementor-widget elementor-widget-text-editor\" data-id=\"45e93bc\" data-element_type=\"widget\" data-widget_type=\"text-editor.default\">\n\t\t\t\t<div class=\"elementor-widget-container\">\n\t\t\t<style>\/*! elementor - v3.11.5 - 14-03-2023 *\/\n.elementor-widget-text-editor.elementor-drop-cap-view-stacked .elementor-drop-cap{background-color:#818a91;color:#fff}.elementor-widget-text-editor.elementor-drop-cap-view-framed .elementor-drop-cap{color:#818a91;border:3px solid;background-color:transparent}.elementor-widget-text-editor:not(.elementor-drop-cap-view-default) .elementor-drop-cap{margin-top:8px}.elementor-widget-text-editor:not(.elementor-drop-cap-view-default) .elementor-drop-cap-letter{width:1em;height:1em}.elementor-widget-text-editor .elementor-drop-cap{float:left;text-align:center;line-height:1;font-size:50px}.elementor-widget-text-editor .elementor-drop-cap-letter{display:inline-block}<\/style>\t\t\t\t<p>No China Consign, oferecemos mais do que apenas consolida\u00e7\u00e3o de encomendas e servi\u00e7os log\u00edsticos. Tamb\u00e9m prestamos assist\u00eancia especializada em aquisi\u00e7\u00f5es para clientes que procuram comprar bens de qualidade directamente da China a um custo inferior em compara\u00e7\u00e3o com outros pa\u00edses. As nossas parcerias com empresas de correio internacionais como a UPS, FedEx, DHL, e Aramex garantem solu\u00e7\u00f5es de envio r\u00e1pidas e fi\u00e1veis. A nossa equipa experiente dedica-se a fornecer um excelente servi\u00e7o ao cliente. Deixe-nos ajud\u00e1-lo a poupar dinheiro e alcan\u00e7ar os seus objectivos comerciais com os nossos servi\u00e7os abrangentes.<\/p>\t\t\t\t\t\t<\/div>\n\t\t\t\t<\/div>\n\t\t\t\t<div class=\"elementor-element elementor-element-c6a212d elementor-align-left elementor-widget elementor-widget-button\" data-id=\"c6a212d\" data-element_type=\"widget\" data-widget_type=\"button.default\">\n\t\t\t\t<div class=\"elementor-widget-container\">\n\t\t\t\t\t<div class=\"elementor-button-wrapper\">\n\t\t\t<a href=\"https:\/\/www.chinaconsign.com\/pt\/contact\/\" class=\"elementor-button-link elementor-button elementor-size-md\" role=\"button\">\n\t\t\t\t\t\t<span class=\"elementor-button-content-wrapper\">\n\t\t\t\t\t\t<span class=\"elementor-button-text\">Obtenha uma Estimativa Gr\u00e1tis<\/span>\n\t\t<\/span>\n\t\t\t\t\t<\/a>\n\t\t<\/div>\n\t\t\t\t<\/div>\n\t\t\t\t<\/div>\n\t\t\t\t\t<\/div>\n\t\t<\/div>\n\t\t\t\t<div class=\"elementor-column elementor-col-33 elementor-top-column elementor-element elementor-element-8161240\" data-id=\"8161240\" data-element_type=\"column\">\n\t\t\t<div class=\"elementor-widget-wrap\">\n\t\t\t\t\t\t\t\t\t<\/div>\n\t\t<\/div>\n\t\t\t\t\t\t\t<\/div>\n\t\t<\/section>\n\t\t\t\t\t\t\t<\/div>","protected":false},"excerpt":{"rendered":"<p>Pre\u00e7os ChinaConsign.com A sua solu\u00e7\u00e3o \u00fanica para transporte e aquisi\u00e7\u00e3o transfronteiri\u00e7os rent\u00e1veis Na China Consign, oferecemos mais do que apenas servi\u00e7os de consolida\u00e7\u00e3o de encomendas e log\u00edstica. Tamb\u00e9m fornecemos assist\u00eancia especializada em aquisi\u00e7\u00f5es para clientes que procuram comprar bens de qualidade directamente da China a um custo mais baixo em compara\u00e7\u00e3o com outros pa\u00edses. As nossas parcerias com empresas de correio internacional, tais como ...<\/p>\n<p class=\"read-more\"> <a class=\"\" href=\"https:\/\/www.chinaconsign.com\/pt\/pricing\/\"> <span class=\"screen-reader-text\">Fixa\u00e7\u00e3o de pre\u00e7os<\/span> Ler mais \"<\/a><\/p>","protected":false},"author":1,"featured_media":0,"parent":0,"menu_order":0,"comment_status":"closed","ping_status":"closed","template":"","meta":{"site-sidebar-layout":"default","site-content-layout":"page-builder","ast-global-header-display":"","ast-main-header-display":"","ast-hfb-above-header-display":"","ast-hfb-below-header-display":"","ast-hfb-mobile-header-display":"","site-post-title":"disabled","ast-breadcrumbs-content":"","ast-featured-img":"disabled","footer-sml-layout":"","theme-transparent-header-meta":"enabled","adv-header-id-meta":"","stick-header-meta":"","header-above-stick-meta":"","header-main-stick-meta":"","header-below-stick-meta":"","footnotes":""},"class_list":["post-1206","page","type-page","status-publish","hentry"],"aioseo_notices":[],"_links":{"self":[{"href":"https:\/\/www.chinaconsign.com\/pt\/wp-json\/wp\/v2\/pages\/1206","targetHints":{"allow":["GET"]}}],"collection":[{"href":"https:\/\/www.chinaconsign.com\/pt\/wp-json\/wp\/v2\/pages"}],"about":[{"href":"https:\/\/www.chinaconsign.com\/pt\/wp-json\/wp\/v2\/types\/page"}],"author":[{"embeddable":true,"href":"https:\/\/www.chinaconsign.com\/pt\/wp-json\/wp\/v2\/users\/1"}],"replies":[{"embeddable":true,"href":"https:\/\/www.chinaconsign.com\/pt\/wp-json\/wp\/v2\/comments?post=1206"}],"version-history":[{"count":0,"href":"https:\/\/www.chinaconsign.com\/pt\/wp-json\/wp\/v2\/pages\/1206\/revisions"}],"wp:attachment":[{"href":"https:\/\/www.chinaconsign.com\/pt\/wp-json\/wp\/v2\/media?parent=1206"}],"curies":[{"name":"wp","href":"https:\/\/api.w.org\/{rel}","templated":true}]}}