{"id":1163,"date":"2023-04-01T20:33:13","date_gmt":"2023-04-01T12:33:13","guid":{"rendered":"http:\/\/www.chinaconsign.com\/?page_id=1163"},"modified":"2023-04-01T22:40:25","modified_gmt":"2023-04-01T14:40:25","slug":"terms-and-conditions","status":"publish","type":"page","link":"https:\/\/www.chinaconsign.com\/pt\/terms-and-conditions\/","title":{"rendered":"Termos e Condi\u00e7\u00f5es"},"content":{"rendered":"<div data-elementor-type=\"wp-post\" data-elementor-id=\"1163\" class=\"elementor elementor-1163\">\n\t\t\t\t\t\t\t\t\t<section class=\"elementor-section elementor-top-section elementor-element elementor-element-038c3cd elementor-section-boxed elementor-section-height-default elementor-section-height-default\" data-id=\"038c3cd\" data-element_type=\"section\" data-settings=\"{&quot;background_background&quot;:&quot;classic&quot;}\">\n\t\t\t\t\t\t\t<div class=\"elementor-background-overlay\"><\/div>\n\t\t\t\t\t\t\t<div class=\"elementor-container elementor-column-gap-default\">\n\t\t\t\t\t<div class=\"elementor-column elementor-col-100 elementor-top-column elementor-element elementor-element-e29a645\" data-id=\"e29a645\" data-element_type=\"column\">\n\t\t\t<div class=\"elementor-widget-wrap elementor-element-populated\">\n\t\t\t\t\t\t\t\t<section class=\"elementor-section elementor-inner-section elementor-element elementor-element-6642950 elementor-section-boxed elementor-section-height-default elementor-section-height-default\" data-id=\"6642950\" data-element_type=\"section\">\n\t\t\t\t\t\t<div class=\"elementor-container elementor-column-gap-default\">\n\t\t\t\t\t<div class=\"elementor-column elementor-col-66 elementor-inner-column elementor-element elementor-element-918ba22\" data-id=\"918ba22\" data-element_type=\"column\">\n\t\t\t<div class=\"elementor-widget-wrap elementor-element-populated\">\n\t\t\t\t\t\t\t\t<div class=\"elementor-element elementor-element-ba88f9f elementor-widget elementor-widget-heading\" data-id=\"ba88f9f\" data-element_type=\"widget\" data-widget_type=\"heading.default\">\n\t\t\t\t<div class=\"elementor-widget-container\">\n\t\t\t<style>\/*! elementor - v3.11.5 - 14-03-2023 *\/\n.elementor-heading-title{padding:0;margin:0;line-height:1}.elementor-widget-heading .elementor-heading-title[class*=elementor-size-]>a{color:inherit;font-size:inherit;line-height:inherit}.elementor-widget-heading .elementor-heading-title.elementor-size-small{font-size:15px}.elementor-widget-heading .elementor-heading-title.elementor-size-medium{font-size:19px}.elementor-widget-heading .elementor-heading-title.elementor-size-large{font-size:29px}.elementor-widget-heading .elementor-heading-title.elementor-size-xl{font-size:39px}.elementor-widget-heading .elementor-heading-title.elementor-size-xxl{font-size:59px}<\/style><h1 class=\"elementor-heading-title elementor-size-default\">Termos e Condi\u00e7\u00f5es<\/h1>\t\t<\/div>\n\t\t\t\t<\/div>\n\t\t\t\t\t<\/div>\n\t\t<\/div>\n\t\t\t\t<div class=\"elementor-column elementor-col-33 elementor-inner-column elementor-element elementor-element-bd71ae1\" data-id=\"bd71ae1\" data-element_type=\"column\">\n\t\t\t<div class=\"elementor-widget-wrap\">\n\t\t\t\t\t\t\t\t\t<\/div>\n\t\t<\/div>\n\t\t\t\t\t\t\t<\/div>\n\t\t<\/section>\n\t\t\t\t<section class=\"elementor-section elementor-inner-section elementor-element elementor-element-ae9d9e6 elementor-section-boxed elementor-section-height-default elementor-section-height-default\" data-id=\"ae9d9e6\" data-element_type=\"section\">\n\t\t\t\t\t\t<div class=\"elementor-container elementor-column-gap-default\">\n\t\t\t\t\t<div class=\"elementor-column elementor-col-66 elementor-inner-column elementor-element elementor-element-5a86889\" data-id=\"5a86889\" data-element_type=\"column\">\n\t\t\t<div class=\"elementor-widget-wrap\">\n\t\t\t\t\t\t\t\t\t<\/div>\n\t\t<\/div>\n\t\t\t\t<div class=\"elementor-column elementor-col-33 elementor-inner-column elementor-element elementor-element-f2daa40\" data-id=\"f2daa40\" data-element_type=\"column\" data-settings=\"{&quot;background_background&quot;:&quot;classic&quot;}\">\n\t\t\t<div class=\"elementor-widget-wrap elementor-element-populated\">\n\t\t\t\t\t\t\t\t<div class=\"elementor-element elementor-element-1b8dee2 elementor-widget elementor-widget-heading\" data-id=\"1b8dee2\" data-element_type=\"widget\" data-widget_type=\"heading.default\">\n\t\t\t\t<div class=\"elementor-widget-container\">\n\t\t\t<h3 class=\"elementor-heading-title elementor-size-default\">ChinaConsign.com<\/h3>\t\t<\/div>\n\t\t\t\t<\/div>\n\t\t\t\t\t<\/div>\n\t\t<\/div>\n\t\t\t\t\t\t\t<\/div>\n\t\t<\/section>\n\t\t\t\t\t<\/div>\n\t\t<\/div>\n\t\t\t\t\t\t\t<\/div>\n\t\t<\/section>\n\t\t\t\t<section class=\"elementor-section elementor-top-section elementor-element elementor-element-60e6fcf elementor-reverse-mobile elementor-section-boxed elementor-section-height-default elementor-section-height-default\" data-id=\"60e6fcf\" data-element_type=\"section\">\n\t\t\t\t\t\t<div class=\"elementor-container elementor-column-gap-default\">\n\t\t\t\t\t<div class=\"elementor-column elementor-col-100 elementor-top-column elementor-element elementor-element-06a52cb\" data-id=\"06a52cb\" data-element_type=\"column\">\n\t\t\t<div class=\"elementor-widget-wrap\">\n\t\t\t\t\t\t\t\t\t<\/div>\n\t\t<\/div>\n\t\t\t\t\t\t\t<\/div>\n\t\t<\/section>\n\t\t\t\t<section class=\"elementor-section elementor-top-section elementor-element elementor-element-7aaa19c elementor-section-boxed elementor-section-height-default elementor-section-height-default\" data-id=\"7aaa19c\" data-element_type=\"section\">\n\t\t\t\t\t\t<div class=\"elementor-container elementor-column-gap-default\">\n\t\t\t\t\t<div class=\"elementor-column elementor-col-100 elementor-top-column elementor-element elementor-element-93ad6fb\" data-id=\"93ad6fb\" data-element_type=\"column\">\n\t\t\t<div class=\"elementor-widget-wrap elementor-element-populated\">\n\t\t\t\t\t\t\t\t<div class=\"elementor-element elementor-element-2771e32 elementor-widget elementor-widget-text-editor\" data-id=\"2771e32\" data-element_type=\"widget\" data-widget_type=\"text-editor.default\">\n\t\t\t\t<div class=\"elementor-widget-container\">\n\t\t\t<style>\/*! elementor - v3.11.5 - 14-03-2023 *\/\n.elementor-widget-text-editor.elementor-drop-cap-view-stacked .elementor-drop-cap{background-color:#818a91;color:#fff}.elementor-widget-text-editor.elementor-drop-cap-view-framed .elementor-drop-cap{color:#818a91;border:3px solid;background-color:transparent}.elementor-widget-text-editor:not(.elementor-drop-cap-view-default) .elementor-drop-cap{margin-top:8px}.elementor-widget-text-editor:not(.elementor-drop-cap-view-default) .elementor-drop-cap-letter{width:1em;height:1em}.elementor-widget-text-editor .elementor-drop-cap{float:left;text-align:center;line-height:1;font-size:50px}.elementor-widget-text-editor .elementor-drop-cap-letter{display:inline-block}<\/style>\t\t\t\t<p>Obrigado por me fornecerem informa\u00e7\u00f5es detalhadas sobre a vossa empresa e servi\u00e7os. Com base nas informa\u00e7\u00f5es que forneceu, redigi os seguintes Termos e Condi\u00e7\u00f5es para a sua considera\u00e7\u00e3o:<\/p>\n<p>TERMOS &amp; CONDI\u00c7\u00d5ES<\/p>\n<p>Bem-vindo ao nosso s\u00edtio web. Ao aceder e utilizar o nosso website e os nossos servi\u00e7os, concorda em cumprir estes termos e condi\u00e7\u00f5es (\"Termos\"). Se n\u00e3o concordar com estes Termos, por favor n\u00e3o utilize o nosso s\u00edtio web ou servi\u00e7os. Estes Termos podem ser actualizados de tempos a tempos sem aviso pr\u00e9vio. A \u00faltima vers\u00e3o dos Termos ser\u00e1 publicada no nosso website.<\/p>\n<p>Os nossos servi\u00e7os <br>1.1 Oferecemos uma gama de log\u00edstica e servi\u00e7os relacionados para ajudar os clientes a enviar mercadorias da China para destinos em todo o mundo. Os nossos servi\u00e7os incluem mas n\u00e3o est\u00e3o limitados a:<br>Encaminhamento de cargas: fornecemos tarifas de frete competitivas atrav\u00e9s das nossas parcerias com transportadoras de classe mundial.<br>Servi\u00e7o de endere\u00e7os na China: ajudamos os clientes na compra de mercadorias de sites de com\u00e9rcio electr\u00f3nico chineses ou de empresas locais e entregamo-las no nosso armaz\u00e9m para consolida\u00e7\u00e3o e expedi\u00e7\u00e3o.<br>Armazenamento: fornecemos solu\u00e7\u00f5es de armazenamento para os bens dos clientes.<br>Sourcing: ajudamos os clientes a encontrar produtos e fornecedores que correspondam \u00e0s suas necessidades com base nas suas necessidades.<br>1.2 Os nossos pre\u00e7os est\u00e3o sujeitos a altera\u00e7\u00f5es sem aviso pr\u00e9vio. Os pre\u00e7os indicados no nosso website s\u00e3o apenas para refer\u00eancia. Por favor contacte-nos directamente para obter as informa\u00e7\u00f5es de pre\u00e7os mais actualizadas.<\/p>\n<p>Pagamento<br>2.1 Aceitamos o pagamento atrav\u00e9s de v\u00e1rios m\u00e9todos. No entanto, alguns m\u00e9todos de pagamento podem n\u00e3o estar dispon\u00edveis em certos pa\u00edses ou regi\u00f5es. Por favor contacte-nos para mais informa\u00e7\u00f5es.<\/p>\n<p>Transporte e seguros<br>3.1 Enquanto trabalhamos com transportadores fi\u00e1veis, n\u00e3o garantimos a entrega segura de mercadorias durante o tr\u00e2nsito. Os clientes s\u00e3o respons\u00e1veis pela compra de seguros para proteger as suas mercadorias durante o tr\u00e2nsito.<br>3.2 N\u00e3o assumimos qualquer responsabilidade por perdas ou danos causados por eventos fora do nosso controlo, tais como cat\u00e1strofes naturais, guerras, ou disputas laborais.<\/p>\n<p>Armazenamento e responsabilidade civil<br>4.1 N\u00e3o somos respons\u00e1veis por qualquer perda ou dano aos bens armazenados no nosso armaz\u00e9m, incluindo mas n\u00e3o se limitando a qualquer perda ou dano causado por fogo, \u00e1gua, roubo, ou outros eventos imprevis\u00edveis.<br>4.2 Os clientes s\u00e3o respons\u00e1veis por segurar os seus bens contra qualquer perda ou dano potencial.<\/p>\n<p>Mudan\u00e7as nos Servi\u00e7os<br>5.1 Podemos alterar o \u00e2mbito dos nossos servi\u00e7os em qualquer altura sem aviso pr\u00e9vio.<br>5.2 Reservamo-nos o direito de recusar o servi\u00e7o a qualquer cliente \u00e0 nossa discri\u00e7\u00e3o.<\/p>\n<p>Cumprimento de Leis e Regulamentos<br>6.1 Os clientes s\u00e3o respons\u00e1veis pelo cumprimento de todas as leis, regulamentos, e regras de transporte aplic\u00e1veis relacionadas com a importa\u00e7\u00e3o e exporta\u00e7\u00e3o de bens. N\u00e3o somos respons\u00e1veis por quaisquer consequ\u00eancias legais ou regulamentares resultantes do n\u00e3o cumprimento de tais leis e regulamentos por parte dos clientes.<\/p>\n<p>Miscel\u00e2nea<br>7.1 Estes Termos devem ser regidos e interpretados de acordo com as leis da China, sem dar efeito \u00e0s suas disposi\u00e7\u00f5es de conflito de leis.<br>7.2 Quaisquer lit\u00edgios decorrentes ou relacionados com estes Termos ou com a utiliza\u00e7\u00e3o do nosso website ou servi\u00e7os ser\u00e3o resolvidos atrav\u00e9s de arbitragem, de acordo com as leis da China.<br>7.3 O nosso incumprimento de qualquer disposi\u00e7\u00e3o destes Termos n\u00e3o ser\u00e1 considerado como uma ren\u00fancia a tal disposi\u00e7\u00e3o ou quaisquer outras disposi\u00e7\u00f5es aqui contidas.<br>7.4 Estes Termos representam a totalidade do acordo entre o cliente e n\u00f3s e substituem todos os acordos e entendimentos anteriores.<\/p>\n<p>Se tiver quaisquer perguntas ou preocupa\u00e7\u00f5es sobre estes Termos, por favor contacte-nos em [services@chinaconsign.com].<\/p>\t\t\t\t\t\t<\/div>\n\t\t\t\t<\/div>\n\t\t\t\t\t<\/div>\n\t\t<\/div>\n\t\t\t\t\t\t\t<\/div>\n\t\t<\/section>\n\t\t\t\t\t\t\t<\/div>","protected":false},"excerpt":{"rendered":"<p>Termos e Condi\u00e7\u00f5es ChinaConsign.com Obrigado por me fornecer informa\u00e7\u00f5es detalhadas sobre a sua empresa e servi\u00e7os. Com base nas informa\u00e7\u00f5es que me forneceu, redigi os seguintes Termos e Condi\u00e7\u00f5es para sua considera\u00e7\u00e3o: TERMOS E CONDI\u00c7\u00d5ES Bem-vindo ao nosso s\u00edtio Web. Ao aceder e utilizar o nosso s\u00edtio Web e os nossos servi\u00e7os, o utilizador concorda em cumprir ...<\/p>\n<p class=\"read-more\"> <a class=\"\" href=\"https:\/\/www.chinaconsign.com\/pt\/terms-and-conditions\/\"> <span class=\"screen-reader-text\">Termos e Condi\u00e7\u00f5es<\/span> Ler mais \"<\/a><\/p>","protected":false},"author":1,"featured_media":0,"parent":0,"menu_order":0,"comment_status":"closed","ping_status":"closed","template":"","meta":{"site-sidebar-layout":"default","site-content-layout":"page-builder","ast-global-header-display":"","ast-main-header-display":"","ast-hfb-above-header-display":"","ast-hfb-below-header-display":"","ast-hfb-mobile-header-display":"","site-post-title":"disabled","ast-breadcrumbs-content":"","ast-featured-img":"disabled","footer-sml-layout":"","theme-transparent-header-meta":"enabled","adv-header-id-meta":"","stick-header-meta":"","header-above-stick-meta":"","header-main-stick-meta":"","header-below-stick-meta":"","footnotes":""},"class_list":["post-1163","page","type-page","status-publish","hentry"],"aioseo_notices":[],"_links":{"self":[{"href":"https:\/\/www.chinaconsign.com\/pt\/wp-json\/wp\/v2\/pages\/1163","targetHints":{"allow":["GET"]}}],"collection":[{"href":"https:\/\/www.chinaconsign.com\/pt\/wp-json\/wp\/v2\/pages"}],"about":[{"href":"https:\/\/www.chinaconsign.com\/pt\/wp-json\/wp\/v2\/types\/page"}],"author":[{"embeddable":true,"href":"https:\/\/www.chinaconsign.com\/pt\/wp-json\/wp\/v2\/users\/1"}],"replies":[{"embeddable":true,"href":"https:\/\/www.chinaconsign.com\/pt\/wp-json\/wp\/v2\/comments?post=1163"}],"version-history":[{"count":0,"href":"https:\/\/www.chinaconsign.com\/pt\/wp-json\/wp\/v2\/pages\/1163\/revisions"}],"wp:attachment":[{"href":"https:\/\/www.chinaconsign.com\/pt\/wp-json\/wp\/v2\/media?parent=1163"}],"curies":[{"name":"wp","href":"https:\/\/api.w.org\/{rel}","templated":true}]}}