{"id":1156,"date":"2023-04-01T20:15:46","date_gmt":"2023-04-01T12:15:46","guid":{"rendered":"http:\/\/www.chinaconsign.com\/?page_id=1156"},"modified":"2023-04-04T09:11:52","modified_gmt":"2023-04-04T01:11:52","slug":"sitemap","status":"publish","type":"page","link":"https:\/\/www.chinaconsign.com\/pt\/sitemap\/","title":{"rendered":"Mapa do s\u00edtio"},"content":{"rendered":"<div data-elementor-type=\"wp-post\" data-elementor-id=\"1156\" class=\"elementor elementor-1156\">\n\t\t\t\t\t\t\t\t\t<section class=\"elementor-section elementor-top-section elementor-element elementor-element-038c3cd elementor-section-boxed elementor-section-height-default elementor-section-height-default\" data-id=\"038c3cd\" data-element_type=\"section\" data-settings=\"{&quot;background_background&quot;:&quot;classic&quot;}\">\n\t\t\t\t\t\t\t<div class=\"elementor-background-overlay\"><\/div>\n\t\t\t\t\t\t\t<div class=\"elementor-container elementor-column-gap-default\">\n\t\t\t\t\t<div class=\"elementor-column elementor-col-100 elementor-top-column elementor-element elementor-element-e29a645\" data-id=\"e29a645\" data-element_type=\"column\">\n\t\t\t<div class=\"elementor-widget-wrap elementor-element-populated\">\n\t\t\t\t\t\t\t\t<section class=\"elementor-section elementor-inner-section elementor-element elementor-element-6642950 elementor-section-boxed elementor-section-height-default elementor-section-height-default\" data-id=\"6642950\" data-element_type=\"section\">\n\t\t\t\t\t\t<div class=\"elementor-container elementor-column-gap-default\">\n\t\t\t\t\t<div class=\"elementor-column elementor-col-66 elementor-inner-column elementor-element elementor-element-918ba22\" data-id=\"918ba22\" data-element_type=\"column\">\n\t\t\t<div class=\"elementor-widget-wrap elementor-element-populated\">\n\t\t\t\t\t\t\t\t<div class=\"elementor-element elementor-element-ba88f9f elementor-widget elementor-widget-heading\" data-id=\"ba88f9f\" data-element_type=\"widget\" data-widget_type=\"heading.default\">\n\t\t\t\t<div class=\"elementor-widget-container\">\n\t\t\t<style>\/*! elementor - v3.11.5 - 14-03-2023 *\/\n.elementor-heading-title{padding:0;margin:0;line-height:1}.elementor-widget-heading .elementor-heading-title[class*=elementor-size-]>a{color:inherit;font-size:inherit;line-height:inherit}.elementor-widget-heading .elementor-heading-title.elementor-size-small{font-size:15px}.elementor-widget-heading .elementor-heading-title.elementor-size-medium{font-size:19px}.elementor-widget-heading .elementor-heading-title.elementor-size-large{font-size:29px}.elementor-widget-heading .elementor-heading-title.elementor-size-xl{font-size:39px}.elementor-widget-heading .elementor-heading-title.elementor-size-xxl{font-size:59px}<\/style><h1 class=\"elementor-heading-title elementor-size-default\">Mapa do s\u00edtio<\/h1>\t\t<\/div>\n\t\t\t\t<\/div>\n\t\t\t\t\t<\/div>\n\t\t<\/div>\n\t\t\t\t<div class=\"elementor-column elementor-col-33 elementor-inner-column elementor-element elementor-element-bd71ae1\" data-id=\"bd71ae1\" data-element_type=\"column\">\n\t\t\t<div class=\"elementor-widget-wrap\">\n\t\t\t\t\t\t\t\t\t<\/div>\n\t\t<\/div>\n\t\t\t\t\t\t\t<\/div>\n\t\t<\/section>\n\t\t\t\t<section class=\"elementor-section elementor-inner-section elementor-element elementor-element-ae9d9e6 elementor-section-boxed elementor-section-height-default elementor-section-height-default\" data-id=\"ae9d9e6\" data-element_type=\"section\">\n\t\t\t\t\t\t<div class=\"elementor-container elementor-column-gap-default\">\n\t\t\t\t\t<div class=\"elementor-column elementor-col-66 elementor-inner-column elementor-element elementor-element-5a86889\" data-id=\"5a86889\" data-element_type=\"column\">\n\t\t\t<div class=\"elementor-widget-wrap\">\n\t\t\t\t\t\t\t\t\t<\/div>\n\t\t<\/div>\n\t\t\t\t<div class=\"elementor-column elementor-col-33 elementor-inner-column elementor-element elementor-element-f2daa40\" data-id=\"f2daa40\" data-element_type=\"column\" data-settings=\"{&quot;background_background&quot;:&quot;classic&quot;}\">\n\t\t\t<div class=\"elementor-widget-wrap elementor-element-populated\">\n\t\t\t\t\t\t\t\t<div class=\"elementor-element elementor-element-1b8dee2 elementor-widget elementor-widget-heading\" data-id=\"1b8dee2\" data-element_type=\"widget\" data-widget_type=\"heading.default\">\n\t\t\t\t<div class=\"elementor-widget-container\">\n\t\t\t<h3 class=\"elementor-heading-title elementor-size-default\">ChinaConsign.com<\/h3>\t\t<\/div>\n\t\t\t\t<\/div>\n\t\t\t\t\t<\/div>\n\t\t<\/div>\n\t\t\t\t\t\t\t<\/div>\n\t\t<\/section>\n\t\t\t\t\t<\/div>\n\t\t<\/div>\n\t\t\t\t\t\t\t<\/div>\n\t\t<\/section>\n\t\t\t\t<section class=\"elementor-section elementor-top-section elementor-element elementor-element-60e6fcf elementor-reverse-mobile elementor-section-boxed elementor-section-height-default elementor-section-height-default\" data-id=\"60e6fcf\" data-element_type=\"section\">\n\t\t\t\t\t\t<div class=\"elementor-container elementor-column-gap-default\">\n\t\t\t\t\t<div class=\"elementor-column elementor-col-100 elementor-top-column elementor-element elementor-element-0f23987\" data-id=\"0f23987\" data-element_type=\"column\">\n\t\t\t<div class=\"elementor-widget-wrap elementor-element-populated\">\n\t\t\t\t\t\t\t\t<div class=\"elementor-element elementor-element-4b7560e elementor-widget elementor-widget-heading\" data-id=\"4b7560e\" data-element_type=\"widget\" data-widget_type=\"heading.default\">\n\t\t\t\t<div class=\"elementor-widget-container\">\n\t\t\t<h4 class=\"elementor-heading-title elementor-size-default\">Mapa do s\u00edtio<\/h4>\t\t<\/div>\n\t\t\t\t<\/div>\n\t\t\t\t<div class=\"elementor-element elementor-element-ce1ce39 elementor-widget elementor-widget-shortcode\" data-id=\"ce1ce39\" data-element_type=\"widget\" data-widget_type=\"shortcode.default\">\n\t\t\t\t<div class=\"elementor-widget-container\">\n\t\t\t\t\t<div class=\"elementor-shortcode\"><div class=\"wsp-container\"><h2 class=\"wsp-pages-title\">P\u00e1ginas<\/h2>\n<ul class=\"wsp-pages-list\">\n<li class=\"page_item page-item-8 menu-item\"><a href=\"https:\/\/www.chinaconsign.com\/pt\/about\/\" class=\"menu-link\">Sobre<\/a><\/li>\n<li class=\"page_item page-item-1578 menu-item\"><a href=\"https:\/\/www.chinaconsign.com\/pt\/amazon-fba-service\/\" class=\"menu-link\">Servi\u00e7o FBA da Amazon<\/a><\/li>\n<li class=\"page_item page-item-2031 menu-item\"><a href=\"https:\/\/www.chinaconsign.com\/pt\/china-aliexpress-agent-services\/\" class=\"menu-link\">Servi\u00e7os de agente AliExpress na China<\/a><\/li>\n<li class=\"page_item page-item-1666 menu-item\"><a href=\"https:\/\/www.chinaconsign.com\/pt\/china-freight-forwarder\/\" class=\"menu-link\">China Freight Forwarder<\/a><\/li>\n<li class=\"page_item page-item-1786 menu-item\"><a href=\"https:\/\/www.chinaconsign.com\/pt\/china-inspection-service\/\" class=\"menu-link\">Servi\u00e7o de Inspec\u00e7\u00e3o da China<\/a><\/li>\n<li class=\"page_item page-item-1531 menu-item\"><a href=\"https:\/\/www.chinaconsign.com\/pt\/china-package-consolidation-service\/\" class=\"menu-link\">Servi\u00e7o de Consolida\u00e7\u00e3o de Pacotes da China<\/a><\/li>\n<li class=\"page_item page-item-1543 menu-item\"><a href=\"https:\/\/www.chinaconsign.com\/pt\/china-package-forwarding\/\" class=\"menu-link\">Encaminhamento de pacotes da China<\/a><\/li>\n<li class=\"page_item page-item-1772 menu-item\"><a href=\"https:\/\/www.chinaconsign.com\/pt\/china-procurement-agent-serivce\/\" class=\"menu-link\">Servi\u00e7o de agente de compras da China<\/a><\/li>\n<li class=\"page_item page-item-1778 menu-item\"><a href=\"https:\/\/www.chinaconsign.com\/pt\/china-production-supervision-service\/\" class=\"menu-link\">Servi\u00e7o de supervis\u00e3o da produ\u00e7\u00e3o na China<\/a><\/li>\n<li class=\"page_item page-item-1767 menu-item\"><a href=\"https:\/\/www.chinaconsign.com\/pt\/china-quality-supervision-service\/\" class=\"menu-link\">Servi\u00e7o de Supervis\u00e3o da Qualidade da China<\/a><\/li>\n<li class=\"page_item page-item-1519 menu-item\"><a href=\"https:\/\/www.chinaconsign.com\/pt\/china-sourcing-services\/\" class=\"menu-link\">China Sourcing Services<\/a><\/li>\n<li class=\"page_item page-item-1791 menu-item\"><a href=\"https:\/\/www.chinaconsign.com\/pt\/china-supply-chain-management-service\/\" class=\"menu-link\">Servi\u00e7o de gest\u00e3o da cadeia de abastecimento da China<\/a><\/li>\n<li class=\"page_item page-item-1566 menu-item\"><a href=\"https:\/\/www.chinaconsign.com\/pt\/china-warehousing-services\/\" class=\"menu-link\">Servi\u00e7os de Armazenamento na China<\/a><\/li>\n<li class=\"page_item page-item-1498 menu-item\"><a href=\"https:\/\/www.chinaconsign.com\/pt\/chinese-address-services\/\" class=\"menu-link\">Servi\u00e7os de endere\u00e7os chineses<\/a><\/li>\n<li class=\"page_item page-item-16 menu-item\"><a href=\"https:\/\/www.chinaconsign.com\/pt\/contact\/\" class=\"menu-link\">Contacto<\/a><\/li>\n<li class=\"page_item page-item-14 menu-item\"><a href=\"https:\/\/www.chinaconsign.com\/pt\/faq\/\" class=\"menu-link\">FAQ<\/a><\/li>\n<li class=\"page_item page-item-2136 menu-item\"><a href=\"https:\/\/www.chinaconsign.com\/pt\/find-unique-blue-ocean-products-from-china\/\" class=\"menu-link\">Encontrar produtos \u00fanicos e do oceano azul da China<\/a><\/li>\n<li class=\"page_item page-item-567 menu-item\"><a href=\"https:\/\/www.chinaconsign.com\/pt\/\" class=\"menu-link\">In\u00edcio<\/a><\/li>\n<li class=\"page_item page-item-12 menu-item\"><a href=\"https:\/\/www.chinaconsign.com\/pt\/how-it-works\/\" class=\"menu-link\">How-it-Works<\/a><\/li>\n<li class=\"page_item page-item-1298 menu-item\"><a href=\"https:\/\/www.chinaconsign.com\/pt\/news\/\" class=\"menu-link\">Not\u00edcias<\/a><\/li>\n<li class=\"page_item page-item-1206 menu-item\"><a href=\"https:\/\/www.chinaconsign.com\/pt\/pricing\/\" class=\"menu-link\">Fixa\u00e7\u00e3o de pre\u00e7os<\/a><\/li>\n<li class=\"page_item page-item-10 menu-item\"><a href=\"https:\/\/www.chinaconsign.com\/pt\/services\/\" class=\"menu-link\">Servi\u00e7os<\/a><\/li>\n<li class=\"page_item page-item-1639 menu-item\"><a href=\"https:\/\/www.chinaconsign.com\/pt\/services-2\/\" class=\"menu-link\">Servi\u00e7os<\/a><\/li>\n<li class=\"page_item page-item-1156 menu-item\"><a href=\"https:\/\/www.chinaconsign.com\/pt\/sitemap\/\" class=\"menu-link\">Mapa do s\u00edtio<\/a><\/li>\n<li class=\"page_item page-item-1163 menu-item\"><a href=\"https:\/\/www.chinaconsign.com\/pt\/terms-and-conditions\/\" class=\"menu-link\">Termos e Condi\u00e7\u00f5es<\/a><\/li>\n<\/ul>\n<h2 class=\"wsp-posts-title\">Mensagens por categoria<\/h2>\n<ul class=\"wsp-posts-list\">\n\t<li><strong class=\"wsp-category-title\">Categoria: <a href=\"https:\/\/www.chinaconsign.com\/pt\/category\/news\/\">Not\u00edcias<\/a><\/strong>\n<ul class=\"wsp-posts-list\">\t\t<li class=\"wsp-post\"><a href=\"https:\/\/www.chinaconsign.com\/pt\/route-upgrade-wan-hai-announces-launch-of-ap2-service-in-may-2026\/\">Route Upgrade! Wan Hai Announces Launch of AP2 Service in May 2026<\/a><\/li>\n\t\t<li class=\"wsp-post\"><a href=\"https:\/\/www.chinaconsign.com\/pt\/freight-rate-increase-notice-for-september-2025-cma-cgm-and-maersk-adjust-rates-up-to-1600\/\">Aviso de aumento das tarifas de frete para setembro de 2025: CMA CGM e Maersk ajustam tarifas - at\u00e9 $1.600!<\/a><\/li>\n\t\t<li class=\"wsp-post\"><a href=\"https:\/\/www.chinaconsign.com\/pt\/47-voyages-canceled-in-the-coming-weeks\/\">47 viagens canceladas nas pr\u00f3ximas semanas<\/a><\/li>\n\t\t<li class=\"wsp-post\"><a href=\"https:\/\/www.chinaconsign.com\/pt\/customs-reports-stable-growth-in-chinas-foreign-trade-for-2024\/\">Alf\u00e2ndegas comunicam crescimento est\u00e1vel do com\u00e9rcio externo da China para 2024<\/a><\/li>\n\t\t<li class=\"wsp-post\"><a href=\"https:\/\/www.chinaconsign.com\/pt\/singapore-port-faces-major-congestion-as-global-shipping-chain-tested\/\">O porto de Singapura enfrenta um grande congestionamento \u00e0 medida que a cadeia de transporte mar\u00edtimo global \u00e9 testada<\/a><\/li>\n\t\t<li class=\"wsp-post\"><a href=\"https:\/\/www.chinaconsign.com\/pt\/maersk-line-resumes-booking-for-baltimore-port\/\">A M\u00e6rsk Line retoma as reservas para o porto de Baltimore<\/a><\/li>\n\t\t<li class=\"wsp-post\"><a href=\"https:\/\/www.chinaconsign.com\/pt\/important-notice-regarding-unclaimed-packages-03-24-2024\/\">Aviso importante sobre pacotes n\u00e3o reclamados - 24\/03\/2024<\/a><\/li>\n\t\t<li class=\"wsp-post\"><a href=\"https:\/\/www.chinaconsign.com\/pt\/escalating-tensions-in-the-red-sea-impact-on-global-shipping-and-suez-canal-fees\/\">Escalada das tens\u00f5es no Mar Vermelho: Impacto no transporte mar\u00edtimo mundial e nas taxas do Canal do Suez<\/a><\/li>\n\t\t<li class=\"wsp-post\"><a href=\"https:\/\/www.chinaconsign.com\/pt\/holiday-closure-notice-from-january-1st-to-january-3rd-2024\/\">Aviso de encerramento de f\u00e9rias (de 1 de janeiro a 3 de janeiro de 2024)<\/a><\/li>\n\t\t<li class=\"wsp-post\"><a href=\"https:\/\/www.chinaconsign.com\/pt\/price-increases-fail-fares-continue-to-fall-on-multiple-routes\/\">Os aumentos de pre\u00e7os falham, as tarifas continuam a baixar em v\u00e1rias rotas!<\/a><\/li>\n\t\t<li class=\"wsp-post\"><a href=\"https:\/\/www.chinaconsign.com\/pt\/asia-us-container-shipping-volume-decreased-by-20-efficiency-of-major-ports-in-europe-and-america-improved\/\">O volume de transporte mar\u00edtimo de contentores \u00c1sia-EUA diminuiu em 20%, a efici\u00eancia dos principais portos da Europa e da Am\u00e9rica melhorou!<\/a><\/li>\n\t\t<li class=\"wsp-post\"><a href=\"https:\/\/www.chinaconsign.com\/pt\/understanding-import-and-export-logistics\/\">Compreender a log\u00edstica de importa\u00e7\u00e3o e exporta\u00e7\u00e3o<\/a><\/li>\n\t\t<li class=\"wsp-post\"><a href=\"https:\/\/www.chinaconsign.com\/pt\/china-consign-continues-to-offer-cost-effective-shipping-options-as-freight-costs-rise\/\">China Consign Continua a Oferecer Op\u00e7\u00f5es de Envio Econ\u00f3micas \u00e0 medida que os Custos de Transporte de Mercadorias Sobem<\/a><\/li>\n\t\t<li class=\"wsp-post\"><a href=\"https:\/\/www.chinaconsign.com\/pt\/focus-on-major-logistics-events-tightening-trade-results-in-tariff-and-freight-rate-increases-in-many-places\/\">Foco nos grandes eventos log\u00edsticos! Resultados de Aperto do Com\u00e9rcio em Tarifas e Aumento da Taxa de Frete em Muitos Lugares?<\/a><\/li>\n\t\t<li class=\"wsp-post\"><a href=\"https:\/\/www.chinaconsign.com\/pt\/president-and-ceo-of-fedex-said-the-fedex-team-urgently-needs-to-make-rapid-progress-in-our-ongoing-transformation-while-dealing-with-the-weak-demand-environment\/\">O Presidente e CEO da FedEx, disse, \"A equipa da FedEx precisa urgentemente de fazer progressos r\u00e1pidos na nossa transforma\u00e7\u00e3o em curso, ao mesmo tempo que lida com o ambiente de fraca procura\".<\/a><\/li>\n\t\t<li class=\"wsp-post\"><a href=\"https:\/\/www.chinaconsign.com\/pt\/the-worlds-largest-sea-freight-forwarder-kuehnenagel-announced-on-wednesday-that-it-has-received-the-first-boeing-747-8f-freighter\/\">O maior transit\u00e1rio de carga mar\u00edtima do mundo, Kuehne+Nagel, anunciou na quarta-feira que recebeu o primeiro cargueiro Boeing 747-8F<\/a><\/li>\n\t\t<li class=\"wsp-post\"><a href=\"https:\/\/www.chinaconsign.com\/pt\/fedex-announces-largest-ever-price-hike-it-will-further-cut-business-costs\/\">A FedEx anuncia a maior subida de pre\u00e7os de sempre! Reduzir\u00e1 ainda mais os custos comerciais.<\/a><\/li>\n\t\t<li class=\"wsp-post\"><a href=\"https:\/\/www.chinaconsign.com\/pt\/dhl-warns-global-supply-chains-wont-recover-to-pre-pandemic-levels-next-year\/\">A DHL adverte que as cadeias de fornecimento globais n\u00e3o ir\u00e3o recuperar para n\u00edveis pr\u00e9-pand\u00e9micos no pr\u00f3ximo ano.<\/a><\/li>\n\t\t<li class=\"wsp-post\"><a href=\"https:\/\/www.chinaconsign.com\/pt\/official-response-rumors-of-suspension-of-chinese-services-by-express-giants-in-europe-and-america-heres-the-answer\/\">Resposta oficial! Rumores de suspens\u00e3o dos servi\u00e7os chineses por gigantes expressos na Europa e na Am\u00e9rica? Aqui est\u00e1 a resposta.<\/a><\/li>\n\t\t<li class=\"wsp-post\"><a href=\"https:\/\/www.chinaconsign.com\/pt\/japan-post-decided-to-temporarily-suspend-ems-air-and-sea-parcel-services-to-china-excluding-hong-kong-macau-and-taiwan-starting-from-april-22nd\/\">Os Correios do Jap\u00e3o decidiram suspender temporariamente os servi\u00e7os EMS, a\u00e9reos e mar\u00edtimos de encomendas para a China (excluindo Hong Kong, Macau e Taiwan) a partir de 22 de Abril.<\/a><\/li>\n\t\t<li class=\"wsp-post\"><a href=\"https:\/\/www.chinaconsign.com\/pt\/ups-significantly-increases-fuel-surcharges-seller-costs-will-increase\/\">A UPS aumenta significativamente as sobretaxas de combust\u00edvel, os custos de venda aumentar\u00e3o<\/a><\/li>\n\t\t<li class=\"wsp-post\"><a href=\"https:\/\/www.chinaconsign.com\/pt\/dhl-raises-full-year-estimates-after-strong-q3-results\/\">A DHL aumenta as estimativas para um ano completo ap\u00f3s resultados fortes do 3\u00ba trimestre!<\/a><\/li>\n\t\t<li class=\"wsp-post\"><a href=\"https:\/\/www.chinaconsign.com\/pt\/canadian-pacific-railway-port-congestion-increased-development-of-international-intermodal-and-domestic-intermodal\/\">Canadian Pacific Railway: Congestionamento Portu\u00e1rio, Aumento do Desenvolvimento do Intermodal Internacional e Intermodal Dom\u00e9stico<\/a><\/li>\n\t\t<li class=\"wsp-post\"><a href=\"https:\/\/www.chinaconsign.com\/pt\/due-to-rising-costs-fedex-says-it-will-raise-shipping-rates-and-add-surcharges\/\">Devido ao aumento dos custos, a FedEx diz que ir\u00e1 aumentar as taxas de envio e acrescentar sobretaxas<\/a><\/li>\n\t\t<li class=\"wsp-post\"><a href=\"https:\/\/www.chinaconsign.com\/pt\/freight-volume-down-10-8-freight-forwarding-giant-dhls-full-year-2020-results-still-strong\/\">Volume de frete reduzido 10,8%, os resultados do gigante dos transit\u00e1rios DHL para o ano 2020 ainda s\u00e3o fortes<\/a><\/li>\n\t\t<li class=\"wsp-post\"><a href=\"https:\/\/www.chinaconsign.com\/pt\/traffic-congestion-is-spreading-in-southern-california-watch-out-for-these-10-trucking-locations-that-are-most-congested\/\">O congestionamento de tr\u00e1fego est\u00e1 a alastrar no Sul da Calif\u00f3rnia, cuidado com estes 10 locais de camionagem que est\u00e3o mais congestionados<\/a><\/li>\n\t\t<li class=\"wsp-post\"><a href=\"https:\/\/www.chinaconsign.com\/pt\/vietnam-is-strictly-investigating-re-export-trade-third-country-shipments-and-tax-avoidance-more-than-a-hundred-truckloads-of-goods-have-been-seized\/\">O Vietname est\u00e1 a investigar estritamente o com\u00e9rcio de reexporta\u00e7\u00e3o, as remessas de pa\u00edses terceiros e a evas\u00e3o fiscal! Mais de uma centena de cami\u00f5es de mercadorias foram apreendidos!<\/a><\/li>\n\t\t<li class=\"wsp-post\"><a href=\"https:\/\/www.chinaconsign.com\/pt\/1-minute-chinas-inbound-and-outbound-goods-worth-60-million-foreign-trade-is-growing-rapidly\/\">1 minuto, as mercadorias entradas e sa\u00eddas da China no valor de 60 milh\u00f5es, o com\u00e9rcio externo est\u00e1 a crescer rapidamente<\/a><\/li>\n\t\t<li class=\"wsp-post\"><a href=\"https:\/\/www.chinaconsign.com\/pt\/exports-soared-520-foreign-trade-enterprise-profits-soared-10-times-the-export-of-these-products-unusually-hot-explosive-growth-in-demand\/\">As exporta\u00e7\u00f5es dispararam 520%, os lucros das empresas de com\u00e9rcio externo aumentaram 10 vezes, a exporta\u00e7\u00e3o destes produtos \"invulgarmente quentes\", um crescimento explosivo da procura!<\/a><\/li>\n\t\t<li class=\"wsp-post\"><a href=\"https:\/\/www.chinaconsign.com\/pt\/from-november-these-three-types-of-recycled-raw-materials-do-not-belong-to-solid-waste-and-are-allowed-to-be-imported-freely\/\">A partir de Novembro, estes tr\u00eas tipos de mat\u00e9rias-primas recicladas n\u00e3o pertencem aos res\u00edduos s\u00f3lidos e podem ser importados livremente.<\/a><\/li>\n\t\t<li class=\"wsp-post\"><a href=\"https:\/\/www.chinaconsign.com\/pt\/ups-surcharge-increases-significantly-dhl-express-tariff-increases-4-9\/\">A sobretaxa da UPS aumenta significativamente, a tarifa da DHL Express aumenta 4,9%<\/a><\/li>\n<\/ul><\/li>\n<\/ul>\n<\/div><\/div>\n\t\t\t\t<\/div>\n\t\t\t\t<\/div>\n\t\t\t\t\t<\/div>\n\t\t<\/div>\n\t\t\t\t\t\t\t<\/div>\n\t\t<\/section>\n\t\t\t\t\t\t\t<\/div>","protected":false},"excerpt":{"rendered":"<p>Mapa do site ChinaConsign.com Mapa do site<\/p>","protected":false},"author":1,"featured_media":0,"parent":0,"menu_order":0,"comment_status":"closed","ping_status":"closed","template":"","meta":{"site-sidebar-layout":"default","site-content-layout":"page-builder","ast-global-header-display":"","ast-main-header-display":"","ast-hfb-above-header-display":"","ast-hfb-below-header-display":"","ast-hfb-mobile-header-display":"","site-post-title":"disabled","ast-breadcrumbs-content":"","ast-featured-img":"disabled","footer-sml-layout":"","theme-transparent-header-meta":"enabled","adv-header-id-meta":"","stick-header-meta":"","header-above-stick-meta":"","header-main-stick-meta":"","header-below-stick-meta":"","footnotes":""},"class_list":["post-1156","page","type-page","status-publish","hentry"],"aioseo_notices":[],"_links":{"self":[{"href":"https:\/\/www.chinaconsign.com\/pt\/wp-json\/wp\/v2\/pages\/1156","targetHints":{"allow":["GET"]}}],"collection":[{"href":"https:\/\/www.chinaconsign.com\/pt\/wp-json\/wp\/v2\/pages"}],"about":[{"href":"https:\/\/www.chinaconsign.com\/pt\/wp-json\/wp\/v2\/types\/page"}],"author":[{"embeddable":true,"href":"https:\/\/www.chinaconsign.com\/pt\/wp-json\/wp\/v2\/users\/1"}],"replies":[{"embeddable":true,"href":"https:\/\/www.chinaconsign.com\/pt\/wp-json\/wp\/v2\/comments?post=1156"}],"version-history":[{"count":0,"href":"https:\/\/www.chinaconsign.com\/pt\/wp-json\/wp\/v2\/pages\/1156\/revisions"}],"wp:attachment":[{"href":"https:\/\/www.chinaconsign.com\/pt\/wp-json\/wp\/v2\/media?parent=1156"}],"curies":[{"name":"wp","href":"https:\/\/api.w.org\/{rel}","templated":true}]}}