{"id":2031,"date":"2024-03-27T14:59:45","date_gmt":"2024-03-27T06:59:45","guid":{"rendered":"https:\/\/www.chinaconsign.com\/?page_id=2031"},"modified":"2025-08-31T16:33:57","modified_gmt":"2025-08-31T08:33:57","slug":"china-aliexpress-agent-services","status":"publish","type":"page","link":"https:\/\/www.chinaconsign.com\/it\/china-aliexpress-agent-services\/","title":{"rendered":"Servizi di agente AliExpress in Cina"},"content":{"rendered":"<div data-elementor-type=\"wp-post\" data-elementor-id=\"2031\" class=\"elementor elementor-2031\">\n\t\t\t\t\t\t\t\t\t<section class=\"elementor-section elementor-top-section elementor-element elementor-element-b1d7697 elementor-section-boxed elementor-section-height-default elementor-section-height-default\" data-id=\"b1d7697\" data-element_type=\"section\" data-settings=\"{&quot;background_background&quot;:&quot;classic&quot;}\">\n\t\t\t\t\t\t\t<div class=\"elementor-background-overlay\"><\/div>\n\t\t\t\t\t\t\t<div class=\"elementor-container elementor-column-gap-default\">\n\t\t\t\t\t<div class=\"elementor-column elementor-col-100 elementor-top-column elementor-element elementor-element-bd5e621\" data-id=\"bd5e621\" data-element_type=\"column\">\n\t\t\t<div class=\"elementor-widget-wrap elementor-element-populated\">\n\t\t\t\t\t\t\t\t<section class=\"elementor-section elementor-inner-section elementor-element elementor-element-6689c8d elementor-section-boxed elementor-section-height-default elementor-section-height-default\" data-id=\"6689c8d\" data-element_type=\"section\">\n\t\t\t\t\t\t<div class=\"elementor-container elementor-column-gap-default\">\n\t\t\t\t\t<div class=\"elementor-column elementor-col-66 elementor-inner-column elementor-element elementor-element-f42cb85\" data-id=\"f42cb85\" data-element_type=\"column\">\n\t\t\t<div class=\"elementor-widget-wrap elementor-element-populated\">\n\t\t\t\t\t\t\t\t<div class=\"elementor-element elementor-element-8256ae1 elementor-widget elementor-widget-heading\" data-id=\"8256ae1\" data-element_type=\"widget\" data-widget_type=\"heading.default\">\n\t\t\t\t<div class=\"elementor-widget-container\">\n\t\t\t<style>\/*! elementor - v3.11.5 - 14-03-2023 *\/\n.elementor-heading-title{padding:0;margin:0;line-height:1}.elementor-widget-heading .elementor-heading-title[class*=elementor-size-]>a{color:inherit;font-size:inherit;line-height:inherit}.elementor-widget-heading .elementor-heading-title.elementor-size-small{font-size:15px}.elementor-widget-heading .elementor-heading-title.elementor-size-medium{font-size:19px}.elementor-widget-heading .elementor-heading-title.elementor-size-large{font-size:29px}.elementor-widget-heading .elementor-heading-title.elementor-size-xl{font-size:39px}.elementor-widget-heading .elementor-heading-title.elementor-size-xxl{font-size:59px}<\/style><h1 class=\"elementor-heading-title elementor-size-default\">Servizi di agente AliExpress in Cina<\/h1>\t\t<\/div>\n\t\t\t\t<\/div>\n\t\t\t\t\t<\/div>\n\t\t<\/div>\n\t\t\t\t<div class=\"elementor-column elementor-col-33 elementor-inner-column elementor-element elementor-element-ab6f8cd\" data-id=\"ab6f8cd\" data-element_type=\"column\">\n\t\t\t<div class=\"elementor-widget-wrap\">\n\t\t\t\t\t\t\t\t\t<\/div>\n\t\t<\/div>\n\t\t\t\t\t\t\t<\/div>\n\t\t<\/section>\n\t\t\t\t<section class=\"elementor-section elementor-inner-section elementor-element elementor-element-ca5edea elementor-section-boxed elementor-section-height-default elementor-section-height-default\" data-id=\"ca5edea\" data-element_type=\"section\">\n\t\t\t\t\t\t<div class=\"elementor-container elementor-column-gap-default\">\n\t\t\t\t\t<div class=\"elementor-column elementor-col-66 elementor-inner-column elementor-element elementor-element-823105c\" data-id=\"823105c\" data-element_type=\"column\">\n\t\t\t<div class=\"elementor-widget-wrap\">\n\t\t\t\t\t\t\t\t\t<\/div>\n\t\t<\/div>\n\t\t\t\t<div class=\"elementor-column elementor-col-33 elementor-inner-column elementor-element elementor-element-158d16b\" data-id=\"158d16b\" data-element_type=\"column\" data-settings=\"{&quot;background_background&quot;:&quot;classic&quot;}\">\n\t\t\t<div class=\"elementor-widget-wrap elementor-element-populated\">\n\t\t\t\t\t\t\t\t\t<\/div>\n\t\t<\/div>\n\t\t\t\t\t\t\t<\/div>\n\t\t<\/section>\n\t\t\t\t\t<\/div>\n\t\t<\/div>\n\t\t\t\t\t\t\t<\/div>\n\t\t<\/section>\n\t\t\t\t<section class=\"elementor-section elementor-top-section elementor-element elementor-element-68df5b7 elementor-section-boxed elementor-section-height-default elementor-section-height-default\" data-id=\"68df5b7\" data-element_type=\"section\" data-settings=\"{&quot;background_background&quot;:&quot;gradient&quot;}\">\n\t\t\t\t\t\t<div class=\"elementor-container elementor-column-gap-default\">\n\t\t\t\t\t<div class=\"elementor-column elementor-col-100 elementor-top-column elementor-element elementor-element-56ea3bf\" data-id=\"56ea3bf\" data-element_type=\"column\">\n\t\t\t<div class=\"elementor-widget-wrap elementor-element-populated\">\n\t\t\t\t\t\t\t\t<div class=\"elementor-element elementor-element-9d1840c elementor-widget elementor-widget-text-editor\" data-id=\"9d1840c\" data-element_type=\"widget\" data-widget_type=\"text-editor.default\">\n\t\t\t\t<div class=\"elementor-widget-container\">\n\t\t\t<style>\/*! elementor - v3.11.5 - 14-03-2023 *\/\n.elementor-widget-text-editor.elementor-drop-cap-view-stacked .elementor-drop-cap{background-color:#818a91;color:#fff}.elementor-widget-text-editor.elementor-drop-cap-view-framed .elementor-drop-cap{color:#818a91;border:3px solid;background-color:transparent}.elementor-widget-text-editor:not(.elementor-drop-cap-view-default) .elementor-drop-cap{margin-top:8px}.elementor-widget-text-editor:not(.elementor-drop-cap-view-default) .elementor-drop-cap-letter{width:1em;height:1em}.elementor-widget-text-editor .elementor-drop-cap{float:left;text-align:center;line-height:1;font-size:50px}.elementor-widget-text-editor .elementor-drop-cap-letter{display:inline-block}<\/style>\t\t\t\t<p>Benvenuti nei nostri servizi completi di agente AliExpress, progettati per soddisfare le esigenze uniche dei clienti internazionali. Siamo consapevoli delle sfide che dovete affrontare quando fate acquisti sulle piattaforme online cinesi, tra cui gli elevati costi di spedizione, le barriere linguistiche e la complessit\u00e0 dell'acquisto e della restituzione dei prodotti. Ecco perch\u00e9 siamo qui per semplificare la vostra esperienza di acquisto e renderla il pi\u00f9 possibile fluida.<\/p><p><img loading=\"lazy\" decoding=\"async\" class=\"size-medium wp-image-2052 aligncenter\" src=\"https:\/\/www.chinaconsign.com\/wp-content\/uploads\/2024\/03\/aliexpress-logo-1-300x200.png\" alt=\"\" width=\"300\" height=\"200\" srcset=\"https:\/\/www.chinaconsign.com\/wp-content\/uploads\/2024\/03\/aliexpress-logo-1-300x200.png 300w, https:\/\/www.chinaconsign.com\/wp-content\/uploads\/2024\/03\/aliexpress-logo-1-1024x683.png 1024w, https:\/\/www.chinaconsign.com\/wp-content\/uploads\/2024\/03\/aliexpress-logo-1-768x512.png 768w, https:\/\/www.chinaconsign.com\/wp-content\/uploads\/2024\/03\/aliexpress-logo-1-1536x1024.png 1536w, https:\/\/www.chinaconsign.com\/wp-content\/uploads\/2024\/03\/aliexpress-logo-1-2048x1365.png 2048w, https:\/\/www.chinaconsign.com\/wp-content\/uploads\/2024\/03\/aliexpress-logo-1-18x12.png 18w\" sizes=\"auto, (max-width: 300px) 100vw, 300px\" \/><\/p><p>La nostra suite di servizi \u00e8 stata pensata per risolvere i problemi pi\u00f9 comuni degli acquirenti internazionali. Ecco come possiamo aiutarvi:<\/p><p><span style=\"color: #ff6600;\"><b>1. Acquisto e ricerca di prodotti:<\/b><\/span><br \/>Offriamo un servizio di shopping personalizzato, assistendovi nel trovare gli esatti prodotti che state cercando su AliExpress. Il nostro team di esperti cercher\u00e0 le migliori offerte, assicurandovi il massimo valore per il vostro denaro.<\/p><p><span style=\"color: #ff6600;\"><b>2. Negoziazione dei prezzi in lingua locale:<\/b><\/span><br \/>Le barriere linguistiche possono spesso causare errori di comunicazione e spese inutili. Con i nostri servizi di negoziazione in lingua locale, potete essere certi di ottenere il miglior prezzo possibile per i prodotti che desiderate. Gestiremo tutte le trattative per vostro conto, facendovi risparmiare tempo e denaro.<\/p><p><span style=\"color: #ff6600;\"><b>3. Consolidamento dei pacchetti:<\/b><\/span><br \/>Per ridurre i costi di spedizione, offriamo servizi di consolidamento dei pacchi. Consolideremo i vostri acquisti multipli in un'unica spedizione conveniente, facendovi risparmiare notevolmente sulle spese di spedizione.<\/p><p><span style=\"color: #ff6600;\"><b>4. Restituzioni e rimborsi:<\/b><\/span><br \/>Se non siete soddisfatti del vostro acquisto, ci occuperemo noi del processo di restituzione. Ci assicureremo che i vostri resi siano processati in modo fluido ed efficiente, riducendo al minimo qualsiasi inconveniente o ritardo.<\/p><p><span style=\"color: #ff6600;\"><b>5. Ispezione della qualit\u00e0:<\/b><\/span><br \/>Prima che il pacco venga spedito, effettuiamo un accurato controllo di qualit\u00e0 per garantire che i prodotti soddisfino le vostre aspettative. In questo modo, potete stare tranquilli e avere fiducia nei prodotti che state acquistando.<\/p><p><span style=\"color: #ff6600;\"><b>6. Spedizione e trasbordo:<\/b><\/span><br \/>Forniamo servizi di spedizione affidabili ed efficienti, assicurando che il vostro pacco vi arrivi in modo sicuro e puntuale. Collaboriamo con partner logistici di fiducia per fornirvi informazioni sulla tracciabilit\u00e0 e aggiornamenti durante tutto il processo di spedizione.<\/p><p>I nostri servizi di agente AliExpress sono orgogliosi della nostra professionalit\u00e0, affidabilit\u00e0 e trasparenza. Ci impegniamo a fornire un servizio clienti eccezionale e a garantire che la vostra esperienza di acquisto sia il pi\u00f9 possibile fluida e piacevole.<\/p><p>Quindi, che siate acquirenti per la prima volta o esperti di shopping online, siamo qui per rendere la vostra esperienza di acquisto su AliExpress priva di problemi. Contattateci oggi stesso per saperne di pi\u00f9 su come possiamo aiutarvi a risparmiare tempo, denaro e fatica per il vostro prossimo acquisto dalla Cina.<\/p>\t\t\t\t\t\t<\/div>\n\t\t\t\t<\/div>\n\t\t\t\t\t<\/div>\n\t\t<\/div>\n\t\t\t\t\t\t\t<\/div>\n\t\t<\/section>\n\t\t\t\t<section class=\"elementor-section elementor-top-section elementor-element elementor-element-f01871f elementor-section-content-middle elementor-section-boxed elementor-section-height-default elementor-section-height-default\" data-id=\"f01871f\" data-element_type=\"section\" data-settings=\"{&quot;background_background&quot;:&quot;classic&quot;}\">\n\t\t\t\t\t\t\t<div class=\"elementor-background-overlay\"><\/div>\n\t\t\t\t\t\t\t<div class=\"elementor-container elementor-column-gap-no\">\n\t\t\t\t\t<div class=\"elementor-column elementor-col-66 elementor-top-column elementor-element elementor-element-4ae5b88\" data-id=\"4ae5b88\" data-element_type=\"column\">\n\t\t\t<div class=\"elementor-widget-wrap elementor-element-populated\">\n\t\t\t\t\t\t\t\t<div class=\"elementor-element elementor-element-ea8daca elementor-widget elementor-widget-heading\" data-id=\"ea8daca\" data-element_type=\"widget\" data-widget_type=\"heading.default\">\n\t\t\t\t<div class=\"elementor-widget-container\">\n\t\t\t<h2 class=\"elementor-heading-title elementor-size-default\">Navigate con fiducia su AliExpress: I nostri servizi di agente sono qui per voi!<\/h2>\t\t<\/div>\n\t\t\t\t<\/div>\n\t\t\t\t<div class=\"elementor-element elementor-element-45e93bc elementor-widget elementor-widget-text-editor\" data-id=\"45e93bc\" data-element_type=\"widget\" data-widget_type=\"text-editor.default\">\n\t\t\t\t<div class=\"elementor-widget-container\">\n\t\t\t\t\t\t\t\t\t\t\t\t\t<\/div>\n\t\t\t\t<\/div>\n\t\t\t\t<div class=\"elementor-element elementor-element-c6a212d elementor-align-left elementor-widget elementor-widget-button\" data-id=\"c6a212d\" data-element_type=\"widget\" data-widget_type=\"button.default\">\n\t\t\t\t<div class=\"elementor-widget-container\">\n\t\t\t\t\t<div class=\"elementor-button-wrapper\">\n\t\t\t<a href=\"https:\/\/www.chinaconsign.com\/it\/contact\/\" class=\"elementor-button-link elementor-button elementor-size-md\" role=\"button\">\n\t\t\t\t\t\t<span class=\"elementor-button-content-wrapper\">\n\t\t\t\t\t\t<span class=\"elementor-button-text\">Richiedi un preventivo gratuito<\/span>\n\t\t<\/span>\n\t\t\t\t\t<\/a>\n\t\t<\/div>\n\t\t\t\t<\/div>\n\t\t\t\t<\/div>\n\t\t\t\t\t<\/div>\n\t\t<\/div>\n\t\t\t\t<div class=\"elementor-column elementor-col-33 elementor-top-column elementor-element elementor-element-8161240\" data-id=\"8161240\" data-element_type=\"column\">\n\t\t\t<div class=\"elementor-widget-wrap\">\n\t\t\t\t\t\t\t\t\t<\/div>\n\t\t<\/div>\n\t\t\t\t\t\t\t<\/div>\n\t\t<\/section>\n\t\t\t\t\t\t\t<\/div>","protected":false},"excerpt":{"rendered":"<p>Servizi di agente AliExpress Cina Benvenuti nei nostri servizi completi di agente AliExpress, progettati per soddisfare le esigenze uniche dei clienti internazionali. Siamo consapevoli delle sfide che dovete affrontare quando fate acquisti sulle piattaforme online cinesi, tra cui gli elevati costi di spedizione, le barriere linguistiche e la complessit\u00e0 dell'acquisto e della restituzione dei prodotti. Ecco perch\u00e9 siamo qui per semplificare il vostro shopping...<\/p>\n<p class=\"read-more\"> <a class=\"\" href=\"https:\/\/www.chinaconsign.com\/it\/china-aliexpress-agent-services\/\"> <span class=\"screen-reader-text\">Servizi di agente AliExpress in Cina<\/span> Leggi altro \"<\/a><\/p>","protected":false},"author":1,"featured_media":2052,"parent":0,"menu_order":0,"comment_status":"closed","ping_status":"closed","template":"","meta":{"site-sidebar-layout":"default","site-content-layout":"page-builder","ast-global-header-display":"","ast-main-header-display":"","ast-hfb-above-header-display":"","ast-hfb-below-header-display":"","ast-hfb-mobile-header-display":"","site-post-title":"disabled","ast-breadcrumbs-content":"","ast-featured-img":"disabled","footer-sml-layout":"","theme-transparent-header-meta":"enabled","adv-header-id-meta":"","stick-header-meta":"","header-above-stick-meta":"","header-main-stick-meta":"","header-below-stick-meta":"","footnotes":""},"class_list":["post-2031","page","type-page","status-publish","has-post-thumbnail","hentry"],"aioseo_notices":[],"_links":{"self":[{"href":"https:\/\/www.chinaconsign.com\/it\/wp-json\/wp\/v2\/pages\/2031","targetHints":{"allow":["GET"]}}],"collection":[{"href":"https:\/\/www.chinaconsign.com\/it\/wp-json\/wp\/v2\/pages"}],"about":[{"href":"https:\/\/www.chinaconsign.com\/it\/wp-json\/wp\/v2\/types\/page"}],"author":[{"embeddable":true,"href":"https:\/\/www.chinaconsign.com\/it\/wp-json\/wp\/v2\/users\/1"}],"replies":[{"embeddable":true,"href":"https:\/\/www.chinaconsign.com\/it\/wp-json\/wp\/v2\/comments?post=2031"}],"version-history":[{"count":0,"href":"https:\/\/www.chinaconsign.com\/it\/wp-json\/wp\/v2\/pages\/2031\/revisions"}],"wp:featuredmedia":[{"embeddable":true,"href":"https:\/\/www.chinaconsign.com\/it\/wp-json\/wp\/v2\/media\/2052"}],"wp:attachment":[{"href":"https:\/\/www.chinaconsign.com\/it\/wp-json\/wp\/v2\/media?parent=2031"}],"curies":[{"name":"wp","href":"https:\/\/api.w.org\/{rel}","templated":true}]}}