{"id":1519,"date":"2023-04-14T19:44:32","date_gmt":"2023-04-14T11:44:32","guid":{"rendered":"https:\/\/www.chinaconsign.com\/?page_id=1519"},"modified":"2025-08-31T16:41:25","modified_gmt":"2025-08-31T08:41:25","slug":"china-sourcing-services","status":"publish","type":"page","link":"https:\/\/www.chinaconsign.com\/it\/china-sourcing-services\/","title":{"rendered":"Servizi di sourcing in Cina"},"content":{"rendered":"<div data-elementor-type=\"wp-post\" data-elementor-id=\"1519\" class=\"elementor elementor-1519\">\n\t\t\t\t\t\t\t\t\t<section class=\"elementor-section elementor-top-section elementor-element elementor-element-b1d7697 elementor-section-boxed elementor-section-height-default elementor-section-height-default\" data-id=\"b1d7697\" data-element_type=\"section\" data-settings=\"{&quot;background_background&quot;:&quot;classic&quot;}\">\n\t\t\t\t\t\t\t<div class=\"elementor-background-overlay\"><\/div>\n\t\t\t\t\t\t\t<div class=\"elementor-container elementor-column-gap-default\">\n\t\t\t\t\t<div class=\"elementor-column elementor-col-100 elementor-top-column elementor-element elementor-element-bd5e621\" data-id=\"bd5e621\" data-element_type=\"column\">\n\t\t\t<div class=\"elementor-widget-wrap elementor-element-populated\">\n\t\t\t\t\t\t\t\t<section class=\"elementor-section elementor-inner-section elementor-element elementor-element-6689c8d elementor-section-boxed elementor-section-height-default elementor-section-height-default\" data-id=\"6689c8d\" data-element_type=\"section\">\n\t\t\t\t\t\t<div class=\"elementor-container elementor-column-gap-default\">\n\t\t\t\t\t<div class=\"elementor-column elementor-col-66 elementor-inner-column elementor-element elementor-element-f42cb85\" data-id=\"f42cb85\" data-element_type=\"column\">\n\t\t\t<div class=\"elementor-widget-wrap elementor-element-populated\">\n\t\t\t\t\t\t\t\t<div class=\"elementor-element elementor-element-8256ae1 elementor-widget elementor-widget-heading\" data-id=\"8256ae1\" data-element_type=\"widget\" data-widget_type=\"heading.default\">\n\t\t\t\t<div class=\"elementor-widget-container\">\n\t\t\t<style>\/*! elementor - v3.11.5 - 14-03-2023 *\/\n.elementor-heading-title{padding:0;margin:0;line-height:1}.elementor-widget-heading .elementor-heading-title[class*=elementor-size-]>a{color:inherit;font-size:inherit;line-height:inherit}.elementor-widget-heading .elementor-heading-title.elementor-size-small{font-size:15px}.elementor-widget-heading .elementor-heading-title.elementor-size-medium{font-size:19px}.elementor-widget-heading .elementor-heading-title.elementor-size-large{font-size:29px}.elementor-widget-heading .elementor-heading-title.elementor-size-xl{font-size:39px}.elementor-widget-heading .elementor-heading-title.elementor-size-xxl{font-size:59px}<\/style><h1 class=\"elementor-heading-title elementor-size-default\">Servizi di sourcing:<\/h1>\t\t<\/div>\n\t\t\t\t<\/div>\n\t\t\t\t\t<\/div>\n\t\t<\/div>\n\t\t\t\t<div class=\"elementor-column elementor-col-33 elementor-inner-column elementor-element elementor-element-ab6f8cd\" data-id=\"ab6f8cd\" data-element_type=\"column\">\n\t\t\t<div class=\"elementor-widget-wrap\">\n\t\t\t\t\t\t\t\t\t<\/div>\n\t\t<\/div>\n\t\t\t\t\t\t\t<\/div>\n\t\t<\/section>\n\t\t\t\t<section class=\"elementor-section elementor-inner-section elementor-element elementor-element-ca5edea elementor-section-boxed elementor-section-height-default elementor-section-height-default\" data-id=\"ca5edea\" data-element_type=\"section\">\n\t\t\t\t\t\t<div class=\"elementor-container elementor-column-gap-default\">\n\t\t\t\t\t<div class=\"elementor-column elementor-col-66 elementor-inner-column elementor-element elementor-element-823105c\" data-id=\"823105c\" data-element_type=\"column\">\n\t\t\t<div class=\"elementor-widget-wrap\">\n\t\t\t\t\t\t\t\t\t<\/div>\n\t\t<\/div>\n\t\t\t\t<div class=\"elementor-column elementor-col-33 elementor-inner-column elementor-element elementor-element-158d16b\" data-id=\"158d16b\" data-element_type=\"column\" data-settings=\"{&quot;background_background&quot;:&quot;classic&quot;}\">\n\t\t\t<div class=\"elementor-widget-wrap elementor-element-populated\">\n\t\t\t\t\t\t\t\t\t<\/div>\n\t\t<\/div>\n\t\t\t\t\t\t\t<\/div>\n\t\t<\/section>\n\t\t\t\t\t<\/div>\n\t\t<\/div>\n\t\t\t\t\t\t\t<\/div>\n\t\t<\/section>\n\t\t\t\t<section class=\"elementor-section elementor-top-section elementor-element elementor-element-68df5b7 elementor-section-boxed elementor-section-height-default elementor-section-height-default\" data-id=\"68df5b7\" data-element_type=\"section\" data-settings=\"{&quot;background_background&quot;:&quot;gradient&quot;}\">\n\t\t\t\t\t\t<div class=\"elementor-container elementor-column-gap-default\">\n\t\t\t\t\t<div class=\"elementor-column elementor-col-100 elementor-top-column elementor-element elementor-element-56ea3bf\" data-id=\"56ea3bf\" data-element_type=\"column\" data-settings=\"{&quot;background_background&quot;:&quot;slideshow&quot;,&quot;background_slideshow_gallery&quot;:[],&quot;background_slideshow_loop&quot;:&quot;yes&quot;,&quot;background_slideshow_slide_duration&quot;:5000,&quot;background_slideshow_slide_transition&quot;:&quot;fade&quot;,&quot;background_slideshow_transition_duration&quot;:500}\">\n\t\t\t<div class=\"elementor-widget-wrap elementor-element-populated\">\n\t\t\t\t\t\t\t\t<div class=\"elementor-element elementor-element-9d1840c elementor-widget elementor-widget-text-editor\" data-id=\"9d1840c\" data-element_type=\"widget\" data-widget_type=\"text-editor.default\">\n\t\t\t\t<div class=\"elementor-widget-container\">\n\t\t\t<style>\/*! elementor - v3.11.5 - 14-03-2023 *\/\n.elementor-widget-text-editor.elementor-drop-cap-view-stacked .elementor-drop-cap{background-color:#818a91;color:#fff}.elementor-widget-text-editor.elementor-drop-cap-view-framed .elementor-drop-cap{color:#818a91;border:3px solid;background-color:transparent}.elementor-widget-text-editor:not(.elementor-drop-cap-view-default) .elementor-drop-cap{margin-top:8px}.elementor-widget-text-editor:not(.elementor-drop-cap-view-default) .elementor-drop-cap-letter{width:1em;height:1em}.elementor-widget-text-editor .elementor-drop-cap{float:left;text-align:center;line-height:1;font-size:50px}.elementor-widget-text-editor .elementor-drop-cap-letter{display:inline-block}<\/style>\t\t\t\t<p>Noi di China Consign offriamo servizi di sourcing completi ai clienti di tutto il mondo interessati ad acquistare merci dalla Cina. Siamo orgogliosi di fornire una soluzione end-to-end che va oltre la semplice spedizione e movimentazione per garantire che i nostri clienti ricevano prodotti di alta qualit\u00e0 a un prezzo competitivo.<\/p><p><img loading=\"lazy\" decoding=\"async\" class=\"aligncenter wp-image-1521\" src=\"http:\/\/www.chinaconsign.com\/wp-content\/uploads\/2023\/04\/quality-hook-check-mark-787673-1024x724.jpg\" alt=\"qualit\u00e0, gancio, segno di controllo-787673.jpg\" width=\"600\" height=\"424\" srcset=\"https:\/\/www.chinaconsign.com\/wp-content\/uploads\/2023\/04\/quality-hook-check-mark-787673-1024x724.jpg 1024w, https:\/\/www.chinaconsign.com\/wp-content\/uploads\/2023\/04\/quality-hook-check-mark-787673-300x212.jpg 300w, https:\/\/www.chinaconsign.com\/wp-content\/uploads\/2023\/04\/quality-hook-check-mark-787673-768x543.jpg 768w, https:\/\/www.chinaconsign.com\/wp-content\/uploads\/2023\/04\/quality-hook-check-mark-787673-18x12.jpg 18w, https:\/\/www.chinaconsign.com\/wp-content\/uploads\/2023\/04\/quality-hook-check-mark-787673.jpg 1280w\" sizes=\"auto, (max-width: 600px) 100vw, 600px\" \/><\/p><p><strong>Controllo qualit\u00e0 affidabile<\/strong><br \/>Il nostro team di professionisti esperti possiede una conoscenza specialistica del mercato cinese e delle normative locali. Questo ci permette di identificare fornitori affidabili, di effettuare rigorosi controlli di qualit\u00e0 su tutti i prodotti prima della spedizione e di garantire ai nostri clienti una qualit\u00e0 eccezionale.<\/p><p><strong>Ampia rete di fornitori e produttori<\/strong><br \/>Abbiamo stabilito solide partnership con fornitori e produttori di diversi settori, che ci consentono di accedere a un'ampia catena di fornitura e a risorse di canale. La nostra vasta rete ci permette di procurare ai nostri clienti prodotti unici in modo rapido ed efficiente, anche se non sono facilmente reperibili sul mercato.<\/p><p><strong>Competenza culturale e flessibilit\u00e0<\/strong><br \/>La nostra esperienza culturale \u00e8 fondamentale per affrontare le complessit\u00e0 dell'attivit\u00e0 commerciale in Cina, tra cui le barriere linguistiche, le differenze culturali e le normative doganali. Il nostro team \u00e8 sempre pronto ad adattarsi alle vostre esigenze specifiche e a fornire soluzioni di sourcing personalizzate in base alle vostre esigenze individuali, garantendovi un'assistenza personalizzata in ogni fase del processo.<\/p><p><strong>Servizio clienti eccezionale<\/strong><br \/>Crediamo nella costruzione di relazioni a lungo termine con i nostri clienti attraverso una comunicazione trasparente, affidabile e coerente. Il nostro team dedicato al servizio clienti \u00e8 a disposizione per rispondere a qualsiasi domanda o dubbio, per risolvere tempestivamente i problemi e per garantire un'esperienza di lavoro senza interruzioni.<\/p><p><strong>Competenze specialistiche<\/strong><br \/>Il nostro team vanta decenni di esperienza combinata e connessioni in vari settori. Sfruttiamo le nostre specializzazioni per fornire ai nostri clienti soluzioni su misura che li aiutino a raggiungere i loro obiettivi, sia che si tratti di negoziare prezzi migliori o di individuare nuove opportunit\u00e0 di approvvigionamento.<\/p><p>In conclusione, quando scegliete China Consign per le vostre esigenze di sourcing, potete aspettarvi un controllo di qualit\u00e0 di prim'ordine, un'ampia rete di fornitori e produttori, esperienza e flessibilit\u00e0 culturale, un servizio clienti eccezionale e competenze specializzate. Lasciate che vi aiutiamo a semplificare il vostro processo di sourcing e ad acquistare il vostro prossimo prodotto dalla Cina con fiducia!<\/p>\t\t\t\t\t\t<\/div>\n\t\t\t\t<\/div>\n\t\t\t\t\t<\/div>\n\t\t<\/div>\n\t\t\t\t\t\t\t<\/div>\n\t\t<\/section>\n\t\t\t\t<section class=\"elementor-section elementor-top-section elementor-element elementor-element-f01871f elementor-section-content-middle elementor-section-boxed elementor-section-height-default elementor-section-height-default\" data-id=\"f01871f\" data-element_type=\"section\" data-settings=\"{&quot;background_background&quot;:&quot;classic&quot;}\">\n\t\t\t\t\t\t\t<div class=\"elementor-background-overlay\"><\/div>\n\t\t\t\t\t\t\t<div class=\"elementor-container elementor-column-gap-no\">\n\t\t\t\t\t<div class=\"elementor-column elementor-col-66 elementor-top-column elementor-element elementor-element-4ae5b88\" data-id=\"4ae5b88\" data-element_type=\"column\">\n\t\t\t<div class=\"elementor-widget-wrap elementor-element-populated\">\n\t\t\t\t\t\t\t\t<div class=\"elementor-element elementor-element-ea8daca elementor-widget elementor-widget-heading\" data-id=\"ea8daca\" data-element_type=\"widget\" data-widget_type=\"heading.default\">\n\t\t\t\t<div class=\"elementor-widget-container\">\n\t\t\t<h2 class=\"elementor-heading-title elementor-size-default\">In che modo China Consign sta rivoluzionando gli acquisti diretti dalla Cina?<\/h2>\t\t<\/div>\n\t\t\t\t<\/div>\n\t\t\t\t<div class=\"elementor-element elementor-element-45e93bc elementor-widget elementor-widget-text-editor\" data-id=\"45e93bc\" data-element_type=\"widget\" data-widget_type=\"text-editor.default\">\n\t\t\t\t<div class=\"elementor-widget-container\">\n\t\t\t\t\t\t\t<p>Siamo orgogliosi di fornire ai nostri clienti un'ampia gamma di servizi, tra cui indirizzi di spedizione cinesi, consolidamento dei pacchi e soluzioni di stoccaggio. Il nostro team lavora instancabilmente per garantire che i nostri clienti ricevano i loro pacchi in modo sicuro ed efficiente, facendo anche risparmiare denaro grazie al consolidamento dei pacchi e a tariffe di spedizione internazionali competitive. Noi di China Consign riconosciamo l'importanza di costruire solide partnership per fornire ai nostri clienti la migliore esperienza possibile. Per questo motivo lavoriamo a stretto contatto con giganti della logistica globale come FedEx e UPS per offrire ai nostri clienti tariffe di spedizione imbattibili e opzioni di trasporto affidabili.<\/p>\t\t\t\t\t\t<\/div>\n\t\t\t\t<\/div>\n\t\t\t\t<div class=\"elementor-element elementor-element-c6a212d elementor-align-left elementor-widget elementor-widget-button\" data-id=\"c6a212d\" data-element_type=\"widget\" data-widget_type=\"button.default\">\n\t\t\t\t<div class=\"elementor-widget-container\">\n\t\t\t\t\t<div class=\"elementor-button-wrapper\">\n\t\t\t<a href=\"https:\/\/www.chinaconsign.com\/it\/contact\/\" class=\"elementor-button-link elementor-button elementor-size-md\" role=\"button\">\n\t\t\t\t\t\t<span class=\"elementor-button-content-wrapper\">\n\t\t\t\t\t\t<span class=\"elementor-button-text\">Contattateci<\/span>\n\t\t<\/span>\n\t\t\t\t\t<\/a>\n\t\t<\/div>\n\t\t\t\t<\/div>\n\t\t\t\t<\/div>\n\t\t\t\t\t<\/div>\n\t\t<\/div>\n\t\t\t\t<div class=\"elementor-column elementor-col-33 elementor-top-column elementor-element elementor-element-8161240\" data-id=\"8161240\" data-element_type=\"column\">\n\t\t\t<div class=\"elementor-widget-wrap\">\n\t\t\t\t\t\t\t\t\t<\/div>\n\t\t<\/div>\n\t\t\t\t\t\t\t<\/div>\n\t\t<\/section>\n\t\t\t\t\t\t\t<\/div>","protected":false},"excerpt":{"rendered":"<p>Servizi di sourcing: Noi di China Consign offriamo servizi di sourcing completi ai clienti di tutto il mondo interessati ad acquistare merci dalla Cina. Siamo orgogliosi di fornire una soluzione end-to-end che va oltre la semplice spedizione e gestione per garantire che i nostri clienti ricevano prodotti di alta qualit\u00e0 a un prezzo competitivo. Controllo qualit\u00e0 affidabileIl nostro team di esperti ...<\/p>\n<p class=\"read-more\"> <a class=\"\" href=\"https:\/\/www.chinaconsign.com\/it\/china-sourcing-services\/\"> <span class=\"screen-reader-text\">Servizi di sourcing in Cina<\/span> Leggi altro \"<\/a><\/p>","protected":false},"author":1,"featured_media":1563,"parent":0,"menu_order":0,"comment_status":"closed","ping_status":"closed","template":"","meta":{"site-sidebar-layout":"default","site-content-layout":"page-builder","ast-global-header-display":"","ast-main-header-display":"","ast-hfb-above-header-display":"","ast-hfb-below-header-display":"","ast-hfb-mobile-header-display":"","site-post-title":"disabled","ast-breadcrumbs-content":"","ast-featured-img":"disabled","footer-sml-layout":"","theme-transparent-header-meta":"enabled","adv-header-id-meta":"","stick-header-meta":"","header-above-stick-meta":"","header-main-stick-meta":"","header-below-stick-meta":"","footnotes":""},"class_list":["post-1519","page","type-page","status-publish","has-post-thumbnail","hentry"],"aioseo_notices":[],"_links":{"self":[{"href":"https:\/\/www.chinaconsign.com\/it\/wp-json\/wp\/v2\/pages\/1519","targetHints":{"allow":["GET"]}}],"collection":[{"href":"https:\/\/www.chinaconsign.com\/it\/wp-json\/wp\/v2\/pages"}],"about":[{"href":"https:\/\/www.chinaconsign.com\/it\/wp-json\/wp\/v2\/types\/page"}],"author":[{"embeddable":true,"href":"https:\/\/www.chinaconsign.com\/it\/wp-json\/wp\/v2\/users\/1"}],"replies":[{"embeddable":true,"href":"https:\/\/www.chinaconsign.com\/it\/wp-json\/wp\/v2\/comments?post=1519"}],"version-history":[{"count":0,"href":"https:\/\/www.chinaconsign.com\/it\/wp-json\/wp\/v2\/pages\/1519\/revisions"}],"wp:featuredmedia":[{"embeddable":true,"href":"https:\/\/www.chinaconsign.com\/it\/wp-json\/wp\/v2\/media\/1563"}],"wp:attachment":[{"href":"https:\/\/www.chinaconsign.com\/it\/wp-json\/wp\/v2\/media?parent=1519"}],"curies":[{"name":"wp","href":"https:\/\/api.w.org\/{rel}","templated":true}]}}