{"id":2031,"date":"2024-03-27T14:59:45","date_gmt":"2024-03-27T06:59:45","guid":{"rendered":"https:\/\/www.chinaconsign.com\/?page_id=2031"},"modified":"2025-08-31T16:33:57","modified_gmt":"2025-08-31T08:33:57","slug":"china-aliexpress-agent-services","status":"publish","type":"page","link":"https:\/\/www.chinaconsign.com\/fr\/china-aliexpress-agent-services\/","title":{"rendered":"Services d'agent AliExpress en Chine"},"content":{"rendered":"<div data-elementor-type=\"wp-post\" data-elementor-id=\"2031\" class=\"elementor elementor-2031\">\n\t\t\t\t\t\t\t\t\t<section class=\"elementor-section elementor-top-section elementor-element elementor-element-b1d7697 elementor-section-boxed elementor-section-height-default elementor-section-height-default\" data-id=\"b1d7697\" data-element_type=\"section\" data-settings=\"{&quot;background_background&quot;:&quot;classic&quot;}\">\n\t\t\t\t\t\t\t<div class=\"elementor-background-overlay\"><\/div>\n\t\t\t\t\t\t\t<div class=\"elementor-container elementor-column-gap-default\">\n\t\t\t\t\t<div class=\"elementor-column elementor-col-100 elementor-top-column elementor-element elementor-element-bd5e621\" data-id=\"bd5e621\" data-element_type=\"column\">\n\t\t\t<div class=\"elementor-widget-wrap elementor-element-populated\">\n\t\t\t\t\t\t\t\t<section class=\"elementor-section elementor-inner-section elementor-element elementor-element-6689c8d elementor-section-boxed elementor-section-height-default elementor-section-height-default\" data-id=\"6689c8d\" data-element_type=\"section\">\n\t\t\t\t\t\t<div class=\"elementor-container elementor-column-gap-default\">\n\t\t\t\t\t<div class=\"elementor-column elementor-col-66 elementor-inner-column elementor-element elementor-element-f42cb85\" data-id=\"f42cb85\" data-element_type=\"column\">\n\t\t\t<div class=\"elementor-widget-wrap elementor-element-populated\">\n\t\t\t\t\t\t\t\t<div class=\"elementor-element elementor-element-8256ae1 elementor-widget elementor-widget-heading\" data-id=\"8256ae1\" data-element_type=\"widget\" data-widget_type=\"heading.default\">\n\t\t\t\t<div class=\"elementor-widget-container\">\n\t\t\t<style>\/*! elementor - v3.11.5 - 14-03-2023 *\/\n.elementor-heading-title{padding:0;margin:0;line-height:1}.elementor-widget-heading .elementor-heading-title[class*=elementor-size-]>a{color:inherit;font-size:inherit;line-height:inherit}.elementor-widget-heading .elementor-heading-title.elementor-size-small{font-size:15px}.elementor-widget-heading .elementor-heading-title.elementor-size-medium{font-size:19px}.elementor-widget-heading .elementor-heading-title.elementor-size-large{font-size:29px}.elementor-widget-heading .elementor-heading-title.elementor-size-xl{font-size:39px}.elementor-widget-heading .elementor-heading-title.elementor-size-xxl{font-size:59px}<\/style><h1 class=\"elementor-heading-title elementor-size-default\">Services d'agent AliExpress en Chine<\/h1>\t\t<\/div>\n\t\t\t\t<\/div>\n\t\t\t\t\t<\/div>\n\t\t<\/div>\n\t\t\t\t<div class=\"elementor-column elementor-col-33 elementor-inner-column elementor-element elementor-element-ab6f8cd\" data-id=\"ab6f8cd\" data-element_type=\"column\">\n\t\t\t<div class=\"elementor-widget-wrap\">\n\t\t\t\t\t\t\t\t\t<\/div>\n\t\t<\/div>\n\t\t\t\t\t\t\t<\/div>\n\t\t<\/section>\n\t\t\t\t<section class=\"elementor-section elementor-inner-section elementor-element elementor-element-ca5edea elementor-section-boxed elementor-section-height-default elementor-section-height-default\" data-id=\"ca5edea\" data-element_type=\"section\">\n\t\t\t\t\t\t<div class=\"elementor-container elementor-column-gap-default\">\n\t\t\t\t\t<div class=\"elementor-column elementor-col-66 elementor-inner-column elementor-element elementor-element-823105c\" data-id=\"823105c\" data-element_type=\"column\">\n\t\t\t<div class=\"elementor-widget-wrap\">\n\t\t\t\t\t\t\t\t\t<\/div>\n\t\t<\/div>\n\t\t\t\t<div class=\"elementor-column elementor-col-33 elementor-inner-column elementor-element elementor-element-158d16b\" data-id=\"158d16b\" data-element_type=\"column\" data-settings=\"{&quot;background_background&quot;:&quot;classic&quot;}\">\n\t\t\t<div class=\"elementor-widget-wrap elementor-element-populated\">\n\t\t\t\t\t\t\t\t\t<\/div>\n\t\t<\/div>\n\t\t\t\t\t\t\t<\/div>\n\t\t<\/section>\n\t\t\t\t\t<\/div>\n\t\t<\/div>\n\t\t\t\t\t\t\t<\/div>\n\t\t<\/section>\n\t\t\t\t<section class=\"elementor-section elementor-top-section elementor-element elementor-element-68df5b7 elementor-section-boxed elementor-section-height-default elementor-section-height-default\" data-id=\"68df5b7\" data-element_type=\"section\" data-settings=\"{&quot;background_background&quot;:&quot;gradient&quot;}\">\n\t\t\t\t\t\t<div class=\"elementor-container elementor-column-gap-default\">\n\t\t\t\t\t<div class=\"elementor-column elementor-col-100 elementor-top-column elementor-element elementor-element-56ea3bf\" data-id=\"56ea3bf\" data-element_type=\"column\">\n\t\t\t<div class=\"elementor-widget-wrap elementor-element-populated\">\n\t\t\t\t\t\t\t\t<div class=\"elementor-element elementor-element-9d1840c elementor-widget elementor-widget-text-editor\" data-id=\"9d1840c\" data-element_type=\"widget\" data-widget_type=\"text-editor.default\">\n\t\t\t\t<div class=\"elementor-widget-container\">\n\t\t\t<style>\/*! elementor - v3.11.5 - 14-03-2023 *\/\n.elementor-widget-text-editor.elementor-drop-cap-view-stacked .elementor-drop-cap{background-color:#818a91;color:#fff}.elementor-widget-text-editor.elementor-drop-cap-view-framed .elementor-drop-cap{color:#818a91;border:3px solid;background-color:transparent}.elementor-widget-text-editor:not(.elementor-drop-cap-view-default) .elementor-drop-cap{margin-top:8px}.elementor-widget-text-editor:not(.elementor-drop-cap-view-default) .elementor-drop-cap-letter{width:1em;height:1em}.elementor-widget-text-editor .elementor-drop-cap{float:left;text-align:center;line-height:1;font-size:50px}.elementor-widget-text-editor .elementor-drop-cap-letter{display:inline-block}<\/style>\t\t\t\t<p>Bienvenue \u00e0 nos services complets d'agent AliExpress, con\u00e7us pour r\u00e9pondre aux besoins uniques des clients internationaux. Nous comprenons les d\u00e9fis auxquels vous \u00eates confront\u00e9s lorsque vous achetez sur des plateformes chinoises en ligne, notamment les frais d'exp\u00e9dition \u00e9lev\u00e9s, les barri\u00e8res linguistiques et la complexit\u00e9 de l'achat et du retour des marchandises. C'est pourquoi nous sommes l\u00e0 pour simplifier votre exp\u00e9rience d'achat et la rendre aussi transparente que possible.<\/p><p><img loading=\"lazy\" decoding=\"async\" class=\"size-medium wp-image-2052 aligncenter\" src=\"https:\/\/www.chinaconsign.com\/wp-content\/uploads\/2024\/03\/aliexpress-logo-1-300x200.png\" alt=\"\" width=\"300\" height=\"200\" srcset=\"https:\/\/www.chinaconsign.com\/wp-content\/uploads\/2024\/03\/aliexpress-logo-1-300x200.png 300w, https:\/\/www.chinaconsign.com\/wp-content\/uploads\/2024\/03\/aliexpress-logo-1-1024x683.png 1024w, https:\/\/www.chinaconsign.com\/wp-content\/uploads\/2024\/03\/aliexpress-logo-1-768x512.png 768w, https:\/\/www.chinaconsign.com\/wp-content\/uploads\/2024\/03\/aliexpress-logo-1-1536x1024.png 1536w, https:\/\/www.chinaconsign.com\/wp-content\/uploads\/2024\/03\/aliexpress-logo-1-2048x1365.png 2048w, https:\/\/www.chinaconsign.com\/wp-content\/uploads\/2024\/03\/aliexpress-logo-1-18x12.png 18w\" sizes=\"auto, (max-width: 300px) 100vw, 300px\" \/><\/p><p>Notre gamme de services est con\u00e7ue pour r\u00e9pondre aux probl\u00e8mes les plus courants rencontr\u00e9s par les acheteurs internationaux. Voici comment nous pouvons vous aider :<\/p><p><span style=\"color: #ff6600;\"><b>1. Achat et recherche de produits :<\/b><\/span><br \/>Nous offrons un service d'achat personnalis\u00e9, vous aidant \u00e0 trouver les produits exacts que vous recherchez sur AliExpress. Notre \u00e9quipe d'experts recherchera les meilleures offres, vous assurant ainsi d'en avoir pour votre argent.<\/p><p><span style=\"color: #ff6600;\"><b>2. N\u00e9gociation des prix dans la langue locale :<\/b><\/span><br \/>Les barri\u00e8res linguistiques sont souvent \u00e0 l'origine d'une mauvaise communication et de d\u00e9penses inutiles. Gr\u00e2ce \u00e0 nos services de n\u00e9gociation en langue locale, vous pouvez \u00eatre s\u00fbr d'obtenir le meilleur prix possible pour les produits que vous souhaitez. Nous nous chargeons de toutes les n\u00e9gociations en votre nom, ce qui vous permet d'\u00e9conomiser du temps et de l'argent.<\/p><p><span style=\"color: #ff6600;\"><b>3. Consolidation des paquets :<\/b><\/span><br \/>Pour r\u00e9duire les frais d'exp\u00e9dition, nous proposons des services de regroupement de colis. Nous regrouperons vos achats multiples en un seul envoi rentable, ce qui vous permettra de r\u00e9aliser des \u00e9conomies substantielles sur les frais d'exp\u00e9dition.<\/p><p><span style=\"color: #ff6600;\"><b>4. Retours et remboursements :<\/b><\/span><br \/>Si vous n'\u00eates pas satisfait de votre achat, nous nous chargeons de la proc\u00e9dure de retour. Nous veillerons \u00e0 ce que vos retours soient trait\u00e9s de mani\u00e8re fluide et efficace, afin de minimiser les d\u00e9sagr\u00e9ments et les retards.<\/p><p><span style=\"color: #ff6600;\"><b>5. Inspection de la qualit\u00e9 :<\/b><\/span><br \/>Avant l'exp\u00e9dition de votre colis, nous proc\u00e9dons \u00e0 un contr\u00f4le de qualit\u00e9 approfondi afin de nous assurer que les produits r\u00e9pondent \u00e0 vos attentes. Vous pouvez ainsi avoir l'esprit tranquille et avoir confiance dans les produits que vous achetez.<\/p><p><span style=\"color: #ff6600;\"><b>6. Exp\u00e9dition et transbordement :<\/b><\/span><br \/>Nous fournissons des services d'exp\u00e9dition fiables et efficaces, garantissant que votre colis vous parviendra en toute s\u00e9curit\u00e9 et dans les d\u00e9lais impartis. Nous travaillons avec des partenaires logistiques de confiance pour vous fournir des informations de suivi et des mises \u00e0 jour tout au long du processus d'exp\u00e9dition.<\/p><p>Nos services d'agent AliExpress sont fiers de leur professionnalisme, de leur fiabilit\u00e9 et de leur transparence. Nous nous engageons \u00e0 fournir un service client exceptionnel et \u00e0 faire en sorte que votre exp\u00e9rience d'achat soit aussi fluide et agr\u00e9able que possible.<\/p><p>Ainsi, que vous achetiez pour la premi\u00e8re fois ou que vous soyez un acheteur en ligne chevronn\u00e9, nous sommes l\u00e0 pour faire en sorte que votre exp\u00e9rience d'achat sur AliExpress se d\u00e9roule sans encombre. Contactez-nous d\u00e8s aujourd'hui pour savoir comment nous pouvons vous aider \u00e0 \u00e9conomiser du temps, de l'argent et des efforts lors de votre prochain achat en Chine.<\/p>\t\t\t\t\t\t<\/div>\n\t\t\t\t<\/div>\n\t\t\t\t\t<\/div>\n\t\t<\/div>\n\t\t\t\t\t\t\t<\/div>\n\t\t<\/section>\n\t\t\t\t<section class=\"elementor-section elementor-top-section elementor-element elementor-element-f01871f elementor-section-content-middle elementor-section-boxed elementor-section-height-default elementor-section-height-default\" data-id=\"f01871f\" data-element_type=\"section\" data-settings=\"{&quot;background_background&quot;:&quot;classic&quot;}\">\n\t\t\t\t\t\t\t<div class=\"elementor-background-overlay\"><\/div>\n\t\t\t\t\t\t\t<div class=\"elementor-container elementor-column-gap-no\">\n\t\t\t\t\t<div class=\"elementor-column elementor-col-66 elementor-top-column elementor-element elementor-element-4ae5b88\" data-id=\"4ae5b88\" data-element_type=\"column\">\n\t\t\t<div class=\"elementor-widget-wrap elementor-element-populated\">\n\t\t\t\t\t\t\t\t<div class=\"elementor-element elementor-element-ea8daca elementor-widget elementor-widget-heading\" data-id=\"ea8daca\" data-element_type=\"widget\" data-widget_type=\"heading.default\">\n\t\t\t\t<div class=\"elementor-widget-container\">\n\t\t\t<h2 class=\"elementor-heading-title elementor-size-default\">Naviguez sur AliExpress en toute confiance : Nos services d'agent sont l\u00e0 pour vous !<\/h2>\t\t<\/div>\n\t\t\t\t<\/div>\n\t\t\t\t<div class=\"elementor-element elementor-element-45e93bc elementor-widget elementor-widget-text-editor\" data-id=\"45e93bc\" data-element_type=\"widget\" data-widget_type=\"text-editor.default\">\n\t\t\t\t<div class=\"elementor-widget-container\">\n\t\t\t\t\t\t\t\t\t\t\t\t\t<\/div>\n\t\t\t\t<\/div>\n\t\t\t\t<div class=\"elementor-element elementor-element-c6a212d elementor-align-left elementor-widget elementor-widget-button\" data-id=\"c6a212d\" data-element_type=\"widget\" data-widget_type=\"button.default\">\n\t\t\t\t<div class=\"elementor-widget-container\">\n\t\t\t\t\t<div class=\"elementor-button-wrapper\">\n\t\t\t<a href=\"https:\/\/www.chinaconsign.com\/fr\/contact\/\" class=\"elementor-button-link elementor-button elementor-size-md\" role=\"button\">\n\t\t\t\t\t\t<span class=\"elementor-button-content-wrapper\">\n\t\t\t\t\t\t<span class=\"elementor-button-text\">Obtenir un devis gratuit<\/span>\n\t\t<\/span>\n\t\t\t\t\t<\/a>\n\t\t<\/div>\n\t\t\t\t<\/div>\n\t\t\t\t<\/div>\n\t\t\t\t\t<\/div>\n\t\t<\/div>\n\t\t\t\t<div class=\"elementor-column elementor-col-33 elementor-top-column elementor-element elementor-element-8161240\" data-id=\"8161240\" data-element_type=\"column\">\n\t\t\t<div class=\"elementor-widget-wrap\">\n\t\t\t\t\t\t\t\t\t<\/div>\n\t\t<\/div>\n\t\t\t\t\t\t\t<\/div>\n\t\t<\/section>\n\t\t\t\t\t\t\t<\/div>","protected":false},"excerpt":{"rendered":"<p>Services d'agent AliExpress en Chine Bienvenue \u00e0 nos services complets d'agent AliExpress, con\u00e7us pour r\u00e9pondre aux besoins uniques des clients internationaux. Nous comprenons les d\u00e9fis auxquels vous \u00eates confront\u00e9s lorsque vous achetez sur des plateformes chinoises en ligne, notamment les frais d'exp\u00e9dition \u00e9lev\u00e9s, les barri\u00e8res linguistiques et la complexit\u00e9 de l'achat et du retour des marchandises. C'est pourquoi nous sommes l\u00e0 pour simplifier vos achats...<\/p>\n<p class=\"read-more\"> <a class=\"\" href=\"https:\/\/www.chinaconsign.com\/fr\/china-aliexpress-agent-services\/\"> <span class=\"screen-reader-text\">Services d'agent AliExpress en Chine<\/span> Lire la suite \"<\/a><\/p>","protected":false},"author":1,"featured_media":2052,"parent":0,"menu_order":0,"comment_status":"closed","ping_status":"closed","template":"","meta":{"site-sidebar-layout":"default","site-content-layout":"page-builder","ast-global-header-display":"","ast-main-header-display":"","ast-hfb-above-header-display":"","ast-hfb-below-header-display":"","ast-hfb-mobile-header-display":"","site-post-title":"disabled","ast-breadcrumbs-content":"","ast-featured-img":"disabled","footer-sml-layout":"","theme-transparent-header-meta":"enabled","adv-header-id-meta":"","stick-header-meta":"","header-above-stick-meta":"","header-main-stick-meta":"","header-below-stick-meta":"","footnotes":""},"class_list":["post-2031","page","type-page","status-publish","has-post-thumbnail","hentry"],"aioseo_notices":[],"_links":{"self":[{"href":"https:\/\/www.chinaconsign.com\/fr\/wp-json\/wp\/v2\/pages\/2031","targetHints":{"allow":["GET"]}}],"collection":[{"href":"https:\/\/www.chinaconsign.com\/fr\/wp-json\/wp\/v2\/pages"}],"about":[{"href":"https:\/\/www.chinaconsign.com\/fr\/wp-json\/wp\/v2\/types\/page"}],"author":[{"embeddable":true,"href":"https:\/\/www.chinaconsign.com\/fr\/wp-json\/wp\/v2\/users\/1"}],"replies":[{"embeddable":true,"href":"https:\/\/www.chinaconsign.com\/fr\/wp-json\/wp\/v2\/comments?post=2031"}],"version-history":[{"count":0,"href":"https:\/\/www.chinaconsign.com\/fr\/wp-json\/wp\/v2\/pages\/2031\/revisions"}],"wp:featuredmedia":[{"embeddable":true,"href":"https:\/\/www.chinaconsign.com\/fr\/wp-json\/wp\/v2\/media\/2052"}],"wp:attachment":[{"href":"https:\/\/www.chinaconsign.com\/fr\/wp-json\/wp\/v2\/media?parent=2031"}],"curies":[{"name":"wp","href":"https:\/\/api.w.org\/{rel}","templated":true}]}}