{"id":1778,"date":"2023-04-27T16:38:57","date_gmt":"2023-04-27T08:38:57","guid":{"rendered":"https:\/\/www.chinaconsign.com\/?page_id=1778"},"modified":"2023-04-27T21:14:25","modified_gmt":"2023-04-27T13:14:25","slug":"china-production-supervision-service","status":"publish","type":"page","link":"https:\/\/www.chinaconsign.com\/fr\/china-production-supervision-service\/","title":{"rendered":"Service de supervision de la production en Chine"},"content":{"rendered":"<div data-elementor-type=\"wp-post\" data-elementor-id=\"1778\" class=\"elementor elementor-1778\">\n\t\t\t\t\t\t\t\t\t<section class=\"elementor-section elementor-top-section elementor-element elementor-element-b1d7697 elementor-section-boxed elementor-section-height-default elementor-section-height-default\" data-id=\"b1d7697\" data-element_type=\"section\" data-settings=\"{&quot;background_background&quot;:&quot;classic&quot;}\">\n\t\t\t\t\t\t\t<div class=\"elementor-background-overlay\"><\/div>\n\t\t\t\t\t\t\t<div class=\"elementor-container elementor-column-gap-default\">\n\t\t\t\t\t<div class=\"elementor-column elementor-col-100 elementor-top-column elementor-element elementor-element-bd5e621\" data-id=\"bd5e621\" data-element_type=\"column\">\n\t\t\t<div class=\"elementor-widget-wrap elementor-element-populated\">\n\t\t\t\t\t\t\t\t<section class=\"elementor-section elementor-inner-section elementor-element elementor-element-6689c8d elementor-section-boxed elementor-section-height-default elementor-section-height-default\" data-id=\"6689c8d\" data-element_type=\"section\">\n\t\t\t\t\t\t<div class=\"elementor-container elementor-column-gap-default\">\n\t\t\t\t\t<div class=\"elementor-column elementor-col-66 elementor-inner-column elementor-element elementor-element-f42cb85\" data-id=\"f42cb85\" data-element_type=\"column\">\n\t\t\t<div class=\"elementor-widget-wrap elementor-element-populated\">\n\t\t\t\t\t\t\t\t<div class=\"elementor-element elementor-element-8256ae1 elementor-widget elementor-widget-heading\" data-id=\"8256ae1\" data-element_type=\"widget\" data-widget_type=\"heading.default\">\n\t\t\t\t<div class=\"elementor-widget-container\">\n\t\t\t<style>\/*! elementor - v3.11.5 - 14-03-2023 *\/\n.elementor-heading-title{padding:0;margin:0;line-height:1}.elementor-widget-heading .elementor-heading-title[class*=elementor-size-]>a{color:inherit;font-size:inherit;line-height:inherit}.elementor-widget-heading .elementor-heading-title.elementor-size-small{font-size:15px}.elementor-widget-heading .elementor-heading-title.elementor-size-medium{font-size:19px}.elementor-widget-heading .elementor-heading-title.elementor-size-large{font-size:29px}.elementor-widget-heading .elementor-heading-title.elementor-size-xl{font-size:39px}.elementor-widget-heading .elementor-heading-title.elementor-size-xxl{font-size:59px}<\/style><h1 class=\"elementor-heading-title elementor-size-default\">Service de supervision de la production :<\/h1>\t\t<\/div>\n\t\t\t\t<\/div>\n\t\t\t\t\t<\/div>\n\t\t<\/div>\n\t\t\t\t<div class=\"elementor-column elementor-col-33 elementor-inner-column elementor-element elementor-element-ab6f8cd\" data-id=\"ab6f8cd\" data-element_type=\"column\">\n\t\t\t<div class=\"elementor-widget-wrap\">\n\t\t\t\t\t\t\t\t\t<\/div>\n\t\t<\/div>\n\t\t\t\t\t\t\t<\/div>\n\t\t<\/section>\n\t\t\t\t<section class=\"elementor-section elementor-inner-section elementor-element elementor-element-ca5edea elementor-section-boxed elementor-section-height-default elementor-section-height-default\" data-id=\"ca5edea\" data-element_type=\"section\">\n\t\t\t\t\t\t<div class=\"elementor-container elementor-column-gap-default\">\n\t\t\t\t\t<div class=\"elementor-column elementor-col-66 elementor-inner-column elementor-element elementor-element-823105c\" data-id=\"823105c\" data-element_type=\"column\">\n\t\t\t<div class=\"elementor-widget-wrap\">\n\t\t\t\t\t\t\t\t\t<\/div>\n\t\t<\/div>\n\t\t\t\t<div class=\"elementor-column elementor-col-33 elementor-inner-column elementor-element elementor-element-158d16b\" data-id=\"158d16b\" data-element_type=\"column\" data-settings=\"{&quot;background_background&quot;:&quot;classic&quot;}\">\n\t\t\t<div class=\"elementor-widget-wrap elementor-element-populated\">\n\t\t\t\t\t\t\t\t\t<\/div>\n\t\t<\/div>\n\t\t\t\t\t\t\t<\/div>\n\t\t<\/section>\n\t\t\t\t\t<\/div>\n\t\t<\/div>\n\t\t\t\t\t\t\t<\/div>\n\t\t<\/section>\n\t\t\t\t<section class=\"elementor-section elementor-top-section elementor-element elementor-element-68df5b7 elementor-section-boxed elementor-section-height-default elementor-section-height-default\" data-id=\"68df5b7\" data-element_type=\"section\" data-settings=\"{&quot;background_background&quot;:&quot;gradient&quot;}\">\n\t\t\t\t\t\t<div class=\"elementor-container elementor-column-gap-default\">\n\t\t\t\t\t<div class=\"elementor-column elementor-col-100 elementor-top-column elementor-element elementor-element-56ea3bf\" data-id=\"56ea3bf\" data-element_type=\"column\" data-settings=\"{&quot;background_background&quot;:&quot;slideshow&quot;,&quot;background_slideshow_gallery&quot;:[],&quot;background_slideshow_loop&quot;:&quot;yes&quot;,&quot;background_slideshow_slide_duration&quot;:5000,&quot;background_slideshow_slide_transition&quot;:&quot;fade&quot;,&quot;background_slideshow_transition_duration&quot;:500}\">\n\t\t\t<div class=\"elementor-widget-wrap elementor-element-populated\">\n\t\t\t\t\t\t\t\t<div class=\"elementor-element elementor-element-9d1840c elementor-widget elementor-widget-text-editor\" data-id=\"9d1840c\" data-element_type=\"widget\" data-widget_type=\"text-editor.default\">\n\t\t\t\t<div class=\"elementor-widget-container\">\n\t\t\t<style>\/*! elementor - v3.11.5 - 14-03-2023 *\/\n.elementor-widget-text-editor.elementor-drop-cap-view-stacked .elementor-drop-cap{background-color:#818a91;color:#fff}.elementor-widget-text-editor.elementor-drop-cap-view-framed .elementor-drop-cap{color:#818a91;border:3px solid;background-color:transparent}.elementor-widget-text-editor:not(.elementor-drop-cap-view-default) .elementor-drop-cap{margin-top:8px}.elementor-widget-text-editor:not(.elementor-drop-cap-view-default) .elementor-drop-cap-letter{width:1em;height:1em}.elementor-widget-text-editor .elementor-drop-cap{float:left;text-align:center;line-height:1;font-size:50px}.elementor-widget-text-editor .elementor-drop-cap-letter{display:inline-block}<\/style>\t\t\t\t<p>Notre service de supervision de la production vise \u00e0 garantir que les produits de nos clients respectent constamment les normes de qualit\u00e9 et de s\u00e9curit\u00e9 tout au long du processus de production. Notre \u00e9quipe de supervision de la production est compos\u00e9e de professionnels capables de fournir des services de supervision complets, y compris le contr\u00f4le de la qualit\u00e9 des produits, le suivi de l'avancement de la production, l'audit de l'usine et l'inspection sur place. Nous veillons \u00e0 ce que la production soit r\u00e9alis\u00e9e conform\u00e9ment aux exigences de nos clients afin de garantir une production et une livraison sans heurts.<\/p><p>Notre service de supervision de la production comprend<\/p><ol><li><span style=\"color: #ff6600;\">Contr\u00f4le des processus de production et contr\u00f4le de la qualit\u00e9 ;<\/span><\/li><li><span style=\"color: #ff6600;\">Audit d'usine et inspection sur place ;<\/span><\/li><li><span style=\"color: #ff6600;\">Suivi de l'avancement de la production et rapports sur la qualit\u00e9.<\/span><\/li><\/ol><p><img loading=\"lazy\" decoding=\"async\" class=\"aligncenter wp-image-1825\" src=\"http:\/\/www.chinaconsign.com\/wp-content\/uploads\/2023\/04\/triangle-quality-time-3125882-300x180.jpg\" alt=\"co\u00fbt, qualit\u00e9, temps-3125882.jpg\" width=\"800\" height=\"480\" srcset=\"https:\/\/www.chinaconsign.com\/wp-content\/uploads\/2023\/04\/triangle-quality-time-3125882-300x180.jpg 300w, https:\/\/www.chinaconsign.com\/wp-content\/uploads\/2023\/04\/triangle-quality-time-3125882-1024x614.jpg 1024w, https:\/\/www.chinaconsign.com\/wp-content\/uploads\/2023\/04\/triangle-quality-time-3125882-768x461.jpg 768w, https:\/\/www.chinaconsign.com\/wp-content\/uploads\/2023\/04\/triangle-quality-time-3125882-18x12.jpg 18w, https:\/\/www.chinaconsign.com\/wp-content\/uploads\/2023\/04\/triangle-quality-time-3125882.jpg 1280w\" sizes=\"auto, (max-width: 800px) 100vw, 800px\" \/><\/p><p>Si vous avez besoin de fabriquer des produits en Chine et de garantir leur qualit\u00e9 et leur s\u00e9curit\u00e9, notre service de supervision de la production est votre meilleur choix. Nous nous engageons \u00e0 vous servir !<\/p>\t\t\t\t\t\t<\/div>\n\t\t\t\t<\/div>\n\t\t\t\t\t<\/div>\n\t\t<\/div>\n\t\t\t\t\t\t\t<\/div>\n\t\t<\/section>\n\t\t\t\t<section class=\"elementor-section elementor-top-section elementor-element elementor-element-f01871f elementor-section-content-middle elementor-section-boxed elementor-section-height-default elementor-section-height-default\" data-id=\"f01871f\" data-element_type=\"section\" data-settings=\"{&quot;background_background&quot;:&quot;classic&quot;}\">\n\t\t\t\t\t\t\t<div class=\"elementor-background-overlay\"><\/div>\n\t\t\t\t\t\t\t<div class=\"elementor-container elementor-column-gap-no\">\n\t\t\t\t\t<div class=\"elementor-column elementor-col-66 elementor-top-column elementor-element elementor-element-4ae5b88\" data-id=\"4ae5b88\" data-element_type=\"column\">\n\t\t\t<div class=\"elementor-widget-wrap elementor-element-populated\">\n\t\t\t\t\t\t\t\t<div class=\"elementor-element elementor-element-ea8daca elementor-widget elementor-widget-heading\" data-id=\"ea8daca\" data-element_type=\"widget\" data-widget_type=\"heading.default\">\n\t\t\t\t<div class=\"elementor-widget-container\">\n\t\t\t<h2 class=\"elementor-heading-title elementor-size-default\">Assurance qualit\u00e9, livraison en toute tranquillit\u00e9. Nous nous engageons \u00e0 prot\u00e9ger votre processus de production avec soin.<\/h2>\t\t<\/div>\n\t\t\t\t<\/div>\n\t\t\t\t<div class=\"elementor-element elementor-element-45e93bc elementor-widget elementor-widget-text-editor\" data-id=\"45e93bc\" data-element_type=\"widget\" data-widget_type=\"text-editor.default\">\n\t\t\t\t<div class=\"elementor-widget-container\">\n\t\t\t\t\t\t\t\t\t\t\t\t\t<\/div>\n\t\t\t\t<\/div>\n\t\t\t\t<div class=\"elementor-element elementor-element-c6a212d elementor-align-left elementor-widget elementor-widget-button\" data-id=\"c6a212d\" data-element_type=\"widget\" data-widget_type=\"button.default\">\n\t\t\t\t<div class=\"elementor-widget-container\">\n\t\t\t\t\t<div class=\"elementor-button-wrapper\">\n\t\t\t<a href=\"https:\/\/www.chinaconsign.com\/fr\/contact\/\" class=\"elementor-button-link elementor-button elementor-size-md\" role=\"button\">\n\t\t\t\t\t\t<span class=\"elementor-button-content-wrapper\">\n\t\t\t\t\t\t<span class=\"elementor-button-text\">Prendre contact<\/span>\n\t\t<\/span>\n\t\t\t\t\t<\/a>\n\t\t<\/div>\n\t\t\t\t<\/div>\n\t\t\t\t<\/div>\n\t\t\t\t\t<\/div>\n\t\t<\/div>\n\t\t\t\t<div class=\"elementor-column elementor-col-33 elementor-top-column elementor-element elementor-element-8161240\" data-id=\"8161240\" data-element_type=\"column\">\n\t\t\t<div class=\"elementor-widget-wrap\">\n\t\t\t\t\t\t\t\t\t<\/div>\n\t\t<\/div>\n\t\t\t\t\t\t\t<\/div>\n\t\t<\/section>\n\t\t\t\t\t\t\t<\/div>","protected":false},"excerpt":{"rendered":"<p>Service de supervision de la production : Notre service de supervision de la production vise \u00e0 garantir que les produits de nos clients respectent constamment les normes de qualit\u00e9 et de s\u00e9curit\u00e9 tout au long du processus de production. Notre \u00e9quipe de supervision de la production est compos\u00e9e de professionnels capables de fournir des services de supervision complets, notamment le contr\u00f4le de la qualit\u00e9 des produits, le suivi de l'avancement de la production, l'audit de l'usine et l'inspection sur place. Nous veillerons \u00e0 ce que la production soit ...<\/p>\n<p class=\"read-more\"> <a class=\"\" href=\"https:\/\/www.chinaconsign.com\/fr\/china-production-supervision-service\/\"> <span class=\"screen-reader-text\">Service de supervision de la production en Chine<\/span> Lire la suite \"<\/a><\/p>","protected":false},"author":1,"featured_media":1825,"parent":0,"menu_order":0,"comment_status":"closed","ping_status":"closed","template":"","meta":{"site-sidebar-layout":"default","site-content-layout":"page-builder","ast-global-header-display":"","ast-main-header-display":"","ast-hfb-above-header-display":"","ast-hfb-below-header-display":"","ast-hfb-mobile-header-display":"","site-post-title":"disabled","ast-breadcrumbs-content":"","ast-featured-img":"disabled","footer-sml-layout":"","theme-transparent-header-meta":"enabled","adv-header-id-meta":"","stick-header-meta":"","header-above-stick-meta":"","header-main-stick-meta":"","header-below-stick-meta":"","footnotes":""},"class_list":["post-1778","page","type-page","status-publish","has-post-thumbnail","hentry"],"aioseo_notices":[],"_links":{"self":[{"href":"https:\/\/www.chinaconsign.com\/fr\/wp-json\/wp\/v2\/pages\/1778","targetHints":{"allow":["GET"]}}],"collection":[{"href":"https:\/\/www.chinaconsign.com\/fr\/wp-json\/wp\/v2\/pages"}],"about":[{"href":"https:\/\/www.chinaconsign.com\/fr\/wp-json\/wp\/v2\/types\/page"}],"author":[{"embeddable":true,"href":"https:\/\/www.chinaconsign.com\/fr\/wp-json\/wp\/v2\/users\/1"}],"replies":[{"embeddable":true,"href":"https:\/\/www.chinaconsign.com\/fr\/wp-json\/wp\/v2\/comments?post=1778"}],"version-history":[{"count":0,"href":"https:\/\/www.chinaconsign.com\/fr\/wp-json\/wp\/v2\/pages\/1778\/revisions"}],"wp:featuredmedia":[{"embeddable":true,"href":"https:\/\/www.chinaconsign.com\/fr\/wp-json\/wp\/v2\/media\/1825"}],"wp:attachment":[{"href":"https:\/\/www.chinaconsign.com\/fr\/wp-json\/wp\/v2\/media?parent=1778"}],"curies":[{"name":"wp","href":"https:\/\/api.w.org\/{rel}","templated":true}]}}