{"id":1543,"date":"2023-04-14T21:49:50","date_gmt":"2023-04-14T13:49:50","guid":{"rendered":"https:\/\/www.chinaconsign.com\/?page_id=1543"},"modified":"2025-08-31T16:38:35","modified_gmt":"2025-08-31T08:38:35","slug":"china-package-forwarding","status":"publish","type":"page","link":"https:\/\/www.chinaconsign.com\/fr\/china-package-forwarding\/","title":{"rendered":"Exp\u00e9dition de colis en Chine"},"content":{"rendered":"<div data-elementor-type=\"wp-post\" data-elementor-id=\"1543\" class=\"elementor elementor-1543\">\n\t\t\t\t\t\t\t\t\t<section class=\"elementor-section elementor-top-section elementor-element elementor-element-b1d7697 elementor-section-boxed elementor-section-height-default elementor-section-height-default\" data-id=\"b1d7697\" data-element_type=\"section\" data-settings=\"{&quot;background_background&quot;:&quot;classic&quot;}\">\n\t\t\t\t\t\t\t<div class=\"elementor-background-overlay\"><\/div>\n\t\t\t\t\t\t\t<div class=\"elementor-container elementor-column-gap-default\">\n\t\t\t\t\t<div class=\"elementor-column elementor-col-100 elementor-top-column elementor-element elementor-element-bd5e621\" data-id=\"bd5e621\" data-element_type=\"column\">\n\t\t\t<div class=\"elementor-widget-wrap elementor-element-populated\">\n\t\t\t\t\t\t\t\t<section class=\"elementor-section elementor-inner-section elementor-element elementor-element-6689c8d elementor-section-boxed elementor-section-height-default elementor-section-height-default\" data-id=\"6689c8d\" data-element_type=\"section\">\n\t\t\t\t\t\t<div class=\"elementor-container elementor-column-gap-default\">\n\t\t\t\t\t<div class=\"elementor-column elementor-col-66 elementor-inner-column elementor-element elementor-element-f42cb85\" data-id=\"f42cb85\" data-element_type=\"column\">\n\t\t\t<div class=\"elementor-widget-wrap elementor-element-populated\">\n\t\t\t\t\t\t\t\t<div class=\"elementor-element elementor-element-8256ae1 elementor-widget elementor-widget-heading\" data-id=\"8256ae1\" data-element_type=\"widget\" data-widget_type=\"heading.default\">\n\t\t\t\t<div class=\"elementor-widget-container\">\n\t\t\t<style>\/*! elementor - v3.11.5 - 14-03-2023 *\/\n.elementor-heading-title{padding:0;margin:0;line-height:1}.elementor-widget-heading .elementor-heading-title[class*=elementor-size-]>a{color:inherit;font-size:inherit;line-height:inherit}.elementor-widget-heading .elementor-heading-title.elementor-size-small{font-size:15px}.elementor-widget-heading .elementor-heading-title.elementor-size-medium{font-size:19px}.elementor-widget-heading .elementor-heading-title.elementor-size-large{font-size:29px}.elementor-widget-heading .elementor-heading-title.elementor-size-xl{font-size:39px}.elementor-widget-heading .elementor-heading-title.elementor-size-xxl{font-size:59px}<\/style><h1 class=\"elementor-heading-title elementor-size-default\">Exp\u00e9dition de colis :<\/h1>\t\t<\/div>\n\t\t\t\t<\/div>\n\t\t\t\t\t<\/div>\n\t\t<\/div>\n\t\t\t\t<div class=\"elementor-column elementor-col-33 elementor-inner-column elementor-element elementor-element-ab6f8cd\" data-id=\"ab6f8cd\" data-element_type=\"column\">\n\t\t\t<div class=\"elementor-widget-wrap\">\n\t\t\t\t\t\t\t\t\t<\/div>\n\t\t<\/div>\n\t\t\t\t\t\t\t<\/div>\n\t\t<\/section>\n\t\t\t\t<section class=\"elementor-section elementor-inner-section elementor-element elementor-element-ca5edea elementor-section-boxed elementor-section-height-default elementor-section-height-default\" data-id=\"ca5edea\" data-element_type=\"section\">\n\t\t\t\t\t\t<div class=\"elementor-container elementor-column-gap-default\">\n\t\t\t\t\t<div class=\"elementor-column elementor-col-66 elementor-inner-column elementor-element elementor-element-823105c\" data-id=\"823105c\" data-element_type=\"column\">\n\t\t\t<div class=\"elementor-widget-wrap\">\n\t\t\t\t\t\t\t\t\t<\/div>\n\t\t<\/div>\n\t\t\t\t<div class=\"elementor-column elementor-col-33 elementor-inner-column elementor-element elementor-element-158d16b\" data-id=\"158d16b\" data-element_type=\"column\" data-settings=\"{&quot;background_background&quot;:&quot;classic&quot;}\">\n\t\t\t<div class=\"elementor-widget-wrap elementor-element-populated\">\n\t\t\t\t\t\t\t\t\t<\/div>\n\t\t<\/div>\n\t\t\t\t\t\t\t<\/div>\n\t\t<\/section>\n\t\t\t\t\t<\/div>\n\t\t<\/div>\n\t\t\t\t\t\t\t<\/div>\n\t\t<\/section>\n\t\t\t\t<section class=\"elementor-section elementor-top-section elementor-element elementor-element-68df5b7 elementor-section-boxed elementor-section-height-default elementor-section-height-default\" data-id=\"68df5b7\" data-element_type=\"section\" data-settings=\"{&quot;background_background&quot;:&quot;gradient&quot;}\">\n\t\t\t\t\t\t<div class=\"elementor-container elementor-column-gap-default\">\n\t\t\t\t\t<div class=\"elementor-column elementor-col-100 elementor-top-column elementor-element elementor-element-56ea3bf\" data-id=\"56ea3bf\" data-element_type=\"column\">\n\t\t\t<div class=\"elementor-widget-wrap elementor-element-populated\">\n\t\t\t\t\t\t\t\t<div class=\"elementor-element elementor-element-9d1840c elementor-widget elementor-widget-text-editor\" data-id=\"9d1840c\" data-element_type=\"widget\" data-widget_type=\"text-editor.default\">\n\t\t\t\t<div class=\"elementor-widget-container\">\n\t\t\t<style>\/*! elementor - v3.11.5 - 14-03-2023 *\/\n.elementor-widget-text-editor.elementor-drop-cap-view-stacked .elementor-drop-cap{background-color:#818a91;color:#fff}.elementor-widget-text-editor.elementor-drop-cap-view-framed .elementor-drop-cap{color:#818a91;border:3px solid;background-color:transparent}.elementor-widget-text-editor:not(.elementor-drop-cap-view-default) .elementor-drop-cap{margin-top:8px}.elementor-widget-text-editor:not(.elementor-drop-cap-view-default) .elementor-drop-cap-letter{width:1em;height:1em}.elementor-widget-text-editor .elementor-drop-cap{float:left;text-align:center;line-height:1;font-size:50px}.elementor-widget-text-editor .elementor-drop-cap-letter{display:inline-block}<\/style>\t\t\t\t<p><img loading=\"lazy\" decoding=\"async\" class=\"aligncenter wp-image-1545 size-full\" src=\"http:\/\/www.chinaconsign.com\/wp-content\/uploads\/2023\/04\/yacht-ship-boat-3204310-e1681482078398.jpg\" alt=\"china shipping, ship, boat-3204310.jpg\" width=\"1280\" height=\"323\" srcset=\"https:\/\/www.chinaconsign.com\/wp-content\/uploads\/2023\/04\/yacht-ship-boat-3204310-e1681482078398.jpg 1280w, https:\/\/www.chinaconsign.com\/wp-content\/uploads\/2023\/04\/yacht-ship-boat-3204310-e1681482078398-300x76.jpg 300w, https:\/\/www.chinaconsign.com\/wp-content\/uploads\/2023\/04\/yacht-ship-boat-3204310-e1681482078398-1024x258.jpg 1024w, https:\/\/www.chinaconsign.com\/wp-content\/uploads\/2023\/04\/yacht-ship-boat-3204310-e1681482078398-768x194.jpg 768w, https:\/\/www.chinaconsign.com\/wp-content\/uploads\/2023\/04\/yacht-ship-boat-3204310-e1681482078398-18x5.jpg 18w\" sizes=\"auto, (max-width: 1280px) 100vw, 1280px\" \/><\/p><h4><span style=\"color: #ff6600;\"><strong>Vous en avez assez des frais d'exp\u00e9dition \u00e9lev\u00e9s et des difficult\u00e9s de consolidation lorsque vous achetez des marchandises directement aupr\u00e8s de fournisseurs chinois ?<\/strong><\/span><\/h4><p>Chez China Consign, nous fournissons un service complet d'exp\u00e9dition de colis qui \u00e9limine les tracas de l'exp\u00e9dition internationale.<\/p><p>Notre adresse d'exp\u00e9dition en Chine facilite la livraison et notre \u00e9quipe d'experts propose des solutions d'emballage group\u00e9 pour les achats multiples, ce qui r\u00e9duit consid\u00e9rablement vos frais d'exp\u00e9dition. Nous proposons \u00e9galement un stockage s\u00e9curis\u00e9 dans nos locaux ultramodernes afin de garantir la conservation de vos colis.<\/p><p>Chez China Consign, nous sommes fiers de nos partenariats avec des soci\u00e9t\u00e9s de logistique de premier plan telles que FedEx, DHL et UPS, qui nous permettent de proposer des tarifs d'exp\u00e9dition internationale tr\u00e8s comp\u00e9titifs. Cet avantage tarifaire nous permet de nous d\u00e9marquer de la concurrence et de garantir aux clients le meilleur rapport qualit\u00e9-prix.<\/p><p>De plus, nous comprenons l'importance de l'assurance qualit\u00e9 dans les achats en ligne. Notre \u00e9quipe de contr\u00f4le de la qualit\u00e9 examine tous les produits pour s'assurer qu'ils r\u00e9pondent aux sp\u00e9cifications exactes fournies par nos clients. Nous fournissons \u00e9galement une v\u00e9rification photographique des articles re\u00e7us dans nos locaux, ainsi que des services d'inspection de l'emballage pour une protection suppl\u00e9mentaire.<\/p><p>Contrairement \u00e0 bon nombre de nos concurrents, China Consign n'impose pas de frais cach\u00e9s. Nous proposons des prix transparents et des services abordables, qui comprennent non seulement l'acheminement des colis, mais aussi le d\u00e9douanement et la livraison \u00e0 votre porte. Choisissez parmi diff\u00e9rentes options d'exp\u00e9dition en fonction de votre budget et de vos besoins.<\/p><p>Chez China Consign, nous avons b\u00e2ti notre entreprise sur la fourniture d'un excellent service \u00e0 la client\u00e8le et d'un service d'exp\u00e9dition de colis de premi\u00e8re qualit\u00e9. Rejoignez-nous d\u00e8s aujourd'hui et faites l'exp\u00e9rience de l'achat direct en Chine en toute s\u00e9r\u00e9nit\u00e9.<\/p>\t\t\t\t\t\t<\/div>\n\t\t\t\t<\/div>\n\t\t\t\t\t<\/div>\n\t\t<\/div>\n\t\t\t\t\t\t\t<\/div>\n\t\t<\/section>\n\t\t\t\t<section class=\"elementor-section elementor-top-section elementor-element elementor-element-f01871f elementor-section-content-middle elementor-section-boxed elementor-section-height-default elementor-section-height-default\" data-id=\"f01871f\" data-element_type=\"section\" data-settings=\"{&quot;background_background&quot;:&quot;classic&quot;}\">\n\t\t\t\t\t\t\t<div class=\"elementor-background-overlay\"><\/div>\n\t\t\t\t\t\t\t<div class=\"elementor-container elementor-column-gap-no\">\n\t\t\t\t\t<div class=\"elementor-column elementor-col-66 elementor-top-column elementor-element elementor-element-4ae5b88\" data-id=\"4ae5b88\" data-element_type=\"column\">\n\t\t\t<div class=\"elementor-widget-wrap elementor-element-populated\">\n\t\t\t\t\t\t\t\t<div class=\"elementor-element elementor-element-ea8daca elementor-widget elementor-widget-heading\" data-id=\"ea8daca\" data-element_type=\"widget\" data-widget_type=\"heading.default\">\n\t\t\t\t<div class=\"elementor-widget-container\">\n\t\t\t<h2 class=\"elementor-heading-title elementor-size-default\">Faites l'exp\u00e9rience de l'achat direct en Chine en toute s\u00e9r\u00e9nit\u00e9 gr\u00e2ce au service d'exp\u00e9dition de colis tout compris de China Consign.<\/h2>\t\t<\/div>\n\t\t\t\t<\/div>\n\t\t\t\t<div class=\"elementor-element elementor-element-45e93bc elementor-widget elementor-widget-text-editor\" data-id=\"45e93bc\" data-element_type=\"widget\" data-widget_type=\"text-editor.default\">\n\t\t\t\t<div class=\"elementor-widget-container\">\n\t\t\t\t\t\t\t\t\t\t\t\t\t<\/div>\n\t\t\t\t<\/div>\n\t\t\t\t<div class=\"elementor-element elementor-element-c6a212d elementor-align-left elementor-widget elementor-widget-button\" data-id=\"c6a212d\" data-element_type=\"widget\" data-widget_type=\"button.default\">\n\t\t\t\t<div class=\"elementor-widget-container\">\n\t\t\t\t\t<div class=\"elementor-button-wrapper\">\n\t\t\t<a href=\"https:\/\/www.chinaconsign.com\/fr\/contact\/\" class=\"elementor-button-link elementor-button elementor-size-md\" role=\"button\">\n\t\t\t\t\t\t<span class=\"elementor-button-content-wrapper\">\n\t\t\t\t\t\t<span class=\"elementor-button-text\">Obtenir un devis gratuit<\/span>\n\t\t<\/span>\n\t\t\t\t\t<\/a>\n\t\t<\/div>\n\t\t\t\t<\/div>\n\t\t\t\t<\/div>\n\t\t\t\t\t<\/div>\n\t\t<\/div>\n\t\t\t\t<div class=\"elementor-column elementor-col-33 elementor-top-column elementor-element elementor-element-8161240\" data-id=\"8161240\" data-element_type=\"column\">\n\t\t\t<div class=\"elementor-widget-wrap\">\n\t\t\t\t\t\t\t\t\t<\/div>\n\t\t<\/div>\n\t\t\t\t\t\t\t<\/div>\n\t\t<\/section>\n\t\t\t\t\t\t\t<\/div>","protected":false},"excerpt":{"rendered":"<p>Exp\u00e9dition de colis : Vous en avez assez des frais d'exp\u00e9dition \u00e9lev\u00e9s et des difficult\u00e9s de consolidation lors de l'achat de marchandises directement aupr\u00e8s de fournisseurs chinois ? Chez China Consign, nous proposons un service complet d'exp\u00e9dition de colis qui vous \u00e9pargne les tracas de l'exp\u00e9dition internationale. Notre adresse d'exp\u00e9dition en Chine permet une livraison facile et notre \u00e9quipe d'experts fournit un emballage consolid\u00e9 ...<\/p>\n<p class=\"read-more\"> <a class=\"\" href=\"https:\/\/www.chinaconsign.com\/fr\/china-package-forwarding\/\"> <span class=\"screen-reader-text\">Exp\u00e9dition de colis en Chine<\/span> Lire la suite \"<\/a><\/p>","protected":false},"author":1,"featured_media":1041,"parent":0,"menu_order":0,"comment_status":"closed","ping_status":"closed","template":"","meta":{"site-sidebar-layout":"default","site-content-layout":"page-builder","ast-global-header-display":"","ast-main-header-display":"","ast-hfb-above-header-display":"","ast-hfb-below-header-display":"","ast-hfb-mobile-header-display":"","site-post-title":"disabled","ast-breadcrumbs-content":"","ast-featured-img":"disabled","footer-sml-layout":"","theme-transparent-header-meta":"enabled","adv-header-id-meta":"","stick-header-meta":"","header-above-stick-meta":"","header-main-stick-meta":"","header-below-stick-meta":"","footnotes":""},"class_list":["post-1543","page","type-page","status-publish","has-post-thumbnail","hentry"],"aioseo_notices":[],"_links":{"self":[{"href":"https:\/\/www.chinaconsign.com\/fr\/wp-json\/wp\/v2\/pages\/1543","targetHints":{"allow":["GET"]}}],"collection":[{"href":"https:\/\/www.chinaconsign.com\/fr\/wp-json\/wp\/v2\/pages"}],"about":[{"href":"https:\/\/www.chinaconsign.com\/fr\/wp-json\/wp\/v2\/types\/page"}],"author":[{"embeddable":true,"href":"https:\/\/www.chinaconsign.com\/fr\/wp-json\/wp\/v2\/users\/1"}],"replies":[{"embeddable":true,"href":"https:\/\/www.chinaconsign.com\/fr\/wp-json\/wp\/v2\/comments?post=1543"}],"version-history":[{"count":0,"href":"https:\/\/www.chinaconsign.com\/fr\/wp-json\/wp\/v2\/pages\/1543\/revisions"}],"wp:featuredmedia":[{"embeddable":true,"href":"https:\/\/www.chinaconsign.com\/fr\/wp-json\/wp\/v2\/media\/1041"}],"wp:attachment":[{"href":"https:\/\/www.chinaconsign.com\/fr\/wp-json\/wp\/v2\/media?parent=1543"}],"curies":[{"name":"wp","href":"https:\/\/api.w.org\/{rel}","templated":true}]}}