{"id":1531,"date":"2023-04-14T21:20:19","date_gmt":"2023-04-14T13:20:19","guid":{"rendered":"https:\/\/www.chinaconsign.com\/?page_id=1531"},"modified":"2025-08-31T16:35:19","modified_gmt":"2025-08-31T08:35:19","slug":"china-package-consolidation-service","status":"publish","type":"page","link":"https:\/\/www.chinaconsign.com\/fr\/china-package-consolidation-service\/","title":{"rendered":"Service de groupage de colis en Chine"},"content":{"rendered":"<div data-elementor-type=\"wp-post\" data-elementor-id=\"1531\" class=\"elementor elementor-1531\">\n\t\t\t\t\t\t\t\t\t<section class=\"elementor-section elementor-top-section elementor-element elementor-element-b1d7697 elementor-section-boxed elementor-section-height-default elementor-section-height-default\" data-id=\"b1d7697\" data-element_type=\"section\" data-settings=\"{&quot;background_background&quot;:&quot;classic&quot;}\">\n\t\t\t\t\t\t\t<div class=\"elementor-background-overlay\"><\/div>\n\t\t\t\t\t\t\t<div class=\"elementor-container elementor-column-gap-default\">\n\t\t\t\t\t<div class=\"elementor-column elementor-col-100 elementor-top-column elementor-element elementor-element-bd5e621\" data-id=\"bd5e621\" data-element_type=\"column\">\n\t\t\t<div class=\"elementor-widget-wrap elementor-element-populated\">\n\t\t\t\t\t\t\t\t<section class=\"elementor-section elementor-inner-section elementor-element elementor-element-6689c8d elementor-section-boxed elementor-section-height-default elementor-section-height-default\" data-id=\"6689c8d\" data-element_type=\"section\">\n\t\t\t\t\t\t<div class=\"elementor-container elementor-column-gap-default\">\n\t\t\t\t\t<div class=\"elementor-column elementor-col-66 elementor-inner-column elementor-element elementor-element-f42cb85\" data-id=\"f42cb85\" data-element_type=\"column\">\n\t\t\t<div class=\"elementor-widget-wrap elementor-element-populated\">\n\t\t\t\t\t\t\t\t<div class=\"elementor-element elementor-element-8256ae1 elementor-widget elementor-widget-heading\" data-id=\"8256ae1\" data-element_type=\"widget\" data-widget_type=\"heading.default\">\n\t\t\t\t<div class=\"elementor-widget-container\">\n\t\t\t<style>\/*! elementor - v3.11.5 - 14-03-2023 *\/\n.elementor-heading-title{padding:0;margin:0;line-height:1}.elementor-widget-heading .elementor-heading-title[class*=elementor-size-]>a{color:inherit;font-size:inherit;line-height:inherit}.elementor-widget-heading .elementor-heading-title.elementor-size-small{font-size:15px}.elementor-widget-heading .elementor-heading-title.elementor-size-medium{font-size:19px}.elementor-widget-heading .elementor-heading-title.elementor-size-large{font-size:29px}.elementor-widget-heading .elementor-heading-title.elementor-size-xl{font-size:39px}.elementor-widget-heading .elementor-heading-title.elementor-size-xxl{font-size:59px}<\/style><h1 class=\"elementor-heading-title elementor-size-default\">Service de consolidation des colis :<\/h1>\t\t<\/div>\n\t\t\t\t<\/div>\n\t\t\t\t\t<\/div>\n\t\t<\/div>\n\t\t\t\t<div class=\"elementor-column elementor-col-33 elementor-inner-column elementor-element elementor-element-ab6f8cd\" data-id=\"ab6f8cd\" data-element_type=\"column\">\n\t\t\t<div class=\"elementor-widget-wrap\">\n\t\t\t\t\t\t\t\t\t<\/div>\n\t\t<\/div>\n\t\t\t\t\t\t\t<\/div>\n\t\t<\/section>\n\t\t\t\t<section class=\"elementor-section elementor-inner-section elementor-element elementor-element-ca5edea elementor-section-boxed elementor-section-height-default elementor-section-height-default\" data-id=\"ca5edea\" data-element_type=\"section\">\n\t\t\t\t\t\t<div class=\"elementor-container elementor-column-gap-default\">\n\t\t\t\t\t<div class=\"elementor-column elementor-col-66 elementor-inner-column elementor-element elementor-element-823105c\" data-id=\"823105c\" data-element_type=\"column\">\n\t\t\t<div class=\"elementor-widget-wrap\">\n\t\t\t\t\t\t\t\t\t<\/div>\n\t\t<\/div>\n\t\t\t\t<div class=\"elementor-column elementor-col-33 elementor-inner-column elementor-element elementor-element-158d16b\" data-id=\"158d16b\" data-element_type=\"column\" data-settings=\"{&quot;background_background&quot;:&quot;classic&quot;}\">\n\t\t\t<div class=\"elementor-widget-wrap elementor-element-populated\">\n\t\t\t\t\t\t\t\t\t<\/div>\n\t\t<\/div>\n\t\t\t\t\t\t\t<\/div>\n\t\t<\/section>\n\t\t\t\t\t<\/div>\n\t\t<\/div>\n\t\t\t\t\t\t\t<\/div>\n\t\t<\/section>\n\t\t\t\t<section class=\"elementor-section elementor-top-section elementor-element elementor-element-68df5b7 elementor-section-boxed elementor-section-height-default elementor-section-height-default\" data-id=\"68df5b7\" data-element_type=\"section\" data-settings=\"{&quot;background_background&quot;:&quot;gradient&quot;}\">\n\t\t\t\t\t\t<div class=\"elementor-container elementor-column-gap-default\">\n\t\t\t\t\t<div class=\"elementor-column elementor-col-100 elementor-top-column elementor-element elementor-element-56ea3bf\" data-id=\"56ea3bf\" data-element_type=\"column\">\n\t\t\t<div class=\"elementor-widget-wrap elementor-element-populated\">\n\t\t\t\t\t\t\t\t<div class=\"elementor-element elementor-element-9d1840c elementor-widget elementor-widget-text-editor\" data-id=\"9d1840c\" data-element_type=\"widget\" data-widget_type=\"text-editor.default\">\n\t\t\t\t<div class=\"elementor-widget-container\">\n\t\t\t<style>\/*! elementor - v3.11.5 - 14-03-2023 *\/\n.elementor-widget-text-editor.elementor-drop-cap-view-stacked .elementor-drop-cap{background-color:#818a91;color:#fff}.elementor-widget-text-editor.elementor-drop-cap-view-framed .elementor-drop-cap{color:#818a91;border:3px solid;background-color:transparent}.elementor-widget-text-editor:not(.elementor-drop-cap-view-default) .elementor-drop-cap{margin-top:8px}.elementor-widget-text-editor:not(.elementor-drop-cap-view-default) .elementor-drop-cap-letter{width:1em;height:1em}.elementor-widget-text-editor .elementor-drop-cap{float:left;text-align:center;line-height:1;font-size:50px}.elementor-widget-text-editor .elementor-drop-cap-letter{display:inline-block}<\/style>\t\t\t\t<p>Nous proposons un service de consolidation de colis pour la Chine dans le cadre duquel nous <strong>collecter<\/strong>,<strong> consolider<\/strong>,<strong> magasin<\/strong>et <strong>navire<\/strong> tous vos biens en un seul paquet, ce qui vous offre une foule d'avantages.<\/p><p><img loading=\"lazy\" decoding=\"async\" class=\"aligncenter wp-image-1533\" src=\"http:\/\/www.chinaconsign.com\/wp-content\/uploads\/2023\/04\/financial-analysis-accounting-5050415-300x194.jpg\" alt=\"financi\u00e8re, analyse, comptabilit\u00e9-5050415.jpg\" width=\"600\" height=\"387\" srcset=\"https:\/\/www.chinaconsign.com\/wp-content\/uploads\/2023\/04\/financial-analysis-accounting-5050415-300x194.jpg 300w, https:\/\/www.chinaconsign.com\/wp-content\/uploads\/2023\/04\/financial-analysis-accounting-5050415-1024x661.jpg 1024w, https:\/\/www.chinaconsign.com\/wp-content\/uploads\/2023\/04\/financial-analysis-accounting-5050415-768x496.jpg 768w, https:\/\/www.chinaconsign.com\/wp-content\/uploads\/2023\/04\/financial-analysis-accounting-5050415-18x12.jpg 18w, https:\/\/www.chinaconsign.com\/wp-content\/uploads\/2023\/04\/financial-analysis-accounting-5050415.jpg 1280w\" sizes=\"auto, (max-width: 600px) 100vw, 600px\" \/><\/p><p><strong>R\u00e9duction des co\u00fbts et augmentation des \u00e9conomies<\/strong><\/p><p>Notre service de consolidation des colis peut vous faire \u00e9conomiser jusqu'\u00e0 70%. L'exp\u00e9dition de plusieurs commandes individuelles pour chaque fournisseur peut s'av\u00e9rer co\u00fbteuse, le premier demi-kilo co\u00fbtant plus cher que les suivants. En regroupant vos achats en un seul envoi, vous \u00e9vitez de payer plusieurs demi-kilos initiaux, ce qui r\u00e9duit le co\u00fbt total de votre commande.<\/p><p><strong>Tarifs d'exp\u00e9dition comp\u00e9titifs avec remise de groupe<\/strong><\/p><p>Avec China Consign, vous b\u00e9n\u00e9ficiez de frais d'exp\u00e9dition r\u00e9duits gr\u00e2ce \u00e0 nos partenariats avec les principales soci\u00e9t\u00e9s d'exp\u00e9dition telles que DHL, FedEx, UPS et Aramex. Nous proposons des tarifs r\u00e9duits pour les envois de plus de 21 KG.<\/p><p><strong>Services inclusifs<\/strong><\/p><p>Nous fournissons des services inclusifs suppl\u00e9mentaires, tels que l'inspection, les photos, l'assurance qualit\u00e9, le remballage par l'\u00e9quipe et le regroupement des articles dans une seule bo\u00eete.<\/p><p><strong>Conclusion<\/strong><\/p><p>Le service de consolidation de colis en Chine de China Consign offre aux clients un moyen abordable et efficace de se procurer des produits en provenance de Chine. Nous vous aidons \u00e0 \u00e9viter les interm\u00e9diaires tout en garantissant la qualit\u00e9 et la rapidit\u00e9 de la livraison, ce qui vous permet de r\u00e9aliser des \u00e9conomies consid\u00e9rables. Nos tarifs comp\u00e9titifs, nos services inclus et nos diverses options d'exp\u00e9dition font de nous un choix souhaitable pour la consolidation de colis en provenance de Chine.<\/p>\t\t\t\t\t\t<\/div>\n\t\t\t\t<\/div>\n\t\t\t\t\t<\/div>\n\t\t<\/div>\n\t\t\t\t\t\t\t<\/div>\n\t\t<\/section>\n\t\t\t\t<section class=\"elementor-section elementor-top-section elementor-element elementor-element-f01871f elementor-section-content-middle elementor-section-boxed elementor-section-height-default elementor-section-height-default\" data-id=\"f01871f\" data-element_type=\"section\" data-settings=\"{&quot;background_background&quot;:&quot;classic&quot;}\">\n\t\t\t\t\t\t\t<div class=\"elementor-background-overlay\"><\/div>\n\t\t\t\t\t\t\t<div class=\"elementor-container elementor-column-gap-no\">\n\t\t\t\t\t<div class=\"elementor-column elementor-col-66 elementor-top-column elementor-element elementor-element-4ae5b88\" data-id=\"4ae5b88\" data-element_type=\"column\">\n\t\t\t<div class=\"elementor-widget-wrap elementor-element-populated\">\n\t\t\t\t\t\t\t\t<div class=\"elementor-element elementor-element-ea8daca elementor-widget elementor-widget-heading\" data-id=\"ea8daca\" data-element_type=\"widget\" data-widget_type=\"heading.default\">\n\t\t\t\t<div class=\"elementor-widget-container\">\n\t\t\t<h2 class=\"elementor-heading-title elementor-size-default\">Vous en avez assez de payer trop cher les frais d'exp\u00e9dition lorsque vous achetez en Chine ?<\/h2>\t\t<\/div>\n\t\t\t\t<\/div>\n\t\t\t\t<div class=\"elementor-element elementor-element-45e93bc elementor-widget elementor-widget-text-editor\" data-id=\"45e93bc\" data-element_type=\"widget\" data-widget_type=\"text-editor.default\">\n\t\t\t\t<div class=\"elementor-widget-container\">\n\t\t\t\t\t\t\t<p><span class=\"src\" data-group=\"8-1\">Le service de consolidation de colis de China Consign vous permet d'\u00e9conomiser de l'argent tout en profitant de la commodit\u00e9 de l'achat direct en Chine. <\/span><span class=\"src\" data-group=\"8-2\"> Prenez contact avec nous d\u00e8s aujourd'hui et d\u00e9couvrez les avantages de notre service !<\/span><\/p>\t\t\t\t\t\t<\/div>\n\t\t\t\t<\/div>\n\t\t\t\t<div class=\"elementor-element elementor-element-c6a212d elementor-align-left elementor-widget elementor-widget-button\" data-id=\"c6a212d\" data-element_type=\"widget\" data-widget_type=\"button.default\">\n\t\t\t\t<div class=\"elementor-widget-container\">\n\t\t\t\t\t<div class=\"elementor-button-wrapper\">\n\t\t\t<a href=\"https:\/\/www.chinaconsign.com\/fr\/contact\/\" class=\"elementor-button-link elementor-button elementor-size-md\" role=\"button\">\n\t\t\t\t\t\t<span class=\"elementor-button-content-wrapper\">\n\t\t\t\t\t\t<span class=\"elementor-button-text\">Prendre contact<\/span>\n\t\t<\/span>\n\t\t\t\t\t<\/a>\n\t\t<\/div>\n\t\t\t\t<\/div>\n\t\t\t\t<\/div>\n\t\t\t\t\t<\/div>\n\t\t<\/div>\n\t\t\t\t<div class=\"elementor-column elementor-col-33 elementor-top-column elementor-element elementor-element-8161240\" data-id=\"8161240\" data-element_type=\"column\">\n\t\t\t<div class=\"elementor-widget-wrap\">\n\t\t\t\t\t\t\t\t\t<\/div>\n\t\t<\/div>\n\t\t\t\t\t\t\t<\/div>\n\t\t<\/section>\n\t\t\t\t\t\t\t<\/div>","protected":false},"excerpt":{"rendered":"<p>Service de consolidation de colis : Nous proposons un service de groupage de colis en Chine dans le cadre duquel nous collectons, groupons, stockons et exp\u00e9dions toutes vos marchandises en un seul colis, ce qui vous offre de nombreux avantages. R\u00e9duction des co\u00fbts et augmentation des \u00e9conomies Notre service de consolidation des colis peut vous faire \u00e9conomiser jusqu'\u00e0 70%. L'exp\u00e9dition de plusieurs commandes individuellement pour chaque fournisseur peut s'av\u00e9rer co\u00fbteuse, ...<\/p>\n<p class=\"read-more\"> <a class=\"\" href=\"https:\/\/www.chinaconsign.com\/fr\/china-package-consolidation-service\/\"> <span class=\"screen-reader-text\">Service de groupage de colis en Chine<\/span> Lire la suite \"<\/a><\/p>","protected":false},"author":1,"featured_media":1038,"parent":0,"menu_order":0,"comment_status":"closed","ping_status":"closed","template":"","meta":{"site-sidebar-layout":"default","site-content-layout":"page-builder","ast-global-header-display":"","ast-main-header-display":"","ast-hfb-above-header-display":"","ast-hfb-below-header-display":"","ast-hfb-mobile-header-display":"","site-post-title":"disabled","ast-breadcrumbs-content":"","ast-featured-img":"disabled","footer-sml-layout":"","theme-transparent-header-meta":"enabled","adv-header-id-meta":"","stick-header-meta":"","header-above-stick-meta":"","header-main-stick-meta":"","header-below-stick-meta":"","footnotes":""},"class_list":["post-1531","page","type-page","status-publish","has-post-thumbnail","hentry"],"aioseo_notices":[],"_links":{"self":[{"href":"https:\/\/www.chinaconsign.com\/fr\/wp-json\/wp\/v2\/pages\/1531","targetHints":{"allow":["GET"]}}],"collection":[{"href":"https:\/\/www.chinaconsign.com\/fr\/wp-json\/wp\/v2\/pages"}],"about":[{"href":"https:\/\/www.chinaconsign.com\/fr\/wp-json\/wp\/v2\/types\/page"}],"author":[{"embeddable":true,"href":"https:\/\/www.chinaconsign.com\/fr\/wp-json\/wp\/v2\/users\/1"}],"replies":[{"embeddable":true,"href":"https:\/\/www.chinaconsign.com\/fr\/wp-json\/wp\/v2\/comments?post=1531"}],"version-history":[{"count":0,"href":"https:\/\/www.chinaconsign.com\/fr\/wp-json\/wp\/v2\/pages\/1531\/revisions"}],"wp:featuredmedia":[{"embeddable":true,"href":"https:\/\/www.chinaconsign.com\/fr\/wp-json\/wp\/v2\/media\/1038"}],"wp:attachment":[{"href":"https:\/\/www.chinaconsign.com\/fr\/wp-json\/wp\/v2\/media?parent=1531"}],"curies":[{"name":"wp","href":"https:\/\/api.w.org\/{rel}","templated":true}]}}