{"id":1519,"date":"2023-04-14T19:44:32","date_gmt":"2023-04-14T11:44:32","guid":{"rendered":"https:\/\/www.chinaconsign.com\/?page_id=1519"},"modified":"2025-08-31T16:41:25","modified_gmt":"2025-08-31T08:41:25","slug":"china-sourcing-services","status":"publish","type":"page","link":"https:\/\/www.chinaconsign.com\/fr\/china-sourcing-services\/","title":{"rendered":"Services d'approvisionnement en Chine"},"content":{"rendered":"<div data-elementor-type=\"wp-post\" data-elementor-id=\"1519\" class=\"elementor elementor-1519\">\n\t\t\t\t\t\t\t\t\t<section class=\"elementor-section elementor-top-section elementor-element elementor-element-b1d7697 elementor-section-boxed elementor-section-height-default elementor-section-height-default\" data-id=\"b1d7697\" data-element_type=\"section\" data-settings=\"{&quot;background_background&quot;:&quot;classic&quot;}\">\n\t\t\t\t\t\t\t<div class=\"elementor-background-overlay\"><\/div>\n\t\t\t\t\t\t\t<div class=\"elementor-container elementor-column-gap-default\">\n\t\t\t\t\t<div class=\"elementor-column elementor-col-100 elementor-top-column elementor-element elementor-element-bd5e621\" data-id=\"bd5e621\" data-element_type=\"column\">\n\t\t\t<div class=\"elementor-widget-wrap elementor-element-populated\">\n\t\t\t\t\t\t\t\t<section class=\"elementor-section elementor-inner-section elementor-element elementor-element-6689c8d elementor-section-boxed elementor-section-height-default elementor-section-height-default\" data-id=\"6689c8d\" data-element_type=\"section\">\n\t\t\t\t\t\t<div class=\"elementor-container elementor-column-gap-default\">\n\t\t\t\t\t<div class=\"elementor-column elementor-col-66 elementor-inner-column elementor-element elementor-element-f42cb85\" data-id=\"f42cb85\" data-element_type=\"column\">\n\t\t\t<div class=\"elementor-widget-wrap elementor-element-populated\">\n\t\t\t\t\t\t\t\t<div class=\"elementor-element elementor-element-8256ae1 elementor-widget elementor-widget-heading\" data-id=\"8256ae1\" data-element_type=\"widget\" data-widget_type=\"heading.default\">\n\t\t\t\t<div class=\"elementor-widget-container\">\n\t\t\t<style>\/*! elementor - v3.11.5 - 14-03-2023 *\/\n.elementor-heading-title{padding:0;margin:0;line-height:1}.elementor-widget-heading .elementor-heading-title[class*=elementor-size-]>a{color:inherit;font-size:inherit;line-height:inherit}.elementor-widget-heading .elementor-heading-title.elementor-size-small{font-size:15px}.elementor-widget-heading .elementor-heading-title.elementor-size-medium{font-size:19px}.elementor-widget-heading .elementor-heading-title.elementor-size-large{font-size:29px}.elementor-widget-heading .elementor-heading-title.elementor-size-xl{font-size:39px}.elementor-widget-heading .elementor-heading-title.elementor-size-xxl{font-size:59px}<\/style><h1 class=\"elementor-heading-title elementor-size-default\">Services d'approvisionnement :<\/h1>\t\t<\/div>\n\t\t\t\t<\/div>\n\t\t\t\t\t<\/div>\n\t\t<\/div>\n\t\t\t\t<div class=\"elementor-column elementor-col-33 elementor-inner-column elementor-element elementor-element-ab6f8cd\" data-id=\"ab6f8cd\" data-element_type=\"column\">\n\t\t\t<div class=\"elementor-widget-wrap\">\n\t\t\t\t\t\t\t\t\t<\/div>\n\t\t<\/div>\n\t\t\t\t\t\t\t<\/div>\n\t\t<\/section>\n\t\t\t\t<section class=\"elementor-section elementor-inner-section elementor-element elementor-element-ca5edea elementor-section-boxed elementor-section-height-default elementor-section-height-default\" data-id=\"ca5edea\" data-element_type=\"section\">\n\t\t\t\t\t\t<div class=\"elementor-container elementor-column-gap-default\">\n\t\t\t\t\t<div class=\"elementor-column elementor-col-66 elementor-inner-column elementor-element elementor-element-823105c\" data-id=\"823105c\" data-element_type=\"column\">\n\t\t\t<div class=\"elementor-widget-wrap\">\n\t\t\t\t\t\t\t\t\t<\/div>\n\t\t<\/div>\n\t\t\t\t<div class=\"elementor-column elementor-col-33 elementor-inner-column elementor-element elementor-element-158d16b\" data-id=\"158d16b\" data-element_type=\"column\" data-settings=\"{&quot;background_background&quot;:&quot;classic&quot;}\">\n\t\t\t<div class=\"elementor-widget-wrap elementor-element-populated\">\n\t\t\t\t\t\t\t\t\t<\/div>\n\t\t<\/div>\n\t\t\t\t\t\t\t<\/div>\n\t\t<\/section>\n\t\t\t\t\t<\/div>\n\t\t<\/div>\n\t\t\t\t\t\t\t<\/div>\n\t\t<\/section>\n\t\t\t\t<section class=\"elementor-section elementor-top-section elementor-element elementor-element-68df5b7 elementor-section-boxed elementor-section-height-default elementor-section-height-default\" data-id=\"68df5b7\" data-element_type=\"section\" data-settings=\"{&quot;background_background&quot;:&quot;gradient&quot;}\">\n\t\t\t\t\t\t<div class=\"elementor-container elementor-column-gap-default\">\n\t\t\t\t\t<div class=\"elementor-column elementor-col-100 elementor-top-column elementor-element elementor-element-56ea3bf\" data-id=\"56ea3bf\" data-element_type=\"column\" data-settings=\"{&quot;background_background&quot;:&quot;slideshow&quot;,&quot;background_slideshow_gallery&quot;:[],&quot;background_slideshow_loop&quot;:&quot;yes&quot;,&quot;background_slideshow_slide_duration&quot;:5000,&quot;background_slideshow_slide_transition&quot;:&quot;fade&quot;,&quot;background_slideshow_transition_duration&quot;:500}\">\n\t\t\t<div class=\"elementor-widget-wrap elementor-element-populated\">\n\t\t\t\t\t\t\t\t<div class=\"elementor-element elementor-element-9d1840c elementor-widget elementor-widget-text-editor\" data-id=\"9d1840c\" data-element_type=\"widget\" data-widget_type=\"text-editor.default\">\n\t\t\t\t<div class=\"elementor-widget-container\">\n\t\t\t<style>\/*! elementor - v3.11.5 - 14-03-2023 *\/\n.elementor-widget-text-editor.elementor-drop-cap-view-stacked .elementor-drop-cap{background-color:#818a91;color:#fff}.elementor-widget-text-editor.elementor-drop-cap-view-framed .elementor-drop-cap{color:#818a91;border:3px solid;background-color:transparent}.elementor-widget-text-editor:not(.elementor-drop-cap-view-default) .elementor-drop-cap{margin-top:8px}.elementor-widget-text-editor:not(.elementor-drop-cap-view-default) .elementor-drop-cap-letter{width:1em;height:1em}.elementor-widget-text-editor .elementor-drop-cap{float:left;text-align:center;line-height:1;font-size:50px}.elementor-widget-text-editor .elementor-drop-cap-letter{display:inline-block}<\/style>\t\t\t\t<p>Chez China Consign, nous offrons des services de sourcing complets aux clients du monde entier qui souhaitent acheter des marchandises en provenance de Chine. Nous sommes fiers de fournir une solution de bout en bout qui va au-del\u00e0 de l'exp\u00e9dition et de la manutention pour garantir \u00e0 nos clients des produits de haute qualit\u00e9 \u00e0 un prix comp\u00e9titif.<\/p><p><img loading=\"lazy\" decoding=\"async\" class=\"aligncenter wp-image-1521\" src=\"http:\/\/www.chinaconsign.com\/wp-content\/uploads\/2023\/04\/quality-hook-check-mark-787673-1024x724.jpg\" alt=\"qualit\u00e9, crochet, marque de contr\u00f4le-787673.jpg\" width=\"600\" height=\"424\" srcset=\"https:\/\/www.chinaconsign.com\/wp-content\/uploads\/2023\/04\/quality-hook-check-mark-787673-1024x724.jpg 1024w, https:\/\/www.chinaconsign.com\/wp-content\/uploads\/2023\/04\/quality-hook-check-mark-787673-300x212.jpg 300w, https:\/\/www.chinaconsign.com\/wp-content\/uploads\/2023\/04\/quality-hook-check-mark-787673-768x543.jpg 768w, https:\/\/www.chinaconsign.com\/wp-content\/uploads\/2023\/04\/quality-hook-check-mark-787673-18x12.jpg 18w, https:\/\/www.chinaconsign.com\/wp-content\/uploads\/2023\/04\/quality-hook-check-mark-787673.jpg 1280w\" sizes=\"auto, (max-width: 600px) 100vw, 600px\" \/><\/p><p><strong>Un contr\u00f4le de qualit\u00e9 fiable<\/strong><br \/>Notre \u00e9quipe de professionnels exp\u00e9riment\u00e9s poss\u00e8de une connaissance approfondie du march\u00e9 chinois et des r\u00e9glementations locales. Cela nous permet d'identifier des fournisseurs fiables, d'effectuer des contr\u00f4les de qualit\u00e9 rigoureux sur tous les produits avant leur exp\u00e9dition et de garantir \u00e0 nos clients une qualit\u00e9 de produit exceptionnelle.<\/p><p><strong>R\u00e9seau \u00e9tendu de fournisseurs et de fabricants<\/strong><br \/>Nous avons \u00e9tabli des partenariats solides avec des fournisseurs et des fabricants de divers secteurs, ce qui nous donne acc\u00e8s \u00e0 une cha\u00eene d'approvisionnement et \u00e0 des canaux de distribution \u00e9tendus. Notre vaste r\u00e9seau nous permet de trouver rapidement et efficacement des produits uniques pour nos clients, m\u00eame s'ils ne sont pas facilement disponibles sur le march\u00e9.<\/p><p><strong>Expertise culturelle et flexibilit\u00e9<\/strong><br \/>Notre expertise culturelle est essentielle pour faire face \u00e0 la complexit\u00e9 des affaires en Chine, y compris les barri\u00e8res linguistiques, les diff\u00e9rences culturelles et les r\u00e9glementations douani\u00e8res. Notre \u00e9quipe est toujours pr\u00eate \u00e0 s'adapter \u00e0 vos exigences sp\u00e9cifiques et \u00e0 vous fournir des solutions de sourcing personnalis\u00e9es en fonction de vos besoins individuels, vous garantissant ainsi une assistance personnalis\u00e9e \u00e0 chaque \u00e9tape du processus.<\/p><p><strong>Un service \u00e0 la client\u00e8le exceptionnel<\/strong><br \/>Nous croyons en l'\u00e9tablissement de relations \u00e0 long terme avec nos clients gr\u00e2ce \u00e0 une communication transparente, fiable et coh\u00e9rente. Notre \u00e9quipe de service \u00e0 la client\u00e8le est l\u00e0 pour r\u00e9pondre \u00e0 toutes vos questions et pr\u00e9occupations, r\u00e9soudre rapidement les probl\u00e8mes et veiller \u00e0 ce que vous viviez une exp\u00e9rience sans faille lorsque vous travaillez avec nous.<\/p><p><strong>Expertise sp\u00e9cialis\u00e9e<\/strong><br \/>Notre \u00e9quipe dispose de dizaines d'ann\u00e9es d'exp\u00e9rience combin\u00e9e et de relations dans divers secteurs. Nous tirons parti de nos sp\u00e9cialisations pour fournir \u00e0 nos clients des solutions sur mesure qui les aident \u00e0 atteindre leurs objectifs, qu'il s'agisse de n\u00e9gocier de meilleurs prix ou d'identifier de nouvelles opportunit\u00e9s d'approvisionnement.<\/p><p>En conclusion, lorsque vous choisissez China Consign pour vos besoins d'approvisionnement, vous pouvez vous attendre \u00e0 un contr\u00f4le de qualit\u00e9 de premier ordre, \u00e0 des r\u00e9seaux \u00e9tendus de fournisseurs et de fabricants, \u00e0 une expertise culturelle et \u00e0 une flexibilit\u00e9, \u00e0 un service client\u00e8le exceptionnel et \u00e0 une expertise sp\u00e9cialis\u00e9e. Laissez-nous vous aider \u00e0 rationaliser votre processus d'approvisionnement et \u00e0 acheter votre prochain produit en Chine en toute confiance !<\/p>\t\t\t\t\t\t<\/div>\n\t\t\t\t<\/div>\n\t\t\t\t\t<\/div>\n\t\t<\/div>\n\t\t\t\t\t\t\t<\/div>\n\t\t<\/section>\n\t\t\t\t<section class=\"elementor-section elementor-top-section elementor-element elementor-element-f01871f elementor-section-content-middle elementor-section-boxed elementor-section-height-default elementor-section-height-default\" data-id=\"f01871f\" data-element_type=\"section\" data-settings=\"{&quot;background_background&quot;:&quot;classic&quot;}\">\n\t\t\t\t\t\t\t<div class=\"elementor-background-overlay\"><\/div>\n\t\t\t\t\t\t\t<div class=\"elementor-container elementor-column-gap-no\">\n\t\t\t\t\t<div class=\"elementor-column elementor-col-66 elementor-top-column elementor-element elementor-element-4ae5b88\" data-id=\"4ae5b88\" data-element_type=\"column\">\n\t\t\t<div class=\"elementor-widget-wrap elementor-element-populated\">\n\t\t\t\t\t\t\t\t<div class=\"elementor-element elementor-element-ea8daca elementor-widget elementor-widget-heading\" data-id=\"ea8daca\" data-element_type=\"widget\" data-widget_type=\"heading.default\">\n\t\t\t\t<div class=\"elementor-widget-container\">\n\t\t\t<h2 class=\"elementor-heading-title elementor-size-default\">Comment China Consign r\u00e9volutionne l'achat direct en Chine ?<\/h2>\t\t<\/div>\n\t\t\t\t<\/div>\n\t\t\t\t<div class=\"elementor-element elementor-element-45e93bc elementor-widget elementor-widget-text-editor\" data-id=\"45e93bc\" data-element_type=\"widget\" data-widget_type=\"text-editor.default\">\n\t\t\t\t<div class=\"elementor-widget-container\">\n\t\t\t\t\t\t\t<p>Nous sommes fiers de fournir \u00e0 nos clients une large gamme de services, notamment des adresses d'exp\u00e9dition chinoises, la consolidation de colis et des solutions de stockage. Notre \u00e9quipe travaille sans rel\u00e2che pour s'assurer que nos clients re\u00e7oivent leurs colis de mani\u00e8re s\u00fbre et efficace, tout en leur permettant d'\u00e9conomiser de l'argent gr\u00e2ce \u00e0 la consolidation des colis et \u00e0 des tarifs d'exp\u00e9dition internationale comp\u00e9titifs. Chez China Consign, nous reconnaissons l'importance d'\u00e9tablir des partenariats solides afin d'offrir \u00e0 nos clients la meilleure exp\u00e9rience possible. C'est pourquoi nous travaillons en \u00e9troite collaboration avec des g\u00e9ants de la logistique mondiale tels que FedEx et UPS afin d'offrir \u00e0 nos clients des tarifs d'exp\u00e9dition imbattables et des options de transport fiables.<\/p>\t\t\t\t\t\t<\/div>\n\t\t\t\t<\/div>\n\t\t\t\t<div class=\"elementor-element elementor-element-c6a212d elementor-align-left elementor-widget elementor-widget-button\" data-id=\"c6a212d\" data-element_type=\"widget\" data-widget_type=\"button.default\">\n\t\t\t\t<div class=\"elementor-widget-container\">\n\t\t\t\t\t<div class=\"elementor-button-wrapper\">\n\t\t\t<a href=\"https:\/\/www.chinaconsign.com\/fr\/contact\/\" class=\"elementor-button-link elementor-button elementor-size-md\" role=\"button\">\n\t\t\t\t\t\t<span class=\"elementor-button-content-wrapper\">\n\t\t\t\t\t\t<span class=\"elementor-button-text\">Prendre contact<\/span>\n\t\t<\/span>\n\t\t\t\t\t<\/a>\n\t\t<\/div>\n\t\t\t\t<\/div>\n\t\t\t\t<\/div>\n\t\t\t\t\t<\/div>\n\t\t<\/div>\n\t\t\t\t<div class=\"elementor-column elementor-col-33 elementor-top-column elementor-element elementor-element-8161240\" data-id=\"8161240\" data-element_type=\"column\">\n\t\t\t<div class=\"elementor-widget-wrap\">\n\t\t\t\t\t\t\t\t\t<\/div>\n\t\t<\/div>\n\t\t\t\t\t\t\t<\/div>\n\t\t<\/section>\n\t\t\t\t\t\t\t<\/div>","protected":false},"excerpt":{"rendered":"<p>Services de recherche de fournisseurs : Chez China Consign, nous proposons des services de sourcing complets aux clients du monde entier qui souhaitent acheter des marchandises en provenance de Chine. Nous sommes fiers de fournir une solution de bout en bout qui va au-del\u00e0 de l'exp\u00e9dition et de la manutention pour s'assurer que nos clients re\u00e7oivent des produits de haute qualit\u00e9 \u00e0 un prix comp\u00e9titif. Un contr\u00f4le de qualit\u00e9 fiableNotre \u00e9quipe de ...<\/p>\n<p class=\"read-more\"> <a class=\"\" href=\"https:\/\/www.chinaconsign.com\/fr\/china-sourcing-services\/\"> <span class=\"screen-reader-text\">Services d'approvisionnement en Chine<\/span> Lire la suite \"<\/a><\/p>","protected":false},"author":1,"featured_media":1563,"parent":0,"menu_order":0,"comment_status":"closed","ping_status":"closed","template":"","meta":{"site-sidebar-layout":"default","site-content-layout":"page-builder","ast-global-header-display":"","ast-main-header-display":"","ast-hfb-above-header-display":"","ast-hfb-below-header-display":"","ast-hfb-mobile-header-display":"","site-post-title":"disabled","ast-breadcrumbs-content":"","ast-featured-img":"disabled","footer-sml-layout":"","theme-transparent-header-meta":"enabled","adv-header-id-meta":"","stick-header-meta":"","header-above-stick-meta":"","header-main-stick-meta":"","header-below-stick-meta":"","footnotes":""},"class_list":["post-1519","page","type-page","status-publish","has-post-thumbnail","hentry"],"aioseo_notices":[],"_links":{"self":[{"href":"https:\/\/www.chinaconsign.com\/fr\/wp-json\/wp\/v2\/pages\/1519","targetHints":{"allow":["GET"]}}],"collection":[{"href":"https:\/\/www.chinaconsign.com\/fr\/wp-json\/wp\/v2\/pages"}],"about":[{"href":"https:\/\/www.chinaconsign.com\/fr\/wp-json\/wp\/v2\/types\/page"}],"author":[{"embeddable":true,"href":"https:\/\/www.chinaconsign.com\/fr\/wp-json\/wp\/v2\/users\/1"}],"replies":[{"embeddable":true,"href":"https:\/\/www.chinaconsign.com\/fr\/wp-json\/wp\/v2\/comments?post=1519"}],"version-history":[{"count":0,"href":"https:\/\/www.chinaconsign.com\/fr\/wp-json\/wp\/v2\/pages\/1519\/revisions"}],"wp:featuredmedia":[{"embeddable":true,"href":"https:\/\/www.chinaconsign.com\/fr\/wp-json\/wp\/v2\/media\/1563"}],"wp:attachment":[{"href":"https:\/\/www.chinaconsign.com\/fr\/wp-json\/wp\/v2\/media?parent=1519"}],"curies":[{"name":"wp","href":"https:\/\/api.w.org\/{rel}","templated":true}]}}