{"id":1206,"date":"2023-04-03T11:29:15","date_gmt":"2023-04-03T03:29:15","guid":{"rendered":"https:\/\/www.chinaconsign.com\/?page_id=1206"},"modified":"2023-04-03T14:51:04","modified_gmt":"2023-04-03T06:51:04","slug":"pricing","status":"publish","type":"page","link":"https:\/\/www.chinaconsign.com\/fr\/pricing\/","title":{"rendered":"Tarification"},"content":{"rendered":"<div data-elementor-type=\"wp-post\" data-elementor-id=\"1206\" class=\"elementor elementor-1206\">\n\t\t\t\t\t\t\t\t\t<section class=\"elementor-section elementor-top-section elementor-element elementor-element-b1d7697 elementor-section-boxed elementor-section-height-default elementor-section-height-default\" data-id=\"b1d7697\" data-element_type=\"section\" data-settings=\"{&quot;background_background&quot;:&quot;classic&quot;}\">\n\t\t\t\t\t\t\t<div class=\"elementor-background-overlay\"><\/div>\n\t\t\t\t\t\t\t<div class=\"elementor-container elementor-column-gap-default\">\n\t\t\t\t\t<div class=\"elementor-column elementor-col-100 elementor-top-column elementor-element elementor-element-bd5e621\" data-id=\"bd5e621\" data-element_type=\"column\">\n\t\t\t<div class=\"elementor-widget-wrap elementor-element-populated\">\n\t\t\t\t\t\t\t\t<section class=\"elementor-section elementor-inner-section elementor-element elementor-element-6689c8d elementor-section-boxed elementor-section-height-default elementor-section-height-default\" data-id=\"6689c8d\" data-element_type=\"section\">\n\t\t\t\t\t\t<div class=\"elementor-container elementor-column-gap-default\">\n\t\t\t\t\t<div class=\"elementor-column elementor-col-66 elementor-inner-column elementor-element elementor-element-f42cb85\" data-id=\"f42cb85\" data-element_type=\"column\">\n\t\t\t<div class=\"elementor-widget-wrap elementor-element-populated\">\n\t\t\t\t\t\t\t\t<div class=\"elementor-element elementor-element-8256ae1 elementor-widget elementor-widget-heading\" data-id=\"8256ae1\" data-element_type=\"widget\" data-widget_type=\"heading.default\">\n\t\t\t\t<div class=\"elementor-widget-container\">\n\t\t\t<style>\/*! elementor - v3.11.5 - 14-03-2023 *\/\n.elementor-heading-title{padding:0;margin:0;line-height:1}.elementor-widget-heading .elementor-heading-title[class*=elementor-size-]>a{color:inherit;font-size:inherit;line-height:inherit}.elementor-widget-heading .elementor-heading-title.elementor-size-small{font-size:15px}.elementor-widget-heading .elementor-heading-title.elementor-size-medium{font-size:19px}.elementor-widget-heading .elementor-heading-title.elementor-size-large{font-size:29px}.elementor-widget-heading .elementor-heading-title.elementor-size-xl{font-size:39px}.elementor-widget-heading .elementor-heading-title.elementor-size-xxl{font-size:59px}<\/style><h1 class=\"elementor-heading-title elementor-size-default\">Tarification<\/h1>\t\t<\/div>\n\t\t\t\t<\/div>\n\t\t\t\t\t<\/div>\n\t\t<\/div>\n\t\t\t\t<div class=\"elementor-column elementor-col-33 elementor-inner-column elementor-element elementor-element-ab6f8cd\" data-id=\"ab6f8cd\" data-element_type=\"column\">\n\t\t\t<div class=\"elementor-widget-wrap\">\n\t\t\t\t\t\t\t\t\t<\/div>\n\t\t<\/div>\n\t\t\t\t\t\t\t<\/div>\n\t\t<\/section>\n\t\t\t\t<section class=\"elementor-section elementor-inner-section elementor-element elementor-element-ca5edea elementor-section-boxed elementor-section-height-default elementor-section-height-default\" data-id=\"ca5edea\" data-element_type=\"section\">\n\t\t\t\t\t\t<div class=\"elementor-container elementor-column-gap-default\">\n\t\t\t\t\t<div class=\"elementor-column elementor-col-66 elementor-inner-column elementor-element elementor-element-823105c\" data-id=\"823105c\" data-element_type=\"column\">\n\t\t\t<div class=\"elementor-widget-wrap\">\n\t\t\t\t\t\t\t\t\t<\/div>\n\t\t<\/div>\n\t\t\t\t<div class=\"elementor-column elementor-col-33 elementor-inner-column elementor-element elementor-element-158d16b\" data-id=\"158d16b\" data-element_type=\"column\" data-settings=\"{&quot;background_background&quot;:&quot;classic&quot;}\">\n\t\t\t<div class=\"elementor-widget-wrap elementor-element-populated\">\n\t\t\t\t\t\t\t\t<div class=\"elementor-element elementor-element-b8e9877 elementor-widget elementor-widget-heading\" data-id=\"b8e9877\" data-element_type=\"widget\" data-widget_type=\"heading.default\">\n\t\t\t\t<div class=\"elementor-widget-container\">\n\t\t\t<h3 class=\"elementor-heading-title elementor-size-default\">ChinaConsign.com<\/h3>\t\t<\/div>\n\t\t\t\t<\/div>\n\t\t\t\t\t<\/div>\n\t\t<\/div>\n\t\t\t\t\t\t\t<\/div>\n\t\t<\/section>\n\t\t\t\t\t<\/div>\n\t\t<\/div>\n\t\t\t\t\t\t\t<\/div>\n\t\t<\/section>\n\t\t\t\t<section class=\"elementor-section elementor-top-section elementor-element elementor-element-68df5b7 elementor-section-boxed elementor-section-height-default elementor-section-height-default\" data-id=\"68df5b7\" data-element_type=\"section\" data-settings=\"{&quot;background_background&quot;:&quot;gradient&quot;}\">\n\t\t\t\t\t\t<div class=\"elementor-container elementor-column-gap-default\">\n\t\t\t\t\t<div class=\"elementor-column elementor-col-100 elementor-top-column elementor-element elementor-element-56ea3bf\" data-id=\"56ea3bf\" data-element_type=\"column\">\n\t\t\t<div class=\"elementor-widget-wrap elementor-element-populated\">\n\t\t\t\t\t\t\t\t<div class=\"elementor-element elementor-element-ed56a4c elementor-widget elementor-widget-shortcode\" data-id=\"ed56a4c\" data-element_type=\"widget\" data-widget_type=\"shortcode.default\">\n\t\t\t\t<div class=\"elementor-widget-container\">\n\t\t\t\t\t<div class=\"elementor-shortcode\">\n<table id=\"tablepress-1\" class=\"tablepress tablepress-id-1\">\n<thead>\n<tr class=\"row-1 odd\">\n\t<th class=\"column-1\">Services<\/th><th class=\"column-2\">Prix (USD)<\/th><th class=\"column-3\">Remarques<\/th><th class=\"column-4\"><\/th>\n<\/tr>\n<\/thead>\n<tbody class=\"row-hover\">\n<tr class=\"row-2 even\">\n\t<td class=\"column-1\"><span style=\"color:#444444;\">Recevoir un colis<\/span><\/td><td class=\"column-2\"><span style=\"color:#444444;\">0<\/span><\/td><td class=\"column-3\"><span style=\"color:#444444;\">Pour la r\u00e9ception de votre colis<\/span><\/td><td class=\"column-4\"><\/td>\n<\/tr>\n<tr class=\"row-3 odd\">\n\t<td class=\"column-1\"><span style=\"color:#444444;\">Photos externes de l'emballage<\/span><\/td><td class=\"column-2\"><span style=\"color:#444444;\">0<\/span><\/td><td class=\"column-3\"><span style=\"color:#444444;\"><\/span><\/td><td class=\"column-4\"><\/td>\n<\/tr>\n<tr class=\"row-4 even\">\n\t<td class=\"column-1\"><span style=\"color:#444444;\">Photos du contenu de l'emballage<\/span><\/td><td rowspan=\"2\" class=\"column-2\"><span style=\"color:#444444;\">2<\/span><\/td><td class=\"column-3\"><span style=\"color:#444444;\"><\/span><\/td><td class=\"column-4\"><\/td>\n<\/tr>\n<tr class=\"row-5 odd\">\n\t<td class=\"column-1\"><span style=\"color:#444444;\">V\u00e9rification du contenu de l'emballage<\/span><\/td><td class=\"column-3\"><span style=\"color:#444444;\">V\u00e9rifier l'int\u00e9grit\u00e9 du contenu de l'emballage.<\/span><\/td><td class=\"column-4\"><\/td>\n<\/tr>\n<tr class=\"row-6 even\">\n\t<td class=\"column-1\"><span style=\"color:#444444;\">Consolidation des paquets<\/span><\/td><td class=\"column-2\"><span style=\"color:#444444;\">0<\/span><\/td><td class=\"column-3\"><span style=\"color:#444444;\">Le regroupement de plusieurs colis ou commandes vous permet d'\u00e9conomiser des frais d'exp\u00e9dition<\/span><\/td><td class=\"column-4\"><\/td>\n<\/tr>\n<tr class=\"row-7 odd\">\n\t<td class=\"column-1\"><span style=\"color:#444444;\">Notifications<\/span><\/td><td class=\"column-2\"><span style=\"color:#444444;\">0<\/span><\/td><td class=\"column-3\"><span style=\"color:#444444;\">Courriel<\/span><\/td><td class=\"column-4\"><\/td>\n<\/tr>\n<tr class=\"row-8 even\">\n\t<td class=\"column-1\"><span style=\"color:#444444;\">Retour du paquet<\/span><\/td><td class=\"column-2\"><span style=\"color:#444444;\">4<\/span><\/td><td class=\"column-3\"><span style=\"color:#444444;\">Renvoyer le colis au vendeur<\/span><\/td><td class=\"column-4\"><\/td>\n<\/tr>\n<tr class=\"row-9 odd\">\n\t<td class=\"column-1\"><span style=\"color:#444444;\">Retrait du paquet<\/span><\/td><td class=\"column-2\"><span style=\"color:#444444;\">1<\/span><\/td><td class=\"column-3\"><span style=\"color:#444444;\">Jeter l'emballage ou le donner \u00e0 une association caritative<\/span><\/td><td class=\"column-4\"><\/td>\n<\/tr>\n<tr class=\"row-10 even\">\n\t<td class=\"column-1\"><span style=\"color:#444444;\">\u00c9tiquette de base<\/span><\/td><td class=\"column-2\"><span style=\"color:#444444;\">0<\/span><\/td><td class=\"column-3\"><span style=\"color:#444444;\">\u00c9tiquette n\u00e9cessaire<\/span><\/td><td class=\"column-4\"><\/td>\n<\/tr>\n<tr class=\"row-11 odd\">\n\t<td class=\"column-1\"><span style=\"color:#444444;\">Label sp\u00e9cial<\/span><\/td><td class=\"column-2\"><span style=\"color:#444444;\">1<\/span><\/td><td class=\"column-3\"><span style=\"color:#444444;\">Pour des besoins personnalis\u00e9s<\/span><\/td><td class=\"column-4\"><\/td>\n<\/tr>\n<tr class=\"row-12 even\">\n\t<td class=\"column-1\"><span style=\"color:#444444;\">Reconditionnement<\/span><\/td><td class=\"column-2\"><span style=\"color:#444444;\">2 + co\u00fbt des mat\u00e9riaux<\/span><\/td><td class=\"column-3\"><span style=\"color:#444444;\">Reconditionnez votre colis<\/span><\/td><td class=\"column-4\"><\/td>\n<\/tr>\n<tr class=\"row-13 odd\">\n\t<td class=\"column-1\"><span style=\"color:#444444;\">Supprimer les contenus inutiles<\/span><\/td><td class=\"column-2\"><span style=\"color:#444444;\">1<\/span><\/td><td class=\"column-3\"><span style=\"color:#444444;\">Enlever les mat\u00e9riaux inutiles tels que les magazines et les prospectus<\/span><\/td><td class=\"column-4\"><\/td>\n<\/tr>\n<tr class=\"row-14 even\">\n\t<td class=\"column-1\"><span style=\"color:#444444;\">Paquet fractionn\u00e9<\/span><\/td><td class=\"column-2\"><span style=\"color:#444444;\">2<\/span><\/td><td class=\"column-3\"><span style=\"color:#444444;\">Fractionnement en plusieurs paquets<\/span><\/td><td class=\"column-4\"><\/td>\n<\/tr>\n<tr class=\"row-15 odd\">\n\t<td class=\"column-1\"><span style=\"color:#444444;\">Stockage standard<\/span><\/td><td class=\"column-2\"><span style=\"color:#444444;\">0<\/span><\/td><td class=\"column-3\"><span style=\"color:#444444;\">60 jours<\/span><\/td><td class=\"column-4\"><\/td>\n<\/tr>\n<tr class=\"row-16 even\">\n\t<td class=\"column-1\"><span style=\"color:#444444;\">Stockage suppl\u00e9mentaire<\/span><\/td><td class=\"column-2\"><span style=\"color:#444444;\">1 USD \/ 1 CBM (35 pieds cubes) \/ Jour <\/span><\/td><td class=\"column-3\"><span style=\"color:#444444;\">Apr\u00e8s 60 jours<\/span><\/td><td class=\"column-4\"><\/td>\n<\/tr>\n<tr class=\"row-17 odd\">\n\t<td class=\"column-1\"><span style=\"color:#444444;\">Rechercher et acheter<\/span><\/td><td class=\"column-2\"><span style=\"color:#444444;\">$8 + 5%<\/span><\/td><td class=\"column-3\"><span style=\"color:#444444;\"><\/span><\/td><td class=\"column-4\"><\/td>\n<\/tr>\n<tr class=\"row-18 even\">\n\t<td class=\"column-1\"><span style=\"color:#444444;\">Frais d'exp\u00e9dition<\/span><\/td><td class=\"column-2\"><span style=\"color:#444444;\">Contactez nous<\/span><\/td><td class=\"column-3\"><span style=\"color:#444444;\">Prix tr\u00e8s comp\u00e9titifs avec des r\u00e9ductions pour les groupes.<\/span><\/td><td class=\"column-4\"><\/td>\n<\/tr>\n<tr class=\"row-19 odd\">\n\t<td class=\"column-1\"><span style=\"color:#444444;\">Droits de douane<\/span><\/td><td class=\"column-2\"><span style=\"color:#444444;\">Selon votre pays<\/span><\/td><td class=\"column-3\"><span style=\"color:#999999;\"><\/span><\/td><td class=\"column-4\"><\/td>\n<\/tr>\n<tr class=\"row-20 even\">\n\t<td class=\"column-1\"><span style=\"color:#444444;\">Exigences particuli\u00e8res<\/span><\/td><td class=\"column-2\"><span style=\"color:#444444;\">Contactez nous<\/span><\/td><td class=\"column-3\"><span style=\"color:#444444;\"><\/span><\/td><td class=\"column-4\"><\/td>\n<\/tr>\n<\/tbody>\n<\/table>\n<\/div>\n\t\t\t\t<\/div>\n\t\t\t\t<\/div>\n\t\t\t\t\t<\/div>\n\t\t<\/div>\n\t\t\t\t\t\t\t<\/div>\n\t\t<\/section>\n\t\t\t\t<section class=\"elementor-section elementor-top-section elementor-element elementor-element-f01871f elementor-section-content-middle elementor-section-boxed elementor-section-height-default elementor-section-height-default\" data-id=\"f01871f\" data-element_type=\"section\" data-settings=\"{&quot;background_background&quot;:&quot;classic&quot;}\">\n\t\t\t\t\t\t\t<div class=\"elementor-background-overlay\"><\/div>\n\t\t\t\t\t\t\t<div class=\"elementor-container elementor-column-gap-no\">\n\t\t\t\t\t<div class=\"elementor-column elementor-col-66 elementor-top-column elementor-element elementor-element-4ae5b88\" data-id=\"4ae5b88\" data-element_type=\"column\">\n\t\t\t<div class=\"elementor-widget-wrap elementor-element-populated\">\n\t\t\t\t\t\t\t\t<div class=\"elementor-element elementor-element-ea8daca elementor-widget elementor-widget-heading\" data-id=\"ea8daca\" data-element_type=\"widget\" data-widget_type=\"heading.default\">\n\t\t\t\t<div class=\"elementor-widget-container\">\n\t\t\t<h2 class=\"elementor-heading-title elementor-size-default\">Votre solution unique pour une exp\u00e9dition et un approvisionnement transfrontaliers rentables<\/h2>\t\t<\/div>\n\t\t\t\t<\/div>\n\t\t\t\t<div class=\"elementor-element elementor-element-45e93bc elementor-widget elementor-widget-text-editor\" data-id=\"45e93bc\" data-element_type=\"widget\" data-widget_type=\"text-editor.default\">\n\t\t\t\t<div class=\"elementor-widget-container\">\n\t\t\t<style>\/*! elementor - v3.11.5 - 14-03-2023 *\/\n.elementor-widget-text-editor.elementor-drop-cap-view-stacked .elementor-drop-cap{background-color:#818a91;color:#fff}.elementor-widget-text-editor.elementor-drop-cap-view-framed .elementor-drop-cap{color:#818a91;border:3px solid;background-color:transparent}.elementor-widget-text-editor:not(.elementor-drop-cap-view-default) .elementor-drop-cap{margin-top:8px}.elementor-widget-text-editor:not(.elementor-drop-cap-view-default) .elementor-drop-cap-letter{width:1em;height:1em}.elementor-widget-text-editor .elementor-drop-cap{float:left;text-align:center;line-height:1;font-size:50px}.elementor-widget-text-editor .elementor-drop-cap-letter{display:inline-block}<\/style>\t\t\t\t<p>Chez China Consign, nous offrons bien plus que des services de consolidation de colis et de logistique. Nous fournissons \u00e9galement une assistance experte en mati\u00e8re d'approvisionnement pour les clients qui cherchent \u00e0 acheter des marchandises de qualit\u00e9 directement en Chine \u00e0 un co\u00fbt inf\u00e9rieur \u00e0 celui d'autres pays. Nos partenariats avec des soci\u00e9t\u00e9s de messagerie internationales telles que UPS, FedEx, DHL et Aramex garantissent des solutions d'exp\u00e9dition rapides et fiables. Notre \u00e9quipe exp\u00e9riment\u00e9e se consacre \u00e0 fournir un excellent service \u00e0 la client\u00e8le. Laissez-nous vous aider \u00e0 \u00e9conomiser de l'argent et \u00e0 atteindre vos objectifs commerciaux gr\u00e2ce \u00e0 nos services complets.<\/p>\t\t\t\t\t\t<\/div>\n\t\t\t\t<\/div>\n\t\t\t\t<div class=\"elementor-element elementor-element-c6a212d elementor-align-left elementor-widget elementor-widget-button\" data-id=\"c6a212d\" data-element_type=\"widget\" data-widget_type=\"button.default\">\n\t\t\t\t<div class=\"elementor-widget-container\">\n\t\t\t\t\t<div class=\"elementor-button-wrapper\">\n\t\t\t<a href=\"https:\/\/www.chinaconsign.com\/fr\/contact\/\" class=\"elementor-button-link elementor-button elementor-size-md\" role=\"button\">\n\t\t\t\t\t\t<span class=\"elementor-button-content-wrapper\">\n\t\t\t\t\t\t<span class=\"elementor-button-text\">Obtenir un devis gratuit<\/span>\n\t\t<\/span>\n\t\t\t\t\t<\/a>\n\t\t<\/div>\n\t\t\t\t<\/div>\n\t\t\t\t<\/div>\n\t\t\t\t\t<\/div>\n\t\t<\/div>\n\t\t\t\t<div class=\"elementor-column elementor-col-33 elementor-top-column elementor-element elementor-element-8161240\" data-id=\"8161240\" data-element_type=\"column\">\n\t\t\t<div class=\"elementor-widget-wrap\">\n\t\t\t\t\t\t\t\t\t<\/div>\n\t\t<\/div>\n\t\t\t\t\t\t\t<\/div>\n\t\t<\/section>\n\t\t\t\t\t\t\t<\/div>","protected":false},"excerpt":{"rendered":"<p>Tarifs ChinaConsign.com Votre solution unique pour l'exp\u00e9dition et l'approvisionnement transfrontaliers rentables Chez China Consign, nous offrons bien plus que des services de consolidation de colis et de logistique. Nous fournissons \u00e9galement une assistance experte en mati\u00e8re d'approvisionnement pour les clients qui cherchent \u00e0 acheter des marchandises de qualit\u00e9 directement en Chine \u00e0 un co\u00fbt inf\u00e9rieur \u00e0 celui d'autres pays. Nos partenariats avec des soci\u00e9t\u00e9s de messagerie internationales telles que ...<\/p>\n<p class=\"read-more\"> <a class=\"\" href=\"https:\/\/www.chinaconsign.com\/fr\/pricing\/\"> <span class=\"screen-reader-text\">Tarification<\/span> Lire la suite \"<\/a><\/p>","protected":false},"author":1,"featured_media":0,"parent":0,"menu_order":0,"comment_status":"closed","ping_status":"closed","template":"","meta":{"site-sidebar-layout":"default","site-content-layout":"page-builder","ast-global-header-display":"","ast-main-header-display":"","ast-hfb-above-header-display":"","ast-hfb-below-header-display":"","ast-hfb-mobile-header-display":"","site-post-title":"disabled","ast-breadcrumbs-content":"","ast-featured-img":"disabled","footer-sml-layout":"","theme-transparent-header-meta":"enabled","adv-header-id-meta":"","stick-header-meta":"","header-above-stick-meta":"","header-main-stick-meta":"","header-below-stick-meta":"","footnotes":""},"class_list":["post-1206","page","type-page","status-publish","hentry"],"aioseo_notices":[],"_links":{"self":[{"href":"https:\/\/www.chinaconsign.com\/fr\/wp-json\/wp\/v2\/pages\/1206","targetHints":{"allow":["GET"]}}],"collection":[{"href":"https:\/\/www.chinaconsign.com\/fr\/wp-json\/wp\/v2\/pages"}],"about":[{"href":"https:\/\/www.chinaconsign.com\/fr\/wp-json\/wp\/v2\/types\/page"}],"author":[{"embeddable":true,"href":"https:\/\/www.chinaconsign.com\/fr\/wp-json\/wp\/v2\/users\/1"}],"replies":[{"embeddable":true,"href":"https:\/\/www.chinaconsign.com\/fr\/wp-json\/wp\/v2\/comments?post=1206"}],"version-history":[{"count":0,"href":"https:\/\/www.chinaconsign.com\/fr\/wp-json\/wp\/v2\/pages\/1206\/revisions"}],"wp:attachment":[{"href":"https:\/\/www.chinaconsign.com\/fr\/wp-json\/wp\/v2\/media?parent=1206"}],"curies":[{"name":"wp","href":"https:\/\/api.w.org\/{rel}","templated":true}]}}