{"id":1156,"date":"2023-04-01T20:15:46","date_gmt":"2023-04-01T12:15:46","guid":{"rendered":"http:\/\/www.chinaconsign.com\/?page_id=1156"},"modified":"2023-04-04T09:11:52","modified_gmt":"2023-04-04T01:11:52","slug":"sitemap","status":"publish","type":"page","link":"https:\/\/www.chinaconsign.com\/fr\/sitemap\/","title":{"rendered":"Plan du site"},"content":{"rendered":"<div data-elementor-type=\"wp-post\" data-elementor-id=\"1156\" class=\"elementor elementor-1156\">\n\t\t\t\t\t\t\t\t\t<section class=\"elementor-section elementor-top-section elementor-element elementor-element-038c3cd elementor-section-boxed elementor-section-height-default elementor-section-height-default\" data-id=\"038c3cd\" data-element_type=\"section\" data-settings=\"{&quot;background_background&quot;:&quot;classic&quot;}\">\n\t\t\t\t\t\t\t<div class=\"elementor-background-overlay\"><\/div>\n\t\t\t\t\t\t\t<div class=\"elementor-container elementor-column-gap-default\">\n\t\t\t\t\t<div class=\"elementor-column elementor-col-100 elementor-top-column elementor-element elementor-element-e29a645\" data-id=\"e29a645\" data-element_type=\"column\">\n\t\t\t<div class=\"elementor-widget-wrap elementor-element-populated\">\n\t\t\t\t\t\t\t\t<section class=\"elementor-section elementor-inner-section elementor-element elementor-element-6642950 elementor-section-boxed elementor-section-height-default elementor-section-height-default\" data-id=\"6642950\" data-element_type=\"section\">\n\t\t\t\t\t\t<div class=\"elementor-container elementor-column-gap-default\">\n\t\t\t\t\t<div class=\"elementor-column elementor-col-66 elementor-inner-column elementor-element elementor-element-918ba22\" data-id=\"918ba22\" data-element_type=\"column\">\n\t\t\t<div class=\"elementor-widget-wrap elementor-element-populated\">\n\t\t\t\t\t\t\t\t<div class=\"elementor-element elementor-element-ba88f9f elementor-widget elementor-widget-heading\" data-id=\"ba88f9f\" data-element_type=\"widget\" data-widget_type=\"heading.default\">\n\t\t\t\t<div class=\"elementor-widget-container\">\n\t\t\t<style>\/*! elementor - v3.11.5 - 14-03-2023 *\/\n.elementor-heading-title{padding:0;margin:0;line-height:1}.elementor-widget-heading .elementor-heading-title[class*=elementor-size-]>a{color:inherit;font-size:inherit;line-height:inherit}.elementor-widget-heading .elementor-heading-title.elementor-size-small{font-size:15px}.elementor-widget-heading .elementor-heading-title.elementor-size-medium{font-size:19px}.elementor-widget-heading .elementor-heading-title.elementor-size-large{font-size:29px}.elementor-widget-heading .elementor-heading-title.elementor-size-xl{font-size:39px}.elementor-widget-heading .elementor-heading-title.elementor-size-xxl{font-size:59px}<\/style><h1 class=\"elementor-heading-title elementor-size-default\">Plan du site<\/h1>\t\t<\/div>\n\t\t\t\t<\/div>\n\t\t\t\t\t<\/div>\n\t\t<\/div>\n\t\t\t\t<div class=\"elementor-column elementor-col-33 elementor-inner-column elementor-element elementor-element-bd71ae1\" data-id=\"bd71ae1\" data-element_type=\"column\">\n\t\t\t<div class=\"elementor-widget-wrap\">\n\t\t\t\t\t\t\t\t\t<\/div>\n\t\t<\/div>\n\t\t\t\t\t\t\t<\/div>\n\t\t<\/section>\n\t\t\t\t<section class=\"elementor-section elementor-inner-section elementor-element elementor-element-ae9d9e6 elementor-section-boxed elementor-section-height-default elementor-section-height-default\" data-id=\"ae9d9e6\" data-element_type=\"section\">\n\t\t\t\t\t\t<div class=\"elementor-container elementor-column-gap-default\">\n\t\t\t\t\t<div class=\"elementor-column elementor-col-66 elementor-inner-column elementor-element elementor-element-5a86889\" data-id=\"5a86889\" data-element_type=\"column\">\n\t\t\t<div class=\"elementor-widget-wrap\">\n\t\t\t\t\t\t\t\t\t<\/div>\n\t\t<\/div>\n\t\t\t\t<div class=\"elementor-column elementor-col-33 elementor-inner-column elementor-element elementor-element-f2daa40\" data-id=\"f2daa40\" data-element_type=\"column\" data-settings=\"{&quot;background_background&quot;:&quot;classic&quot;}\">\n\t\t\t<div class=\"elementor-widget-wrap elementor-element-populated\">\n\t\t\t\t\t\t\t\t<div class=\"elementor-element elementor-element-1b8dee2 elementor-widget elementor-widget-heading\" data-id=\"1b8dee2\" data-element_type=\"widget\" data-widget_type=\"heading.default\">\n\t\t\t\t<div class=\"elementor-widget-container\">\n\t\t\t<h3 class=\"elementor-heading-title elementor-size-default\">ChinaConsign.com<\/h3>\t\t<\/div>\n\t\t\t\t<\/div>\n\t\t\t\t\t<\/div>\n\t\t<\/div>\n\t\t\t\t\t\t\t<\/div>\n\t\t<\/section>\n\t\t\t\t\t<\/div>\n\t\t<\/div>\n\t\t\t\t\t\t\t<\/div>\n\t\t<\/section>\n\t\t\t\t<section class=\"elementor-section elementor-top-section elementor-element elementor-element-60e6fcf elementor-reverse-mobile elementor-section-boxed elementor-section-height-default elementor-section-height-default\" data-id=\"60e6fcf\" data-element_type=\"section\">\n\t\t\t\t\t\t<div class=\"elementor-container elementor-column-gap-default\">\n\t\t\t\t\t<div class=\"elementor-column elementor-col-100 elementor-top-column elementor-element elementor-element-0f23987\" data-id=\"0f23987\" data-element_type=\"column\">\n\t\t\t<div class=\"elementor-widget-wrap elementor-element-populated\">\n\t\t\t\t\t\t\t\t<div class=\"elementor-element elementor-element-4b7560e elementor-widget elementor-widget-heading\" data-id=\"4b7560e\" data-element_type=\"widget\" data-widget_type=\"heading.default\">\n\t\t\t\t<div class=\"elementor-widget-container\">\n\t\t\t<h4 class=\"elementor-heading-title elementor-size-default\">Plan du site<\/h4>\t\t<\/div>\n\t\t\t\t<\/div>\n\t\t\t\t<div class=\"elementor-element elementor-element-ce1ce39 elementor-widget elementor-widget-shortcode\" data-id=\"ce1ce39\" data-element_type=\"widget\" data-widget_type=\"shortcode.default\">\n\t\t\t\t<div class=\"elementor-widget-container\">\n\t\t\t\t\t<div class=\"elementor-shortcode\"><div class=\"wsp-container\"><h2 class=\"wsp-pages-title\">Pages<\/h2>\n<ul class=\"wsp-pages-list\">\n<li class=\"page_item page-item-8 menu-item\"><a href=\"https:\/\/www.chinaconsign.com\/fr\/about\/\" class=\"menu-link\">A propos de<\/a><\/li>\n<li class=\"page_item page-item-1578 menu-item\"><a href=\"https:\/\/www.chinaconsign.com\/fr\/amazon-fba-service\/\" class=\"menu-link\">Service Amazon FBA<\/a><\/li>\n<li class=\"page_item page-item-2031 menu-item\"><a href=\"https:\/\/www.chinaconsign.com\/fr\/china-aliexpress-agent-services\/\" class=\"menu-link\">Services d'agent AliExpress en Chine<\/a><\/li>\n<li class=\"page_item page-item-1666 menu-item\"><a href=\"https:\/\/www.chinaconsign.com\/fr\/china-freight-forwarder\/\" class=\"menu-link\">Transitaire chinois<\/a><\/li>\n<li class=\"page_item page-item-1786 menu-item\"><a href=\"https:\/\/www.chinaconsign.com\/fr\/china-inspection-service\/\" class=\"menu-link\">Service d'inspection de la Chine<\/a><\/li>\n<li class=\"page_item page-item-1531 menu-item\"><a href=\"https:\/\/www.chinaconsign.com\/fr\/china-package-consolidation-service\/\" class=\"menu-link\">Service de groupage de colis en Chine<\/a><\/li>\n<li class=\"page_item page-item-1543 menu-item\"><a href=\"https:\/\/www.chinaconsign.com\/fr\/china-package-forwarding\/\" class=\"menu-link\">Exp\u00e9dition de colis en Chine<\/a><\/li>\n<li class=\"page_item page-item-1772 menu-item\"><a href=\"https:\/\/www.chinaconsign.com\/fr\/china-procurement-agent-serivce\/\" class=\"menu-link\">Service d'agent d'approvisionnement en Chine<\/a><\/li>\n<li class=\"page_item page-item-1778 menu-item\"><a href=\"https:\/\/www.chinaconsign.com\/fr\/china-production-supervision-service\/\" class=\"menu-link\">Service de supervision de la production en Chine<\/a><\/li>\n<li class=\"page_item page-item-1767 menu-item\"><a href=\"https:\/\/www.chinaconsign.com\/fr\/china-quality-supervision-service\/\" class=\"menu-link\">Service de supervision de la qualit\u00e9 de la Chine<\/a><\/li>\n<li class=\"page_item page-item-1519 menu-item\"><a href=\"https:\/\/www.chinaconsign.com\/fr\/china-sourcing-services\/\" class=\"menu-link\">Services d'approvisionnement en Chine<\/a><\/li>\n<li class=\"page_item page-item-1791 menu-item\"><a href=\"https:\/\/www.chinaconsign.com\/fr\/china-supply-chain-management-service\/\" class=\"menu-link\">Service de gestion de la cha\u00eene d'approvisionnement en Chine<\/a><\/li>\n<li class=\"page_item page-item-1566 menu-item\"><a href=\"https:\/\/www.chinaconsign.com\/fr\/china-warehousing-services\/\" class=\"menu-link\">Services d'entreposage en Chine<\/a><\/li>\n<li class=\"page_item page-item-1498 menu-item\"><a href=\"https:\/\/www.chinaconsign.com\/fr\/chinese-address-services\/\" class=\"menu-link\">Services d'adresses en chinois<\/a><\/li>\n<li class=\"page_item page-item-16 menu-item\"><a href=\"https:\/\/www.chinaconsign.com\/fr\/contact\/\" class=\"menu-link\">Contact<\/a><\/li>\n<li class=\"page_item page-item-14 menu-item\"><a href=\"https:\/\/www.chinaconsign.com\/fr\/faq\/\" class=\"menu-link\">FAQ<\/a><\/li>\n<li class=\"page_item page-item-2136 menu-item\"><a href=\"https:\/\/www.chinaconsign.com\/fr\/find-unique-blue-ocean-products-from-china\/\" class=\"menu-link\">Trouver des produits uniques et de l'oc\u00e9an bleu en provenance de Chine<\/a><\/li>\n<li class=\"page_item page-item-567 menu-item\"><a href=\"https:\/\/www.chinaconsign.com\/fr\/\" class=\"menu-link\">Accueil<\/a><\/li>\n<li class=\"page_item page-item-12 menu-item\"><a href=\"https:\/\/www.chinaconsign.com\/fr\/how-it-works\/\" class=\"menu-link\">Comment \u00e7a marche<\/a><\/li>\n<li class=\"page_item page-item-1298 menu-item\"><a href=\"https:\/\/www.chinaconsign.com\/fr\/news\/\" class=\"menu-link\">Actualit\u00e9s<\/a><\/li>\n<li class=\"page_item page-item-1206 menu-item\"><a href=\"https:\/\/www.chinaconsign.com\/fr\/pricing\/\" class=\"menu-link\">Tarification<\/a><\/li>\n<li class=\"page_item page-item-10 menu-item\"><a href=\"https:\/\/www.chinaconsign.com\/fr\/services\/\" class=\"menu-link\">Services<\/a><\/li>\n<li class=\"page_item page-item-1639 menu-item\"><a href=\"https:\/\/www.chinaconsign.com\/fr\/services-2\/\" class=\"menu-link\">Services<\/a><\/li>\n<li class=\"page_item page-item-1156 menu-item\"><a href=\"https:\/\/www.chinaconsign.com\/fr\/sitemap\/\" class=\"menu-link\">Plan du site<\/a><\/li>\n<li class=\"page_item page-item-1163 menu-item\"><a href=\"https:\/\/www.chinaconsign.com\/fr\/terms-and-conditions\/\" class=\"menu-link\">Conditions g\u00e9n\u00e9rales d'utilisation<\/a><\/li>\n<\/ul>\n<h2 class=\"wsp-posts-title\">Articles par cat\u00e9gorie<\/h2>\n<ul class=\"wsp-posts-list\">\n\t<li><strong class=\"wsp-category-title\">Cat\u00e9gorie : <a href=\"https:\/\/www.chinaconsign.com\/fr\/category\/news\/\">Actualit\u00e9s<\/a><\/strong>\n<ul class=\"wsp-posts-list\">\t\t<li class=\"wsp-post\"><a href=\"https:\/\/www.chinaconsign.com\/fr\/route-upgrade-wan-hai-announces-launch-of-ap2-service-in-may-2026\/\">Route Upgrade! Wan Hai Announces Launch of AP2 Service in May 2026<\/a><\/li>\n\t\t<li class=\"wsp-post\"><a href=\"https:\/\/www.chinaconsign.com\/fr\/freight-rate-increase-notice-for-september-2025-cma-cgm-and-maersk-adjust-rates-up-to-1600\/\">Avis d'augmentation des taux de fret pour septembre 2025 : CMA CGM et Maersk ajustent leurs tarifs - jusqu'\u00e0 $1,600 !<\/a><\/li>\n\t\t<li class=\"wsp-post\"><a href=\"https:\/\/www.chinaconsign.com\/fr\/47-voyages-canceled-in-the-coming-weeks\/\">47 voyages annul\u00e9s dans les semaines \u00e0 venir<\/a><\/li>\n\t\t<li class=\"wsp-post\"><a href=\"https:\/\/www.chinaconsign.com\/fr\/customs-reports-stable-growth-in-chinas-foreign-trade-for-2024\/\">Les douanes signalent une croissance stable du commerce ext\u00e9rieur de la Chine pour 2024<\/a><\/li>\n\t\t<li class=\"wsp-post\"><a href=\"https:\/\/www.chinaconsign.com\/fr\/singapore-port-faces-major-congestion-as-global-shipping-chain-tested\/\">Le port de Singapour est confront\u00e9 \u00e0 une congestion majeure alors que la cha\u00eene mondiale de transport maritime est mise \u00e0 l'\u00e9preuve<\/a><\/li>\n\t\t<li class=\"wsp-post\"><a href=\"https:\/\/www.chinaconsign.com\/fr\/maersk-line-resumes-booking-for-baltimore-port\/\">M\u00e6rsk Line reprend ses r\u00e9servations pour le port de Baltimore<\/a><\/li>\n\t\t<li class=\"wsp-post\"><a href=\"https:\/\/www.chinaconsign.com\/fr\/important-notice-regarding-unclaimed-packages-03-24-2024\/\">Avis important concernant les colis non r\u00e9clam\u00e9s - 24\/03\/2024<\/a><\/li>\n\t\t<li class=\"wsp-post\"><a href=\"https:\/\/www.chinaconsign.com\/fr\/escalating-tensions-in-the-red-sea-impact-on-global-shipping-and-suez-canal-fees\/\">Escalade des tensions en mer Rouge : Impact sur le transport maritime mondial et sur les redevances du canal de Suez<\/a><\/li>\n\t\t<li class=\"wsp-post\"><a href=\"https:\/\/www.chinaconsign.com\/fr\/holiday-closure-notice-from-january-1st-to-january-3rd-2024\/\">Avis de fermeture pour cause de vacances (du 1er au 3 janvier 2024)<\/a><\/li>\n\t\t<li class=\"wsp-post\"><a href=\"https:\/\/www.chinaconsign.com\/fr\/price-increases-fail-fares-continue-to-fall-on-multiple-routes\/\">Les augmentations de prix \u00e9chouent, les tarifs continuent de baisser sur de nombreuses liaisons !<\/a><\/li>\n\t\t<li class=\"wsp-post\"><a href=\"https:\/\/www.chinaconsign.com\/fr\/asia-us-container-shipping-volume-decreased-by-20-efficiency-of-major-ports-in-europe-and-america-improved\/\">Le volume de transport de conteneurs entre l'Asie et les \u00c9tats-Unis a diminu\u00e9 de 20%, l'efficacit\u00e9 des principaux ports d'Europe et d'Am\u00e9rique s'est am\u00e9lior\u00e9e !<\/a><\/li>\n\t\t<li class=\"wsp-post\"><a href=\"https:\/\/www.chinaconsign.com\/fr\/understanding-import-and-export-logistics\/\">Comprendre la logistique des importations et des exportations<\/a><\/li>\n\t\t<li class=\"wsp-post\"><a href=\"https:\/\/www.chinaconsign.com\/fr\/china-consign-continues-to-offer-cost-effective-shipping-options-as-freight-costs-rise\/\">China Consign continue d'offrir des options d'exp\u00e9dition rentables en raison de l'augmentation des co\u00fbts de fret<\/a><\/li>\n\t\t<li class=\"wsp-post\"><a href=\"https:\/\/www.chinaconsign.com\/fr\/focus-on-major-logistics-events-tightening-trade-results-in-tariff-and-freight-rate-increases-in-many-places\/\">Focus sur les grands \u00e9v\u00e9nements logistiques ! Le resserrement des \u00e9changes commerciaux se traduit par des hausses de tarifs douaniers et de fret dans de nombreux endroits ?<\/a><\/li>\n\t\t<li class=\"wsp-post\"><a href=\"https:\/\/www.chinaconsign.com\/fr\/president-and-ceo-of-fedex-said-the-fedex-team-urgently-needs-to-make-rapid-progress-in-our-ongoing-transformation-while-dealing-with-the-weak-demand-environment\/\">pr\u00e9sident-directeur g\u00e9n\u00e9ral de FedEx, a d\u00e9clar\u00e9 : \"L'\u00e9quipe de FedEx doit d'urgence progresser rapidement dans la transformation en cours tout en faisant face \u00e0 la faiblesse de la demande\".<\/a><\/li>\n\t\t<li class=\"wsp-post\"><a href=\"https:\/\/www.chinaconsign.com\/fr\/the-worlds-largest-sea-freight-forwarder-kuehnenagel-announced-on-wednesday-that-it-has-received-the-first-boeing-747-8f-freighter\/\">Le plus grand transitaire maritime du monde, Kuehne+Nagel, a annonc\u00e9 mercredi qu'il avait re\u00e7u le premier Boeing 747-8F cargo.<\/a><\/li>\n\t\t<li class=\"wsp-post\"><a href=\"https:\/\/www.chinaconsign.com\/fr\/fedex-announces-largest-ever-price-hike-it-will-further-cut-business-costs\/\">FedEx annonce la plus forte hausse de prix de son histoire ! Elle permettra de r\u00e9duire davantage les co\u00fbts des entreprises.<\/a><\/li>\n\t\t<li class=\"wsp-post\"><a href=\"https:\/\/www.chinaconsign.com\/fr\/dhl-warns-global-supply-chains-wont-recover-to-pre-pandemic-levels-next-year\/\">DHL pr\u00e9vient que les cha\u00eenes d'approvisionnement mondiales ne retrouveront pas leur niveau d'avant la pand\u00e9mie l'ann\u00e9e prochaine.<\/a><\/li>\n\t\t<li class=\"wsp-post\"><a href=\"https:\/\/www.chinaconsign.com\/fr\/official-response-rumors-of-suspension-of-chinese-services-by-express-giants-in-europe-and-america-heres-the-answer\/\">R\u00e9ponse officielle ! Des rumeurs de suspension des services chinois par les g\u00e9ants de l'express en Europe et en Am\u00e9rique ? Voici la r\u00e9ponse.<\/a><\/li>\n\t\t<li class=\"wsp-post\"><a href=\"https:\/\/www.chinaconsign.com\/fr\/japan-post-decided-to-temporarily-suspend-ems-air-and-sea-parcel-services-to-china-excluding-hong-kong-macau-and-taiwan-starting-from-april-22nd\/\">La poste japonaise a d\u00e9cid\u00e9 de suspendre temporairement les services de colis EMS, a\u00e9riens et maritimes \u00e0 destination de la Chine (\u00e0 l'exclusion de Hong Kong, Macao et Ta\u00efwan) \u00e0 partir du 22 avril.<\/a><\/li>\n\t\t<li class=\"wsp-post\"><a href=\"https:\/\/www.chinaconsign.com\/fr\/ups-significantly-increases-fuel-surcharges-seller-costs-will-increase\/\">UPS augmente consid\u00e9rablement les surcharges de carburant, les co\u00fbts des vendeurs vont augmenter<\/a><\/li>\n\t\t<li class=\"wsp-post\"><a href=\"https:\/\/www.chinaconsign.com\/fr\/dhl-raises-full-year-estimates-after-strong-q3-results\/\">DHL rel\u00e8ve ses estimations pour l'ensemble de l'ann\u00e9e apr\u00e8s des r\u00e9sultats solides au troisi\u00e8me trimestre !<\/a><\/li>\n\t\t<li class=\"wsp-post\"><a href=\"https:\/\/www.chinaconsign.com\/fr\/canadian-pacific-railway-port-congestion-increased-development-of-international-intermodal-and-domestic-intermodal\/\">Chemin de fer Canadien Pacifique : Congestion des ports, d\u00e9veloppement accru de l'intermodalit\u00e9 internationale et de l'intermodalit\u00e9 nationale<\/a><\/li>\n\t\t<li class=\"wsp-post\"><a href=\"https:\/\/www.chinaconsign.com\/fr\/due-to-rising-costs-fedex-says-it-will-raise-shipping-rates-and-add-surcharges\/\">En raison de la hausse des co\u00fbts, FedEx augmente ses tarifs d'exp\u00e9dition et ajoute des suppl\u00e9ments.<\/a><\/li>\n\t\t<li class=\"wsp-post\"><a href=\"https:\/\/www.chinaconsign.com\/fr\/freight-volume-down-10-8-freight-forwarding-giant-dhls-full-year-2020-results-still-strong\/\">Volume de fret en baisse de 10,81 TTP8T, les r\u00e9sultats du g\u00e9ant du transport de fret DHL pour l'ensemble de l'ann\u00e9e 2020 restent solides<\/a><\/li>\n\t\t<li class=\"wsp-post\"><a href=\"https:\/\/www.chinaconsign.com\/fr\/traffic-congestion-is-spreading-in-southern-california-watch-out-for-these-10-trucking-locations-that-are-most-congested\/\">Les embouteillages s'\u00e9tendent en Californie du Sud, attention \u00e0 ces 10 lieux de camionnage qui sont les plus encombr\u00e9s.<\/a><\/li>\n\t\t<li class=\"wsp-post\"><a href=\"https:\/\/www.chinaconsign.com\/fr\/vietnam-is-strictly-investigating-re-export-trade-third-country-shipments-and-tax-avoidance-more-than-a-hundred-truckloads-of-goods-have-been-seized\/\">Le Vi\u00eat Nam enqu\u00eate rigoureusement sur le commerce de r\u00e9exportation, les exp\u00e9ditions vers des pays tiers et l'\u00e9vasion fiscale ! Plus d'une centaine de camions de marchandises ont \u00e9t\u00e9 saisis !<\/a><\/li>\n\t\t<li class=\"wsp-post\"><a href=\"https:\/\/www.chinaconsign.com\/fr\/1-minute-chinas-inbound-and-outbound-goods-worth-60-million-foreign-trade-is-growing-rapidly\/\">1 minute, la valeur des marchandises entrantes et sortantes de la Chine s'\u00e9l\u00e8ve \u00e0 60 millions, le commerce ext\u00e9rieur se d\u00e9veloppe rapidement<\/a><\/li>\n\t\t<li class=\"wsp-post\"><a href=\"https:\/\/www.chinaconsign.com\/fr\/exports-soared-520-foreign-trade-enterprise-profits-soared-10-times-the-export-of-these-products-unusually-hot-explosive-growth-in-demand\/\">Les exportations ont grimp\u00e9 en fl\u00e8che 520%, les b\u00e9n\u00e9fices des entreprises de commerce ext\u00e9rieur ont \u00e9t\u00e9 multipli\u00e9s par 10, l'exportation de ces produits est \"exceptionnellement chaude\", la demande conna\u00eet une croissance explosive !<\/a><\/li>\n\t\t<li class=\"wsp-post\"><a href=\"https:\/\/www.chinaconsign.com\/fr\/from-november-these-three-types-of-recycled-raw-materials-do-not-belong-to-solid-waste-and-are-allowed-to-be-imported-freely\/\">\u00c0 partir de novembre, ces trois types de mati\u00e8res premi\u00e8res recycl\u00e9es ne font pas partie des d\u00e9chets solides et peuvent \u00eatre import\u00e9s librement.<\/a><\/li>\n\t\t<li class=\"wsp-post\"><a href=\"https:\/\/www.chinaconsign.com\/fr\/ups-surcharge-increases-significantly-dhl-express-tariff-increases-4-9\/\">La surcharge UPS augmente consid\u00e9rablement, le tarif DHL Express augmente de 4,9%<\/a><\/li>\n<\/ul><\/li>\n<\/ul>\n<\/div><\/div>\n\t\t\t\t<\/div>\n\t\t\t\t<\/div>\n\t\t\t\t\t<\/div>\n\t\t<\/div>\n\t\t\t\t\t\t\t<\/div>\n\t\t<\/section>\n\t\t\t\t\t\t\t<\/div>","protected":false},"excerpt":{"rendered":"<p>Plan du site ChinaConsign.com SiteMap<\/p>","protected":false},"author":1,"featured_media":0,"parent":0,"menu_order":0,"comment_status":"closed","ping_status":"closed","template":"","meta":{"site-sidebar-layout":"default","site-content-layout":"page-builder","ast-global-header-display":"","ast-main-header-display":"","ast-hfb-above-header-display":"","ast-hfb-below-header-display":"","ast-hfb-mobile-header-display":"","site-post-title":"disabled","ast-breadcrumbs-content":"","ast-featured-img":"disabled","footer-sml-layout":"","theme-transparent-header-meta":"enabled","adv-header-id-meta":"","stick-header-meta":"","header-above-stick-meta":"","header-main-stick-meta":"","header-below-stick-meta":"","footnotes":""},"class_list":["post-1156","page","type-page","status-publish","hentry"],"aioseo_notices":[],"_links":{"self":[{"href":"https:\/\/www.chinaconsign.com\/fr\/wp-json\/wp\/v2\/pages\/1156","targetHints":{"allow":["GET"]}}],"collection":[{"href":"https:\/\/www.chinaconsign.com\/fr\/wp-json\/wp\/v2\/pages"}],"about":[{"href":"https:\/\/www.chinaconsign.com\/fr\/wp-json\/wp\/v2\/types\/page"}],"author":[{"embeddable":true,"href":"https:\/\/www.chinaconsign.com\/fr\/wp-json\/wp\/v2\/users\/1"}],"replies":[{"embeddable":true,"href":"https:\/\/www.chinaconsign.com\/fr\/wp-json\/wp\/v2\/comments?post=1156"}],"version-history":[{"count":0,"href":"https:\/\/www.chinaconsign.com\/fr\/wp-json\/wp\/v2\/pages\/1156\/revisions"}],"wp:attachment":[{"href":"https:\/\/www.chinaconsign.com\/fr\/wp-json\/wp\/v2\/media?parent=1156"}],"curies":[{"name":"wp","href":"https:\/\/api.w.org\/{rel}","templated":true}]}}