{"id":2031,"date":"2024-03-27T14:59:45","date_gmt":"2024-03-27T06:59:45","guid":{"rendered":"https:\/\/www.chinaconsign.com\/?page_id=2031"},"modified":"2025-08-31T16:33:57","modified_gmt":"2025-08-31T08:33:57","slug":"china-aliexpress-agent-services","status":"publish","type":"page","link":"https:\/\/www.chinaconsign.com\/es\/china-aliexpress-agent-services\/","title":{"rendered":"Servicios de agente de AliExpress en China"},"content":{"rendered":"<div data-elementor-type=\"wp-post\" data-elementor-id=\"2031\" class=\"elementor elementor-2031\">\n\t\t\t\t\t\t\t\t\t<section class=\"elementor-section elementor-top-section elementor-element elementor-element-b1d7697 elementor-section-boxed elementor-section-height-default elementor-section-height-default\" data-id=\"b1d7697\" data-element_type=\"section\" data-settings=\"{&quot;background_background&quot;:&quot;classic&quot;}\">\n\t\t\t\t\t\t\t<div class=\"elementor-background-overlay\"><\/div>\n\t\t\t\t\t\t\t<div class=\"elementor-container elementor-column-gap-default\">\n\t\t\t\t\t<div class=\"elementor-column elementor-col-100 elementor-top-column elementor-element elementor-element-bd5e621\" data-id=\"bd5e621\" data-element_type=\"column\">\n\t\t\t<div class=\"elementor-widget-wrap elementor-element-populated\">\n\t\t\t\t\t\t\t\t<section class=\"elementor-section elementor-inner-section elementor-element elementor-element-6689c8d elementor-section-boxed elementor-section-height-default elementor-section-height-default\" data-id=\"6689c8d\" data-element_type=\"section\">\n\t\t\t\t\t\t<div class=\"elementor-container elementor-column-gap-default\">\n\t\t\t\t\t<div class=\"elementor-column elementor-col-66 elementor-inner-column elementor-element elementor-element-f42cb85\" data-id=\"f42cb85\" data-element_type=\"column\">\n\t\t\t<div class=\"elementor-widget-wrap elementor-element-populated\">\n\t\t\t\t\t\t\t\t<div class=\"elementor-element elementor-element-8256ae1 elementor-widget elementor-widget-heading\" data-id=\"8256ae1\" data-element_type=\"widget\" data-widget_type=\"heading.default\">\n\t\t\t\t<div class=\"elementor-widget-container\">\n\t\t\t<style>\/*! elementor - v3.11.5 - 14-03-2023 *\/\n.elementor-heading-title{padding:0;margin:0;line-height:1}.elementor-widget-heading .elementor-heading-title[class*=elementor-size-]>a{color:inherit;font-size:inherit;line-height:inherit}.elementor-widget-heading .elementor-heading-title.elementor-size-small{font-size:15px}.elementor-widget-heading .elementor-heading-title.elementor-size-medium{font-size:19px}.elementor-widget-heading .elementor-heading-title.elementor-size-large{font-size:29px}.elementor-widget-heading .elementor-heading-title.elementor-size-xl{font-size:39px}.elementor-widget-heading .elementor-heading-title.elementor-size-xxl{font-size:59px}<\/style><h1 class=\"elementor-heading-title elementor-size-default\">Servicios de agente de AliExpress en China<\/h1>\t\t<\/div>\n\t\t\t\t<\/div>\n\t\t\t\t\t<\/div>\n\t\t<\/div>\n\t\t\t\t<div class=\"elementor-column elementor-col-33 elementor-inner-column elementor-element elementor-element-ab6f8cd\" data-id=\"ab6f8cd\" data-element_type=\"column\">\n\t\t\t<div class=\"elementor-widget-wrap\">\n\t\t\t\t\t\t\t\t\t<\/div>\n\t\t<\/div>\n\t\t\t\t\t\t\t<\/div>\n\t\t<\/section>\n\t\t\t\t<section class=\"elementor-section elementor-inner-section elementor-element elementor-element-ca5edea elementor-section-boxed elementor-section-height-default elementor-section-height-default\" data-id=\"ca5edea\" data-element_type=\"section\">\n\t\t\t\t\t\t<div class=\"elementor-container elementor-column-gap-default\">\n\t\t\t\t\t<div class=\"elementor-column elementor-col-66 elementor-inner-column elementor-element elementor-element-823105c\" data-id=\"823105c\" data-element_type=\"column\">\n\t\t\t<div class=\"elementor-widget-wrap\">\n\t\t\t\t\t\t\t\t\t<\/div>\n\t\t<\/div>\n\t\t\t\t<div class=\"elementor-column elementor-col-33 elementor-inner-column elementor-element elementor-element-158d16b\" data-id=\"158d16b\" data-element_type=\"column\" data-settings=\"{&quot;background_background&quot;:&quot;classic&quot;}\">\n\t\t\t<div class=\"elementor-widget-wrap elementor-element-populated\">\n\t\t\t\t\t\t\t\t\t<\/div>\n\t\t<\/div>\n\t\t\t\t\t\t\t<\/div>\n\t\t<\/section>\n\t\t\t\t\t<\/div>\n\t\t<\/div>\n\t\t\t\t\t\t\t<\/div>\n\t\t<\/section>\n\t\t\t\t<section class=\"elementor-section elementor-top-section elementor-element elementor-element-68df5b7 elementor-section-boxed elementor-section-height-default elementor-section-height-default\" data-id=\"68df5b7\" data-element_type=\"section\" data-settings=\"{&quot;background_background&quot;:&quot;gradient&quot;}\">\n\t\t\t\t\t\t<div class=\"elementor-container elementor-column-gap-default\">\n\t\t\t\t\t<div class=\"elementor-column elementor-col-100 elementor-top-column elementor-element elementor-element-56ea3bf\" data-id=\"56ea3bf\" data-element_type=\"column\">\n\t\t\t<div class=\"elementor-widget-wrap elementor-element-populated\">\n\t\t\t\t\t\t\t\t<div class=\"elementor-element elementor-element-9d1840c elementor-widget elementor-widget-text-editor\" data-id=\"9d1840c\" data-element_type=\"widget\" data-widget_type=\"text-editor.default\">\n\t\t\t\t<div class=\"elementor-widget-container\">\n\t\t\t<style>\/*! elementor - v3.11.5 - 14-03-2023 *\/\n.elementor-widget-text-editor.elementor-drop-cap-view-stacked .elementor-drop-cap{background-color:#818a91;color:#fff}.elementor-widget-text-editor.elementor-drop-cap-view-framed .elementor-drop-cap{color:#818a91;border:3px solid;background-color:transparent}.elementor-widget-text-editor:not(.elementor-drop-cap-view-default) .elementor-drop-cap{margin-top:8px}.elementor-widget-text-editor:not(.elementor-drop-cap-view-default) .elementor-drop-cap-letter{width:1em;height:1em}.elementor-widget-text-editor .elementor-drop-cap{float:left;text-align:center;line-height:1;font-size:50px}.elementor-widget-text-editor .elementor-drop-cap-letter{display:inline-block}<\/style>\t\t\t\t<p>Bienvenido a nuestros completos servicios de agente de AliExpress, dise\u00f1ados para satisfacer las necesidades espec\u00edficas de los clientes internacionales. Entendemos los retos a los que se enfrenta cuando compra en plataformas chinas en l\u00ednea, incluidos los altos costes de env\u00edo, las barreras ling\u00fc\u00edsticas y las complejidades de la compra y devoluci\u00f3n de productos. Por eso estamos aqu\u00ed para simplificar su experiencia de compra y hacerla lo m\u00e1s fluida posible.<\/p><p><img loading=\"lazy\" decoding=\"async\" class=\"size-medium wp-image-2052 aligncenter\" src=\"https:\/\/www.chinaconsign.com\/wp-content\/uploads\/2024\/03\/aliexpress-logo-1-300x200.png\" alt=\"\" width=\"300\" height=\"200\" srcset=\"https:\/\/www.chinaconsign.com\/wp-content\/uploads\/2024\/03\/aliexpress-logo-1-300x200.png 300w, https:\/\/www.chinaconsign.com\/wp-content\/uploads\/2024\/03\/aliexpress-logo-1-1024x683.png 1024w, https:\/\/www.chinaconsign.com\/wp-content\/uploads\/2024\/03\/aliexpress-logo-1-768x512.png 768w, https:\/\/www.chinaconsign.com\/wp-content\/uploads\/2024\/03\/aliexpress-logo-1-1536x1024.png 1536w, https:\/\/www.chinaconsign.com\/wp-content\/uploads\/2024\/03\/aliexpress-logo-1-2048x1365.png 2048w, https:\/\/www.chinaconsign.com\/wp-content\/uploads\/2024\/03\/aliexpress-logo-1-18x12.png 18w\" sizes=\"auto, (max-width: 300px) 100vw, 300px\" \/><\/p><p>Nuestro conjunto de servicios est\u00e1 dise\u00f1ado para abordar los problemas m\u00e1s comunes a los que se enfrentan los compradores internacionales. As\u00ed es como podemos ayudarle:<\/p><p><span style=\"color: #ff6600;\"><b>1. Compra y b\u00fasqueda de productos:<\/b><\/span><br \/>Ofrecemos un servicio de compra personalizado, ayud\u00e1ndole a encontrar los productos exactos que busca en AliExpress. Nuestro equipo de expertos buscar\u00e1 las mejores ofertas, asegur\u00e1ndose de que obtienes el m\u00e1ximo valor por tu dinero.<\/p><p><span style=\"color: #ff6600;\"><b>2. Negociaci\u00f3n de precios en el idioma local:<\/b><\/span><br \/>A menudo, las barreras ling\u00fc\u00edsticas pueden dar lugar a errores de comunicaci\u00f3n y gastos innecesarios. Con nuestros servicios de negociaci\u00f3n en el idioma local, puede estar seguro de que obtiene el mejor precio posible por los productos que desea. Nos encargaremos de todas las negociaciones en su nombre, ahorr\u00e1ndole tiempo y dinero.<\/p><p><span style=\"color: #ff6600;\"><b>3. Consolidaci\u00f3n de paquetes:<\/b><\/span><br \/>Para reducir los gastos de env\u00edo, ofrecemos servicios de consolidaci\u00f3n de paquetes. Consolidaremos sus m\u00faltiples compras en un \u00fanico y rentable env\u00edo, ahorr\u00e1ndole un importante dinero en gastos de env\u00edo.<\/p><p><span style=\"color: #ff6600;\"><b>4. 4. Devoluciones y reembolsos:<\/b><\/span><br \/>Si no est\u00e1 satisfecho con su compra, nos encargaremos del proceso de devoluci\u00f3n por usted. Nos aseguraremos de que sus devoluciones se procesen sin problemas y de forma eficiente, minimizando cualquier inconveniente o retraso.<\/p><p><span style=\"color: #ff6600;\"><b>5. Inspecci\u00f3n de calidad:<\/b><\/span><br \/>Antes de enviar su paquete, realizamos un exhaustivo control de calidad para asegurarnos de que los productos cumplen sus expectativas. Esto le da tranquilidad y confianza en los productos que compra.<\/p><p><span style=\"color: #ff6600;\"><b>6. Env\u00edo y transbordo:<\/b><\/span><br \/>Proporcionamos servicios de env\u00edo fiables y eficientes, garantizando que su paquete le llegue seguro y a tiempo. Trabajamos con socios log\u00edsticos de confianza para proporcionarle informaci\u00f3n de seguimiento y actualizaciones durante todo el proceso de env\u00edo.<\/p><p>En nuestros servicios de agente de AliExpress, nos enorgullecemos de nuestra profesionalidad, fiabilidad y transparencia. Estamos comprometidos a proporcionar un servicio al cliente excepcional y garantizar que su experiencia de compra sea lo m\u00e1s fluida y agradable posible.<\/p><p>As\u00ed que, tanto si es la primera vez que compra como si es un comprador experimentado, estamos aqu\u00ed para hacer que su experiencia de compra en AliExpress sea lo m\u00e1s sencilla posible. P\u00f3ngase en contacto con nosotros hoy mismo para saber c\u00f3mo podemos ayudarle a ahorrar tiempo, dinero y esfuerzo en su pr\u00f3xima compra en China.<\/p>\t\t\t\t\t\t<\/div>\n\t\t\t\t<\/div>\n\t\t\t\t\t<\/div>\n\t\t<\/div>\n\t\t\t\t\t\t\t<\/div>\n\t\t<\/section>\n\t\t\t\t<section class=\"elementor-section elementor-top-section elementor-element elementor-element-f01871f elementor-section-content-middle elementor-section-boxed elementor-section-height-default elementor-section-height-default\" data-id=\"f01871f\" data-element_type=\"section\" data-settings=\"{&quot;background_background&quot;:&quot;classic&quot;}\">\n\t\t\t\t\t\t\t<div class=\"elementor-background-overlay\"><\/div>\n\t\t\t\t\t\t\t<div class=\"elementor-container elementor-column-gap-no\">\n\t\t\t\t\t<div class=\"elementor-column elementor-col-66 elementor-top-column elementor-element elementor-element-4ae5b88\" data-id=\"4ae5b88\" data-element_type=\"column\">\n\t\t\t<div class=\"elementor-widget-wrap elementor-element-populated\">\n\t\t\t\t\t\t\t\t<div class=\"elementor-element elementor-element-ea8daca elementor-widget elementor-widget-heading\" data-id=\"ea8daca\" data-element_type=\"widget\" data-widget_type=\"heading.default\">\n\t\t\t\t<div class=\"elementor-widget-container\">\n\t\t\t<h2 class=\"elementor-heading-title elementor-size-default\">Navegue por AliExpress con confianza: Nuestros servicios de agente est\u00e1n a su disposici\u00f3n<\/h2>\t\t<\/div>\n\t\t\t\t<\/div>\n\t\t\t\t<div class=\"elementor-element elementor-element-45e93bc elementor-widget elementor-widget-text-editor\" data-id=\"45e93bc\" data-element_type=\"widget\" data-widget_type=\"text-editor.default\">\n\t\t\t\t<div class=\"elementor-widget-container\">\n\t\t\t\t\t\t\t\t\t\t\t\t\t<\/div>\n\t\t\t\t<\/div>\n\t\t\t\t<div class=\"elementor-element elementor-element-c6a212d elementor-align-left elementor-widget elementor-widget-button\" data-id=\"c6a212d\" data-element_type=\"widget\" data-widget_type=\"button.default\">\n\t\t\t\t<div class=\"elementor-widget-container\">\n\t\t\t\t\t<div class=\"elementor-button-wrapper\">\n\t\t\t<a href=\"https:\/\/www.chinaconsign.com\/es\/contact\/\" class=\"elementor-button-link elementor-button elementor-size-md\" role=\"button\">\n\t\t\t\t\t\t<span class=\"elementor-button-content-wrapper\">\n\t\t\t\t\t\t<span class=\"elementor-button-text\">Presupuesto gratuito<\/span>\n\t\t<\/span>\n\t\t\t\t\t<\/a>\n\t\t<\/div>\n\t\t\t\t<\/div>\n\t\t\t\t<\/div>\n\t\t\t\t\t<\/div>\n\t\t<\/div>\n\t\t\t\t<div class=\"elementor-column elementor-col-33 elementor-top-column elementor-element elementor-element-8161240\" data-id=\"8161240\" data-element_type=\"column\">\n\t\t\t<div class=\"elementor-widget-wrap\">\n\t\t\t\t\t\t\t\t\t<\/div>\n\t\t<\/div>\n\t\t\t\t\t\t\t<\/div>\n\t\t<\/section>\n\t\t\t\t\t\t\t<\/div>","protected":false},"excerpt":{"rendered":"<p>Servicios de agente de AliExpress en China Bienvenido a nuestros completos servicios de agente de AliExpress, dise\u00f1ados para satisfacer las necesidades espec\u00edficas de los clientes internacionales. Comprendemos los retos a los que se enfrenta al comprar en plataformas chinas en l\u00ednea, incluidos los elevados gastos de env\u00edo, las barreras ling\u00fc\u00edsticas y las complejidades de la compra y devoluci\u00f3n de productos. Por eso estamos aqu\u00ed para simplificar sus compras ...<\/p>\n<p class=\"read-more\"> <a class=\"\" href=\"https:\/\/www.chinaconsign.com\/es\/china-aliexpress-agent-services\/\"> <span class=\"screen-reader-text\">Servicios de agente de AliExpress en China<\/span> Leer m\u00e1s \"<\/a><\/p>","protected":false},"author":1,"featured_media":2052,"parent":0,"menu_order":0,"comment_status":"closed","ping_status":"closed","template":"","meta":{"site-sidebar-layout":"default","site-content-layout":"page-builder","ast-global-header-display":"","ast-main-header-display":"","ast-hfb-above-header-display":"","ast-hfb-below-header-display":"","ast-hfb-mobile-header-display":"","site-post-title":"disabled","ast-breadcrumbs-content":"","ast-featured-img":"disabled","footer-sml-layout":"","theme-transparent-header-meta":"enabled","adv-header-id-meta":"","stick-header-meta":"","header-above-stick-meta":"","header-main-stick-meta":"","header-below-stick-meta":"","footnotes":""},"class_list":["post-2031","page","type-page","status-publish","has-post-thumbnail","hentry"],"aioseo_notices":[],"_links":{"self":[{"href":"https:\/\/www.chinaconsign.com\/es\/wp-json\/wp\/v2\/pages\/2031","targetHints":{"allow":["GET"]}}],"collection":[{"href":"https:\/\/www.chinaconsign.com\/es\/wp-json\/wp\/v2\/pages"}],"about":[{"href":"https:\/\/www.chinaconsign.com\/es\/wp-json\/wp\/v2\/types\/page"}],"author":[{"embeddable":true,"href":"https:\/\/www.chinaconsign.com\/es\/wp-json\/wp\/v2\/users\/1"}],"replies":[{"embeddable":true,"href":"https:\/\/www.chinaconsign.com\/es\/wp-json\/wp\/v2\/comments?post=2031"}],"version-history":[{"count":0,"href":"https:\/\/www.chinaconsign.com\/es\/wp-json\/wp\/v2\/pages\/2031\/revisions"}],"wp:featuredmedia":[{"embeddable":true,"href":"https:\/\/www.chinaconsign.com\/es\/wp-json\/wp\/v2\/media\/2052"}],"wp:attachment":[{"href":"https:\/\/www.chinaconsign.com\/es\/wp-json\/wp\/v2\/media?parent=2031"}],"curies":[{"name":"wp","href":"https:\/\/api.w.org\/{rel}","templated":true}]}}