{"id":1519,"date":"2023-04-14T19:44:32","date_gmt":"2023-04-14T11:44:32","guid":{"rendered":"https:\/\/www.chinaconsign.com\/?page_id=1519"},"modified":"2025-08-31T16:41:25","modified_gmt":"2025-08-31T08:41:25","slug":"china-sourcing-services","status":"publish","type":"page","link":"https:\/\/www.chinaconsign.com\/es\/china-sourcing-services\/","title":{"rendered":"Servicios de aprovisionamiento en China"},"content":{"rendered":"<div data-elementor-type=\"wp-post\" data-elementor-id=\"1519\" class=\"elementor elementor-1519\">\n\t\t\t\t\t\t\t\t\t<section class=\"elementor-section elementor-top-section elementor-element elementor-element-b1d7697 elementor-section-boxed elementor-section-height-default elementor-section-height-default\" data-id=\"b1d7697\" data-element_type=\"section\" data-settings=\"{&quot;background_background&quot;:&quot;classic&quot;}\">\n\t\t\t\t\t\t\t<div class=\"elementor-background-overlay\"><\/div>\n\t\t\t\t\t\t\t<div class=\"elementor-container elementor-column-gap-default\">\n\t\t\t\t\t<div class=\"elementor-column elementor-col-100 elementor-top-column elementor-element elementor-element-bd5e621\" data-id=\"bd5e621\" data-element_type=\"column\">\n\t\t\t<div class=\"elementor-widget-wrap elementor-element-populated\">\n\t\t\t\t\t\t\t\t<section class=\"elementor-section elementor-inner-section elementor-element elementor-element-6689c8d elementor-section-boxed elementor-section-height-default elementor-section-height-default\" data-id=\"6689c8d\" data-element_type=\"section\">\n\t\t\t\t\t\t<div class=\"elementor-container elementor-column-gap-default\">\n\t\t\t\t\t<div class=\"elementor-column elementor-col-66 elementor-inner-column elementor-element elementor-element-f42cb85\" data-id=\"f42cb85\" data-element_type=\"column\">\n\t\t\t<div class=\"elementor-widget-wrap elementor-element-populated\">\n\t\t\t\t\t\t\t\t<div class=\"elementor-element elementor-element-8256ae1 elementor-widget elementor-widget-heading\" data-id=\"8256ae1\" data-element_type=\"widget\" data-widget_type=\"heading.default\">\n\t\t\t\t<div class=\"elementor-widget-container\">\n\t\t\t<style>\/*! elementor - v3.11.5 - 14-03-2023 *\/\n.elementor-heading-title{padding:0;margin:0;line-height:1}.elementor-widget-heading .elementor-heading-title[class*=elementor-size-]>a{color:inherit;font-size:inherit;line-height:inherit}.elementor-widget-heading .elementor-heading-title.elementor-size-small{font-size:15px}.elementor-widget-heading .elementor-heading-title.elementor-size-medium{font-size:19px}.elementor-widget-heading .elementor-heading-title.elementor-size-large{font-size:29px}.elementor-widget-heading .elementor-heading-title.elementor-size-xl{font-size:39px}.elementor-widget-heading .elementor-heading-title.elementor-size-xxl{font-size:59px}<\/style><h1 class=\"elementor-heading-title elementor-size-default\">Servicios de contrataci\u00f3n:<\/h1>\t\t<\/div>\n\t\t\t\t<\/div>\n\t\t\t\t\t<\/div>\n\t\t<\/div>\n\t\t\t\t<div class=\"elementor-column elementor-col-33 elementor-inner-column elementor-element elementor-element-ab6f8cd\" data-id=\"ab6f8cd\" data-element_type=\"column\">\n\t\t\t<div class=\"elementor-widget-wrap\">\n\t\t\t\t\t\t\t\t\t<\/div>\n\t\t<\/div>\n\t\t\t\t\t\t\t<\/div>\n\t\t<\/section>\n\t\t\t\t<section class=\"elementor-section elementor-inner-section elementor-element elementor-element-ca5edea elementor-section-boxed elementor-section-height-default elementor-section-height-default\" data-id=\"ca5edea\" data-element_type=\"section\">\n\t\t\t\t\t\t<div class=\"elementor-container elementor-column-gap-default\">\n\t\t\t\t\t<div class=\"elementor-column elementor-col-66 elementor-inner-column elementor-element elementor-element-823105c\" data-id=\"823105c\" data-element_type=\"column\">\n\t\t\t<div class=\"elementor-widget-wrap\">\n\t\t\t\t\t\t\t\t\t<\/div>\n\t\t<\/div>\n\t\t\t\t<div class=\"elementor-column elementor-col-33 elementor-inner-column elementor-element elementor-element-158d16b\" data-id=\"158d16b\" data-element_type=\"column\" data-settings=\"{&quot;background_background&quot;:&quot;classic&quot;}\">\n\t\t\t<div class=\"elementor-widget-wrap elementor-element-populated\">\n\t\t\t\t\t\t\t\t\t<\/div>\n\t\t<\/div>\n\t\t\t\t\t\t\t<\/div>\n\t\t<\/section>\n\t\t\t\t\t<\/div>\n\t\t<\/div>\n\t\t\t\t\t\t\t<\/div>\n\t\t<\/section>\n\t\t\t\t<section class=\"elementor-section elementor-top-section elementor-element elementor-element-68df5b7 elementor-section-boxed elementor-section-height-default elementor-section-height-default\" data-id=\"68df5b7\" data-element_type=\"section\" data-settings=\"{&quot;background_background&quot;:&quot;gradient&quot;}\">\n\t\t\t\t\t\t<div class=\"elementor-container elementor-column-gap-default\">\n\t\t\t\t\t<div class=\"elementor-column elementor-col-100 elementor-top-column elementor-element elementor-element-56ea3bf\" data-id=\"56ea3bf\" data-element_type=\"column\" data-settings=\"{&quot;background_background&quot;:&quot;slideshow&quot;,&quot;background_slideshow_gallery&quot;:[],&quot;background_slideshow_loop&quot;:&quot;yes&quot;,&quot;background_slideshow_slide_duration&quot;:5000,&quot;background_slideshow_slide_transition&quot;:&quot;fade&quot;,&quot;background_slideshow_transition_duration&quot;:500}\">\n\t\t\t<div class=\"elementor-widget-wrap elementor-element-populated\">\n\t\t\t\t\t\t\t\t<div class=\"elementor-element elementor-element-9d1840c elementor-widget elementor-widget-text-editor\" data-id=\"9d1840c\" data-element_type=\"widget\" data-widget_type=\"text-editor.default\">\n\t\t\t\t<div class=\"elementor-widget-container\">\n\t\t\t<style>\/*! elementor - v3.11.5 - 14-03-2023 *\/\n.elementor-widget-text-editor.elementor-drop-cap-view-stacked .elementor-drop-cap{background-color:#818a91;color:#fff}.elementor-widget-text-editor.elementor-drop-cap-view-framed .elementor-drop-cap{color:#818a91;border:3px solid;background-color:transparent}.elementor-widget-text-editor:not(.elementor-drop-cap-view-default) .elementor-drop-cap{margin-top:8px}.elementor-widget-text-editor:not(.elementor-drop-cap-view-default) .elementor-drop-cap-letter{width:1em;height:1em}.elementor-widget-text-editor .elementor-drop-cap{float:left;text-align:center;line-height:1;font-size:50px}.elementor-widget-text-editor .elementor-drop-cap-letter{display:inline-block}<\/style>\t\t\t\t<p>En China Consign ofrecemos servicios integrales de aprovisionamiento a clientes de todo el mundo interesados en adquirir productos procedentes de China. Nos enorgullecemos de ofrecer una soluci\u00f3n integral que va m\u00e1s all\u00e1 del env\u00edo y la manipulaci\u00f3n para garantizar que nuestros clientes reciban productos de alta calidad a un precio competitivo.<\/p><p><img loading=\"lazy\" decoding=\"async\" class=\"aligncenter wp-image-1521\" src=\"http:\/\/www.chinaconsign.com\/wp-content\/uploads\/2023\/04\/quality-hook-check-mark-787673-1024x724.jpg\" alt=\"calidad, gancho, marca de control-787673.jpg\" width=\"600\" height=\"424\" srcset=\"https:\/\/www.chinaconsign.com\/wp-content\/uploads\/2023\/04\/quality-hook-check-mark-787673-1024x724.jpg 1024w, https:\/\/www.chinaconsign.com\/wp-content\/uploads\/2023\/04\/quality-hook-check-mark-787673-300x212.jpg 300w, https:\/\/www.chinaconsign.com\/wp-content\/uploads\/2023\/04\/quality-hook-check-mark-787673-768x543.jpg 768w, https:\/\/www.chinaconsign.com\/wp-content\/uploads\/2023\/04\/quality-hook-check-mark-787673-18x12.jpg 18w, https:\/\/www.chinaconsign.com\/wp-content\/uploads\/2023\/04\/quality-hook-check-mark-787673.jpg 1280w\" sizes=\"auto, (max-width: 600px) 100vw, 600px\" \/><\/p><p><strong>Control de calidad de confianza<\/strong><br \/>Nuestro equipo de profesionales experimentados posee conocimientos especializados del mercado chino y de la normativa local. Esto nos permite identificar a proveedores fiables, realizar rigurosos controles de calidad de todos los productos antes de su env\u00edo y garantizar a nuestros clientes una calidad de producto excepcional.<\/p><p><strong>Amplia red de proveedores y fabricantes<\/strong><br \/>Hemos establecido s\u00f3lidas alianzas con proveedores y fabricantes de diversos sectores, lo que nos da acceso a una amplia cadena de suministro y recursos de canal. Nuestra amplia red nos permite obtener productos \u00fanicos de forma r\u00e1pida y eficaz para nuestros clientes, incluso si no est\u00e1n disponibles en el mercado.<\/p><p><strong>Conocimientos culturales y flexibilidad<\/strong><br \/>Nuestra experiencia cultural es fundamental a la hora de sortear las complejidades de hacer negocios en China, incluidas las barreras ling\u00fc\u00edsticas, las diferencias culturales y la normativa aduanera. Nuestro equipo siempre est\u00e1 dispuesto a adaptarse a sus requisitos espec\u00edficos y ofrecer soluciones de abastecimiento personalizadas basadas en sus necesidades individuales, garantizando que reciba asistencia personalizada en cada paso del camino.<\/p><p><strong>Atenci\u00f3n al cliente excepcional<\/strong><br \/>Creemos en la creaci\u00f3n de relaciones a largo plazo con nuestros clientes mediante una comunicaci\u00f3n transparente, fiable y coherente. Nuestro equipo de atenci\u00f3n al cliente est\u00e1 aqu\u00ed para responder a cualquier pregunta o duda que pueda tener, resolver los problemas con prontitud y garantizar que tenga una experiencia sin problemas al trabajar con nosotros.<\/p><p><strong>Conocimientos especializados<\/strong><br \/>Nuestro equipo cuenta con d\u00e9cadas de experiencia combinada y contactos en diversos sectores. Aprovechamos nuestras especializaciones para ofrecer a nuestros clientes soluciones a medida que les ayuden a alcanzar sus objetivos, ya sea negociando mejores precios o identificando nuevas oportunidades de abastecimiento.<\/p><p>En conclusi\u00f3n, cuando elige China Consign para sus necesidades de aprovisionamiento, puede esperar un control de calidad de primera categor\u00eda, amplias redes de proveedores y fabricantes, experiencia y flexibilidad cultural, un servicio de atenci\u00f3n al cliente excepcional y conocimientos especializados. Perm\u00edtanos ayudarle a agilizar su proceso de aprovisionamiento y a adquirir su pr\u00f3ximo producto en China con confianza.<\/p>\t\t\t\t\t\t<\/div>\n\t\t\t\t<\/div>\n\t\t\t\t\t<\/div>\n\t\t<\/div>\n\t\t\t\t\t\t\t<\/div>\n\t\t<\/section>\n\t\t\t\t<section class=\"elementor-section elementor-top-section elementor-element elementor-element-f01871f elementor-section-content-middle elementor-section-boxed elementor-section-height-default elementor-section-height-default\" data-id=\"f01871f\" data-element_type=\"section\" data-settings=\"{&quot;background_background&quot;:&quot;classic&quot;}\">\n\t\t\t\t\t\t\t<div class=\"elementor-background-overlay\"><\/div>\n\t\t\t\t\t\t\t<div class=\"elementor-container elementor-column-gap-no\">\n\t\t\t\t\t<div class=\"elementor-column elementor-col-66 elementor-top-column elementor-element elementor-element-4ae5b88\" data-id=\"4ae5b88\" data-element_type=\"column\">\n\t\t\t<div class=\"elementor-widget-wrap elementor-element-populated\">\n\t\t\t\t\t\t\t\t<div class=\"elementor-element elementor-element-ea8daca elementor-widget elementor-widget-heading\" data-id=\"ea8daca\" data-element_type=\"widget\" data-widget_type=\"heading.default\">\n\t\t\t\t<div class=\"elementor-widget-container\">\n\t\t\t<h2 class=\"elementor-heading-title elementor-size-default\">\u00bfC\u00f3mo China Consign est\u00e1 revolucionando las compras directas a China?<\/h2>\t\t<\/div>\n\t\t\t\t<\/div>\n\t\t\t\t<div class=\"elementor-element elementor-element-45e93bc elementor-widget elementor-widget-text-editor\" data-id=\"45e93bc\" data-element_type=\"widget\" data-widget_type=\"text-editor.default\">\n\t\t\t\t<div class=\"elementor-widget-container\">\n\t\t\t\t\t\t\t<p>Nos enorgullece ofrecer a nuestros clientes una amplia gama de servicios, como direcciones de env\u00edo chinas, consolidaci\u00f3n de paquetes y soluciones de almacenamiento. Nuestro equipo trabaja incansablemente para garantizar que nuestros clientes reciban sus paquetes de forma segura y eficiente, a la vez que ahorran dinero a trav\u00e9s de la consolidaci\u00f3n de paquetes y tarifas de env\u00edo internacionales competitivas. En China Consign, reconocemos la importancia de crear asociaciones s\u00f3lidas para ofrecer a nuestros clientes la mejor experiencia posible. Por eso trabajamos en estrecha colaboraci\u00f3n con gigantes de la log\u00edstica mundial como FedEx y UPS para ofrecer a nuestros clientes tarifas de env\u00edo inmejorables y opciones de transporte fiables.<\/p>\t\t\t\t\t\t<\/div>\n\t\t\t\t<\/div>\n\t\t\t\t<div class=\"elementor-element elementor-element-c6a212d elementor-align-left elementor-widget elementor-widget-button\" data-id=\"c6a212d\" data-element_type=\"widget\" data-widget_type=\"button.default\">\n\t\t\t\t<div class=\"elementor-widget-container\">\n\t\t\t\t\t<div class=\"elementor-button-wrapper\">\n\t\t\t<a href=\"https:\/\/www.chinaconsign.com\/es\/contact\/\" class=\"elementor-button-link elementor-button elementor-size-md\" role=\"button\">\n\t\t\t\t\t\t<span class=\"elementor-button-content-wrapper\">\n\t\t\t\t\t\t<span class=\"elementor-button-text\">Ponte en contacto<\/span>\n\t\t<\/span>\n\t\t\t\t\t<\/a>\n\t\t<\/div>\n\t\t\t\t<\/div>\n\t\t\t\t<\/div>\n\t\t\t\t\t<\/div>\n\t\t<\/div>\n\t\t\t\t<div class=\"elementor-column elementor-col-33 elementor-top-column elementor-element elementor-element-8161240\" data-id=\"8161240\" data-element_type=\"column\">\n\t\t\t<div class=\"elementor-widget-wrap\">\n\t\t\t\t\t\t\t\t\t<\/div>\n\t\t<\/div>\n\t\t\t\t\t\t\t<\/div>\n\t\t<\/section>\n\t\t\t\t\t\t\t<\/div>","protected":false},"excerpt":{"rendered":"<p>Servicios de aprovisionamiento: En China Consign, ofrecemos servicios integrales de aprovisionamiento a clientes de todo el mundo interesados en adquirir productos procedentes de China. Nos enorgullecemos de ofrecer una soluci\u00f3n integral que va m\u00e1s all\u00e1 del env\u00edo y la manipulaci\u00f3n para garantizar que nuestros clientes reciban productos de alta calidad a un precio competitivo. Control de calidad de confianzaNuestro equipo de ...<\/p>\n<p class=\"read-more\"> <a class=\"\" href=\"https:\/\/www.chinaconsign.com\/es\/china-sourcing-services\/\"> <span class=\"screen-reader-text\">Servicios de aprovisionamiento en China<\/span> Leer m\u00e1s \"<\/a><\/p>","protected":false},"author":1,"featured_media":1563,"parent":0,"menu_order":0,"comment_status":"closed","ping_status":"closed","template":"","meta":{"site-sidebar-layout":"default","site-content-layout":"page-builder","ast-global-header-display":"","ast-main-header-display":"","ast-hfb-above-header-display":"","ast-hfb-below-header-display":"","ast-hfb-mobile-header-display":"","site-post-title":"disabled","ast-breadcrumbs-content":"","ast-featured-img":"disabled","footer-sml-layout":"","theme-transparent-header-meta":"enabled","adv-header-id-meta":"","stick-header-meta":"","header-above-stick-meta":"","header-main-stick-meta":"","header-below-stick-meta":"","footnotes":""},"class_list":["post-1519","page","type-page","status-publish","has-post-thumbnail","hentry"],"aioseo_notices":[],"_links":{"self":[{"href":"https:\/\/www.chinaconsign.com\/es\/wp-json\/wp\/v2\/pages\/1519","targetHints":{"allow":["GET"]}}],"collection":[{"href":"https:\/\/www.chinaconsign.com\/es\/wp-json\/wp\/v2\/pages"}],"about":[{"href":"https:\/\/www.chinaconsign.com\/es\/wp-json\/wp\/v2\/types\/page"}],"author":[{"embeddable":true,"href":"https:\/\/www.chinaconsign.com\/es\/wp-json\/wp\/v2\/users\/1"}],"replies":[{"embeddable":true,"href":"https:\/\/www.chinaconsign.com\/es\/wp-json\/wp\/v2\/comments?post=1519"}],"version-history":[{"count":0,"href":"https:\/\/www.chinaconsign.com\/es\/wp-json\/wp\/v2\/pages\/1519\/revisions"}],"wp:featuredmedia":[{"embeddable":true,"href":"https:\/\/www.chinaconsign.com\/es\/wp-json\/wp\/v2\/media\/1563"}],"wp:attachment":[{"href":"https:\/\/www.chinaconsign.com\/es\/wp-json\/wp\/v2\/media?parent=1519"}],"curies":[{"name":"wp","href":"https:\/\/api.w.org\/{rel}","templated":true}]}}