{"id":1206,"date":"2023-04-03T11:29:15","date_gmt":"2023-04-03T03:29:15","guid":{"rendered":"https:\/\/www.chinaconsign.com\/?page_id=1206"},"modified":"2023-04-03T14:51:04","modified_gmt":"2023-04-03T06:51:04","slug":"pricing","status":"publish","type":"page","link":"https:\/\/www.chinaconsign.com\/es\/pricing\/","title":{"rendered":"Precios"},"content":{"rendered":"<div data-elementor-type=\"wp-post\" data-elementor-id=\"1206\" class=\"elementor elementor-1206\">\n\t\t\t\t\t\t\t\t\t<section class=\"elementor-section elementor-top-section elementor-element elementor-element-b1d7697 elementor-section-boxed elementor-section-height-default elementor-section-height-default\" data-id=\"b1d7697\" data-element_type=\"section\" data-settings=\"{&quot;background_background&quot;:&quot;classic&quot;}\">\n\t\t\t\t\t\t\t<div class=\"elementor-background-overlay\"><\/div>\n\t\t\t\t\t\t\t<div class=\"elementor-container elementor-column-gap-default\">\n\t\t\t\t\t<div class=\"elementor-column elementor-col-100 elementor-top-column elementor-element elementor-element-bd5e621\" data-id=\"bd5e621\" data-element_type=\"column\">\n\t\t\t<div class=\"elementor-widget-wrap elementor-element-populated\">\n\t\t\t\t\t\t\t\t<section class=\"elementor-section elementor-inner-section elementor-element elementor-element-6689c8d elementor-section-boxed elementor-section-height-default elementor-section-height-default\" data-id=\"6689c8d\" data-element_type=\"section\">\n\t\t\t\t\t\t<div class=\"elementor-container elementor-column-gap-default\">\n\t\t\t\t\t<div class=\"elementor-column elementor-col-66 elementor-inner-column elementor-element elementor-element-f42cb85\" data-id=\"f42cb85\" data-element_type=\"column\">\n\t\t\t<div class=\"elementor-widget-wrap elementor-element-populated\">\n\t\t\t\t\t\t\t\t<div class=\"elementor-element elementor-element-8256ae1 elementor-widget elementor-widget-heading\" data-id=\"8256ae1\" data-element_type=\"widget\" data-widget_type=\"heading.default\">\n\t\t\t\t<div class=\"elementor-widget-container\">\n\t\t\t<style>\/*! elementor - v3.11.5 - 14-03-2023 *\/\n.elementor-heading-title{padding:0;margin:0;line-height:1}.elementor-widget-heading .elementor-heading-title[class*=elementor-size-]>a{color:inherit;font-size:inherit;line-height:inherit}.elementor-widget-heading .elementor-heading-title.elementor-size-small{font-size:15px}.elementor-widget-heading .elementor-heading-title.elementor-size-medium{font-size:19px}.elementor-widget-heading .elementor-heading-title.elementor-size-large{font-size:29px}.elementor-widget-heading .elementor-heading-title.elementor-size-xl{font-size:39px}.elementor-widget-heading .elementor-heading-title.elementor-size-xxl{font-size:59px}<\/style><h1 class=\"elementor-heading-title elementor-size-default\">Precios<\/h1>\t\t<\/div>\n\t\t\t\t<\/div>\n\t\t\t\t\t<\/div>\n\t\t<\/div>\n\t\t\t\t<div class=\"elementor-column elementor-col-33 elementor-inner-column elementor-element elementor-element-ab6f8cd\" data-id=\"ab6f8cd\" data-element_type=\"column\">\n\t\t\t<div class=\"elementor-widget-wrap\">\n\t\t\t\t\t\t\t\t\t<\/div>\n\t\t<\/div>\n\t\t\t\t\t\t\t<\/div>\n\t\t<\/section>\n\t\t\t\t<section class=\"elementor-section elementor-inner-section elementor-element elementor-element-ca5edea elementor-section-boxed elementor-section-height-default elementor-section-height-default\" data-id=\"ca5edea\" data-element_type=\"section\">\n\t\t\t\t\t\t<div class=\"elementor-container elementor-column-gap-default\">\n\t\t\t\t\t<div class=\"elementor-column elementor-col-66 elementor-inner-column elementor-element elementor-element-823105c\" data-id=\"823105c\" data-element_type=\"column\">\n\t\t\t<div class=\"elementor-widget-wrap\">\n\t\t\t\t\t\t\t\t\t<\/div>\n\t\t<\/div>\n\t\t\t\t<div class=\"elementor-column elementor-col-33 elementor-inner-column elementor-element elementor-element-158d16b\" data-id=\"158d16b\" data-element_type=\"column\" data-settings=\"{&quot;background_background&quot;:&quot;classic&quot;}\">\n\t\t\t<div class=\"elementor-widget-wrap elementor-element-populated\">\n\t\t\t\t\t\t\t\t<div class=\"elementor-element elementor-element-b8e9877 elementor-widget elementor-widget-heading\" data-id=\"b8e9877\" data-element_type=\"widget\" data-widget_type=\"heading.default\">\n\t\t\t\t<div class=\"elementor-widget-container\">\n\t\t\t<h3 class=\"elementor-heading-title elementor-size-default\">ChinaConsign.com<\/h3>\t\t<\/div>\n\t\t\t\t<\/div>\n\t\t\t\t\t<\/div>\n\t\t<\/div>\n\t\t\t\t\t\t\t<\/div>\n\t\t<\/section>\n\t\t\t\t\t<\/div>\n\t\t<\/div>\n\t\t\t\t\t\t\t<\/div>\n\t\t<\/section>\n\t\t\t\t<section class=\"elementor-section elementor-top-section elementor-element elementor-element-68df5b7 elementor-section-boxed elementor-section-height-default elementor-section-height-default\" data-id=\"68df5b7\" data-element_type=\"section\" data-settings=\"{&quot;background_background&quot;:&quot;gradient&quot;}\">\n\t\t\t\t\t\t<div class=\"elementor-container elementor-column-gap-default\">\n\t\t\t\t\t<div class=\"elementor-column elementor-col-100 elementor-top-column elementor-element elementor-element-56ea3bf\" data-id=\"56ea3bf\" data-element_type=\"column\">\n\t\t\t<div class=\"elementor-widget-wrap elementor-element-populated\">\n\t\t\t\t\t\t\t\t<div class=\"elementor-element elementor-element-ed56a4c elementor-widget elementor-widget-shortcode\" data-id=\"ed56a4c\" data-element_type=\"widget\" data-widget_type=\"shortcode.default\">\n\t\t\t\t<div class=\"elementor-widget-container\">\n\t\t\t\t\t<div class=\"elementor-shortcode\">\n<table id=\"tablepress-1\" class=\"tablepress tablepress-id-1\">\n<thead>\n<tr class=\"row-1 odd\">\n\t<th class=\"column-1\">Art\u00edculos de servicio<\/th><th class=\"column-2\">Precio (USD)<\/th><th class=\"column-3\">Observaciones<\/th><th class=\"column-4\"><\/th>\n<\/tr>\n<\/thead>\n<tbody class=\"row-hover\">\n<tr class=\"row-2 even\">\n\t<td class=\"column-1\"><span style=\"color:#444444;\">Recibir paquete<\/span><\/td><td class=\"column-2\"><span style=\"color:#444444;\">0<\/span><\/td><td class=\"column-3\"><span style=\"color:#444444;\">Para recibir su paquete<\/span><\/td><td class=\"column-4\"><\/td>\n<\/tr>\n<tr class=\"row-3 odd\">\n\t<td class=\"column-1\"><span style=\"color:#444444;\">Fotos externas del paquete<\/span><\/td><td class=\"column-2\"><span style=\"color:#444444;\">0<\/span><\/td><td class=\"column-3\"><span style=\"color:#444444;\"><\/span><\/td><td class=\"column-4\"><\/td>\n<\/tr>\n<tr class=\"row-4 even\">\n\t<td class=\"column-1\"><span style=\"color:#444444;\">Fotos del contenido del paquete<\/span><\/td><td rowspan=\"2\" class=\"column-2\"><span style=\"color:#444444;\">2<\/span><\/td><td class=\"column-3\"><span style=\"color:#444444;\"><\/span><\/td><td class=\"column-4\"><\/td>\n<\/tr>\n<tr class=\"row-5 odd\">\n\t<td class=\"column-1\"><span style=\"color:#444444;\">Comprobaci\u00f3n del contenido del paquete<\/span><\/td><td class=\"column-3\"><span style=\"color:#444444;\">Compruebe la integridad del contenido del envase.<\/span><\/td><td class=\"column-4\"><\/td>\n<\/tr>\n<tr class=\"row-6 even\">\n\t<td class=\"column-1\"><span style=\"color:#444444;\">Consolidaci\u00f3n de paquetes<\/span><\/td><td class=\"column-2\"><span style=\"color:#444444;\">0<\/span><\/td><td class=\"column-3\"><span style=\"color:#444444;\">Consolidar varios paquetes o pedidos le ahorra gastos de env\u00edo<\/span><\/td><td class=\"column-4\"><\/td>\n<\/tr>\n<tr class=\"row-7 odd\">\n\t<td class=\"column-1\"><span style=\"color:#444444;\">Notificaciones<\/span><\/td><td class=\"column-2\"><span style=\"color:#444444;\">0<\/span><\/td><td class=\"column-3\"><span style=\"color:#444444;\">Correo electr\u00f3nico<\/span><\/td><td class=\"column-4\"><\/td>\n<\/tr>\n<tr class=\"row-8 even\">\n\t<td class=\"column-1\"><span style=\"color:#444444;\">Devoluci\u00f3n del paquete<\/span><\/td><td class=\"column-2\"><span style=\"color:#444444;\">4<\/span><\/td><td class=\"column-3\"><span style=\"color:#444444;\">Devolver el paquete al vendedor<\/span><\/td><td class=\"column-4\"><\/td>\n<\/tr>\n<tr class=\"row-9 odd\">\n\t<td class=\"column-1\"><span style=\"color:#444444;\">Retirada de paquetes<\/span><\/td><td class=\"column-2\"><span style=\"color:#444444;\">1<\/span><\/td><td class=\"column-3\"><span style=\"color:#444444;\">Desecha el paquete o d\u00f3nalo a una organizaci\u00f3n ben\u00e9fica<\/span><\/td><td class=\"column-4\"><\/td>\n<\/tr>\n<tr class=\"row-10 even\">\n\t<td class=\"column-1\"><span style=\"color:#444444;\">Etiqueta base<\/span><\/td><td class=\"column-2\"><span style=\"color:#444444;\">0<\/span><\/td><td class=\"column-3\"><span style=\"color:#444444;\">Etiqueta necesaria<\/span><\/td><td class=\"column-4\"><\/td>\n<\/tr>\n<tr class=\"row-11 odd\">\n\t<td class=\"column-1\"><span style=\"color:#444444;\">Etiqueta especial<\/span><\/td><td class=\"column-2\"><span style=\"color:#444444;\">1<\/span><\/td><td class=\"column-3\"><span style=\"color:#444444;\">Para requisitos personalizados<\/span><\/td><td class=\"column-4\"><\/td>\n<\/tr>\n<tr class=\"row-12 even\">\n\t<td class=\"column-1\"><span style=\"color:#444444;\">Reempaquetar<\/span><\/td><td class=\"column-2\"><span style=\"color:#444444;\">2 + coste del material<\/span><\/td><td class=\"column-3\"><span style=\"color:#444444;\">Vuelva a embalar su paquete<\/span><\/td><td class=\"column-4\"><\/td>\n<\/tr>\n<tr class=\"row-13 odd\">\n\t<td class=\"column-1\"><span style=\"color:#444444;\">Eliminar contenidos innecesarios<\/span><\/td><td class=\"column-2\"><span style=\"color:#444444;\">1<\/span><\/td><td class=\"column-3\"><span style=\"color:#444444;\">Retire el material basura, como revistas y folletos<\/span><\/td><td class=\"column-4\"><\/td>\n<\/tr>\n<tr class=\"row-14 even\">\n\t<td class=\"column-1\"><span style=\"color:#444444;\">Paquete dividido<\/span><\/td><td class=\"column-2\"><span style=\"color:#444444;\">2<\/span><\/td><td class=\"column-3\"><span style=\"color:#444444;\">Dividir en varios paquetes<\/span><\/td><td class=\"column-4\"><\/td>\n<\/tr>\n<tr class=\"row-15 odd\">\n\t<td class=\"column-1\"><span style=\"color:#444444;\">Almacenamiento est\u00e1ndar<\/span><\/td><td class=\"column-2\"><span style=\"color:#444444;\">0<\/span><\/td><td class=\"column-3\"><span style=\"color:#444444;\">60 d\u00edas<\/span><\/td><td class=\"column-4\"><\/td>\n<\/tr>\n<tr class=\"row-16 even\">\n\t<td class=\"column-1\"><span style=\"color:#444444;\">Almacenamiento adicional<\/span><\/td><td class=\"column-2\"><span style=\"color:#444444;\">1 USD \/ 1 CBM (35 pies c\u00fabicos) \/ D\u00eda <\/span><\/td><td class=\"column-3\"><span style=\"color:#444444;\">Despu\u00e9s de 60 d\u00edas<\/span><\/td><td class=\"column-4\"><\/td>\n<\/tr>\n<tr class=\"row-17 odd\">\n\t<td class=\"column-1\"><span style=\"color:#444444;\">Buscar y comprar<\/span><\/td><td class=\"column-2\"><span style=\"color:#444444;\">$8 + 5%<\/span><\/td><td class=\"column-3\"><span style=\"color:#444444;\"><\/span><\/td><td class=\"column-4\"><\/td>\n<\/tr>\n<tr class=\"row-18 even\">\n\t<td class=\"column-1\"><span style=\"color:#444444;\">Gastos de env\u00edo<\/span><\/td><td class=\"column-2\"><span style=\"color:#444444;\">P\u00f3ngase en contacto con nosotros<\/span><\/td><td class=\"column-3\"><span style=\"color:#444444;\">Precios muy competitivos con descuentos para grupos.<\/span><\/td><td class=\"column-4\"><\/td>\n<\/tr>\n<tr class=\"row-19 odd\">\n\t<td class=\"column-1\"><span style=\"color:#444444;\">Derechos de aduana<\/span><\/td><td class=\"column-2\"><span style=\"color:#444444;\">Seg\u00fan su pa\u00eds<\/span><\/td><td class=\"column-3\"><span style=\"color:#999999;\"><\/span><\/td><td class=\"column-4\"><\/td>\n<\/tr>\n<tr class=\"row-20 even\">\n\t<td class=\"column-1\"><span style=\"color:#444444;\">Requisitos especiales<\/span><\/td><td class=\"column-2\"><span style=\"color:#444444;\">P\u00f3ngase en contacto con nosotros<\/span><\/td><td class=\"column-3\"><span style=\"color:#444444;\"><\/span><\/td><td class=\"column-4\"><\/td>\n<\/tr>\n<\/tbody>\n<\/table>\n<\/div>\n\t\t\t\t<\/div>\n\t\t\t\t<\/div>\n\t\t\t\t\t<\/div>\n\t\t<\/div>\n\t\t\t\t\t\t\t<\/div>\n\t\t<\/section>\n\t\t\t\t<section class=\"elementor-section elementor-top-section elementor-element elementor-element-f01871f elementor-section-content-middle elementor-section-boxed elementor-section-height-default elementor-section-height-default\" data-id=\"f01871f\" data-element_type=\"section\" data-settings=\"{&quot;background_background&quot;:&quot;classic&quot;}\">\n\t\t\t\t\t\t\t<div class=\"elementor-background-overlay\"><\/div>\n\t\t\t\t\t\t\t<div class=\"elementor-container elementor-column-gap-no\">\n\t\t\t\t\t<div class=\"elementor-column elementor-col-66 elementor-top-column elementor-element elementor-element-4ae5b88\" data-id=\"4ae5b88\" data-element_type=\"column\">\n\t\t\t<div class=\"elementor-widget-wrap elementor-element-populated\">\n\t\t\t\t\t\t\t\t<div class=\"elementor-element elementor-element-ea8daca elementor-widget elementor-widget-heading\" data-id=\"ea8daca\" data-element_type=\"widget\" data-widget_type=\"heading.default\">\n\t\t\t\t<div class=\"elementor-widget-container\">\n\t\t\t<h2 class=\"elementor-heading-title elementor-size-default\">Su soluci\u00f3n integral para env\u00edos y compras transfronterizos rentables<\/h2>\t\t<\/div>\n\t\t\t\t<\/div>\n\t\t\t\t<div class=\"elementor-element elementor-element-45e93bc elementor-widget elementor-widget-text-editor\" data-id=\"45e93bc\" data-element_type=\"widget\" data-widget_type=\"text-editor.default\">\n\t\t\t\t<div class=\"elementor-widget-container\">\n\t\t\t<style>\/*! elementor - v3.11.5 - 14-03-2023 *\/\n.elementor-widget-text-editor.elementor-drop-cap-view-stacked .elementor-drop-cap{background-color:#818a91;color:#fff}.elementor-widget-text-editor.elementor-drop-cap-view-framed .elementor-drop-cap{color:#818a91;border:3px solid;background-color:transparent}.elementor-widget-text-editor:not(.elementor-drop-cap-view-default) .elementor-drop-cap{margin-top:8px}.elementor-widget-text-editor:not(.elementor-drop-cap-view-default) .elementor-drop-cap-letter{width:1em;height:1em}.elementor-widget-text-editor .elementor-drop-cap{float:left;text-align:center;line-height:1;font-size:50px}.elementor-widget-text-editor .elementor-drop-cap-letter{display:inline-block}<\/style>\t\t\t\t<p>En China Consign no s\u00f3lo ofrecemos servicios de consolidaci\u00f3n de paquetes y log\u00edstica. Tambi\u00e9n proporcionamos asistencia experta en adquisiciones para clientes que buscan comprar productos de calidad directamente desde China a un coste inferior en comparaci\u00f3n con otros pa\u00edses. Nuestra colaboraci\u00f3n con empresas internacionales de mensajer\u00eda como UPS, FedEx, DHL y Aramex garantiza soluciones de env\u00edo r\u00e1pidas y fiables. Nuestro experimentado equipo se dedica a proporcionar un excelente servicio al cliente. Perm\u00edtanos ayudarle a ahorrar dinero y alcanzar sus objetivos empresariales con nuestros servicios integrales.<\/p>\t\t\t\t\t\t<\/div>\n\t\t\t\t<\/div>\n\t\t\t\t<div class=\"elementor-element elementor-element-c6a212d elementor-align-left elementor-widget elementor-widget-button\" data-id=\"c6a212d\" data-element_type=\"widget\" data-widget_type=\"button.default\">\n\t\t\t\t<div class=\"elementor-widget-container\">\n\t\t\t\t\t<div class=\"elementor-button-wrapper\">\n\t\t\t<a href=\"https:\/\/www.chinaconsign.com\/es\/contact\/\" class=\"elementor-button-link elementor-button elementor-size-md\" role=\"button\">\n\t\t\t\t\t\t<span class=\"elementor-button-content-wrapper\">\n\t\t\t\t\t\t<span class=\"elementor-button-text\">Presupuesto gratuito<\/span>\n\t\t<\/span>\n\t\t\t\t\t<\/a>\n\t\t<\/div>\n\t\t\t\t<\/div>\n\t\t\t\t<\/div>\n\t\t\t\t\t<\/div>\n\t\t<\/div>\n\t\t\t\t<div class=\"elementor-column elementor-col-33 elementor-top-column elementor-element elementor-element-8161240\" data-id=\"8161240\" data-element_type=\"column\">\n\t\t\t<div class=\"elementor-widget-wrap\">\n\t\t\t\t\t\t\t\t\t<\/div>\n\t\t<\/div>\n\t\t\t\t\t\t\t<\/div>\n\t\t<\/section>\n\t\t\t\t\t\t\t<\/div>","protected":false},"excerpt":{"rendered":"<p>Precios ChinaConsign.com Su soluci\u00f3n integral para env\u00edos transfronterizos y adquisiciones rentables En China Consign, ofrecemos algo m\u00e1s que servicios de consolidaci\u00f3n de paquetes y log\u00edstica. Tambi\u00e9n proporcionamos asistencia experta en aprovisionamiento a clientes que desean adquirir productos de calidad directamente de China a un coste inferior en comparaci\u00f3n con otros pa\u00edses. Nuestra colaboraci\u00f3n con empresas internacionales de mensajer\u00eda como ...<\/p>\n<p class=\"read-more\"> <a class=\"\" href=\"https:\/\/www.chinaconsign.com\/es\/pricing\/\"> <span class=\"screen-reader-text\">Precios<\/span> Leer m\u00e1s \"<\/a><\/p>","protected":false},"author":1,"featured_media":0,"parent":0,"menu_order":0,"comment_status":"closed","ping_status":"closed","template":"","meta":{"site-sidebar-layout":"default","site-content-layout":"page-builder","ast-global-header-display":"","ast-main-header-display":"","ast-hfb-above-header-display":"","ast-hfb-below-header-display":"","ast-hfb-mobile-header-display":"","site-post-title":"disabled","ast-breadcrumbs-content":"","ast-featured-img":"disabled","footer-sml-layout":"","theme-transparent-header-meta":"enabled","adv-header-id-meta":"","stick-header-meta":"","header-above-stick-meta":"","header-main-stick-meta":"","header-below-stick-meta":"","footnotes":""},"class_list":["post-1206","page","type-page","status-publish","hentry"],"aioseo_notices":[],"_links":{"self":[{"href":"https:\/\/www.chinaconsign.com\/es\/wp-json\/wp\/v2\/pages\/1206","targetHints":{"allow":["GET"]}}],"collection":[{"href":"https:\/\/www.chinaconsign.com\/es\/wp-json\/wp\/v2\/pages"}],"about":[{"href":"https:\/\/www.chinaconsign.com\/es\/wp-json\/wp\/v2\/types\/page"}],"author":[{"embeddable":true,"href":"https:\/\/www.chinaconsign.com\/es\/wp-json\/wp\/v2\/users\/1"}],"replies":[{"embeddable":true,"href":"https:\/\/www.chinaconsign.com\/es\/wp-json\/wp\/v2\/comments?post=1206"}],"version-history":[{"count":0,"href":"https:\/\/www.chinaconsign.com\/es\/wp-json\/wp\/v2\/pages\/1206\/revisions"}],"wp:attachment":[{"href":"https:\/\/www.chinaconsign.com\/es\/wp-json\/wp\/v2\/media?parent=1206"}],"curies":[{"name":"wp","href":"https:\/\/api.w.org\/{rel}","templated":true}]}}