{"id":1163,"date":"2023-04-01T20:33:13","date_gmt":"2023-04-01T12:33:13","guid":{"rendered":"http:\/\/www.chinaconsign.com\/?page_id=1163"},"modified":"2023-04-01T22:40:25","modified_gmt":"2023-04-01T14:40:25","slug":"terms-and-conditions","status":"publish","type":"page","link":"https:\/\/www.chinaconsign.com\/es\/terms-and-conditions\/","title":{"rendered":"Condiciones generales"},"content":{"rendered":"<div data-elementor-type=\"wp-post\" data-elementor-id=\"1163\" class=\"elementor elementor-1163\">\n\t\t\t\t\t\t\t\t\t<section class=\"elementor-section elementor-top-section elementor-element elementor-element-038c3cd elementor-section-boxed elementor-section-height-default elementor-section-height-default\" data-id=\"038c3cd\" data-element_type=\"section\" data-settings=\"{&quot;background_background&quot;:&quot;classic&quot;}\">\n\t\t\t\t\t\t\t<div class=\"elementor-background-overlay\"><\/div>\n\t\t\t\t\t\t\t<div class=\"elementor-container elementor-column-gap-default\">\n\t\t\t\t\t<div class=\"elementor-column elementor-col-100 elementor-top-column elementor-element elementor-element-e29a645\" data-id=\"e29a645\" data-element_type=\"column\">\n\t\t\t<div class=\"elementor-widget-wrap elementor-element-populated\">\n\t\t\t\t\t\t\t\t<section class=\"elementor-section elementor-inner-section elementor-element elementor-element-6642950 elementor-section-boxed elementor-section-height-default elementor-section-height-default\" data-id=\"6642950\" data-element_type=\"section\">\n\t\t\t\t\t\t<div class=\"elementor-container elementor-column-gap-default\">\n\t\t\t\t\t<div class=\"elementor-column elementor-col-66 elementor-inner-column elementor-element elementor-element-918ba22\" data-id=\"918ba22\" data-element_type=\"column\">\n\t\t\t<div class=\"elementor-widget-wrap elementor-element-populated\">\n\t\t\t\t\t\t\t\t<div class=\"elementor-element elementor-element-ba88f9f elementor-widget elementor-widget-heading\" data-id=\"ba88f9f\" data-element_type=\"widget\" data-widget_type=\"heading.default\">\n\t\t\t\t<div class=\"elementor-widget-container\">\n\t\t\t<style>\/*! elementor - v3.11.5 - 14-03-2023 *\/\n.elementor-heading-title{padding:0;margin:0;line-height:1}.elementor-widget-heading .elementor-heading-title[class*=elementor-size-]>a{color:inherit;font-size:inherit;line-height:inherit}.elementor-widget-heading .elementor-heading-title.elementor-size-small{font-size:15px}.elementor-widget-heading .elementor-heading-title.elementor-size-medium{font-size:19px}.elementor-widget-heading .elementor-heading-title.elementor-size-large{font-size:29px}.elementor-widget-heading .elementor-heading-title.elementor-size-xl{font-size:39px}.elementor-widget-heading .elementor-heading-title.elementor-size-xxl{font-size:59px}<\/style><h1 class=\"elementor-heading-title elementor-size-default\">Condiciones generales<\/h1>\t\t<\/div>\n\t\t\t\t<\/div>\n\t\t\t\t\t<\/div>\n\t\t<\/div>\n\t\t\t\t<div class=\"elementor-column elementor-col-33 elementor-inner-column elementor-element elementor-element-bd71ae1\" data-id=\"bd71ae1\" data-element_type=\"column\">\n\t\t\t<div class=\"elementor-widget-wrap\">\n\t\t\t\t\t\t\t\t\t<\/div>\n\t\t<\/div>\n\t\t\t\t\t\t\t<\/div>\n\t\t<\/section>\n\t\t\t\t<section class=\"elementor-section elementor-inner-section elementor-element elementor-element-ae9d9e6 elementor-section-boxed elementor-section-height-default elementor-section-height-default\" data-id=\"ae9d9e6\" data-element_type=\"section\">\n\t\t\t\t\t\t<div class=\"elementor-container elementor-column-gap-default\">\n\t\t\t\t\t<div class=\"elementor-column elementor-col-66 elementor-inner-column elementor-element elementor-element-5a86889\" data-id=\"5a86889\" data-element_type=\"column\">\n\t\t\t<div class=\"elementor-widget-wrap\">\n\t\t\t\t\t\t\t\t\t<\/div>\n\t\t<\/div>\n\t\t\t\t<div class=\"elementor-column elementor-col-33 elementor-inner-column elementor-element elementor-element-f2daa40\" data-id=\"f2daa40\" data-element_type=\"column\" data-settings=\"{&quot;background_background&quot;:&quot;classic&quot;}\">\n\t\t\t<div class=\"elementor-widget-wrap elementor-element-populated\">\n\t\t\t\t\t\t\t\t<div class=\"elementor-element elementor-element-1b8dee2 elementor-widget elementor-widget-heading\" data-id=\"1b8dee2\" data-element_type=\"widget\" data-widget_type=\"heading.default\">\n\t\t\t\t<div class=\"elementor-widget-container\">\n\t\t\t<h3 class=\"elementor-heading-title elementor-size-default\">ChinaConsign.com<\/h3>\t\t<\/div>\n\t\t\t\t<\/div>\n\t\t\t\t\t<\/div>\n\t\t<\/div>\n\t\t\t\t\t\t\t<\/div>\n\t\t<\/section>\n\t\t\t\t\t<\/div>\n\t\t<\/div>\n\t\t\t\t\t\t\t<\/div>\n\t\t<\/section>\n\t\t\t\t<section class=\"elementor-section elementor-top-section elementor-element elementor-element-60e6fcf elementor-reverse-mobile elementor-section-boxed elementor-section-height-default elementor-section-height-default\" data-id=\"60e6fcf\" data-element_type=\"section\">\n\t\t\t\t\t\t<div class=\"elementor-container elementor-column-gap-default\">\n\t\t\t\t\t<div class=\"elementor-column elementor-col-100 elementor-top-column elementor-element elementor-element-06a52cb\" data-id=\"06a52cb\" data-element_type=\"column\">\n\t\t\t<div class=\"elementor-widget-wrap\">\n\t\t\t\t\t\t\t\t\t<\/div>\n\t\t<\/div>\n\t\t\t\t\t\t\t<\/div>\n\t\t<\/section>\n\t\t\t\t<section class=\"elementor-section elementor-top-section elementor-element elementor-element-7aaa19c elementor-section-boxed elementor-section-height-default elementor-section-height-default\" data-id=\"7aaa19c\" data-element_type=\"section\">\n\t\t\t\t\t\t<div class=\"elementor-container elementor-column-gap-default\">\n\t\t\t\t\t<div class=\"elementor-column elementor-col-100 elementor-top-column elementor-element elementor-element-93ad6fb\" data-id=\"93ad6fb\" data-element_type=\"column\">\n\t\t\t<div class=\"elementor-widget-wrap elementor-element-populated\">\n\t\t\t\t\t\t\t\t<div class=\"elementor-element elementor-element-2771e32 elementor-widget elementor-widget-text-editor\" data-id=\"2771e32\" data-element_type=\"widget\" data-widget_type=\"text-editor.default\">\n\t\t\t\t<div class=\"elementor-widget-container\">\n\t\t\t<style>\/*! elementor - v3.11.5 - 14-03-2023 *\/\n.elementor-widget-text-editor.elementor-drop-cap-view-stacked .elementor-drop-cap{background-color:#818a91;color:#fff}.elementor-widget-text-editor.elementor-drop-cap-view-framed .elementor-drop-cap{color:#818a91;border:3px solid;background-color:transparent}.elementor-widget-text-editor:not(.elementor-drop-cap-view-default) .elementor-drop-cap{margin-top:8px}.elementor-widget-text-editor:not(.elementor-drop-cap-view-default) .elementor-drop-cap-letter{width:1em;height:1em}.elementor-widget-text-editor .elementor-drop-cap{float:left;text-align:center;line-height:1;font-size:50px}.elementor-widget-text-editor .elementor-drop-cap-letter{display:inline-block}<\/style>\t\t\t\t<p>Gracias por facilitarme informaci\u00f3n detallada sobre su empresa y sus servicios. Bas\u00e1ndome en la informaci\u00f3n que me ha facilitado, he redactado los siguientes T\u00e9rminos y Condiciones para su consideraci\u00f3n:<\/p>\n<p>CONDICIONES GENERALES<\/p>\n<p>Bienvenido a nuestro sitio web. Al acceder y utilizar nuestro sitio web y nuestros servicios, acepta cumplir estas condiciones (\"Condiciones\"). Si no est\u00e1 de acuerdo con estas Condiciones, le rogamos que no utilice nuestro sitio web ni nuestros servicios. Estas Condiciones pueden actualizarse peri\u00f3dicamente sin previo aviso. La \u00faltima versi\u00f3n de las Condiciones se publicar\u00e1 en nuestro sitio web.<\/p>\n<p>Nuestros servicios <br>1.1 Ofrecemos una serie de servicios log\u00edsticos y relacionados para ayudar a los clientes a enviar mercanc\u00edas desde China a destinos de todo el mundo. Nuestros servicios incluyen, entre otros, los siguientes:<br>Transporte de mercanc\u00edas: ofrecemos tarifas de transporte competitivas gracias a nuestra colaboraci\u00f3n con transportistas de primera categor\u00eda.<br>Servicio de domiciliaci\u00f3n en China: ayudamos a los clientes a comprar mercanc\u00edas en sitios de comercio electr\u00f3nico chinos o en empresas locales y las entregamos en nuestro almac\u00e9n para su consolidaci\u00f3n y env\u00edo.<br>Almacenamiento: ofrecemos soluciones de almacenamiento para las mercanc\u00edas de los clientes.<br>Aprovisionamiento: ayudamos a los clientes a encontrar productos y proveedores que se ajusten a sus necesidades en funci\u00f3n de sus requisitos.<br>1.2 Nuestros precios est\u00e1n sujetos a cambios sin previo aviso. Los precios que figuran en nuestro sitio web son s\u00f3lo de referencia. P\u00f3ngase en contacto con nosotros directamente para obtener la informaci\u00f3n m\u00e1s actualizada sobre precios.<\/p>\n<p>Pago<br>2.1 Aceptamos el pago mediante diversos m\u00e9todos. Sin embargo, algunos m\u00e9todos de pago pueden no estar disponibles en determinados pa\u00edses o regiones. P\u00f3ngase en contacto con nosotros para obtener m\u00e1s informaci\u00f3n.<\/p>\n<p>Env\u00edos y seguros<br>3.1 Aunque trabajamos con transportistas de confianza, no garantizamos la entrega segura de la mercanc\u00eda durante el tr\u00e1nsito. Los clientes son responsables de contratar un seguro para proteger sus mercanc\u00edas durante el tr\u00e1nsito.<br>3.2 No asumimos responsabilidad alguna por p\u00e9rdidas o da\u00f1os causados por acontecimientos que escapen a nuestro control, como cat\u00e1strofes naturales, guerras o conflictos laborales.<\/p>\n<p>Almacenamiento y responsabilidad<br>4.1 No nos hacemos responsables de las p\u00e9rdidas o da\u00f1os sufridos por las mercanc\u00edas almacenadas en nuestros almacenes, incluidas, entre otras, las p\u00e9rdidas o da\u00f1os causados por fuego, agua, robo u otros acontecimientos imprevisibles.<br>4.2 El cliente es responsable de asegurar su mercanc\u00eda contra posibles p\u00e9rdidas o da\u00f1os.<\/p>\n<p>Cambios en los servicios<br>5.1 Podemos modificar el alcance de nuestros servicios en cualquier momento y sin previo aviso.<br>5.2 Nos reservamos el derecho a denegar el servicio a cualquier cliente a nuestra discreci\u00f3n.<\/p>\n<p>Cumplimiento de la legislaci\u00f3n y la normativa<br>6.1 Los clientes son responsables del cumplimiento de todas las leyes, reglamentos y normas de transporte aplicables relacionados con la importaci\u00f3n y exportaci\u00f3n de mercanc\u00edas. No nos hacemos responsables de ninguna consecuencia legal o reglamentaria derivada del incumplimiento por parte de los clientes de dichas leyes y reglamentos.<\/p>\n<p>Varios<br>7.1 Las presentes Condiciones se regir\u00e1n e interpretar\u00e1n de conformidad con la legislaci\u00f3n de China, sin dar efecto a sus disposiciones sobre conflicto de leyes.<br>7.2 Cualquier disputa que surja de o est\u00e9 relacionada con estas Condiciones o el uso de nuestro sitio web o servicios se resolver\u00e1 mediante arbitraje de acuerdo con las leyes de China.<br>7.3 El hecho de que no hagamos cumplir alguna de las disposiciones de estas Condiciones no se considerar\u00e1 una renuncia a dicha disposici\u00f3n ni a ninguna otra de las presentes Condiciones.<br>7.4 Estas Condiciones representan el acuerdo completo entre usted y nosotros y sustituyen a todos los acuerdos y entendimientos anteriores.<\/p>\n<p>Si tiene alguna pregunta o duda sobre estas Condiciones, p\u00f3ngase en contacto con nosotros en [services@chinaconsign.com].<\/p>\t\t\t\t\t\t<\/div>\n\t\t\t\t<\/div>\n\t\t\t\t\t<\/div>\n\t\t<\/div>\n\t\t\t\t\t\t\t<\/div>\n\t\t<\/section>\n\t\t\t\t\t\t\t<\/div>","protected":false},"excerpt":{"rendered":"<p>T\u00e9rminos y condiciones ChinaConsign.com Gracias por facilitarme informaci\u00f3n detallada sobre su empresa y sus servicios. Bas\u00e1ndome en la informaci\u00f3n que me ha proporcionado, he redactado los siguientes T\u00e9rminos y Condiciones para su consideraci\u00f3n: T\u00c9RMINOS Y CONDICIONES Bienvenido a nuestro sitio web. Al acceder y utilizar nuestro sitio web y servicios, usted acepta cumplir con ...<\/p>\n<p class=\"read-more\"> <a class=\"\" href=\"https:\/\/www.chinaconsign.com\/es\/terms-and-conditions\/\"> <span class=\"screen-reader-text\">Condiciones generales<\/span> Leer m\u00e1s \"<\/a><\/p>","protected":false},"author":1,"featured_media":0,"parent":0,"menu_order":0,"comment_status":"closed","ping_status":"closed","template":"","meta":{"site-sidebar-layout":"default","site-content-layout":"page-builder","ast-global-header-display":"","ast-main-header-display":"","ast-hfb-above-header-display":"","ast-hfb-below-header-display":"","ast-hfb-mobile-header-display":"","site-post-title":"disabled","ast-breadcrumbs-content":"","ast-featured-img":"disabled","footer-sml-layout":"","theme-transparent-header-meta":"enabled","adv-header-id-meta":"","stick-header-meta":"","header-above-stick-meta":"","header-main-stick-meta":"","header-below-stick-meta":"","footnotes":""},"class_list":["post-1163","page","type-page","status-publish","hentry"],"aioseo_notices":[],"_links":{"self":[{"href":"https:\/\/www.chinaconsign.com\/es\/wp-json\/wp\/v2\/pages\/1163","targetHints":{"allow":["GET"]}}],"collection":[{"href":"https:\/\/www.chinaconsign.com\/es\/wp-json\/wp\/v2\/pages"}],"about":[{"href":"https:\/\/www.chinaconsign.com\/es\/wp-json\/wp\/v2\/types\/page"}],"author":[{"embeddable":true,"href":"https:\/\/www.chinaconsign.com\/es\/wp-json\/wp\/v2\/users\/1"}],"replies":[{"embeddable":true,"href":"https:\/\/www.chinaconsign.com\/es\/wp-json\/wp\/v2\/comments?post=1163"}],"version-history":[{"count":0,"href":"https:\/\/www.chinaconsign.com\/es\/wp-json\/wp\/v2\/pages\/1163\/revisions"}],"wp:attachment":[{"href":"https:\/\/www.chinaconsign.com\/es\/wp-json\/wp\/v2\/media?parent=1163"}],"curies":[{"name":"wp","href":"https:\/\/api.w.org\/{rel}","templated":true}]}}