{"id":1156,"date":"2023-04-01T20:15:46","date_gmt":"2023-04-01T12:15:46","guid":{"rendered":"http:\/\/www.chinaconsign.com\/?page_id=1156"},"modified":"2023-04-04T09:11:52","modified_gmt":"2023-04-04T01:11:52","slug":"sitemap","status":"publish","type":"page","link":"https:\/\/www.chinaconsign.com\/es\/sitemap\/","title":{"rendered":"Mapa del sitio"},"content":{"rendered":"<div data-elementor-type=\"wp-post\" data-elementor-id=\"1156\" class=\"elementor elementor-1156\">\n\t\t\t\t\t\t\t\t\t<section class=\"elementor-section elementor-top-section elementor-element elementor-element-038c3cd elementor-section-boxed elementor-section-height-default elementor-section-height-default\" data-id=\"038c3cd\" data-element_type=\"section\" data-settings=\"{&quot;background_background&quot;:&quot;classic&quot;}\">\n\t\t\t\t\t\t\t<div class=\"elementor-background-overlay\"><\/div>\n\t\t\t\t\t\t\t<div class=\"elementor-container elementor-column-gap-default\">\n\t\t\t\t\t<div class=\"elementor-column elementor-col-100 elementor-top-column elementor-element elementor-element-e29a645\" data-id=\"e29a645\" data-element_type=\"column\">\n\t\t\t<div class=\"elementor-widget-wrap elementor-element-populated\">\n\t\t\t\t\t\t\t\t<section class=\"elementor-section elementor-inner-section elementor-element elementor-element-6642950 elementor-section-boxed elementor-section-height-default elementor-section-height-default\" data-id=\"6642950\" data-element_type=\"section\">\n\t\t\t\t\t\t<div class=\"elementor-container elementor-column-gap-default\">\n\t\t\t\t\t<div class=\"elementor-column elementor-col-66 elementor-inner-column elementor-element elementor-element-918ba22\" data-id=\"918ba22\" data-element_type=\"column\">\n\t\t\t<div class=\"elementor-widget-wrap elementor-element-populated\">\n\t\t\t\t\t\t\t\t<div class=\"elementor-element elementor-element-ba88f9f elementor-widget elementor-widget-heading\" data-id=\"ba88f9f\" data-element_type=\"widget\" data-widget_type=\"heading.default\">\n\t\t\t\t<div class=\"elementor-widget-container\">\n\t\t\t<style>\/*! elementor - v3.11.5 - 14-03-2023 *\/\n.elementor-heading-title{padding:0;margin:0;line-height:1}.elementor-widget-heading .elementor-heading-title[class*=elementor-size-]>a{color:inherit;font-size:inherit;line-height:inherit}.elementor-widget-heading .elementor-heading-title.elementor-size-small{font-size:15px}.elementor-widget-heading .elementor-heading-title.elementor-size-medium{font-size:19px}.elementor-widget-heading .elementor-heading-title.elementor-size-large{font-size:29px}.elementor-widget-heading .elementor-heading-title.elementor-size-xl{font-size:39px}.elementor-widget-heading .elementor-heading-title.elementor-size-xxl{font-size:59px}<\/style><h1 class=\"elementor-heading-title elementor-size-default\">Mapa del sitio<\/h1>\t\t<\/div>\n\t\t\t\t<\/div>\n\t\t\t\t\t<\/div>\n\t\t<\/div>\n\t\t\t\t<div class=\"elementor-column elementor-col-33 elementor-inner-column elementor-element elementor-element-bd71ae1\" data-id=\"bd71ae1\" data-element_type=\"column\">\n\t\t\t<div class=\"elementor-widget-wrap\">\n\t\t\t\t\t\t\t\t\t<\/div>\n\t\t<\/div>\n\t\t\t\t\t\t\t<\/div>\n\t\t<\/section>\n\t\t\t\t<section class=\"elementor-section elementor-inner-section elementor-element elementor-element-ae9d9e6 elementor-section-boxed elementor-section-height-default elementor-section-height-default\" data-id=\"ae9d9e6\" data-element_type=\"section\">\n\t\t\t\t\t\t<div class=\"elementor-container elementor-column-gap-default\">\n\t\t\t\t\t<div class=\"elementor-column elementor-col-66 elementor-inner-column elementor-element elementor-element-5a86889\" data-id=\"5a86889\" data-element_type=\"column\">\n\t\t\t<div class=\"elementor-widget-wrap\">\n\t\t\t\t\t\t\t\t\t<\/div>\n\t\t<\/div>\n\t\t\t\t<div class=\"elementor-column elementor-col-33 elementor-inner-column elementor-element elementor-element-f2daa40\" data-id=\"f2daa40\" data-element_type=\"column\" data-settings=\"{&quot;background_background&quot;:&quot;classic&quot;}\">\n\t\t\t<div class=\"elementor-widget-wrap elementor-element-populated\">\n\t\t\t\t\t\t\t\t<div class=\"elementor-element elementor-element-1b8dee2 elementor-widget elementor-widget-heading\" data-id=\"1b8dee2\" data-element_type=\"widget\" data-widget_type=\"heading.default\">\n\t\t\t\t<div class=\"elementor-widget-container\">\n\t\t\t<h3 class=\"elementor-heading-title elementor-size-default\">ChinaConsign.com<\/h3>\t\t<\/div>\n\t\t\t\t<\/div>\n\t\t\t\t\t<\/div>\n\t\t<\/div>\n\t\t\t\t\t\t\t<\/div>\n\t\t<\/section>\n\t\t\t\t\t<\/div>\n\t\t<\/div>\n\t\t\t\t\t\t\t<\/div>\n\t\t<\/section>\n\t\t\t\t<section class=\"elementor-section elementor-top-section elementor-element elementor-element-60e6fcf elementor-reverse-mobile elementor-section-boxed elementor-section-height-default elementor-section-height-default\" data-id=\"60e6fcf\" data-element_type=\"section\">\n\t\t\t\t\t\t<div class=\"elementor-container elementor-column-gap-default\">\n\t\t\t\t\t<div class=\"elementor-column elementor-col-100 elementor-top-column elementor-element elementor-element-0f23987\" data-id=\"0f23987\" data-element_type=\"column\">\n\t\t\t<div class=\"elementor-widget-wrap elementor-element-populated\">\n\t\t\t\t\t\t\t\t<div class=\"elementor-element elementor-element-4b7560e elementor-widget elementor-widget-heading\" data-id=\"4b7560e\" data-element_type=\"widget\" data-widget_type=\"heading.default\">\n\t\t\t\t<div class=\"elementor-widget-container\">\n\t\t\t<h4 class=\"elementor-heading-title elementor-size-default\">Mapa del sitio<\/h4>\t\t<\/div>\n\t\t\t\t<\/div>\n\t\t\t\t<div class=\"elementor-element elementor-element-ce1ce39 elementor-widget elementor-widget-shortcode\" data-id=\"ce1ce39\" data-element_type=\"widget\" data-widget_type=\"shortcode.default\">\n\t\t\t\t<div class=\"elementor-widget-container\">\n\t\t\t\t\t<div class=\"elementor-shortcode\"><div class=\"wsp-container\"><h2 class=\"wsp-pages-title\">P\u00e1ginas<\/h2>\n<ul class=\"wsp-pages-list\">\n<li class=\"page_item page-item-8 menu-item\"><a href=\"https:\/\/www.chinaconsign.com\/es\/about\/\" class=\"menu-link\">Acerca de<\/a><\/li>\n<li class=\"page_item page-item-1578 menu-item\"><a href=\"https:\/\/www.chinaconsign.com\/es\/amazon-fba-service\/\" class=\"menu-link\">Servicio FBA de Amazon<\/a><\/li>\n<li class=\"page_item page-item-2031 menu-item\"><a href=\"https:\/\/www.chinaconsign.com\/es\/china-aliexpress-agent-services\/\" class=\"menu-link\">Servicios de agente de AliExpress en China<\/a><\/li>\n<li class=\"page_item page-item-1666 menu-item\"><a href=\"https:\/\/www.chinaconsign.com\/es\/china-freight-forwarder\/\" class=\"menu-link\">Transitarios en China<\/a><\/li>\n<li class=\"page_item page-item-1786 menu-item\"><a href=\"https:\/\/www.chinaconsign.com\/es\/china-inspection-service\/\" class=\"menu-link\">Servicio de Inspecci\u00f3n de China<\/a><\/li>\n<li class=\"page_item page-item-1531 menu-item\"><a href=\"https:\/\/www.chinaconsign.com\/es\/china-package-consolidation-service\/\" class=\"menu-link\">Servicio de consolidaci\u00f3n de paquetes en China<\/a><\/li>\n<li class=\"page_item page-item-1543 menu-item\"><a href=\"https:\/\/www.chinaconsign.com\/es\/china-package-forwarding\/\" class=\"menu-link\">Reexpedici\u00f3n de paquetes a China<\/a><\/li>\n<li class=\"page_item page-item-1772 menu-item\"><a href=\"https:\/\/www.chinaconsign.com\/es\/china-procurement-agent-serivce\/\" class=\"menu-link\">Agente de compras en China<\/a><\/li>\n<li class=\"page_item page-item-1778 menu-item\"><a href=\"https:\/\/www.chinaconsign.com\/es\/china-production-supervision-service\/\" class=\"menu-link\">Servicio de supervisi\u00f3n de la producci\u00f3n en China<\/a><\/li>\n<li class=\"page_item page-item-1767 menu-item\"><a href=\"https:\/\/www.chinaconsign.com\/es\/china-quality-supervision-service\/\" class=\"menu-link\">Servicio de Supervisi\u00f3n de la Calidad de China<\/a><\/li>\n<li class=\"page_item page-item-1519 menu-item\"><a href=\"https:\/\/www.chinaconsign.com\/es\/china-sourcing-services\/\" class=\"menu-link\">Servicios de aprovisionamiento en China<\/a><\/li>\n<li class=\"page_item page-item-1791 menu-item\"><a href=\"https:\/\/www.chinaconsign.com\/es\/china-supply-chain-management-service\/\" class=\"menu-link\">Servicio de gesti\u00f3n de la cadena de suministro en China<\/a><\/li>\n<li class=\"page_item page-item-1566 menu-item\"><a href=\"https:\/\/www.chinaconsign.com\/es\/china-warehousing-services\/\" class=\"menu-link\">Servicios de almacenamiento en China<\/a><\/li>\n<li class=\"page_item page-item-1498 menu-item\"><a href=\"https:\/\/www.chinaconsign.com\/es\/chinese-address-services\/\" class=\"menu-link\">Servicios de direcciones en chino<\/a><\/li>\n<li class=\"page_item page-item-16 menu-item\"><a href=\"https:\/\/www.chinaconsign.com\/es\/contact\/\" class=\"menu-link\">P\u00f3ngase en contacto con<\/a><\/li>\n<li class=\"page_item page-item-14 menu-item\"><a href=\"https:\/\/www.chinaconsign.com\/es\/faq\/\" class=\"menu-link\">PREGUNTAS FRECUENTES<\/a><\/li>\n<li class=\"page_item page-item-2136 menu-item\"><a href=\"https:\/\/www.chinaconsign.com\/es\/find-unique-blue-ocean-products-from-china\/\" class=\"menu-link\">Encuentre productos \u00fanicos y del oc\u00e9ano azul procedentes de China<\/a><\/li>\n<li class=\"page_item page-item-567 menu-item\"><a href=\"https:\/\/www.chinaconsign.com\/es\/\" class=\"menu-link\">Inicio<\/a><\/li>\n<li class=\"page_item page-item-12 menu-item\"><a href=\"https:\/\/www.chinaconsign.com\/es\/how-it-works\/\" class=\"menu-link\">C\u00f3mo funciona<\/a><\/li>\n<li class=\"page_item page-item-1298 menu-item\"><a href=\"https:\/\/www.chinaconsign.com\/es\/news\/\" class=\"menu-link\">Noticias<\/a><\/li>\n<li class=\"page_item page-item-1206 menu-item\"><a href=\"https:\/\/www.chinaconsign.com\/es\/pricing\/\" class=\"menu-link\">Precios<\/a><\/li>\n<li class=\"page_item page-item-10 menu-item\"><a href=\"https:\/\/www.chinaconsign.com\/es\/services\/\" class=\"menu-link\">Servicios<\/a><\/li>\n<li class=\"page_item page-item-1639 menu-item\"><a href=\"https:\/\/www.chinaconsign.com\/es\/services-2\/\" class=\"menu-link\">Servicios<\/a><\/li>\n<li class=\"page_item page-item-1156 menu-item\"><a href=\"https:\/\/www.chinaconsign.com\/es\/sitemap\/\" class=\"menu-link\">Mapa del sitio<\/a><\/li>\n<li class=\"page_item page-item-1163 menu-item\"><a href=\"https:\/\/www.chinaconsign.com\/es\/terms-and-conditions\/\" class=\"menu-link\">Condiciones generales<\/a><\/li>\n<\/ul>\n<h2 class=\"wsp-posts-title\">Entradas por categor\u00eda<\/h2>\n<ul class=\"wsp-posts-list\">\n\t<li><strong class=\"wsp-category-title\">Categor\u00eda: <a href=\"https:\/\/www.chinaconsign.com\/es\/category\/news\/\">Noticias<\/a><\/strong>\n<ul class=\"wsp-posts-list\">\t\t<li class=\"wsp-post\"><a href=\"https:\/\/www.chinaconsign.com\/es\/route-upgrade-wan-hai-announces-launch-of-ap2-service-in-may-2026\/\">Route Upgrade! Wan Hai Announces Launch of AP2 Service in May 2026<\/a><\/li>\n\t\t<li class=\"wsp-post\"><a href=\"https:\/\/www.chinaconsign.com\/es\/freight-rate-increase-notice-for-september-2025-cma-cgm-and-maersk-adjust-rates-up-to-1600\/\">Aviso de aumento de tarifas de flete para septiembre de 2025: CMA CGM y Maersk ajustan sus tarifas - \u00a1Hasta $1.600!<\/a><\/li>\n\t\t<li class=\"wsp-post\"><a href=\"https:\/\/www.chinaconsign.com\/es\/47-voyages-canceled-in-the-coming-weeks\/\">47 viajes cancelados en las pr\u00f3ximas semanas<\/a><\/li>\n\t\t<li class=\"wsp-post\"><a href=\"https:\/\/www.chinaconsign.com\/es\/customs-reports-stable-growth-in-chinas-foreign-trade-for-2024\/\">Aduanas informa de un crecimiento estable del comercio exterior chino para 2024<\/a><\/li>\n\t\t<li class=\"wsp-post\"><a href=\"https:\/\/www.chinaconsign.com\/es\/singapore-port-faces-major-congestion-as-global-shipping-chain-tested\/\">El puerto de Singapur se enfrenta a una gran congesti\u00f3n al ponerse a prueba la cadena mundial de transporte mar\u00edtimo<\/a><\/li>\n\t\t<li class=\"wsp-post\"><a href=\"https:\/\/www.chinaconsign.com\/es\/maersk-line-resumes-booking-for-baltimore-port\/\">M\u00e6rsk Line reanuda sus reservas para el puerto de Baltimore<\/a><\/li>\n\t\t<li class=\"wsp-post\"><a href=\"https:\/\/www.chinaconsign.com\/es\/important-notice-regarding-unclaimed-packages-03-24-2024\/\">Aviso importante sobre paquetes no reclamados - 24\/03\/2024<\/a><\/li>\n\t\t<li class=\"wsp-post\"><a href=\"https:\/\/www.chinaconsign.com\/es\/escalating-tensions-in-the-red-sea-impact-on-global-shipping-and-suez-canal-fees\/\">Escalada de tensiones en el Mar Rojo: Repercusiones en el transporte mar\u00edtimo mundial y en las tarifas del Canal de Suez<\/a><\/li>\n\t\t<li class=\"wsp-post\"><a href=\"https:\/\/www.chinaconsign.com\/es\/holiday-closure-notice-from-january-1st-to-january-3rd-2024\/\">Aviso de cierre por vacaciones (del 1 al 3 de enero de 2024)<\/a><\/li>\n\t\t<li class=\"wsp-post\"><a href=\"https:\/\/www.chinaconsign.com\/es\/price-increases-fail-fares-continue-to-fall-on-multiple-routes\/\">Las subidas de precios fracasan, \u00a1las tarifas siguen bajando en m\u00faltiples rutas!<\/a><\/li>\n\t\t<li class=\"wsp-post\"><a href=\"https:\/\/www.chinaconsign.com\/es\/asia-us-container-shipping-volume-decreased-by-20-efficiency-of-major-ports-in-europe-and-america-improved\/\">\u00a1El volumen del transporte mar\u00edtimo de contenedores entre Asia y EE.UU. disminuy\u00f3 en 20%, La eficiencia de los principales puertos de Europa y Am\u00e9rica mejor\u00f3!<\/a><\/li>\n\t\t<li class=\"wsp-post\"><a href=\"https:\/\/www.chinaconsign.com\/es\/understanding-import-and-export-logistics\/\">Comprender la log\u00edstica de importaci\u00f3n y exportaci\u00f3n<\/a><\/li>\n\t\t<li class=\"wsp-post\"><a href=\"https:\/\/www.chinaconsign.com\/es\/china-consign-continues-to-offer-cost-effective-shipping-options-as-freight-costs-rise\/\">China Consign sigue ofreciendo opciones de env\u00edo rentables ante el aumento de los costes de transporte<\/a><\/li>\n\t\t<li class=\"wsp-post\"><a href=\"https:\/\/www.chinaconsign.com\/es\/focus-on-major-logistics-events-tightening-trade-results-in-tariff-and-freight-rate-increases-in-many-places\/\">Los grandes eventos log\u00edsticos en el punto de mira El endurecimiento del comercio provoca subidas de aranceles y fletes en muchos lugares...<\/a><\/li>\n\t\t<li class=\"wsp-post\"><a href=\"https:\/\/www.chinaconsign.com\/es\/president-and-ceo-of-fedex-said-the-fedex-team-urgently-needs-to-make-rapid-progress-in-our-ongoing-transformation-while-dealing-with-the-weak-demand-environment\/\">Presidente y Consejero Delegado de FedEx, ha declarado: \"El equipo de FedEx necesita urgentemente progresar con rapidez en nuestra transformaci\u00f3n en curso y, al mismo tiempo, hacer frente al d\u00e9bil entorno de la demanda.\"<\/a><\/li>\n\t\t<li class=\"wsp-post\"><a href=\"https:\/\/www.chinaconsign.com\/es\/the-worlds-largest-sea-freight-forwarder-kuehnenagel-announced-on-wednesday-that-it-has-received-the-first-boeing-747-8f-freighter\/\">El mayor transitario mar\u00edtimo del mundo, Kuehne+Nagel, anunci\u00f3 el mi\u00e9rcoles que ha recibido el primer carguero Boeing 747-8F<\/a><\/li>\n\t\t<li class=\"wsp-post\"><a href=\"https:\/\/www.chinaconsign.com\/es\/fedex-announces-largest-ever-price-hike-it-will-further-cut-business-costs\/\">FedEx anuncia la mayor subida de precios de su historia. Reducir\u00e1 a\u00fan m\u00e1s los costes empresariales.<\/a><\/li>\n\t\t<li class=\"wsp-post\"><a href=\"https:\/\/www.chinaconsign.com\/es\/dhl-warns-global-supply-chains-wont-recover-to-pre-pandemic-levels-next-year\/\">DHL advierte de que las cadenas de suministro mundiales no recuperar\u00e1n los niveles anteriores a la pandemia el pr\u00f3ximo a\u00f1o.<\/a><\/li>\n\t\t<li class=\"wsp-post\"><a href=\"https:\/\/www.chinaconsign.com\/es\/official-response-rumors-of-suspension-of-chinese-services-by-express-giants-in-europe-and-america-heres-the-answer\/\">\u00a1Respuesta oficial! \u00bfRumores de suspensi\u00f3n de los servicios chinos por parte de los gigantes del transporte urgente en Europa y Am\u00e9rica? He aqu\u00ed la respuesta.<\/a><\/li>\n\t\t<li class=\"wsp-post\"><a href=\"https:\/\/www.chinaconsign.com\/es\/japan-post-decided-to-temporarily-suspend-ems-air-and-sea-parcel-services-to-china-excluding-hong-kong-macau-and-taiwan-starting-from-april-22nd\/\">Correos de Jap\u00f3n ha decidido suspender temporalmente los servicios EMS y de paqueter\u00eda a\u00e9rea y mar\u00edtima a China (excluidos Hong Kong, Macao y Taiw\u00e1n) a partir del 22 de abril.<\/a><\/li>\n\t\t<li class=\"wsp-post\"><a href=\"https:\/\/www.chinaconsign.com\/es\/ups-significantly-increases-fuel-surcharges-seller-costs-will-increase\/\">UPS aumenta significativamente los recargos por combustible, los costes de los vendedores aumentar\u00e1n<\/a><\/li>\n\t\t<li class=\"wsp-post\"><a href=\"https:\/\/www.chinaconsign.com\/es\/dhl-raises-full-year-estimates-after-strong-q3-results\/\">DHL eleva sus previsiones para todo el a\u00f1o tras los buenos resultados del tercer trimestre<\/a><\/li>\n\t\t<li class=\"wsp-post\"><a href=\"https:\/\/www.chinaconsign.com\/es\/canadian-pacific-railway-port-congestion-increased-development-of-international-intermodal-and-domestic-intermodal\/\">Ferrocarril Canadian Pacific: Congesti\u00f3n portuaria, mayor desarrollo del transporte intermodal internacional y nacional<\/a><\/li>\n\t\t<li class=\"wsp-post\"><a href=\"https:\/\/www.chinaconsign.com\/es\/due-to-rising-costs-fedex-says-it-will-raise-shipping-rates-and-add-surcharges\/\">Debido al aumento de los costes, FedEx dice que subir\u00e1 las tarifas de env\u00edo y a\u00f1adir\u00e1 recargos<\/a><\/li>\n\t\t<li class=\"wsp-post\"><a href=\"https:\/\/www.chinaconsign.com\/es\/freight-volume-down-10-8-freight-forwarding-giant-dhls-full-year-2020-results-still-strong\/\">El volumen de mercanc\u00edas desciende un 10,8%, pero DHL mantiene su solidez en 2020<\/a><\/li>\n\t\t<li class=\"wsp-post\"><a href=\"https:\/\/www.chinaconsign.com\/es\/traffic-congestion-is-spreading-in-southern-california-watch-out-for-these-10-trucking-locations-that-are-most-congested\/\">Los atascos se extienden por el sur de California, atento a estos 10 puntos de camiones m\u00e1s congestionados<\/a><\/li>\n\t\t<li class=\"wsp-post\"><a href=\"https:\/\/www.chinaconsign.com\/es\/vietnam-is-strictly-investigating-re-export-trade-third-country-shipments-and-tax-avoidance-more-than-a-hundred-truckloads-of-goods-have-been-seized\/\">Vietnam investiga a fondo el comercio de reexportaci\u00f3n, los env\u00edos a terceros pa\u00edses y la evasi\u00f3n fiscal. Se han incautado m\u00e1s de cien camiones cargados de mercanc\u00edas.<\/a><\/li>\n\t\t<li class=\"wsp-post\"><a href=\"https:\/\/www.chinaconsign.com\/es\/1-minute-chinas-inbound-and-outbound-goods-worth-60-million-foreign-trade-is-growing-rapidly\/\">1 minuto, China recibe y env\u00eda mercanc\u00edas por valor de 60 millones, el comercio exterior crece r\u00e1pidamente<\/a><\/li>\n\t\t<li class=\"wsp-post\"><a href=\"https:\/\/www.chinaconsign.com\/es\/exports-soared-520-foreign-trade-enterprise-profits-soared-10-times-the-export-of-these-products-unusually-hot-explosive-growth-in-demand\/\">\u00a1Las exportaciones se dispararon 520%, los beneficios de las empresas de comercio exterior se dispararon 10 veces, la exportaci\u00f3n de estos productos \"inusualmente caliente\", el crecimiento explosivo de la demanda!<\/a><\/li>\n\t\t<li class=\"wsp-post\"><a href=\"https:\/\/www.chinaconsign.com\/es\/from-november-these-three-types-of-recycled-raw-materials-do-not-belong-to-solid-waste-and-are-allowed-to-be-imported-freely\/\">A partir de noviembre, estos tres tipos de materias primas recicladas no pertenecer\u00e1n a los residuos s\u00f3lidos y podr\u00e1n importarse libremente.<\/a><\/li>\n\t\t<li class=\"wsp-post\"><a href=\"https:\/\/www.chinaconsign.com\/es\/ups-surcharge-increases-significantly-dhl-express-tariff-increases-4-9\/\">El recargo de UPS aumenta considerablemente y la tarifa de DHL Express sube un 4,9%<\/a><\/li>\n<\/ul><\/li>\n<\/ul>\n<\/div><\/div>\n\t\t\t\t<\/div>\n\t\t\t\t<\/div>\n\t\t\t\t\t<\/div>\n\t\t<\/div>\n\t\t\t\t\t\t\t<\/div>\n\t\t<\/section>\n\t\t\t\t\t\t\t<\/div>","protected":false},"excerpt":{"rendered":"<p>Mapa del sitio ChinaConsign.com Mapa del sitio<\/p>","protected":false},"author":1,"featured_media":0,"parent":0,"menu_order":0,"comment_status":"closed","ping_status":"closed","template":"","meta":{"site-sidebar-layout":"default","site-content-layout":"page-builder","ast-global-header-display":"","ast-main-header-display":"","ast-hfb-above-header-display":"","ast-hfb-below-header-display":"","ast-hfb-mobile-header-display":"","site-post-title":"disabled","ast-breadcrumbs-content":"","ast-featured-img":"disabled","footer-sml-layout":"","theme-transparent-header-meta":"enabled","adv-header-id-meta":"","stick-header-meta":"","header-above-stick-meta":"","header-main-stick-meta":"","header-below-stick-meta":"","footnotes":""},"class_list":["post-1156","page","type-page","status-publish","hentry"],"aioseo_notices":[],"_links":{"self":[{"href":"https:\/\/www.chinaconsign.com\/es\/wp-json\/wp\/v2\/pages\/1156","targetHints":{"allow":["GET"]}}],"collection":[{"href":"https:\/\/www.chinaconsign.com\/es\/wp-json\/wp\/v2\/pages"}],"about":[{"href":"https:\/\/www.chinaconsign.com\/es\/wp-json\/wp\/v2\/types\/page"}],"author":[{"embeddable":true,"href":"https:\/\/www.chinaconsign.com\/es\/wp-json\/wp\/v2\/users\/1"}],"replies":[{"embeddable":true,"href":"https:\/\/www.chinaconsign.com\/es\/wp-json\/wp\/v2\/comments?post=1156"}],"version-history":[{"count":0,"href":"https:\/\/www.chinaconsign.com\/es\/wp-json\/wp\/v2\/pages\/1156\/revisions"}],"wp:attachment":[{"href":"https:\/\/www.chinaconsign.com\/es\/wp-json\/wp\/v2\/media?parent=1156"}],"curies":[{"name":"wp","href":"https:\/\/api.w.org\/{rel}","templated":true}]}}