{"id":2031,"date":"2024-03-27T14:59:45","date_gmt":"2024-03-27T06:59:45","guid":{"rendered":"https:\/\/www.chinaconsign.com\/?page_id=2031"},"modified":"2025-08-31T16:33:57","modified_gmt":"2025-08-31T08:33:57","slug":"china-aliexpress-agent-services","status":"publish","type":"page","link":"https:\/\/www.chinaconsign.com\/de\/china-aliexpress-agent-services\/","title":{"rendered":"China AliExpress Agent Dienstleistungen"},"content":{"rendered":"<div data-elementor-type=\"wp-post\" data-elementor-id=\"2031\" class=\"elementor elementor-2031\">\n\t\t\t\t\t\t\t\t\t<section class=\"elementor-section elementor-top-section elementor-element elementor-element-b1d7697 elementor-section-boxed elementor-section-height-default elementor-section-height-default\" data-id=\"b1d7697\" data-element_type=\"section\" data-settings=\"{&quot;background_background&quot;:&quot;classic&quot;}\">\n\t\t\t\t\t\t\t<div class=\"elementor-background-overlay\"><\/div>\n\t\t\t\t\t\t\t<div class=\"elementor-container elementor-column-gap-default\">\n\t\t\t\t\t<div class=\"elementor-column elementor-col-100 elementor-top-column elementor-element elementor-element-bd5e621\" data-id=\"bd5e621\" data-element_type=\"column\">\n\t\t\t<div class=\"elementor-widget-wrap elementor-element-populated\">\n\t\t\t\t\t\t\t\t<section class=\"elementor-section elementor-inner-section elementor-element elementor-element-6689c8d elementor-section-boxed elementor-section-height-default elementor-section-height-default\" data-id=\"6689c8d\" data-element_type=\"section\">\n\t\t\t\t\t\t<div class=\"elementor-container elementor-column-gap-default\">\n\t\t\t\t\t<div class=\"elementor-column elementor-col-66 elementor-inner-column elementor-element elementor-element-f42cb85\" data-id=\"f42cb85\" data-element_type=\"column\">\n\t\t\t<div class=\"elementor-widget-wrap elementor-element-populated\">\n\t\t\t\t\t\t\t\t<div class=\"elementor-element elementor-element-8256ae1 elementor-widget elementor-widget-heading\" data-id=\"8256ae1\" data-element_type=\"widget\" data-widget_type=\"heading.default\">\n\t\t\t\t<div class=\"elementor-widget-container\">\n\t\t\t<style>\/*! elementor - v3.11.5 - 14-03-2023 *\/\n.elementor-heading-title{padding:0;margin:0;line-height:1}.elementor-widget-heading .elementor-heading-title[class*=elementor-size-]>a{color:inherit;font-size:inherit;line-height:inherit}.elementor-widget-heading .elementor-heading-title.elementor-size-small{font-size:15px}.elementor-widget-heading .elementor-heading-title.elementor-size-medium{font-size:19px}.elementor-widget-heading .elementor-heading-title.elementor-size-large{font-size:29px}.elementor-widget-heading .elementor-heading-title.elementor-size-xl{font-size:39px}.elementor-widget-heading .elementor-heading-title.elementor-size-xxl{font-size:59px}<\/style><h1 class=\"elementor-heading-title elementor-size-default\">China AliExpress Agent Dienstleistungen<\/h1>\t\t<\/div>\n\t\t\t\t<\/div>\n\t\t\t\t\t<\/div>\n\t\t<\/div>\n\t\t\t\t<div class=\"elementor-column elementor-col-33 elementor-inner-column elementor-element elementor-element-ab6f8cd\" data-id=\"ab6f8cd\" data-element_type=\"column\">\n\t\t\t<div class=\"elementor-widget-wrap\">\n\t\t\t\t\t\t\t\t\t<\/div>\n\t\t<\/div>\n\t\t\t\t\t\t\t<\/div>\n\t\t<\/section>\n\t\t\t\t<section class=\"elementor-section elementor-inner-section elementor-element elementor-element-ca5edea elementor-section-boxed elementor-section-height-default elementor-section-height-default\" data-id=\"ca5edea\" data-element_type=\"section\">\n\t\t\t\t\t\t<div class=\"elementor-container elementor-column-gap-default\">\n\t\t\t\t\t<div class=\"elementor-column elementor-col-66 elementor-inner-column elementor-element elementor-element-823105c\" data-id=\"823105c\" data-element_type=\"column\">\n\t\t\t<div class=\"elementor-widget-wrap\">\n\t\t\t\t\t\t\t\t\t<\/div>\n\t\t<\/div>\n\t\t\t\t<div class=\"elementor-column elementor-col-33 elementor-inner-column elementor-element elementor-element-158d16b\" data-id=\"158d16b\" data-element_type=\"column\" data-settings=\"{&quot;background_background&quot;:&quot;classic&quot;}\">\n\t\t\t<div class=\"elementor-widget-wrap elementor-element-populated\">\n\t\t\t\t\t\t\t\t\t<\/div>\n\t\t<\/div>\n\t\t\t\t\t\t\t<\/div>\n\t\t<\/section>\n\t\t\t\t\t<\/div>\n\t\t<\/div>\n\t\t\t\t\t\t\t<\/div>\n\t\t<\/section>\n\t\t\t\t<section class=\"elementor-section elementor-top-section elementor-element elementor-element-68df5b7 elementor-section-boxed elementor-section-height-default elementor-section-height-default\" data-id=\"68df5b7\" data-element_type=\"section\" data-settings=\"{&quot;background_background&quot;:&quot;gradient&quot;}\">\n\t\t\t\t\t\t<div class=\"elementor-container elementor-column-gap-default\">\n\t\t\t\t\t<div class=\"elementor-column elementor-col-100 elementor-top-column elementor-element elementor-element-56ea3bf\" data-id=\"56ea3bf\" data-element_type=\"column\">\n\t\t\t<div class=\"elementor-widget-wrap elementor-element-populated\">\n\t\t\t\t\t\t\t\t<div class=\"elementor-element elementor-element-9d1840c elementor-widget elementor-widget-text-editor\" data-id=\"9d1840c\" data-element_type=\"widget\" data-widget_type=\"text-editor.default\">\n\t\t\t\t<div class=\"elementor-widget-container\">\n\t\t\t<style>\/*! elementor - v3.11.5 - 14-03-2023 *\/\n.elementor-widget-text-editor.elementor-drop-cap-view-stacked .elementor-drop-cap{background-color:#818a91;color:#fff}.elementor-widget-text-editor.elementor-drop-cap-view-framed .elementor-drop-cap{color:#818a91;border:3px solid;background-color:transparent}.elementor-widget-text-editor:not(.elementor-drop-cap-view-default) .elementor-drop-cap{margin-top:8px}.elementor-widget-text-editor:not(.elementor-drop-cap-view-default) .elementor-drop-cap-letter{width:1em;height:1em}.elementor-widget-text-editor .elementor-drop-cap{float:left;text-align:center;line-height:1;font-size:50px}.elementor-widget-text-editor .elementor-drop-cap-letter{display:inline-block}<\/style>\t\t\t\t<p>Willkommen bei unserem umfassenden AliExpress-Agentenservice, der auf die besonderen Bed\u00fcrfnisse internationaler Kunden zugeschnitten ist. Wir kennen die Herausforderungen, mit denen Sie beim Einkaufen auf chinesischen Online-Plattformen konfrontiert sind, darunter hohe Versandkosten, Sprachbarrieren und die Komplexit\u00e4t des Kaufs und der R\u00fcckgabe von Waren. Deshalb sind wir hier, um Ihr Einkaufserlebnis zu vereinfachen und es so reibungslos wie m\u00f6glich zu gestalten.<\/p><p><img loading=\"lazy\" decoding=\"async\" class=\"size-medium wp-image-2052 aligncenter\" src=\"https:\/\/www.chinaconsign.com\/wp-content\/uploads\/2024\/03\/aliexpress-logo-1-300x200.png\" alt=\"\" width=\"300\" height=\"200\" srcset=\"https:\/\/www.chinaconsign.com\/wp-content\/uploads\/2024\/03\/aliexpress-logo-1-300x200.png 300w, https:\/\/www.chinaconsign.com\/wp-content\/uploads\/2024\/03\/aliexpress-logo-1-1024x683.png 1024w, https:\/\/www.chinaconsign.com\/wp-content\/uploads\/2024\/03\/aliexpress-logo-1-768x512.png 768w, https:\/\/www.chinaconsign.com\/wp-content\/uploads\/2024\/03\/aliexpress-logo-1-1536x1024.png 1536w, https:\/\/www.chinaconsign.com\/wp-content\/uploads\/2024\/03\/aliexpress-logo-1-2048x1365.png 2048w, https:\/\/www.chinaconsign.com\/wp-content\/uploads\/2024\/03\/aliexpress-logo-1-18x12.png 18w\" sizes=\"auto, (max-width: 300px) 100vw, 300px\" \/><\/p><p>Unser Dienstleistungsangebot ist auf die h\u00e4ufigsten Probleme internationaler Eink\u00e4ufer zugeschnitten. Hier erfahren Sie, wie wir Ihnen helfen k\u00f6nnen:<\/p><p><span style=\"color: #ff6600;\"><b>1. Produkteinkauf &amp; Produktsuche:<\/b><\/span><br \/>Wir bieten Ihnen einen personalisierten Einkaufsservice, der Ihnen dabei hilft, genau die Produkte zu finden, die Sie auf AliExpress suchen. Unser Expertenteam sucht f\u00fcr Sie nach den besten Angeboten und stellt sicher, dass Sie den besten Gegenwert f\u00fcr Ihr Geld erhalten.<\/p><p><span style=\"color: #ff6600;\"><b>2. Preisverhandlungen in der Landessprache:<\/b><\/span><br \/>Sprachbarrieren k\u00f6nnen oft zu Missverst\u00e4ndnissen und unn\u00f6tigen Kosten f\u00fchren. Mit unseren Verhandlungsdiensten in der Landessprache k\u00f6nnen Sie sicher sein, dass Sie den bestm\u00f6glichen Preis f\u00fcr die gew\u00fcnschten Produkte erhalten. Wir f\u00fchren alle Verhandlungen in Ihrem Namen und sparen Ihnen so Zeit und Geld.<\/p><p><span style=\"color: #ff6600;\"><b>3. Konsolidierung des Pakets:<\/b><\/span><br \/>Um die Versandkosten zu senken, bieten wir Paketkonsolidierungsdienste an. Wir fassen Ihre Mehrfachk\u00e4ufe zu einer einzigen, kosteng\u00fcnstigen Sendung zusammen und sparen Ihnen so viel Geld bei den Versandkosten.<\/p><p><span style=\"color: #ff6600;\"><b>4. R\u00fcckgabe und R\u00fcckerstattung:<\/b><\/span><br \/>Wenn Sie mit Ihrem Kauf nicht zufrieden sind, wickeln wir den R\u00fcckgabeprozess f\u00fcr Sie ab. Wir sorgen daf\u00fcr, dass Ihre R\u00fccksendung reibungslos und effizient abgewickelt wird, um Unannehmlichkeiten und Verz\u00f6gerungen zu vermeiden.<\/p><p><span style=\"color: #ff6600;\"><b>5. Qualit\u00e4tskontrolle:<\/b><\/span><br \/>Bevor Ihr Paket verschickt wird, f\u00fchren wir eine gr\u00fcndliche Qualit\u00e4tspr\u00fcfung durch, um sicherzustellen, dass die Produkte Ihren Erwartungen entsprechen. Das gibt Ihnen Sicherheit und Vertrauen in die Produkte, die Sie kaufen.<\/p><p><span style=\"color: #ff6600;\"><b>6. Versand &amp; Umschlag:<\/b><\/span><br \/>Wir bieten einen zuverl\u00e4ssigen und effizienten Versand, damit Ihr Paket sicher und p\u00fcnktlich bei Ihnen ankommt. Wir arbeiten mit vertrauensw\u00fcrdigen Logistikpartnern zusammen, um Sie w\u00e4hrend des gesamten Versandprozesses mit Informationen zur Sendungsverfolgung und Aktualisierungen zu versorgen.<\/p><p>Bei unseren AliExpress-Agentendiensten sind wir stolz auf unsere Professionalit\u00e4t, Zuverl\u00e4ssigkeit und Transparenz. Wir sind bestrebt, einen au\u00dfergew\u00f6hnlichen Kundenservice zu bieten und sicherzustellen, dass Ihr Einkaufserlebnis so reibungslos und angenehm wie m\u00f6glich ist.<\/p><p>Egal, ob Sie zum ersten Mal bei AliExpress einkaufen oder ein erfahrener Online-Eink\u00e4ufer sind, wir helfen Ihnen, Ihren Einkauf bei AliExpress reibungslos zu gestalten. Kontaktieren Sie uns noch heute, um mehr dar\u00fcber zu erfahren, wie wir Ihnen helfen k\u00f6nnen, bei Ihrem n\u00e4chsten Einkauf in China Zeit, Geld und M\u00fche zu sparen.<\/p>\t\t\t\t\t\t<\/div>\n\t\t\t\t<\/div>\n\t\t\t\t\t<\/div>\n\t\t<\/div>\n\t\t\t\t\t\t\t<\/div>\n\t\t<\/section>\n\t\t\t\t<section class=\"elementor-section elementor-top-section elementor-element elementor-element-f01871f elementor-section-content-middle elementor-section-boxed elementor-section-height-default elementor-section-height-default\" data-id=\"f01871f\" data-element_type=\"section\" data-settings=\"{&quot;background_background&quot;:&quot;classic&quot;}\">\n\t\t\t\t\t\t\t<div class=\"elementor-background-overlay\"><\/div>\n\t\t\t\t\t\t\t<div class=\"elementor-container elementor-column-gap-no\">\n\t\t\t\t\t<div class=\"elementor-column elementor-col-66 elementor-top-column elementor-element elementor-element-4ae5b88\" data-id=\"4ae5b88\" data-element_type=\"column\">\n\t\t\t<div class=\"elementor-widget-wrap elementor-element-populated\">\n\t\t\t\t\t\t\t\t<div class=\"elementor-element elementor-element-ea8daca elementor-widget elementor-widget-heading\" data-id=\"ea8daca\" data-element_type=\"widget\" data-widget_type=\"heading.default\">\n\t\t\t\t<div class=\"elementor-widget-container\">\n\t\t\t<h2 class=\"elementor-heading-title elementor-size-default\">Navigieren Sie mit Zuversicht durch AliExpress: Unser Agentenservice ist f\u00fcr Sie da!<\/h2>\t\t<\/div>\n\t\t\t\t<\/div>\n\t\t\t\t<div class=\"elementor-element elementor-element-45e93bc elementor-widget elementor-widget-text-editor\" data-id=\"45e93bc\" data-element_type=\"widget\" data-widget_type=\"text-editor.default\">\n\t\t\t\t<div class=\"elementor-widget-container\">\n\t\t\t\t\t\t\t\t\t\t\t\t\t<\/div>\n\t\t\t\t<\/div>\n\t\t\t\t<div class=\"elementor-element elementor-element-c6a212d elementor-align-left elementor-widget elementor-widget-button\" data-id=\"c6a212d\" data-element_type=\"widget\" data-widget_type=\"button.default\">\n\t\t\t\t<div class=\"elementor-widget-container\">\n\t\t\t\t\t<div class=\"elementor-button-wrapper\">\n\t\t\t<a href=\"https:\/\/www.chinaconsign.com\/de\/contact\/\" class=\"elementor-button-link elementor-button elementor-size-md\" role=\"button\">\n\t\t\t\t\t\t<span class=\"elementor-button-content-wrapper\">\n\t\t\t\t\t\t<span class=\"elementor-button-text\">Kostenvoranschlag anfordern<\/span>\n\t\t<\/span>\n\t\t\t\t\t<\/a>\n\t\t<\/div>\n\t\t\t\t<\/div>\n\t\t\t\t<\/div>\n\t\t\t\t\t<\/div>\n\t\t<\/div>\n\t\t\t\t<div class=\"elementor-column elementor-col-33 elementor-top-column elementor-element elementor-element-8161240\" data-id=\"8161240\" data-element_type=\"column\">\n\t\t\t<div class=\"elementor-widget-wrap\">\n\t\t\t\t\t\t\t\t\t<\/div>\n\t\t<\/div>\n\t\t\t\t\t\t\t<\/div>\n\t\t<\/section>\n\t\t\t\t\t\t\t<\/div>","protected":false},"excerpt":{"rendered":"<p>China AliExpress Agent Services Willkommen bei unseren umfassenden AliExpress Agent Services, die auf die besonderen Bed\u00fcrfnisse internationaler Kunden zugeschnitten sind. Wir kennen die Herausforderungen, mit denen Sie beim Einkaufen auf chinesischen Online-Plattformen konfrontiert sind, darunter hohe Versandkosten, Sprachbarrieren und die Komplexit\u00e4t des Kaufs und der R\u00fcckgabe von Waren. Deshalb sind wir hier, um Ihren Einkauf zu vereinfachen ...<\/p>\n<p class=\"read-more\"> <a class=\"\" href=\"https:\/\/www.chinaconsign.com\/de\/china-aliexpress-agent-services\/\"> <span class=\"screen-reader-text\">China AliExpress Agent Dienstleistungen<\/span> Weiterlesen \"<\/a><\/p>","protected":false},"author":1,"featured_media":2052,"parent":0,"menu_order":0,"comment_status":"closed","ping_status":"closed","template":"","meta":{"site-sidebar-layout":"default","site-content-layout":"page-builder","ast-global-header-display":"","ast-main-header-display":"","ast-hfb-above-header-display":"","ast-hfb-below-header-display":"","ast-hfb-mobile-header-display":"","site-post-title":"disabled","ast-breadcrumbs-content":"","ast-featured-img":"disabled","footer-sml-layout":"","theme-transparent-header-meta":"enabled","adv-header-id-meta":"","stick-header-meta":"","header-above-stick-meta":"","header-main-stick-meta":"","header-below-stick-meta":"","footnotes":""},"class_list":["post-2031","page","type-page","status-publish","has-post-thumbnail","hentry"],"aioseo_notices":[],"_links":{"self":[{"href":"https:\/\/www.chinaconsign.com\/de\/wp-json\/wp\/v2\/pages\/2031","targetHints":{"allow":["GET"]}}],"collection":[{"href":"https:\/\/www.chinaconsign.com\/de\/wp-json\/wp\/v2\/pages"}],"about":[{"href":"https:\/\/www.chinaconsign.com\/de\/wp-json\/wp\/v2\/types\/page"}],"author":[{"embeddable":true,"href":"https:\/\/www.chinaconsign.com\/de\/wp-json\/wp\/v2\/users\/1"}],"replies":[{"embeddable":true,"href":"https:\/\/www.chinaconsign.com\/de\/wp-json\/wp\/v2\/comments?post=2031"}],"version-history":[{"count":0,"href":"https:\/\/www.chinaconsign.com\/de\/wp-json\/wp\/v2\/pages\/2031\/revisions"}],"wp:featuredmedia":[{"embeddable":true,"href":"https:\/\/www.chinaconsign.com\/de\/wp-json\/wp\/v2\/media\/2052"}],"wp:attachment":[{"href":"https:\/\/www.chinaconsign.com\/de\/wp-json\/wp\/v2\/media?parent=2031"}],"curies":[{"name":"wp","href":"https:\/\/api.w.org\/{rel}","templated":true}]}}