{"id":1498,"date":"2023-04-14T14:30:21","date_gmt":"2023-04-14T06:30:21","guid":{"rendered":"https:\/\/www.chinaconsign.com\/?page_id=1498"},"modified":"2025-08-31T16:35:43","modified_gmt":"2025-08-31T08:35:43","slug":"chinese-address-services","status":"publish","type":"page","link":"https:\/\/www.chinaconsign.com\/de\/chinese-address-services\/","title":{"rendered":"Chinesische Adressdienste"},"content":{"rendered":"<div data-elementor-type=\"wp-post\" data-elementor-id=\"1498\" class=\"elementor elementor-1498\">\n\t\t\t\t\t\t\t\t\t<section class=\"elementor-section elementor-top-section elementor-element elementor-element-b1d7697 elementor-section-boxed elementor-section-height-default elementor-section-height-default\" data-id=\"b1d7697\" data-element_type=\"section\" data-settings=\"{&quot;background_background&quot;:&quot;classic&quot;}\">\n\t\t\t\t\t\t\t<div class=\"elementor-background-overlay\"><\/div>\n\t\t\t\t\t\t\t<div class=\"elementor-container elementor-column-gap-default\">\n\t\t\t\t\t<div class=\"elementor-column elementor-col-100 elementor-top-column elementor-element elementor-element-bd5e621\" data-id=\"bd5e621\" data-element_type=\"column\">\n\t\t\t<div class=\"elementor-widget-wrap elementor-element-populated\">\n\t\t\t\t\t\t\t\t<section class=\"elementor-section elementor-inner-section elementor-element elementor-element-6689c8d elementor-section-boxed elementor-section-height-default elementor-section-height-default\" data-id=\"6689c8d\" data-element_type=\"section\">\n\t\t\t\t\t\t<div class=\"elementor-container elementor-column-gap-default\">\n\t\t\t\t\t<div class=\"elementor-column elementor-col-66 elementor-inner-column elementor-element elementor-element-f42cb85\" data-id=\"f42cb85\" data-element_type=\"column\">\n\t\t\t<div class=\"elementor-widget-wrap elementor-element-populated\">\n\t\t\t\t\t\t\t\t<div class=\"elementor-element elementor-element-8256ae1 elementor-widget elementor-widget-heading\" data-id=\"8256ae1\" data-element_type=\"widget\" data-widget_type=\"heading.default\">\n\t\t\t\t<div class=\"elementor-widget-container\">\n\t\t\t<style>\/*! elementor - v3.11.5 - 14-03-2023 *\/\n.elementor-heading-title{padding:0;margin:0;line-height:1}.elementor-widget-heading .elementor-heading-title[class*=elementor-size-]>a{color:inherit;font-size:inherit;line-height:inherit}.elementor-widget-heading .elementor-heading-title.elementor-size-small{font-size:15px}.elementor-widget-heading .elementor-heading-title.elementor-size-medium{font-size:19px}.elementor-widget-heading .elementor-heading-title.elementor-size-large{font-size:29px}.elementor-widget-heading .elementor-heading-title.elementor-size-xl{font-size:39px}.elementor-widget-heading .elementor-heading-title.elementor-size-xxl{font-size:59px}<\/style><h1 class=\"elementor-heading-title elementor-size-default\">Adresse Dienstleistungen:<\/h1>\t\t<\/div>\n\t\t\t\t<\/div>\n\t\t\t\t\t<\/div>\n\t\t<\/div>\n\t\t\t\t<div class=\"elementor-column elementor-col-33 elementor-inner-column elementor-element elementor-element-ab6f8cd\" data-id=\"ab6f8cd\" data-element_type=\"column\">\n\t\t\t<div class=\"elementor-widget-wrap\">\n\t\t\t\t\t\t\t\t\t<\/div>\n\t\t<\/div>\n\t\t\t\t\t\t\t<\/div>\n\t\t<\/section>\n\t\t\t\t<section class=\"elementor-section elementor-inner-section elementor-element elementor-element-ca5edea elementor-section-boxed elementor-section-height-default elementor-section-height-default\" data-id=\"ca5edea\" data-element_type=\"section\">\n\t\t\t\t\t\t<div class=\"elementor-container elementor-column-gap-default\">\n\t\t\t\t\t<div class=\"elementor-column elementor-col-66 elementor-inner-column elementor-element elementor-element-823105c\" data-id=\"823105c\" data-element_type=\"column\">\n\t\t\t<div class=\"elementor-widget-wrap elementor-element-populated\">\n\t\t\t\t\t\t\t\t<div class=\"elementor-element elementor-element-bbe1704 elementor-hidden-desktop elementor-hidden-tablet elementor-hidden-mobile elementor-widget elementor-widget-text-editor\" data-id=\"bbe1704\" data-element_type=\"widget\" data-widget_type=\"text-editor.default\">\n\t\t\t\t<div class=\"elementor-widget-container\">\n\t\t\t<style>\/*! elementor - v3.11.5 - 14-03-2023 *\/\n.elementor-widget-text-editor.elementor-drop-cap-view-stacked .elementor-drop-cap{background-color:#818a91;color:#fff}.elementor-widget-text-editor.elementor-drop-cap-view-framed .elementor-drop-cap{color:#818a91;border:3px solid;background-color:transparent}.elementor-widget-text-editor:not(.elementor-drop-cap-view-default) .elementor-drop-cap{margin-top:8px}.elementor-widget-text-editor:not(.elementor-drop-cap-view-default) .elementor-drop-cap-letter{width:1em;height:1em}.elementor-widget-text-editor .elementor-drop-cap{float:left;text-align:center;line-height:1;font-size:50px}.elementor-widget-text-editor .elementor-drop-cap-letter{display:inline-block}<\/style>\t\t\t\t\t\t\t\t\t\t<\/div>\n\t\t\t\t<\/div>\n\t\t\t\t\t<\/div>\n\t\t<\/div>\n\t\t\t\t<div class=\"elementor-column elementor-col-33 elementor-inner-column elementor-element elementor-element-158d16b\" data-id=\"158d16b\" data-element_type=\"column\" data-settings=\"{&quot;background_background&quot;:&quot;classic&quot;}\">\n\t\t\t<div class=\"elementor-widget-wrap elementor-element-populated\">\n\t\t\t\t\t\t\t\t<div class=\"elementor-element elementor-element-d3f1c24 elementor-hidden-desktop elementor-hidden-tablet elementor-hidden-mobile elementor-widget elementor-widget-text-editor\" data-id=\"d3f1c24\" data-element_type=\"widget\" data-widget_type=\"text-editor.default\">\n\t\t\t\t<div class=\"elementor-widget-container\">\n\t\t\t\t\t\t\t\t\t\t\t\t\t<\/div>\n\t\t\t\t<\/div>\n\t\t\t\t\t<\/div>\n\t\t<\/div>\n\t\t\t\t\t\t\t<\/div>\n\t\t<\/section>\n\t\t\t\t\t<\/div>\n\t\t<\/div>\n\t\t\t\t\t\t\t<\/div>\n\t\t<\/section>\n\t\t\t\t<section class=\"elementor-section elementor-top-section elementor-element elementor-element-68df5b7 elementor-section-boxed elementor-section-height-default elementor-section-height-default\" data-id=\"68df5b7\" data-element_type=\"section\" data-settings=\"{&quot;background_background&quot;:&quot;gradient&quot;}\">\n\t\t\t\t\t\t<div class=\"elementor-container elementor-column-gap-default\">\n\t\t\t\t\t<div class=\"elementor-column elementor-col-100 elementor-top-column elementor-element elementor-element-56ea3bf\" data-id=\"56ea3bf\" data-element_type=\"column\">\n\t\t\t<div class=\"elementor-widget-wrap elementor-element-populated\">\n\t\t\t\t\t\t\t\t<div class=\"elementor-element elementor-element-9d1840c elementor-widget elementor-widget-text-editor\" data-id=\"9d1840c\" data-element_type=\"widget\" data-widget_type=\"text-editor.default\">\n\t\t\t\t<div class=\"elementor-widget-container\">\n\t\t\t\t\t\t\t<p><img loading=\"lazy\" decoding=\"async\" class=\"alignleft wp-image-1503\" src=\"http:\/\/www.chinaconsign.com\/wp-content\/uploads\/2023\/04\/tracking-system-cars-3566710-300x187.jpg\" alt=\"Verfolgung, System, Autos-3566710.jpg\" width=\"400\" height=\"249\" srcset=\"https:\/\/www.chinaconsign.com\/wp-content\/uploads\/2023\/04\/tracking-system-cars-3566710-300x187.jpg 300w, https:\/\/www.chinaconsign.com\/wp-content\/uploads\/2023\/04\/tracking-system-cars-3566710-1024x638.jpg 1024w, https:\/\/www.chinaconsign.com\/wp-content\/uploads\/2023\/04\/tracking-system-cars-3566710-768x478.jpg 768w, https:\/\/www.chinaconsign.com\/wp-content\/uploads\/2023\/04\/tracking-system-cars-3566710-18x12.jpg 18w, https:\/\/www.chinaconsign.com\/wp-content\/uploads\/2023\/04\/tracking-system-cars-3566710.jpg 1280w\" sizes=\"auto, (max-width: 400px) 100vw, 400px\" \/>Wir stellen vor: \"Chinese Address Services\" - die umfassende L\u00f6sung f\u00fcr globale Kunden, die Zugang zu Chinas riesigem und lukrativem Markt suchen. Unsere fachkundigen Dienstleistungen bieten Kunden eine kosteneffiziente und straffe Lieferkette, die es ihnen erm\u00f6glicht, hochwertige Produkte aus China ohne kostspielige Zwischenh\u00e4ndler zu beziehen.<\/p><p>China Consign bietet eine breite Palette von Dienstleistungen an, darunter chinesische Versandadressen, Paketkonsolidierung und Lagerl\u00f6sungen, die alle auf die individuellen Kundenbed\u00fcrfnisse zugeschnitten sind. Wir nutzen unser umfangreiches Netzwerk von Partnerschaften mit weltbekannten Logistikunternehmen wie FedEx und UPS, um wettbewerbsf\u00e4hige Versandtarife, schnelle Lieferzeiten und au\u00dfergew\u00f6hnliche Servicequalit\u00e4t anzubieten.<\/p><p>Aber warum sollte man sich f\u00fcr \"Chinesische Adressdienste\" entscheiden? Mit dem raschen Wachstum der chinesischen Wirtschaft und der steigenden Nachfrage nach chinesischen Waren ist der Zugang zu diesem Markt f\u00fcr Unternehmen aller Gr\u00f6\u00dfenordnungen unerl\u00e4sslich geworden. Komplexe Vorschriften, Sprachbarrieren und kulturelle Unterschiede k\u00f6nnen den Import aus China jedoch zu einer entmutigenden Aufgabe machen. Hier kommen wir ins Spiel - unser Expertenteam rationalisiert den Prozess von Anfang bis Ende und sorgt daf\u00fcr, dass die Kunden ihre Produkte p\u00fcnktlich und zu einem Bruchteil der Kosten erhalten.<\/p><p>So haben beispielsweise j\u00fcngste Ereignisse wie die COVID-19-Pandemie und internationale Handelsspannungen zu Unterbrechungen in den traditionellen Lieferketten gef\u00fchrt, so dass es schwieriger denn je ist, Waren aus China zu importieren. Durch die Wahl von \"Chinese Address Services\" erhalten die Kunden Zugang zu einer breiteren Palette von Lieferanten, alternativen Versandoptionen und fachkundiger Beratung bei der Bew\u00e4ltigung b\u00fcrokratischer H\u00fcrden.<\/p><p>Lassen Sie sich nicht von Sprachbarrieren oder verwirrenden Vorschriften aufhalten. Vertrauen Sie darauf, dass \"Chinese Address Services\" Ihnen die Expertenl\u00f6sungen bietet, die Sie f\u00fcr Ihren Erfolg auf dem chinesischen Markt ben\u00f6tigen. Schlie\u00dfen Sie sich noch heute unseren zufriedenen Kunden an und erleben Sie die Vorteile einer schlanken und effizienten Lieferkette - und das zu einem unschlagbaren Preis.<\/p><p>\u00a0<\/p>\t\t\t\t\t\t<\/div>\n\t\t\t\t<\/div>\n\t\t\t\t\t<\/div>\n\t\t<\/div>\n\t\t\t\t\t\t\t<\/div>\n\t\t<\/section>\n\t\t\t\t<section class=\"elementor-section elementor-top-section elementor-element elementor-element-f01871f elementor-section-content-middle elementor-section-boxed elementor-section-height-default elementor-section-height-default\" data-id=\"f01871f\" data-element_type=\"section\" data-settings=\"{&quot;background_background&quot;:&quot;classic&quot;}\">\n\t\t\t\t\t\t\t<div class=\"elementor-background-overlay\"><\/div>\n\t\t\t\t\t\t\t<div class=\"elementor-container elementor-column-gap-no\">\n\t\t\t\t\t<div class=\"elementor-column elementor-col-66 elementor-top-column elementor-element elementor-element-4ae5b88\" data-id=\"4ae5b88\" data-element_type=\"column\">\n\t\t\t<div class=\"elementor-widget-wrap elementor-element-populated\">\n\t\t\t\t\t\t\t\t<div class=\"elementor-element elementor-element-ea8daca elementor-widget elementor-widget-heading\" data-id=\"ea8daca\" data-element_type=\"widget\" data-widget_type=\"heading.default\">\n\t\t\t\t<div class=\"elementor-widget-container\">\n\t\t\t<h2 class=\"elementor-heading-title elementor-size-default\">Dem Spiel einen Schritt voraus - Chinese Address Services vereinfacht den Importprozess aus China!<\/h2>\t\t<\/div>\n\t\t\t\t<\/div>\n\t\t\t\t<div class=\"elementor-element elementor-element-45e93bc elementor-widget elementor-widget-text-editor\" data-id=\"45e93bc\" data-element_type=\"widget\" data-widget_type=\"text-editor.default\">\n\t\t\t\t<div class=\"elementor-widget-container\">\n\t\t\t\t\t\t\t<p>Wir wissen, dass der Import aus China ein komplexer und zeitaufw\u00e4ndiger Prozess sein kann. Unsere optimierten L\u00f6sungen machen Schluss mit der Hektik und erm\u00f6glichen es Ihnen, sich auf das Wachstum Ihres Unternehmens zu konzentrieren.<\/p>\t\t\t\t\t\t<\/div>\n\t\t\t\t<\/div>\n\t\t\t\t<div class=\"elementor-element elementor-element-c6a212d elementor-align-left elementor-widget elementor-widget-button\" data-id=\"c6a212d\" data-element_type=\"widget\" data-widget_type=\"button.default\">\n\t\t\t\t<div class=\"elementor-widget-container\">\n\t\t\t\t\t<div class=\"elementor-button-wrapper\">\n\t\t\t<a href=\"https:\/\/www.chinaconsign.com\/de\/contact\/\" class=\"elementor-button-link elementor-button elementor-size-md\" role=\"button\">\n\t\t\t\t\t\t<span class=\"elementor-button-content-wrapper\">\n\t\t\t\t\t\t<span class=\"elementor-button-text\">Kostenvoranschlag anfordern<\/span>\n\t\t<\/span>\n\t\t\t\t\t<\/a>\n\t\t<\/div>\n\t\t\t\t<\/div>\n\t\t\t\t<\/div>\n\t\t\t\t\t<\/div>\n\t\t<\/div>\n\t\t\t\t<div class=\"elementor-column elementor-col-33 elementor-top-column elementor-element elementor-element-8161240\" data-id=\"8161240\" data-element_type=\"column\">\n\t\t\t<div class=\"elementor-widget-wrap\">\n\t\t\t\t\t\t\t\t\t<\/div>\n\t\t<\/div>\n\t\t\t\t\t\t\t<\/div>\n\t\t<\/section>\n\t\t\t\t\t\t\t<\/div>","protected":false},"excerpt":{"rendered":"<p>Adressendienste: Wir stellen \"Chinese Address Services\" vor - die umfassende L\u00f6sung f\u00fcr globale Kunden, die Zugang zu Chinas riesigem und lukrativem Markt suchen. Unsere fachkundigen Dienstleistungen bieten den Kunden eine kosteneffiziente und optimierte Lieferkette, die es ihnen erm\u00f6glicht, hochwertige Produkte aus China ohne kostspielige Zwischenh\u00e4ndler zu beziehen. China Consign bietet eine breite Palette von Dienstleistungen, ...<\/p>\n<p class=\"read-more\"> <a class=\"\" href=\"https:\/\/www.chinaconsign.com\/de\/chinese-address-services\/\"> <span class=\"screen-reader-text\">Chinesische Adressdienste<\/span> Weiterlesen \"<\/a><\/p>","protected":false},"author":1,"featured_media":1503,"parent":0,"menu_order":0,"comment_status":"closed","ping_status":"closed","template":"","meta":{"site-sidebar-layout":"default","site-content-layout":"page-builder","ast-global-header-display":"","ast-main-header-display":"","ast-hfb-above-header-display":"","ast-hfb-below-header-display":"","ast-hfb-mobile-header-display":"","site-post-title":"disabled","ast-breadcrumbs-content":"","ast-featured-img":"disabled","footer-sml-layout":"","theme-transparent-header-meta":"enabled","adv-header-id-meta":"","stick-header-meta":"","header-above-stick-meta":"","header-main-stick-meta":"","header-below-stick-meta":"","footnotes":""},"class_list":["post-1498","page","type-page","status-publish","has-post-thumbnail","hentry"],"aioseo_notices":[],"_links":{"self":[{"href":"https:\/\/www.chinaconsign.com\/de\/wp-json\/wp\/v2\/pages\/1498","targetHints":{"allow":["GET"]}}],"collection":[{"href":"https:\/\/www.chinaconsign.com\/de\/wp-json\/wp\/v2\/pages"}],"about":[{"href":"https:\/\/www.chinaconsign.com\/de\/wp-json\/wp\/v2\/types\/page"}],"author":[{"embeddable":true,"href":"https:\/\/www.chinaconsign.com\/de\/wp-json\/wp\/v2\/users\/1"}],"replies":[{"embeddable":true,"href":"https:\/\/www.chinaconsign.com\/de\/wp-json\/wp\/v2\/comments?post=1498"}],"version-history":[{"count":0,"href":"https:\/\/www.chinaconsign.com\/de\/wp-json\/wp\/v2\/pages\/1498\/revisions"}],"wp:featuredmedia":[{"embeddable":true,"href":"https:\/\/www.chinaconsign.com\/de\/wp-json\/wp\/v2\/media\/1503"}],"wp:attachment":[{"href":"https:\/\/www.chinaconsign.com\/de\/wp-json\/wp\/v2\/media?parent=1498"}],"curies":[{"name":"wp","href":"https:\/\/api.w.org\/{rel}","templated":true}]}}