{"id":1163,"date":"2023-04-01T20:33:13","date_gmt":"2023-04-01T12:33:13","guid":{"rendered":"http:\/\/www.chinaconsign.com\/?page_id=1163"},"modified":"2023-04-01T22:40:25","modified_gmt":"2023-04-01T14:40:25","slug":"terms-and-conditions","status":"publish","type":"page","link":"https:\/\/www.chinaconsign.com\/de\/terms-and-conditions\/","title":{"rendered":"Bedingungen und Konditionen"},"content":{"rendered":"<div data-elementor-type=\"wp-post\" data-elementor-id=\"1163\" class=\"elementor elementor-1163\">\n\t\t\t\t\t\t\t\t\t<section class=\"elementor-section elementor-top-section elementor-element elementor-element-038c3cd elementor-section-boxed elementor-section-height-default elementor-section-height-default\" data-id=\"038c3cd\" data-element_type=\"section\" data-settings=\"{&quot;background_background&quot;:&quot;classic&quot;}\">\n\t\t\t\t\t\t\t<div class=\"elementor-background-overlay\"><\/div>\n\t\t\t\t\t\t\t<div class=\"elementor-container elementor-column-gap-default\">\n\t\t\t\t\t<div class=\"elementor-column elementor-col-100 elementor-top-column elementor-element elementor-element-e29a645\" data-id=\"e29a645\" data-element_type=\"column\">\n\t\t\t<div class=\"elementor-widget-wrap elementor-element-populated\">\n\t\t\t\t\t\t\t\t<section class=\"elementor-section elementor-inner-section elementor-element elementor-element-6642950 elementor-section-boxed elementor-section-height-default elementor-section-height-default\" data-id=\"6642950\" data-element_type=\"section\">\n\t\t\t\t\t\t<div class=\"elementor-container elementor-column-gap-default\">\n\t\t\t\t\t<div class=\"elementor-column elementor-col-66 elementor-inner-column elementor-element elementor-element-918ba22\" data-id=\"918ba22\" data-element_type=\"column\">\n\t\t\t<div class=\"elementor-widget-wrap elementor-element-populated\">\n\t\t\t\t\t\t\t\t<div class=\"elementor-element elementor-element-ba88f9f elementor-widget elementor-widget-heading\" data-id=\"ba88f9f\" data-element_type=\"widget\" data-widget_type=\"heading.default\">\n\t\t\t\t<div class=\"elementor-widget-container\">\n\t\t\t<style>\/*! elementor - v3.11.5 - 14-03-2023 *\/\n.elementor-heading-title{padding:0;margin:0;line-height:1}.elementor-widget-heading .elementor-heading-title[class*=elementor-size-]>a{color:inherit;font-size:inherit;line-height:inherit}.elementor-widget-heading .elementor-heading-title.elementor-size-small{font-size:15px}.elementor-widget-heading .elementor-heading-title.elementor-size-medium{font-size:19px}.elementor-widget-heading .elementor-heading-title.elementor-size-large{font-size:29px}.elementor-widget-heading .elementor-heading-title.elementor-size-xl{font-size:39px}.elementor-widget-heading .elementor-heading-title.elementor-size-xxl{font-size:59px}<\/style><h1 class=\"elementor-heading-title elementor-size-default\">Bedingungen und Konditionen<\/h1>\t\t<\/div>\n\t\t\t\t<\/div>\n\t\t\t\t\t<\/div>\n\t\t<\/div>\n\t\t\t\t<div class=\"elementor-column elementor-col-33 elementor-inner-column elementor-element elementor-element-bd71ae1\" data-id=\"bd71ae1\" data-element_type=\"column\">\n\t\t\t<div class=\"elementor-widget-wrap\">\n\t\t\t\t\t\t\t\t\t<\/div>\n\t\t<\/div>\n\t\t\t\t\t\t\t<\/div>\n\t\t<\/section>\n\t\t\t\t<section class=\"elementor-section elementor-inner-section elementor-element elementor-element-ae9d9e6 elementor-section-boxed elementor-section-height-default elementor-section-height-default\" data-id=\"ae9d9e6\" data-element_type=\"section\">\n\t\t\t\t\t\t<div class=\"elementor-container elementor-column-gap-default\">\n\t\t\t\t\t<div class=\"elementor-column elementor-col-66 elementor-inner-column elementor-element elementor-element-5a86889\" data-id=\"5a86889\" data-element_type=\"column\">\n\t\t\t<div class=\"elementor-widget-wrap\">\n\t\t\t\t\t\t\t\t\t<\/div>\n\t\t<\/div>\n\t\t\t\t<div class=\"elementor-column elementor-col-33 elementor-inner-column elementor-element elementor-element-f2daa40\" data-id=\"f2daa40\" data-element_type=\"column\" data-settings=\"{&quot;background_background&quot;:&quot;classic&quot;}\">\n\t\t\t<div class=\"elementor-widget-wrap elementor-element-populated\">\n\t\t\t\t\t\t\t\t<div class=\"elementor-element elementor-element-1b8dee2 elementor-widget elementor-widget-heading\" data-id=\"1b8dee2\" data-element_type=\"widget\" data-widget_type=\"heading.default\">\n\t\t\t\t<div class=\"elementor-widget-container\">\n\t\t\t<h3 class=\"elementor-heading-title elementor-size-default\">ChinaConsign.com<\/h3>\t\t<\/div>\n\t\t\t\t<\/div>\n\t\t\t\t\t<\/div>\n\t\t<\/div>\n\t\t\t\t\t\t\t<\/div>\n\t\t<\/section>\n\t\t\t\t\t<\/div>\n\t\t<\/div>\n\t\t\t\t\t\t\t<\/div>\n\t\t<\/section>\n\t\t\t\t<section class=\"elementor-section elementor-top-section elementor-element elementor-element-60e6fcf elementor-reverse-mobile elementor-section-boxed elementor-section-height-default elementor-section-height-default\" data-id=\"60e6fcf\" data-element_type=\"section\">\n\t\t\t\t\t\t<div class=\"elementor-container elementor-column-gap-default\">\n\t\t\t\t\t<div class=\"elementor-column elementor-col-100 elementor-top-column elementor-element elementor-element-06a52cb\" data-id=\"06a52cb\" data-element_type=\"column\">\n\t\t\t<div class=\"elementor-widget-wrap\">\n\t\t\t\t\t\t\t\t\t<\/div>\n\t\t<\/div>\n\t\t\t\t\t\t\t<\/div>\n\t\t<\/section>\n\t\t\t\t<section class=\"elementor-section elementor-top-section elementor-element elementor-element-7aaa19c elementor-section-boxed elementor-section-height-default elementor-section-height-default\" data-id=\"7aaa19c\" data-element_type=\"section\">\n\t\t\t\t\t\t<div class=\"elementor-container elementor-column-gap-default\">\n\t\t\t\t\t<div class=\"elementor-column elementor-col-100 elementor-top-column elementor-element elementor-element-93ad6fb\" data-id=\"93ad6fb\" data-element_type=\"column\">\n\t\t\t<div class=\"elementor-widget-wrap elementor-element-populated\">\n\t\t\t\t\t\t\t\t<div class=\"elementor-element elementor-element-2771e32 elementor-widget elementor-widget-text-editor\" data-id=\"2771e32\" data-element_type=\"widget\" data-widget_type=\"text-editor.default\">\n\t\t\t\t<div class=\"elementor-widget-container\">\n\t\t\t<style>\/*! elementor - v3.11.5 - 14-03-2023 *\/\n.elementor-widget-text-editor.elementor-drop-cap-view-stacked .elementor-drop-cap{background-color:#818a91;color:#fff}.elementor-widget-text-editor.elementor-drop-cap-view-framed .elementor-drop-cap{color:#818a91;border:3px solid;background-color:transparent}.elementor-widget-text-editor:not(.elementor-drop-cap-view-default) .elementor-drop-cap{margin-top:8px}.elementor-widget-text-editor:not(.elementor-drop-cap-view-default) .elementor-drop-cap-letter{width:1em;height:1em}.elementor-widget-text-editor .elementor-drop-cap{float:left;text-align:center;line-height:1;font-size:50px}.elementor-widget-text-editor .elementor-drop-cap-letter{display:inline-block}<\/style>\t\t\t\t<p>Vielen Dank, dass Sie mir detaillierte Informationen \u00fcber Ihr Unternehmen und Ihre Dienstleistungen zur Verf\u00fcgung gestellt haben. Auf der Grundlage der von Ihnen gegebenen Informationen habe ich die folgenden Allgemeinen Gesch\u00e4ftsbedingungen f\u00fcr Sie entworfen:<\/p>\n<p>BEDINGUNGEN UND KONDITIONEN<\/p>\n<p>Willkommen auf unserer Website. Durch den Zugriff auf unsere Website und die Nutzung unserer Dienste erkl\u00e4ren Sie sich mit diesen Bedingungen (\"Bedingungen\") einverstanden. Wenn Sie mit diesen Bedingungen nicht einverstanden sind, nutzen Sie bitte unsere Website oder unsere Dienste nicht. Diese Bedingungen k\u00f6nnen von Zeit zu Zeit ohne Ank\u00fcndigung aktualisiert werden. Die neueste Version der Bedingungen wird auf unserer Website ver\u00f6ffentlicht.<\/p>\n<p>Unsere Dienstleistungen <br>1.1 Wir bieten eine Reihe von Logistik- und damit zusammenh\u00e4ngenden Dienstleistungen an, um unseren Kunden zu helfen, Waren von China aus weltweit zu versenden. Unsere Dienstleistungen umfassen unter anderem:<br>Frachttransport: Wir bieten wettbewerbsf\u00e4hige Frachttarife durch unsere Partnerschaften mit erstklassigen Spediteuren.<br>Chinesischer Adressenservice: Wir unterst\u00fctzen Kunden beim Kauf von Waren auf chinesischen E-Commerce-Websites oder von lokalen Unternehmen und liefern sie zur Konsolidierung und zum Versand an unser Lager.<br>Lagerhaltung: Wir bieten Lagerl\u00f6sungen f\u00fcr die Waren unserer Kunden.<br>Beschaffung: Wir helfen unseren Kunden, Produkte und Lieferanten zu finden, die ihren Anforderungen entsprechen.<br>1.2 Unsere Preise k\u00f6nnen ohne Vorank\u00fcndigung ge\u00e4ndert werden. Die auf unserer Website aufgef\u00fchrten Preise dienen nur als Referenz. Bitte kontaktieren Sie uns direkt, um die aktuellsten Preisinformationen zu erhalten.<\/p>\n<p>Zahlung<br>2.1 Wir akzeptieren die Zahlung \u00fcber verschiedene Methoden. Es kann jedoch sein, dass einige Zahlungsarten in bestimmten L\u00e4ndern oder Regionen nicht verf\u00fcgbar sind. Bitte kontaktieren Sie uns f\u00fcr weitere Informationen.<\/p>\n<p>Versand und Versicherung<br>3.1 Obwohl wir mit zuverl\u00e4ssigen Spediteuren zusammenarbeiten, k\u00f6nnen wir die sichere Lieferung von Waren w\u00e4hrend des Transports nicht garantieren. Die Kunden sind f\u00fcr den Abschluss einer Versicherung zum Schutz ihrer Waren w\u00e4hrend des Transports verantwortlich.<br>3.2 Wir \u00fcbernehmen keine Haftung f\u00fcr Verluste oder Sch\u00e4den, die durch Ereignisse au\u00dferhalb unserer Kontrolle verursacht werden, wie z.B. Naturkatastrophen, Kriege oder Arbeitsk\u00e4mpfe.<\/p>\n<p>Lagerung und Haftung<br>4.1 Wir sind nicht verantwortlich f\u00fcr den Verlust oder die Besch\u00e4digung von Waren, die in unserem Lager gelagert werden, einschlie\u00dflich, aber nicht beschr\u00e4nkt auf Verluste oder Sch\u00e4den, die durch Feuer, Wasser, Diebstahl oder andere unvorhersehbare Ereignisse verursacht werden.<br>4.2 Der Kunde ist daf\u00fcr verantwortlich, seine Waren gegen m\u00f6gliche Verluste oder Sch\u00e4den zu versichern.<\/p>\n<p>\u00c4nderungen bei den Dienstleistungen<br>5.1 Wir k\u00f6nnen den Umfang unserer Dienstleistungen jederzeit ohne Vorank\u00fcndigung \u00e4ndern.<br>5.2 Wir behalten uns das Recht vor, jedem Kunden nach eigenem Ermessen den Dienst zu verweigern.<\/p>\n<p>Einhaltung von Gesetzen und Vorschriften<br>6.1 Die Kunden sind f\u00fcr die Einhaltung aller geltenden Gesetze, Vorschriften und Transportregeln in Bezug auf den Import und Export von Waren verantwortlich. Wir sind nicht verantwortlich f\u00fcr rechtliche oder beh\u00f6rdliche Konsequenzen, die sich aus der Nichteinhaltung dieser Gesetze und Vorschriften durch den Kunden ergeben.<\/p>\n<p>Sonstiges<br>7.1 Diese Bedingungen unterliegen den Gesetzen Chinas und werden in \u00dcbereinstimmung mit diesen ausgelegt, ohne dass die Bestimmungen des Kollisionsrechts zur Anwendung kommen.<br>7.2 Alle Streitigkeiten, die sich aus oder im Zusammenhang mit diesen Bedingungen oder der Nutzung unserer Website oder Dienstleistungen ergeben, werden durch ein Schiedsverfahren in \u00dcbereinstimmung mit den Gesetzen Chinas beigelegt.<br>7.3 Unser Vers\u00e4umnis, eine Bestimmung dieser Bedingungen durchzusetzen, gilt nicht als Verzicht auf diese oder andere Bestimmungen dieser Bedingungen.<br>7.4 Diese Bedingungen stellen die gesamte Vereinbarung zwischen Ihnen und uns dar und ersetzen alle vorherigen Vereinbarungen und Absprachen.<\/p>\n<p>Wenn Sie Fragen oder Bedenken bez\u00fcglich dieser Bedingungen haben, kontaktieren Sie uns bitte unter [services@chinaconsign.com].<\/p>\t\t\t\t\t\t<\/div>\n\t\t\t\t<\/div>\n\t\t\t\t\t<\/div>\n\t\t<\/div>\n\t\t\t\t\t\t\t<\/div>\n\t\t<\/section>\n\t\t\t\t\t\t\t<\/div>","protected":false},"excerpt":{"rendered":"<p>Allgemeine Gesch\u00e4ftsbedingungen ChinaConsign.com Vielen Dank, dass Sie mir detaillierte Informationen \u00fcber Ihr Unternehmen und Ihre Dienstleistungen zur Verf\u00fcgung gestellt haben. Auf der Grundlage der von Ihnen gegebenen Informationen habe ich die folgenden Allgemeinen Gesch\u00e4ftsbedingungen zu Ihrer Kenntnisnahme verfasst: ALLGEMEINE GESCH\u00c4FTSBEDINGUNGEN Willkommen auf unserer Website. Durch den Zugriff auf unsere Website und die Nutzung unserer Dienstleistungen erkl\u00e4ren Sie sich mit den ...<\/p>\n<p class=\"read-more\"> <a class=\"\" href=\"https:\/\/www.chinaconsign.com\/de\/terms-and-conditions\/\"> <span class=\"screen-reader-text\">Bedingungen und Konditionen<\/span> Weiterlesen \"<\/a><\/p>","protected":false},"author":1,"featured_media":0,"parent":0,"menu_order":0,"comment_status":"closed","ping_status":"closed","template":"","meta":{"site-sidebar-layout":"default","site-content-layout":"page-builder","ast-global-header-display":"","ast-main-header-display":"","ast-hfb-above-header-display":"","ast-hfb-below-header-display":"","ast-hfb-mobile-header-display":"","site-post-title":"disabled","ast-breadcrumbs-content":"","ast-featured-img":"disabled","footer-sml-layout":"","theme-transparent-header-meta":"enabled","adv-header-id-meta":"","stick-header-meta":"","header-above-stick-meta":"","header-main-stick-meta":"","header-below-stick-meta":"","footnotes":""},"class_list":["post-1163","page","type-page","status-publish","hentry"],"aioseo_notices":[],"_links":{"self":[{"href":"https:\/\/www.chinaconsign.com\/de\/wp-json\/wp\/v2\/pages\/1163","targetHints":{"allow":["GET"]}}],"collection":[{"href":"https:\/\/www.chinaconsign.com\/de\/wp-json\/wp\/v2\/pages"}],"about":[{"href":"https:\/\/www.chinaconsign.com\/de\/wp-json\/wp\/v2\/types\/page"}],"author":[{"embeddable":true,"href":"https:\/\/www.chinaconsign.com\/de\/wp-json\/wp\/v2\/users\/1"}],"replies":[{"embeddable":true,"href":"https:\/\/www.chinaconsign.com\/de\/wp-json\/wp\/v2\/comments?post=1163"}],"version-history":[{"count":0,"href":"https:\/\/www.chinaconsign.com\/de\/wp-json\/wp\/v2\/pages\/1163\/revisions"}],"wp:attachment":[{"href":"https:\/\/www.chinaconsign.com\/de\/wp-json\/wp\/v2\/media?parent=1163"}],"curies":[{"name":"wp","href":"https:\/\/api.w.org\/{rel}","templated":true}]}}