{"id":1156,"date":"2023-04-01T20:15:46","date_gmt":"2023-04-01T12:15:46","guid":{"rendered":"http:\/\/www.chinaconsign.com\/?page_id=1156"},"modified":"2023-04-04T09:11:52","modified_gmt":"2023-04-04T01:11:52","slug":"sitemap","status":"publish","type":"page","link":"https:\/\/www.chinaconsign.com\/de\/sitemap\/","title":{"rendered":"Inhaltsverzeichnis"},"content":{"rendered":"<div data-elementor-type=\"wp-post\" data-elementor-id=\"1156\" class=\"elementor elementor-1156\">\n\t\t\t\t\t\t\t\t\t<section class=\"elementor-section elementor-top-section elementor-element elementor-element-038c3cd elementor-section-boxed elementor-section-height-default elementor-section-height-default\" data-id=\"038c3cd\" data-element_type=\"section\" data-settings=\"{&quot;background_background&quot;:&quot;classic&quot;}\">\n\t\t\t\t\t\t\t<div class=\"elementor-background-overlay\"><\/div>\n\t\t\t\t\t\t\t<div class=\"elementor-container elementor-column-gap-default\">\n\t\t\t\t\t<div class=\"elementor-column elementor-col-100 elementor-top-column elementor-element elementor-element-e29a645\" data-id=\"e29a645\" data-element_type=\"column\">\n\t\t\t<div class=\"elementor-widget-wrap elementor-element-populated\">\n\t\t\t\t\t\t\t\t<section class=\"elementor-section elementor-inner-section elementor-element elementor-element-6642950 elementor-section-boxed elementor-section-height-default elementor-section-height-default\" data-id=\"6642950\" data-element_type=\"section\">\n\t\t\t\t\t\t<div class=\"elementor-container elementor-column-gap-default\">\n\t\t\t\t\t<div class=\"elementor-column elementor-col-66 elementor-inner-column elementor-element elementor-element-918ba22\" data-id=\"918ba22\" data-element_type=\"column\">\n\t\t\t<div class=\"elementor-widget-wrap elementor-element-populated\">\n\t\t\t\t\t\t\t\t<div class=\"elementor-element elementor-element-ba88f9f elementor-widget elementor-widget-heading\" data-id=\"ba88f9f\" data-element_type=\"widget\" data-widget_type=\"heading.default\">\n\t\t\t\t<div class=\"elementor-widget-container\">\n\t\t\t<style>\/*! elementor - v3.11.5 - 14-03-2023 *\/\n.elementor-heading-title{padding:0;margin:0;line-height:1}.elementor-widget-heading .elementor-heading-title[class*=elementor-size-]>a{color:inherit;font-size:inherit;line-height:inherit}.elementor-widget-heading .elementor-heading-title.elementor-size-small{font-size:15px}.elementor-widget-heading .elementor-heading-title.elementor-size-medium{font-size:19px}.elementor-widget-heading .elementor-heading-title.elementor-size-large{font-size:29px}.elementor-widget-heading .elementor-heading-title.elementor-size-xl{font-size:39px}.elementor-widget-heading .elementor-heading-title.elementor-size-xxl{font-size:59px}<\/style><h1 class=\"elementor-heading-title elementor-size-default\">Inhaltsverzeichnis<\/h1>\t\t<\/div>\n\t\t\t\t<\/div>\n\t\t\t\t\t<\/div>\n\t\t<\/div>\n\t\t\t\t<div class=\"elementor-column elementor-col-33 elementor-inner-column elementor-element elementor-element-bd71ae1\" data-id=\"bd71ae1\" data-element_type=\"column\">\n\t\t\t<div class=\"elementor-widget-wrap\">\n\t\t\t\t\t\t\t\t\t<\/div>\n\t\t<\/div>\n\t\t\t\t\t\t\t<\/div>\n\t\t<\/section>\n\t\t\t\t<section class=\"elementor-section elementor-inner-section elementor-element elementor-element-ae9d9e6 elementor-section-boxed elementor-section-height-default elementor-section-height-default\" data-id=\"ae9d9e6\" data-element_type=\"section\">\n\t\t\t\t\t\t<div class=\"elementor-container elementor-column-gap-default\">\n\t\t\t\t\t<div class=\"elementor-column elementor-col-66 elementor-inner-column elementor-element elementor-element-5a86889\" data-id=\"5a86889\" data-element_type=\"column\">\n\t\t\t<div class=\"elementor-widget-wrap\">\n\t\t\t\t\t\t\t\t\t<\/div>\n\t\t<\/div>\n\t\t\t\t<div class=\"elementor-column elementor-col-33 elementor-inner-column elementor-element elementor-element-f2daa40\" data-id=\"f2daa40\" data-element_type=\"column\" data-settings=\"{&quot;background_background&quot;:&quot;classic&quot;}\">\n\t\t\t<div class=\"elementor-widget-wrap elementor-element-populated\">\n\t\t\t\t\t\t\t\t<div class=\"elementor-element elementor-element-1b8dee2 elementor-widget elementor-widget-heading\" data-id=\"1b8dee2\" data-element_type=\"widget\" data-widget_type=\"heading.default\">\n\t\t\t\t<div class=\"elementor-widget-container\">\n\t\t\t<h3 class=\"elementor-heading-title elementor-size-default\">ChinaConsign.com<\/h3>\t\t<\/div>\n\t\t\t\t<\/div>\n\t\t\t\t\t<\/div>\n\t\t<\/div>\n\t\t\t\t\t\t\t<\/div>\n\t\t<\/section>\n\t\t\t\t\t<\/div>\n\t\t<\/div>\n\t\t\t\t\t\t\t<\/div>\n\t\t<\/section>\n\t\t\t\t<section class=\"elementor-section elementor-top-section elementor-element elementor-element-60e6fcf elementor-reverse-mobile elementor-section-boxed elementor-section-height-default elementor-section-height-default\" data-id=\"60e6fcf\" data-element_type=\"section\">\n\t\t\t\t\t\t<div class=\"elementor-container elementor-column-gap-default\">\n\t\t\t\t\t<div class=\"elementor-column elementor-col-100 elementor-top-column elementor-element elementor-element-0f23987\" data-id=\"0f23987\" data-element_type=\"column\">\n\t\t\t<div class=\"elementor-widget-wrap elementor-element-populated\">\n\t\t\t\t\t\t\t\t<div class=\"elementor-element elementor-element-4b7560e elementor-widget elementor-widget-heading\" data-id=\"4b7560e\" data-element_type=\"widget\" data-widget_type=\"heading.default\">\n\t\t\t\t<div class=\"elementor-widget-container\">\n\t\t\t<h4 class=\"elementor-heading-title elementor-size-default\">WebsiteKarte<\/h4>\t\t<\/div>\n\t\t\t\t<\/div>\n\t\t\t\t<div class=\"elementor-element elementor-element-ce1ce39 elementor-widget elementor-widget-shortcode\" data-id=\"ce1ce39\" data-element_type=\"widget\" data-widget_type=\"shortcode.default\">\n\t\t\t\t<div class=\"elementor-widget-container\">\n\t\t\t\t\t<div class=\"elementor-shortcode\"><div class=\"wsp-container\"><h2 class=\"wsp-pages-title\">Seiten<\/h2>\n<ul class=\"wsp-pages-list\">\n<li class=\"page_item page-item-8 menu-item\"><a href=\"https:\/\/www.chinaconsign.com\/de\/about\/\" class=\"menu-link\">\u00dcber<\/a><\/li>\n<li class=\"page_item page-item-1578 menu-item\"><a href=\"https:\/\/www.chinaconsign.com\/de\/amazon-fba-service\/\" class=\"menu-link\">Amazon FBA-Dienst<\/a><\/li>\n<li class=\"page_item page-item-2031 menu-item\"><a href=\"https:\/\/www.chinaconsign.com\/de\/china-aliexpress-agent-services\/\" class=\"menu-link\">China AliExpress Agent Dienstleistungen<\/a><\/li>\n<li class=\"page_item page-item-1666 menu-item\"><a href=\"https:\/\/www.chinaconsign.com\/de\/china-freight-forwarder\/\" class=\"menu-link\">China-Spediteur<\/a><\/li>\n<li class=\"page_item page-item-1786 menu-item\"><a href=\"https:\/\/www.chinaconsign.com\/de\/china-inspection-service\/\" class=\"menu-link\">China-Inspektionsdienst<\/a><\/li>\n<li class=\"page_item page-item-1531 menu-item\"><a href=\"https:\/\/www.chinaconsign.com\/de\/china-package-consolidation-service\/\" class=\"menu-link\">China-Paket-Konsolidierungsdienst<\/a><\/li>\n<li class=\"page_item page-item-1543 menu-item\"><a href=\"https:\/\/www.chinaconsign.com\/de\/china-package-forwarding\/\" class=\"menu-link\">China Paketversand<\/a><\/li>\n<li class=\"page_item page-item-1772 menu-item\"><a href=\"https:\/\/www.chinaconsign.com\/de\/china-procurement-agent-serivce\/\" class=\"menu-link\">China Procurement Agent Serivce<\/a><\/li>\n<li class=\"page_item page-item-1778 menu-item\"><a href=\"https:\/\/www.chinaconsign.com\/de\/china-production-supervision-service\/\" class=\"menu-link\">China Produktions\u00fcberwachungsdienst<\/a><\/li>\n<li class=\"page_item page-item-1767 menu-item\"><a href=\"https:\/\/www.chinaconsign.com\/de\/china-quality-supervision-service\/\" class=\"menu-link\">China Qualit\u00e4ts\u00fcberwachungsdienst<\/a><\/li>\n<li class=\"page_item page-item-1519 menu-item\"><a href=\"https:\/\/www.chinaconsign.com\/de\/china-sourcing-services\/\" class=\"menu-link\">China-Beschaffungsdienstleistungen<\/a><\/li>\n<li class=\"page_item page-item-1791 menu-item\"><a href=\"https:\/\/www.chinaconsign.com\/de\/china-supply-chain-management-service\/\" class=\"menu-link\">China Supply Chain Management Service<\/a><\/li>\n<li class=\"page_item page-item-1566 menu-item\"><a href=\"https:\/\/www.chinaconsign.com\/de\/china-warehousing-services\/\" class=\"menu-link\">China Warehousing Dienstleistungen<\/a><\/li>\n<li class=\"page_item page-item-1498 menu-item\"><a href=\"https:\/\/www.chinaconsign.com\/de\/chinese-address-services\/\" class=\"menu-link\">Chinesische Adressdienste<\/a><\/li>\n<li class=\"page_item page-item-16 menu-item\"><a href=\"https:\/\/www.chinaconsign.com\/de\/contact\/\" class=\"menu-link\">Kontakt<\/a><\/li>\n<li class=\"page_item page-item-14 menu-item\"><a href=\"https:\/\/www.chinaconsign.com\/de\/faq\/\" class=\"menu-link\">FAQ<\/a><\/li>\n<li class=\"page_item page-item-2136 menu-item\"><a href=\"https:\/\/www.chinaconsign.com\/de\/find-unique-blue-ocean-products-from-china\/\" class=\"menu-link\">Einzigartige &amp; Blue Ocean Produkte aus China finden<\/a><\/li>\n<li class=\"page_item page-item-567 menu-item\"><a href=\"https:\/\/www.chinaconsign.com\/de\/\" class=\"menu-link\">Startseite<\/a><\/li>\n<li class=\"page_item page-item-12 menu-item\"><a href=\"https:\/\/www.chinaconsign.com\/de\/how-it-works\/\" class=\"menu-link\">So funktioniert's<\/a><\/li>\n<li class=\"page_item page-item-1298 menu-item\"><a href=\"https:\/\/www.chinaconsign.com\/de\/news\/\" class=\"menu-link\">Nachrichten<\/a><\/li>\n<li class=\"page_item page-item-1206 menu-item\"><a href=\"https:\/\/www.chinaconsign.com\/de\/pricing\/\" class=\"menu-link\">Preisgestaltung<\/a><\/li>\n<li class=\"page_item page-item-10 menu-item\"><a href=\"https:\/\/www.chinaconsign.com\/de\/services\/\" class=\"menu-link\">Dienstleistungen<\/a><\/li>\n<li class=\"page_item page-item-1639 menu-item\"><a href=\"https:\/\/www.chinaconsign.com\/de\/services-2\/\" class=\"menu-link\">Dienstleistungen<\/a><\/li>\n<li class=\"page_item page-item-1156 menu-item\"><a href=\"https:\/\/www.chinaconsign.com\/de\/sitemap\/\" class=\"menu-link\">Inhaltsverzeichnis<\/a><\/li>\n<li class=\"page_item page-item-1163 menu-item\"><a href=\"https:\/\/www.chinaconsign.com\/de\/terms-and-conditions\/\" class=\"menu-link\">Bedingungen und Konditionen<\/a><\/li>\n<\/ul>\n<h2 class=\"wsp-posts-title\">Beitr\u00e4ge nach Kategorie<\/h2>\n<ul class=\"wsp-posts-list\">\n\t<li><strong class=\"wsp-category-title\">Kategorie: <a href=\"https:\/\/www.chinaconsign.com\/de\/category\/news\/\">Nachrichten<\/a><\/strong>\n<ul class=\"wsp-posts-list\">\t\t<li class=\"wsp-post\"><a href=\"https:\/\/www.chinaconsign.com\/de\/route-upgrade-wan-hai-announces-launch-of-ap2-service-in-may-2026\/\">Route Upgrade! Wan Hai Announces Launch of AP2 Service in May 2026<\/a><\/li>\n\t\t<li class=\"wsp-post\"><a href=\"https:\/\/www.chinaconsign.com\/de\/freight-rate-increase-notice-for-september-2025-cma-cgm-and-maersk-adjust-rates-up-to-1600\/\">Frachtratenerh\u00f6hung f\u00fcr September 2025 angek\u00fcndigt: CMA CGM und Maersk passen Raten an - bis zu $1.600!<\/a><\/li>\n\t\t<li class=\"wsp-post\"><a href=\"https:\/\/www.chinaconsign.com\/de\/47-voyages-canceled-in-the-coming-weeks\/\">47 Reisen werden in den kommenden Wochen gestrichen<\/a><\/li>\n\t\t<li class=\"wsp-post\"><a href=\"https:\/\/www.chinaconsign.com\/de\/customs-reports-stable-growth-in-chinas-foreign-trade-for-2024\/\">Zollbeh\u00f6rde meldet stabiles Wachstum des chinesischen Au\u00dfenhandels f\u00fcr 2024<\/a><\/li>\n\t\t<li class=\"wsp-post\"><a href=\"https:\/\/www.chinaconsign.com\/de\/singapore-port-faces-major-congestion-as-global-shipping-chain-tested\/\">Globale Schifffahrtskette auf dem Pr\u00fcfstand: Singapurs Hafen ist stark \u00fcberlastet<\/a><\/li>\n\t\t<li class=\"wsp-post\"><a href=\"https:\/\/www.chinaconsign.com\/de\/maersk-line-resumes-booking-for-baltimore-port\/\">M\u00e6rsk Line nimmt Buchungen f\u00fcr den Hafen von Baltimore wieder auf<\/a><\/li>\n\t\t<li class=\"wsp-post\"><a href=\"https:\/\/www.chinaconsign.com\/de\/important-notice-regarding-unclaimed-packages-03-24-2024\/\">Wichtiger Hinweis zu nicht in Anspruch genommenen Paketen - 24.03.2024<\/a><\/li>\n\t\t<li class=\"wsp-post\"><a href=\"https:\/\/www.chinaconsign.com\/de\/escalating-tensions-in-the-red-sea-impact-on-global-shipping-and-suez-canal-fees\/\">Eskalierende Spannungen im Roten Meer: Auswirkungen auf die globale Schifffahrt und die Geb\u00fchren im Suezkanal<\/a><\/li>\n\t\t<li class=\"wsp-post\"><a href=\"https:\/\/www.chinaconsign.com\/de\/holiday-closure-notice-from-january-1st-to-january-3rd-2024\/\">Bekanntmachung \u00fcber die Schlie\u00dfung an Feiertagen (vom 1. Januar bis 3. Januar 2024)<\/a><\/li>\n\t\t<li class=\"wsp-post\"><a href=\"https:\/\/www.chinaconsign.com\/de\/price-increases-fail-fares-continue-to-fall-on-multiple-routes\/\">Preiserh\u00f6hungen scheitern, Tarife sinken weiter auf mehreren Strecken!<\/a><\/li>\n\t\t<li class=\"wsp-post\"><a href=\"https:\/\/www.chinaconsign.com\/de\/asia-us-container-shipping-volume-decreased-by-20-efficiency-of-major-ports-in-europe-and-america-improved\/\">Das Volumen des Containerverkehrs zwischen Asien und den USA ist um 20% zur\u00fcckgegangen, die Effizienz der gro\u00dfen H\u00e4fen in Europa und Amerika hat sich verbessert!<\/a><\/li>\n\t\t<li class=\"wsp-post\"><a href=\"https:\/\/www.chinaconsign.com\/de\/understanding-import-and-export-logistics\/\">Verst\u00e4ndnis der Import- und Exportlogistik<\/a><\/li>\n\t\t<li class=\"wsp-post\"><a href=\"https:\/\/www.chinaconsign.com\/de\/china-consign-continues-to-offer-cost-effective-shipping-options-as-freight-costs-rise\/\">China Consign bietet weiterhin kosteneffiziente Versandoptionen an, da die Frachtkosten steigen<\/a><\/li>\n\t\t<li class=\"wsp-post\"><a href=\"https:\/\/www.chinaconsign.com\/de\/focus-on-major-logistics-events-tightening-trade-results-in-tariff-and-freight-rate-increases-in-many-places\/\">Logistik-Gro\u00dfereignisse im Fokus! Versch\u00e4rfung des Handels f\u00fchrt vielerorts zu einer Erh\u00f6hung der Z\u00f6lle und Frachtraten?<\/a><\/li>\n\t\t<li class=\"wsp-post\"><a href=\"https:\/\/www.chinaconsign.com\/de\/president-and-ceo-of-fedex-said-the-fedex-team-urgently-needs-to-make-rapid-progress-in-our-ongoing-transformation-while-dealing-with-the-weak-demand-environment\/\">Pr\u00e4sident und CEO von FedEx, sagte: \"Das FedEx-Team muss dringend schnelle Fortschritte bei unserer laufenden Transformation machen und gleichzeitig mit dem schwachen Nachfrageumfeld umgehen.\"<\/a><\/li>\n\t\t<li class=\"wsp-post\"><a href=\"https:\/\/www.chinaconsign.com\/de\/the-worlds-largest-sea-freight-forwarder-kuehnenagel-announced-on-wednesday-that-it-has-received-the-first-boeing-747-8f-freighter\/\">Die weltgr\u00f6\u00dfte Seefrachtspedition K\u00fchne+Nagel hat am Mittwoch bekannt gegeben, dass sie den ersten Boeing 747-8F Frachter erhalten hat.<\/a><\/li>\n\t\t<li class=\"wsp-post\"><a href=\"https:\/\/www.chinaconsign.com\/de\/fedex-announces-largest-ever-price-hike-it-will-further-cut-business-costs\/\">FedEx k\u00fcndigt die gr\u00f6\u00dfte Preiserh\u00f6hung aller Zeiten an! Damit werden die Gesch\u00e4ftskosten weiter gesenkt.<\/a><\/li>\n\t\t<li class=\"wsp-post\"><a href=\"https:\/\/www.chinaconsign.com\/de\/dhl-warns-global-supply-chains-wont-recover-to-pre-pandemic-levels-next-year\/\">DHL warnt, dass sich die globalen Lieferketten im n\u00e4chsten Jahr nicht auf das Niveau vor der Pandemie erholen werden.<\/a><\/li>\n\t\t<li class=\"wsp-post\"><a href=\"https:\/\/www.chinaconsign.com\/de\/official-response-rumors-of-suspension-of-chinese-services-by-express-giants-in-europe-and-america-heres-the-answer\/\">Offizielle Antwort! Ger\u00fcchte \u00fcber die Einstellung chinesischer Dienste durch Express-Riesen in Europa und Amerika? Hier ist die Antwort.<\/a><\/li>\n\t\t<li class=\"wsp-post\"><a href=\"https:\/\/www.chinaconsign.com\/de\/japan-post-decided-to-temporarily-suspend-ems-air-and-sea-parcel-services-to-china-excluding-hong-kong-macau-and-taiwan-starting-from-april-22nd\/\">Japan Post hat beschlossen, die EMS-, Luft- und Seepaketdienste nach China (au\u00dfer Hongkong, Macao und Taiwan) ab dem 22. April vor\u00fcbergehend einzustellen.<\/a><\/li>\n\t\t<li class=\"wsp-post\"><a href=\"https:\/\/www.chinaconsign.com\/de\/ups-significantly-increases-fuel-surcharges-seller-costs-will-increase\/\">UPS erh\u00f6ht Treibstoffzuschl\u00e4ge deutlich, Verk\u00e4uferkosten werden steigen<\/a><\/li>\n\t\t<li class=\"wsp-post\"><a href=\"https:\/\/www.chinaconsign.com\/de\/dhl-raises-full-year-estimates-after-strong-q3-results\/\">DHL hebt Sch\u00e4tzungen f\u00fcr das Gesamtjahr nach starken Q3-Ergebnissen an!<\/a><\/li>\n\t\t<li class=\"wsp-post\"><a href=\"https:\/\/www.chinaconsign.com\/de\/canadian-pacific-railway-port-congestion-increased-development-of-international-intermodal-and-domestic-intermodal\/\">Canadian Pacific Railway: \u00dcberlastung der H\u00e4fen, verst\u00e4rkte Entwicklung des internationalen intermodalen und inl\u00e4ndischen intermodalen Verkehrs<\/a><\/li>\n\t\t<li class=\"wsp-post\"><a href=\"https:\/\/www.chinaconsign.com\/de\/due-to-rising-costs-fedex-says-it-will-raise-shipping-rates-and-add-surcharges\/\">Aufgrund steigender Kosten wird FedEx die Versandtarife anheben und Zuschl\u00e4ge erheben<\/a><\/li>\n\t\t<li class=\"wsp-post\"><a href=\"https:\/\/www.chinaconsign.com\/de\/freight-volume-down-10-8-freight-forwarding-giant-dhls-full-year-2020-results-still-strong\/\">Frachtvolumen sinkt um 10,81 TP9T, Speditionsriese DHL erzielt dennoch gute Ergebnisse f\u00fcr das Gesamtjahr 2020<\/a><\/li>\n\t\t<li class=\"wsp-post\"><a href=\"https:\/\/www.chinaconsign.com\/de\/traffic-congestion-is-spreading-in-southern-california-watch-out-for-these-10-trucking-locations-that-are-most-congested\/\">In S\u00fcdkalifornien h\u00e4ufen sich die Staus. Achten Sie auf die 10 am st\u00e4rksten verstopften Lkw-Standorte<\/a><\/li>\n\t\t<li class=\"wsp-post\"><a href=\"https:\/\/www.chinaconsign.com\/de\/vietnam-is-strictly-investigating-re-export-trade-third-country-shipments-and-tax-avoidance-more-than-a-hundred-truckloads-of-goods-have-been-seized\/\">Vietnam f\u00fchrt strenge Ermittlungen gegen Re-Exporthandel, Drittlandslieferungen und Steuervermeidung durch! Mehr als hundert Lkw-Ladungen mit Waren wurden beschlagnahmt!<\/a><\/li>\n\t\t<li class=\"wsp-post\"><a href=\"https:\/\/www.chinaconsign.com\/de\/1-minute-chinas-inbound-and-outbound-goods-worth-60-million-foreign-trade-is-growing-rapidly\/\">1 Minute, Chinas ein- und ausgehende Waren im Wert von 60 Millionen, der Au\u00dfenhandel w\u00e4chst schnell<\/a><\/li>\n\t\t<li class=\"wsp-post\"><a href=\"https:\/\/www.chinaconsign.com\/de\/exports-soared-520-foreign-trade-enterprise-profits-soared-10-times-the-export-of-these-products-unusually-hot-explosive-growth-in-demand\/\">Die Ausfuhren stiegen 520%, Au\u00dfenhandel Unternehmen Gewinne stiegen 10-mal, die Ausfuhr dieser Produkte \"ungew\u00f6hnlich hei\u00df\", explosives Wachstum der Nachfrage!<\/a><\/li>\n\t\t<li class=\"wsp-post\"><a href=\"https:\/\/www.chinaconsign.com\/de\/from-november-these-three-types-of-recycled-raw-materials-do-not-belong-to-solid-waste-and-are-allowed-to-be-imported-freely\/\">Ab November geh\u00f6ren diese drei Arten von recycelten Rohstoffen nicht zu den festen Abf\u00e4llen und d\u00fcrfen frei eingef\u00fchrt werden.<\/a><\/li>\n\t\t<li class=\"wsp-post\"><a href=\"https:\/\/www.chinaconsign.com\/de\/ups-surcharge-increases-significantly-dhl-express-tariff-increases-4-9\/\">UPS-Zuschlag steigt deutlich, DHL Express-Tarif erh\u00f6ht sich um 4,9%<\/a><\/li>\n<\/ul><\/li>\n<\/ul>\n<\/div><\/div>\n\t\t\t\t<\/div>\n\t\t\t\t<\/div>\n\t\t\t\t\t<\/div>\n\t\t<\/div>\n\t\t\t\t\t\t\t<\/div>\n\t\t<\/section>\n\t\t\t\t\t\t\t<\/div>","protected":false},"excerpt":{"rendered":"<p>Sitemap ChinaConsign.com SiteMap<\/p>","protected":false},"author":1,"featured_media":0,"parent":0,"menu_order":0,"comment_status":"closed","ping_status":"closed","template":"","meta":{"site-sidebar-layout":"default","site-content-layout":"page-builder","ast-global-header-display":"","ast-main-header-display":"","ast-hfb-above-header-display":"","ast-hfb-below-header-display":"","ast-hfb-mobile-header-display":"","site-post-title":"disabled","ast-breadcrumbs-content":"","ast-featured-img":"disabled","footer-sml-layout":"","theme-transparent-header-meta":"enabled","adv-header-id-meta":"","stick-header-meta":"","header-above-stick-meta":"","header-main-stick-meta":"","header-below-stick-meta":"","footnotes":""},"class_list":["post-1156","page","type-page","status-publish","hentry"],"aioseo_notices":[],"_links":{"self":[{"href":"https:\/\/www.chinaconsign.com\/de\/wp-json\/wp\/v2\/pages\/1156","targetHints":{"allow":["GET"]}}],"collection":[{"href":"https:\/\/www.chinaconsign.com\/de\/wp-json\/wp\/v2\/pages"}],"about":[{"href":"https:\/\/www.chinaconsign.com\/de\/wp-json\/wp\/v2\/types\/page"}],"author":[{"embeddable":true,"href":"https:\/\/www.chinaconsign.com\/de\/wp-json\/wp\/v2\/users\/1"}],"replies":[{"embeddable":true,"href":"https:\/\/www.chinaconsign.com\/de\/wp-json\/wp\/v2\/comments?post=1156"}],"version-history":[{"count":0,"href":"https:\/\/www.chinaconsign.com\/de\/wp-json\/wp\/v2\/pages\/1156\/revisions"}],"wp:attachment":[{"href":"https:\/\/www.chinaconsign.com\/de\/wp-json\/wp\/v2\/media?parent=1156"}],"curies":[{"name":"wp","href":"https:\/\/api.w.org\/{rel}","templated":true}]}}